{"id":30068,"date":"2025-03-23T09:51:54","date_gmt":"2025-03-23T07:51:54","guid":{"rendered":"https:\/\/salija.lt\/?post_type=product&#038;p=30068"},"modified":"2025-03-23T09:53:18","modified_gmt":"2025-03-23T07:53:18","slug":"gofreti-piesucekni-pspf","status":"publish","type":"product","link":"https:\/\/salija.lt\/lv\/produkts\/gofreti-piesucekni-pspf\/","title":{"rendered":"Gofr\u0113ti pies\u016bcek\u0146i PSPF"},"content":{"rendered":"\t\t<div data-elementor-type=\"product-post\" data-elementor-id=\"30068\" class=\"elementor elementor-30068\" data-elementor-settings=\"[]\">\n\t\t\t\t\t\t<div class=\"elementor-inner\">\n\t\t\t\t\t\t\t<div class=\"elementor-section-wrap\">\n\t\t\t\t\t\t\t<section class=\"has_ma_el_bg_slider elementor-section elementor-top-section elementor-element elementor-element-c05e348 elementor-section-boxed elementor-section-height-default elementor-section-height-default jltma-glass-effect-no\" data-id=\"c05e348\" data-element_type=\"section\">\n\t\t\t\t\t\t<div class=\"elementor-container elementor-column-gap-default\">\n\t\t\t\t\t\t\t<div class=\"elementor-row\">\n\t\t\t\t\t<div class=\"has_ma_el_bg_slider elementor-column elementor-col-50 elementor-top-column elementor-element elementor-element-7d99f38 jltma-glass-effect-no\" data-id=\"7d99f38\" data-element_type=\"column\">\n\t\t\t<div class=\"elementor-column-wrap elementor-element-populated\">\n\t\t\t\t\t\t\t<div class=\"elementor-widget-wrap\">\n\t\t\t\t\t\t<div class=\"elementor-element elementor-element-319fd0d jltma-glass-effect-no elementor-widget elementor-widget-heading\" data-id=\"319fd0d\" data-element_type=\"widget\" data-widget_type=\"heading.default\">\n\t\t\t\t<div class=\"elementor-widget-container\">\n\t\t\t<h5 class=\"elementor-heading-title elementor-size-default\">Produkta apraksts<\/h5>\t\t<\/div>\n\t\t\t\t<\/div>\n\t\t\t\t<div class=\"elementor-element elementor-element-6673c61 jltma-glass-effect-no elementor-widget elementor-widget-text-editor\" data-id=\"6673c61\" data-element_type=\"widget\" data-widget_type=\"text-editor.default\">\n\t\t\t\t<div class=\"elementor-widget-container\">\n\t\t\t\t\t\t\t\t<div class=\"elementor-text-editor elementor-clearfix\">\n\t\t\t\t<div class=\"cms-container mb-3\"><div class=\"mc3s-inherited-styles rich-text-content\"><div class=\"x_elementToProof\" data-olk-copy-source=\"MessageBody\">PSPF pies\u016bcek\u0146iem ir 2 komponenti: elast\u012bg\u0101 rievot\u0101 da\u013ca un adapt\u0113jo\u0161a bl\u012bv\u0113juma l\u016bpa. Glud\u0101 un \u012bpa\u0161i m\u012bkst\u0101 bl\u012bv\u0113juma l\u016bpa nodro\u0161ina optim\u0101l\u0101ko bl\u012bv\u0113jumu maisi\u0146iem ar nevienm\u0113r\u012bgu reljefu un stipriem burz\u012bjumiem. \u0160is pies\u016bcek\u0146a materi\u0101ls ir izgatavots no FDA sader\u012bga silikona.<\/div><div class=\"x_elementToProof\">To ieteicams izmantot dinamiskos iepako\u0161anas procesos, no\u0146emot produktus no konveijera lent\u0113m.<\/div><\/div><\/div>\t\t\t\t\t<\/div>\n\t\t\t\t\t\t<\/div>\n\t\t\t\t<\/div>\n\t\t\t\t\t\t<\/div>\n\t\t\t\t\t<\/div>\n\t\t<\/div>\n\t\t\t\t<div class=\"has_ma_el_bg_slider elementor-column elementor-col-50 elementor-top-column elementor-element elementor-element-41ccbc0 jltma-glass-effect-no\" data-id=\"41ccbc0\" data-element_type=\"column\">\n\t\t\t<div class=\"elementor-column-wrap elementor-element-populated\">\n\t\t\t\t\t\t\t<div class=\"elementor-widget-wrap\">\n\t\t\t\t\t\t<div class=\"elementor-element elementor-element-3ac4dd7 elementor-pagination-position-outside jltma-glass-effect-no elementor-widget elementor-widget-image-carousel\" data-id=\"3ac4dd7\" data-element_type=\"widget\" data-settings=\"{&quot;slides_to_show&quot;:&quot;1&quot;,&quot;navigation&quot;:&quot;dots&quot;,&quot;autoplay&quot;:&quot;yes&quot;,&quot;pause_on_hover&quot;:&quot;yes&quot;,&quot;pause_on_interaction&quot;:&quot;yes&quot;,&quot;autoplay_speed&quot;:5000,&quot;infinite&quot;:&quot;yes&quot;,&quot;effect&quot;:&quot;slide&quot;,&quot;speed&quot;:500}\" data-widget_type=\"image-carousel.default\">\n\t\t\t\t<div class=\"elementor-widget-container\">\n\t\t\t\t\t<div class=\"elementor-image-carousel-wrapper swiper-container\" dir=\"ltr\">\n\t\t\t<div class=\"elementor-image-carousel swiper-wrapper\">\n\t\t\t\t\t\t\t\t<div class=\"swiper-slide\"><figure class=\"swiper-slide-inner\"><img decoding=\"async\" class=\"swiper-slide-image\" src=\"https:\/\/salija.lt\/wp-content\/uploads\/2022\/11\/A_PGE-06102_007.webp\" alt=\"A_PGE-06102_007\" \/><\/figure><\/div>\t\t\t<\/div>\n\t\t\t\t\t<\/div>\n\t\t\t\t<\/div>\n\t\t\t\t<\/div>\n\t\t\t\t\t\t<\/div>\n\t\t\t\t\t<\/div>\n\t\t<\/div>\n\t\t\t\t\t\t\t\t<\/div>\n\t\t\t\t\t<\/div>\n\t\t<\/section>\n\t\t\t\t\t\t<\/div>\n\t\t\t\t\t\t<\/div>\n\t\t\t\t\t<\/div>\n\t\t","protected":false},"excerpt":{"rendered":"<p><span data-olk-copy-source=\"MessageBody\">PSPF \u2013 Divu komponentu pies\u016bceknis, \u012bpa\u0161i piel\u0101gots risin\u0101jums iepakojumiem ar zemu piepild\u012bjuma l\u012bmeni un pl\u0101niem maisi\u0146iem, kas piepild\u012bti ar \u0161\u0137idrumu.<\/span><\/p>\n","protected":false},"featured_media":27906,"template":"","meta":[],"product_cat":[299],"product_tag":[],"yoast_head":"<!-- This site is optimized with the Yoast SEO plugin v20.13 - https:\/\/yoast.com\/wordpress\/plugins\/seo\/ -->\n<title>Gofr\u0113ti pies\u016bcek\u0146i PSPF - Salija<\/title>\n<meta name=\"description\" content=\"Gofr\u0113ti pies\u016bcek\u0146i PSPF - Salija, UAB\" \/>\n<meta name=\"robots\" content=\"index, follow, max-snippet:-1, max-image-preview:large, max-video-preview:-1\" \/>\n<link rel=\"canonical\" href=\"https:\/\/salija.lt\/lv\/produkts\/gofreti-piesucekni-pspf\/\" \/>\n<meta property=\"og:locale\" content=\"lv_LV\" \/>\n<meta property=\"og:type\" content=\"article\" \/>\n<meta property=\"og:title\" content=\"Gofr\u0113ti pies\u016bcek\u0146i PSPF - Salija\" \/>\n<meta property=\"og:description\" content=\"Gofr\u0113ti pies\u016bcek\u0146i PSPF - Salija, UAB\" \/>\n<meta property=\"og:url\" content=\"https:\/\/salija.lt\/lv\/produkts\/gofreti-piesucekni-pspf\/\" \/>\n<meta property=\"og:site_name\" content=\"Salija\" \/>\n<meta property=\"article:modified_time\" content=\"2025-03-23T07:53:18+00:00\" \/>\n<meta property=\"og:image\" content=\"http:\/\/salija.lt\/wp-content\/uploads\/2022\/11\/PF_PGE-06102.jpg\" \/>\n\t<meta property=\"og:image:width\" content=\"1009\" \/>\n\t<meta property=\"og:image:height\" content=\"673\" \/>\n\t<meta property=\"og:image:type\" content=\"image\/jpeg\" \/>\n<meta name=\"twitter:card\" content=\"summary_large_image\" \/>\n<script type=\"application\/ld+json\" class=\"yoast-schema-graph\">{\"@context\":\"https:\/\/schema.org\",\"@graph\":[{\"@type\":\"WebPage\",\"@id\":\"https:\/\/salija.lt\/lv\/produkts\/gofreti-piesucekni-pspf\/\",\"url\":\"https:\/\/salija.lt\/lv\/produkts\/gofreti-piesucekni-pspf\/\",\"name\":\"Gofr\u0113ti pies\u016bcek\u0146i PSPF - Salija\",\"isPartOf\":{\"@id\":\"https:\/\/salija.lt\/lt\/#website\"},\"datePublished\":\"2025-03-23T07:51:54+00:00\",\"dateModified\":\"2025-03-23T07:53:18+00:00\",\"description\":\"Gofr\u0113ti pies\u016bcek\u0146i PSPF - Salija, UAB\",\"breadcrumb\":{\"@id\":\"https:\/\/salija.lt\/lv\/produkts\/gofreti-piesucekni-pspf\/#breadcrumb\"},\"inLanguage\":\"lv-LV\",\"potentialAction\":[{\"@type\":\"ReadAction\",\"target\":[\"https:\/\/salija.lt\/lv\/produkts\/gofreti-piesucekni-pspf\/\"]}]},{\"@type\":\"BreadcrumbList\",\"@id\":\"https:\/\/salija.lt\/lv\/produkts\/gofreti-piesucekni-pspf\/#breadcrumb\",\"itemListElement\":[{\"@type\":\"ListItem\",\"position\":1,\"name\":\"Home\",\"item\":\"https:\/\/salija.lt\/lv\/\"},{\"@type\":\"ListItem\",\"position\":2,\"name\":\"E-pas\u016bt\u012bjumi\",\"item\":\"https:\/\/salija.lt\/lt\/orders\/\"},{\"@type\":\"ListItem\",\"position\":3,\"name\":\"Gofr\u0113ti pies\u016bcek\u0146i PSPF\"}]},{\"@type\":\"WebSite\",\"@id\":\"https:\/\/salija.lt\/lt\/#website\",\"url\":\"https:\/\/salija.lt\/lt\/\",\"name\":\"Salija\",\"description\":\"\",\"potentialAction\":[{\"@type\":\"SearchAction\",\"target\":{\"@type\":\"EntryPoint\",\"urlTemplate\":\"https:\/\/salija.lt\/lt\/?s={search_term_string}\"},\"query-input\":\"required name=search_term_string\"}],\"inLanguage\":\"lv-LV\"}]}<\/script>\n<!-- \/ Yoast SEO plugin. -->","yoast_head_json":{"title":"Gofr\u0113ti pies\u016bcek\u0146i PSPF - Salija","description":"Gofr\u0113ti pies\u016bcek\u0146i PSPF - Salija, UAB","robots":{"index":"index","follow":"follow","max-snippet":"max-snippet:-1","max-image-preview":"max-image-preview:large","max-video-preview":"max-video-preview:-1"},"canonical":"https:\/\/salija.lt\/lv\/produkts\/gofreti-piesucekni-pspf\/","og_locale":"lv_LV","og_type":"article","og_title":"Gofr\u0113ti pies\u016bcek\u0146i PSPF - Salija","og_description":"Gofr\u0113ti pies\u016bcek\u0146i PSPF - Salija, UAB","og_url":"https:\/\/salija.lt\/lv\/produkts\/gofreti-piesucekni-pspf\/","og_site_name":"Salija","article_modified_time":"2025-03-23T07:53:18+00:00","og_image":[{"width":1009,"height":673,"url":"http:\/\/salija.lt\/wp-content\/uploads\/2022\/11\/PF_PGE-06102.jpg","type":"image\/jpeg"}],"twitter_card":"summary_large_image","schema":{"@context":"https:\/\/schema.org","@graph":[{"@type":"WebPage","@id":"https:\/\/salija.lt\/lv\/produkts\/gofreti-piesucekni-pspf\/","url":"https:\/\/salija.lt\/lv\/produkts\/gofreti-piesucekni-pspf\/","name":"Gofr\u0113ti pies\u016bcek\u0146i PSPF - Salija","isPartOf":{"@id":"https:\/\/salija.lt\/lt\/#website"},"datePublished":"2025-03-23T07:51:54+00:00","dateModified":"2025-03-23T07:53:18+00:00","description":"Gofr\u0113ti pies\u016bcek\u0146i PSPF - Salija, UAB","breadcrumb":{"@id":"https:\/\/salija.lt\/lv\/produkts\/gofreti-piesucekni-pspf\/#breadcrumb"},"inLanguage":"lv-LV","potentialAction":[{"@type":"ReadAction","target":["https:\/\/salija.lt\/lv\/produkts\/gofreti-piesucekni-pspf\/"]}]},{"@type":"BreadcrumbList","@id":"https:\/\/salija.lt\/lv\/produkts\/gofreti-piesucekni-pspf\/#breadcrumb","itemListElement":[{"@type":"ListItem","position":1,"name":"Home","item":"https:\/\/salija.lt\/lv\/"},{"@type":"ListItem","position":2,"name":"E-pas\u016bt\u012bjumi","item":"https:\/\/salija.lt\/lt\/orders\/"},{"@type":"ListItem","position":3,"name":"Gofr\u0113ti pies\u016bcek\u0146i PSPF"}]},{"@type":"WebSite","@id":"https:\/\/salija.lt\/lt\/#website","url":"https:\/\/salija.lt\/lt\/","name":"Salija","description":"","potentialAction":[{"@type":"SearchAction","target":{"@type":"EntryPoint","urlTemplate":"https:\/\/salija.lt\/lt\/?s={search_term_string}"},"query-input":"required name=search_term_string"}],"inLanguage":"lv-LV"}]}},"_links":{"self":[{"href":"https:\/\/salija.lt\/lv\/wp-json\/wp\/v2\/product\/30068"}],"collection":[{"href":"https:\/\/salija.lt\/lv\/wp-json\/wp\/v2\/product"}],"about":[{"href":"https:\/\/salija.lt\/lv\/wp-json\/wp\/v2\/types\/product"}],"version-history":[{"count":4,"href":"https:\/\/salija.lt\/lv\/wp-json\/wp\/v2\/product\/30068\/revisions"}],"predecessor-version":[{"id":30072,"href":"https:\/\/salija.lt\/lv\/wp-json\/wp\/v2\/product\/30068\/revisions\/30072"}],"wp:featuredmedia":[{"embeddable":true,"href":"https:\/\/salija.lt\/lv\/wp-json\/wp\/v2\/media\/27906"}],"wp:attachment":[{"href":"https:\/\/salija.lt\/lv\/wp-json\/wp\/v2\/media?parent=30068"}],"wp:term":[{"taxonomy":"product_cat","embeddable":true,"href":"https:\/\/salija.lt\/lv\/wp-json\/wp\/v2\/product_cat?post=30068"},{"taxonomy":"product_tag","embeddable":true,"href":"https:\/\/salija.lt\/lv\/wp-json\/wp\/v2\/product_tag?post=30068"}],"curies":[{"name":"wp","href":"https:\/\/api.w.org\/{rel}","templated":true}]}}