{"id":25754,"date":"2022-02-02T13:34:23","date_gmt":"2022-02-02T11:34:23","guid":{"rendered":"https:\/\/salija.lt\/produktas\/satversanas-aprikojums-stikla-apstradei\/"},"modified":"2022-04-26T07:51:05","modified_gmt":"2022-04-26T04:51:05","slug":"satversanas-aprikojums-stikla-apstradei","status":"publish","type":"product","link":"https:\/\/salija.lt\/lv\/produkts\/satversanas-aprikojums-stikla-apstradei\/","title":{"rendered":"Satver\u0161anas apr\u012bkojums stikla apstr\u0101dei"},"content":{"rendered":"\t\t<div data-elementor-type=\"product-post\" data-elementor-id=\"25754\" class=\"elementor elementor-25754 elementor-9514\" data-elementor-settings=\"[]\">\n\t\t\t\t\t\t<div class=\"elementor-inner\">\n\t\t\t\t\t\t\t<div class=\"elementor-section-wrap\">\n\t\t\t\t\t\t\t<section class=\"has_ma_el_bg_slider elementor-section elementor-top-section elementor-element elementor-element-c05e348 elementor-section-boxed elementor-section-height-default elementor-section-height-default jltma-glass-effect-no\" data-id=\"c05e348\" data-element_type=\"section\">\n\t\t\t\t\t\t<div class=\"elementor-container elementor-column-gap-default\">\n\t\t\t\t\t\t\t<div class=\"elementor-row\">\n\t\t\t\t\t<div class=\"has_ma_el_bg_slider elementor-column elementor-col-50 elementor-top-column elementor-element elementor-element-7d99f38 jltma-glass-effect-no\" data-id=\"7d99f38\" data-element_type=\"column\">\n\t\t\t<div class=\"elementor-column-wrap elementor-element-populated\">\n\t\t\t\t\t\t\t<div class=\"elementor-widget-wrap\">\n\t\t\t\t\t\t<div class=\"elementor-element elementor-element-ddea6bb jltma-glass-effect-no elementor-widget elementor-widget-heading\" data-id=\"ddea6bb\" data-element_type=\"widget\" data-widget_type=\"heading.default\">\n\t\t\t\t<div class=\"elementor-widget-container\">\n\t\t\t<h5 class=\"elementor-heading-title elementor-size-default\">Produkta apraksts<\/h5>\t\t<\/div>\n\t\t\t\t<\/div>\n\t\t\t\t<div class=\"elementor-element elementor-element-940dc53 jltma-glass-effect-no elementor-widget elementor-widget-text-editor\" data-id=\"940dc53\" data-element_type=\"widget\" data-widget_type=\"text-editor.default\">\n\t\t\t\t<div class=\"elementor-widget-container\">\n\t\t\t\t\t\t\t\t<div class=\"elementor-text-editor elementor-clearfix\">\n\t\t\t\t<div class=\"cms-container mb-3\"><div class=\"mc3s-inherited-styles rich-text-content\"><p>Da\u017e\u0101da augstuma un diametra bloki plakaniem datoriz\u0113tiem galdiem neatst\u0101j nek\u0101das pies\u016bk\u0161anas p\u0113das uz stikla.<\/p><p>Bystronic datoriz\u0113tajiem centriem \u2014 \u0101tr\u0101ka un \u0113rt\u0101ka pies\u016bk\u0161anas mai\u0146as tehnolo\u0123ija, neizmantojot instrumentus.<\/p><\/div><\/div>\t\t\t\t\t<\/div>\n\t\t\t\t\t\t<\/div>\n\t\t\t\t<\/div>\n\t\t\t\t\t\t<\/div>\n\t\t\t\t\t<\/div>\n\t\t<\/div>\n\t\t\t\t<div class=\"has_ma_el_bg_slider elementor-column elementor-col-50 elementor-top-column elementor-element elementor-element-41ccbc0 jltma-glass-effect-no\" data-id=\"41ccbc0\" data-element_type=\"column\">\n\t\t\t<div class=\"elementor-column-wrap elementor-element-populated\">\n\t\t\t\t\t\t\t<div class=\"elementor-widget-wrap\">\n\t\t\t\t\t\t<div class=\"elementor-element elementor-element-3ac4dd7 elementor-pagination-position-outside jltma-glass-effect-no elementor-widget elementor-widget-image-carousel\" data-id=\"3ac4dd7\" data-element_type=\"widget\" data-settings=\"{&quot;slides_to_show&quot;:&quot;1&quot;,&quot;navigation&quot;:&quot;dots&quot;,&quot;autoplay&quot;:&quot;yes&quot;,&quot;pause_on_hover&quot;:&quot;yes&quot;,&quot;pause_on_interaction&quot;:&quot;yes&quot;,&quot;autoplay_speed&quot;:5000,&quot;infinite&quot;:&quot;yes&quot;,&quot;effect&quot;:&quot;slide&quot;,&quot;speed&quot;:500}\" data-widget_type=\"image-carousel.default\">\n\t\t\t\t<div class=\"elementor-widget-container\">\n\t\t\t\t\t<div class=\"elementor-image-carousel-wrapper swiper-container\" dir=\"ltr\">\n\t\t\t<div class=\"elementor-image-carousel swiper-wrapper\">\n\t\t\t\t\t\t\t\t<div class=\"swiper-slide\"><figure class=\"swiper-slide-inner\"><img decoding=\"async\" class=\"swiper-slide-image\" src=\"https:\/\/salija.lt\/wp-content\/uploads\/2022\/02\/Glasss.jpg\" alt=\"Glasss\" \/><\/figure><\/div><div class=\"swiper-slide\"><figure class=\"swiper-slide-inner\"><img decoding=\"async\" class=\"swiper-slide-image\" src=\"https:\/\/salija.lt\/wp-content\/uploads\/2022\/02\/Glass.jpg\" alt=\"Glass\" \/><\/figure><\/div><div class=\"swiper-slide\"><figure class=\"swiper-slide-inner\"><img decoding=\"async\" class=\"swiper-slide-image\" src=\"https:\/\/salija.lt\/wp-content\/uploads\/2022\/02\/Glas.jpg\" alt=\"Glas\" \/><\/figure><\/div>\t\t\t<\/div>\n\t\t\t\t\t\t\t\t\t\t\t\t<div class=\"swiper-pagination\"><\/div>\n\t\t\t\t\t\t\t\t\t\t\t\t\t<\/div>\n\t\t\t\t<\/div>\n\t\t\t\t<\/div>\n\t\t\t\t\t\t<\/div>\n\t\t\t\t\t<\/div>\n\t\t<\/div>\n\t\t\t\t\t\t\t\t<\/div>\n\t\t\t\t\t<\/div>\n\t\t<\/section>\n\t\t\t\t\t\t<\/div>\n\t\t\t\t\t\t<\/div>\n\t\t\t\t\t<\/div>\n\t\t","protected":false},"excerpt":{"rendered":"<p>Schmalz satver\u0161anas risin\u0101jumi \u013cauj \u0101tri un bez gr\u016bt\u012bb\u0101m iestat\u012bt visus datoriz\u0113tos apstr\u0101des centrus darbam ar stiklu.<\/p>\n","protected":false},"featured_media":18199,"template":"","meta":[],"product_cat":[281],"product_tag":[],"yoast_head":"<!-- This site is optimized with the Yoast SEO plugin v20.13 - https:\/\/yoast.com\/wordpress\/plugins\/seo\/ -->\n<title>Satver\u0161anas apr\u012bkojums stikla apstr\u0101dei - Salija<\/title>\n<meta name=\"description\" content=\"Satver\u0161anas apr\u012bkojums stikla apstr\u0101dei - Salija, UAB\" \/>\n<meta name=\"robots\" content=\"index, follow, max-snippet:-1, max-image-preview:large, max-video-preview:-1\" \/>\n<link rel=\"canonical\" href=\"https:\/\/salija.lt\/lt\/produkts\/stiklo-tvirtinimas-apdirbimui\/\" \/>\n<meta property=\"og:locale\" content=\"lv_LV\" \/>\n<meta property=\"og:type\" content=\"article\" \/>\n<meta property=\"og:title\" content=\"Satver\u0161anas apr\u012bkojums stikla apstr\u0101dei - Salija\" \/>\n<meta property=\"og:description\" content=\"Satver\u0161anas apr\u012bkojums stikla apstr\u0101dei - Salija, UAB\" \/>\n<meta property=\"og:url\" content=\"https:\/\/salija.lt\/lt\/produkts\/stiklo-tvirtinimas-apdirbimui\/\" \/>\n<meta property=\"og:site_name\" content=\"Salija\" \/>\n<meta property=\"article:modified_time\" content=\"2022-04-26T04:51:05+00:00\" \/>\n<meta property=\"og:image\" content=\"https:\/\/salija.lt\/wp-content\/uploads\/2022\/02\/Glassss.jpg\" \/>\n\t<meta property=\"og:image:width\" content=\"1009\" \/>\n\t<meta property=\"og:image:height\" content=\"673\" \/>\n\t<meta property=\"og:image:type\" content=\"image\/jpeg\" \/>\n<meta name=\"twitter:card\" content=\"summary_large_image\" \/>\n<script type=\"application\/ld+json\" class=\"yoast-schema-graph\">{\"@context\":\"https:\/\/schema.org\",\"@graph\":[{\"@type\":\"WebPage\",\"@id\":\"https:\/\/salija.lt\/lt\/produkts\/stiklo-tvirtinimas-apdirbimui\/\",\"url\":\"https:\/\/salija.lt\/lt\/produkts\/stiklo-tvirtinimas-apdirbimui\/\",\"name\":\"Satver\u0161anas apr\u012bkojums stikla apstr\u0101dei - Salija\",\"isPartOf\":{\"@id\":\"https:\/\/salija.lt\/lt\/#website\"},\"datePublished\":\"2022-02-02T11:34:23+00:00\",\"dateModified\":\"2022-04-26T04:51:05+00:00\",\"description\":\"Satver\u0161anas apr\u012bkojums stikla apstr\u0101dei - Salija, UAB\",\"breadcrumb\":{\"@id\":\"https:\/\/salija.lt\/lt\/produkts\/stiklo-tvirtinimas-apdirbimui\/#breadcrumb\"},\"inLanguage\":\"lv-LV\",\"potentialAction\":[{\"@type\":\"ReadAction\",\"target\":[\"https:\/\/salija.lt\/lt\/produkts\/stiklo-tvirtinimas-apdirbimui\/\"]}]},{\"@type\":\"BreadcrumbList\",\"@id\":\"https:\/\/salija.lt\/lt\/produkts\/stiklo-tvirtinimas-apdirbimui\/#breadcrumb\",\"itemListElement\":[{\"@type\":\"ListItem\",\"position\":1,\"name\":\"Home\",\"item\":\"https:\/\/salija.lt\/lv\/\"},{\"@type\":\"ListItem\",\"position\":2,\"name\":\"E-pas\u016bt\u012bjumi\",\"item\":\"https:\/\/salija.lt\/lt\/orders\/\"},{\"@type\":\"ListItem\",\"position\":3,\"name\":\"Satver\u0161anas apr\u012bkojums stikla apstr\u0101dei\"}]},{\"@type\":\"WebSite\",\"@id\":\"https:\/\/salija.lt\/lt\/#website\",\"url\":\"https:\/\/salija.lt\/lt\/\",\"name\":\"Salija\",\"description\":\"\",\"potentialAction\":[{\"@type\":\"SearchAction\",\"target\":{\"@type\":\"EntryPoint\",\"urlTemplate\":\"https:\/\/salija.lt\/lt\/?s={search_term_string}\"},\"query-input\":\"required name=search_term_string\"}],\"inLanguage\":\"lv-LV\"}]}<\/script>\n<!-- \/ Yoast SEO plugin. -->","yoast_head_json":{"title":"Satver\u0161anas apr\u012bkojums stikla apstr\u0101dei - Salija","description":"Satver\u0161anas apr\u012bkojums stikla apstr\u0101dei - Salija, UAB","robots":{"index":"index","follow":"follow","max-snippet":"max-snippet:-1","max-image-preview":"max-image-preview:large","max-video-preview":"max-video-preview:-1"},"canonical":"https:\/\/salija.lt\/lt\/produkts\/stiklo-tvirtinimas-apdirbimui\/","og_locale":"lv_LV","og_type":"article","og_title":"Satver\u0161anas apr\u012bkojums stikla apstr\u0101dei - Salija","og_description":"Satver\u0161anas apr\u012bkojums stikla apstr\u0101dei - Salija, UAB","og_url":"https:\/\/salija.lt\/lt\/produkts\/stiklo-tvirtinimas-apdirbimui\/","og_site_name":"Salija","article_modified_time":"2022-04-26T04:51:05+00:00","og_image":[{"width":1009,"height":673,"url":"https:\/\/salija.lt\/wp-content\/uploads\/2022\/02\/Glassss.jpg","type":"image\/jpeg"}],"twitter_card":"summary_large_image","schema":{"@context":"https:\/\/schema.org","@graph":[{"@type":"WebPage","@id":"https:\/\/salija.lt\/lt\/produkts\/stiklo-tvirtinimas-apdirbimui\/","url":"https:\/\/salija.lt\/lt\/produkts\/stiklo-tvirtinimas-apdirbimui\/","name":"Satver\u0161anas apr\u012bkojums stikla apstr\u0101dei - Salija","isPartOf":{"@id":"https:\/\/salija.lt\/lt\/#website"},"datePublished":"2022-02-02T11:34:23+00:00","dateModified":"2022-04-26T04:51:05+00:00","description":"Satver\u0161anas apr\u012bkojums stikla apstr\u0101dei - Salija, UAB","breadcrumb":{"@id":"https:\/\/salija.lt\/lt\/produkts\/stiklo-tvirtinimas-apdirbimui\/#breadcrumb"},"inLanguage":"lv-LV","potentialAction":[{"@type":"ReadAction","target":["https:\/\/salija.lt\/lt\/produkts\/stiklo-tvirtinimas-apdirbimui\/"]}]},{"@type":"BreadcrumbList","@id":"https:\/\/salija.lt\/lt\/produkts\/stiklo-tvirtinimas-apdirbimui\/#breadcrumb","itemListElement":[{"@type":"ListItem","position":1,"name":"Home","item":"https:\/\/salija.lt\/lv\/"},{"@type":"ListItem","position":2,"name":"E-pas\u016bt\u012bjumi","item":"https:\/\/salija.lt\/lt\/orders\/"},{"@type":"ListItem","position":3,"name":"Satver\u0161anas apr\u012bkojums stikla apstr\u0101dei"}]},{"@type":"WebSite","@id":"https:\/\/salija.lt\/lt\/#website","url":"https:\/\/salija.lt\/lt\/","name":"Salija","description":"","potentialAction":[{"@type":"SearchAction","target":{"@type":"EntryPoint","urlTemplate":"https:\/\/salija.lt\/lt\/?s={search_term_string}"},"query-input":"required name=search_term_string"}],"inLanguage":"lv-LV"}]}},"_links":{"self":[{"href":"https:\/\/salija.lt\/lv\/wp-json\/wp\/v2\/product\/25754"}],"collection":[{"href":"https:\/\/salija.lt\/lv\/wp-json\/wp\/v2\/product"}],"about":[{"href":"https:\/\/salija.lt\/lv\/wp-json\/wp\/v2\/types\/product"}],"version-history":[{"count":1,"href":"https:\/\/salija.lt\/lv\/wp-json\/wp\/v2\/product\/25754\/revisions"}],"predecessor-version":[{"id":25755,"href":"https:\/\/salija.lt\/lv\/wp-json\/wp\/v2\/product\/25754\/revisions\/25755"}],"wp:featuredmedia":[{"embeddable":true,"href":"https:\/\/salija.lt\/lv\/wp-json\/wp\/v2\/media\/18199"}],"wp:attachment":[{"href":"https:\/\/salija.lt\/lv\/wp-json\/wp\/v2\/media?parent=25754"}],"wp:term":[{"taxonomy":"product_cat","embeddable":true,"href":"https:\/\/salija.lt\/lv\/wp-json\/wp\/v2\/product_cat?post=25754"},{"taxonomy":"product_tag","embeddable":true,"href":"https:\/\/salija.lt\/lv\/wp-json\/wp\/v2\/product_tag?post=25754"}],"curies":[{"name":"wp","href":"https:\/\/api.w.org\/{rel}","templated":true}]}}