{"id":25748,"date":"2022-02-02T09:40:58","date_gmt":"2022-02-02T07:40:58","guid":{"rendered":"https:\/\/salija.lt\/produktas\/satversanas-aprikojums-rezga-ligzdosanas-plakana-galda-sistemam\/"},"modified":"2024-10-20T13:03:48","modified_gmt":"2024-10-20T10:03:48","slug":"satversanas-aprikojums-rezga-ligzdosanas-plakana-galda-sistemam","status":"publish","type":"product","link":"https:\/\/salija.lt\/lv\/produkts\/satversanas-aprikojums-rezga-ligzdosanas-plakana-galda-sistemam\/","title":{"rendered":"Satver\u0161anas apr\u012bkojums re\u017e\u0123a\/ligzdo\u0161anas\/plakana galda sist\u0113m\u0101m"},"content":{"rendered":"\t\t<div data-elementor-type=\"product-post\" data-elementor-id=\"25748\" class=\"elementor elementor-25748 elementor-9456\" data-elementor-settings=\"[]\">\n\t\t\t\t\t\t<div class=\"elementor-inner\">\n\t\t\t\t\t\t\t<div class=\"elementor-section-wrap\">\n\t\t\t\t\t\t\t<section class=\"has_ma_el_bg_slider elementor-section elementor-top-section elementor-element elementor-element-c05e348 elementor-section-boxed elementor-section-height-default elementor-section-height-default jltma-glass-effect-no\" data-id=\"c05e348\" data-element_type=\"section\">\n\t\t\t\t\t\t<div class=\"elementor-container elementor-column-gap-default\">\n\t\t\t\t\t\t\t<div class=\"elementor-row\">\n\t\t\t\t\t<div class=\"has_ma_el_bg_slider elementor-column elementor-col-50 elementor-top-column elementor-element elementor-element-7d99f38 jltma-glass-effect-no\" data-id=\"7d99f38\" data-element_type=\"column\">\n\t\t\t<div class=\"elementor-column-wrap elementor-element-populated\">\n\t\t\t\t\t\t\t<div class=\"elementor-widget-wrap\">\n\t\t\t\t\t\t<div class=\"elementor-element elementor-element-ddea6bb jltma-glass-effect-no elementor-widget elementor-widget-heading\" data-id=\"ddea6bb\" data-element_type=\"widget\" data-widget_type=\"heading.default\">\n\t\t\t\t<div class=\"elementor-widget-container\">\n\t\t\t<h5 class=\"elementor-heading-title elementor-size-default\">Produkta apraksts<\/h5>\t\t<\/div>\n\t\t\t\t<\/div>\n\t\t\t\t<div class=\"elementor-element elementor-element-940dc53 jltma-glass-effect-no elementor-widget elementor-widget-text-editor\" data-id=\"940dc53\" data-element_type=\"widget\" data-widget_type=\"text-editor.default\">\n\t\t\t\t<div class=\"elementor-widget-container\">\n\t\t\t\t\t\t\t\t<div class=\"elementor-text-editor elementor-clearfix\">\n\t\t\t\t<div class=\"cms-container mb-3\"><div class=\"mc3s-inherited-styles rich-text-content\"><p><span class=\"typ-sub-label2\">Plakaniem, ligzdo\u0161anas un re\u017e\u0123a galdiem Schmalz var pied\u0101v\u0101t da\u017e\u0101dus pies\u016bk\u0161anas un satver\u0161anas blokus un tehniskus risin\u0101jumus. Pla\u0161\u0101ks vakuuma bloku pies\u016bk\u0161anas zonu un augstuma kl\u0101sts \u013cauj nodro\u0161in\u0101t lab\u0101ku produktu kvalit\u0101ti un ra\u017eo\u0161anas precizit\u0101ti. M\u0113s pied\u0101v\u0101jam individu\u0101lus risin\u0101jumus \u012bpa\u0161\u0101m vajadz\u012bb\u0101m.<\/span><\/p><\/div><\/div>\t\t\t\t\t<\/div>\n\t\t\t\t\t\t<\/div>\n\t\t\t\t<\/div>\n\t\t\t\t\t\t<\/div>\n\t\t\t\t\t<\/div>\n\t\t<\/div>\n\t\t\t\t<div class=\"has_ma_el_bg_slider elementor-column elementor-col-50 elementor-top-column elementor-element elementor-element-41ccbc0 jltma-glass-effect-no\" data-id=\"41ccbc0\" data-element_type=\"column\">\n\t\t\t<div class=\"elementor-column-wrap elementor-element-populated\">\n\t\t\t\t\t\t\t<div class=\"elementor-widget-wrap\">\n\t\t\t\t\t\t<div class=\"elementor-element elementor-element-3ac4dd7 elementor-pagination-position-outside jltma-glass-effect-no elementor-widget elementor-widget-image-carousel\" data-id=\"3ac4dd7\" data-element_type=\"widget\" data-settings=\"{&quot;slides_to_show&quot;:&quot;1&quot;,&quot;navigation&quot;:&quot;dots&quot;,&quot;autoplay&quot;:&quot;yes&quot;,&quot;pause_on_hover&quot;:&quot;yes&quot;,&quot;pause_on_interaction&quot;:&quot;yes&quot;,&quot;autoplay_speed&quot;:5000,&quot;infinite&quot;:&quot;yes&quot;,&quot;effect&quot;:&quot;slide&quot;,&quot;speed&quot;:500}\" data-widget_type=\"image-carousel.default\">\n\t\t\t\t<div class=\"elementor-widget-container\">\n\t\t\t\t\t<div class=\"elementor-image-carousel-wrapper swiper-container\" dir=\"ltr\">\n\t\t\t<div class=\"elementor-image-carousel swiper-wrapper\">\n\t\t\t\t\t\t\t\t<div class=\"swiper-slide\"><figure class=\"swiper-slide-inner\"><img decoding=\"async\" class=\"swiper-slide-image\" src=\"https:\/\/salija.lt\/wp-content\/uploads\/2022\/02\/Grid2.jpg\" alt=\"Grid2\" \/><\/figure><\/div><div class=\"swiper-slide\"><figure class=\"swiper-slide-inner\"><img decoding=\"async\" class=\"swiper-slide-image\" src=\"https:\/\/salija.lt\/wp-content\/uploads\/2022\/02\/Nesting-flat.jpg\" alt=\"Nesting flat\" \/><\/figure><\/div>\t\t\t<\/div>\n\t\t\t\t\t\t\t\t\t\t\t\t<div class=\"swiper-pagination\"><\/div>\n\t\t\t\t\t\t\t\t\t\t\t\t\t<\/div>\n\t\t\t\t<\/div>\n\t\t\t\t<\/div>\n\t\t\t\t\t\t<\/div>\n\t\t\t\t\t<\/div>\n\t\t<\/div>\n\t\t\t\t\t\t\t\t<\/div>\n\t\t\t\t\t<\/div>\n\t\t<\/section>\n\t\t\t\t<section class=\"has_ma_el_bg_slider elementor-section elementor-top-section elementor-element elementor-element-266963f4 elementor-section-boxed elementor-section-height-default elementor-section-height-default jltma-glass-effect-no\" data-id=\"266963f4\" data-element_type=\"section\">\n\t\t\t\t\t\t<div class=\"elementor-container elementor-column-gap-default\">\n\t\t\t\t\t\t\t<div class=\"elementor-row\">\n\t\t\t\t\t<div class=\"has_ma_el_bg_slider elementor-column elementor-col-100 elementor-top-column elementor-element elementor-element-13501d11 jltma-glass-effect-no\" data-id=\"13501d11\" data-element_type=\"column\">\n\t\t\t<div class=\"elementor-column-wrap elementor-element-populated\">\n\t\t\t\t\t\t\t<div class=\"elementor-widget-wrap\">\n\t\t\t\t\t\t<div class=\"elementor-element elementor-element-19932706 elementor-view-default jltma-glass-effect-no elementor-widget elementor-widget-wgl-toggle-accordion\" data-id=\"19932706\" data-element_type=\"widget\" data-widget_type=\"wgl-toggle-accordion.default\">\n\t\t\t\t<div class=\"elementor-widget-container\">\n\t\t\t<div class=\"wgl-accordion icon-plus\" id=\"wgl-accordion-19932706\" data-type=\"accordion\"><div class=\"wgl-accordion_panel\"><h4 id=\"wgl-accordion_header-4291\" class=\"wgl-accordion_header\" data-default=\"yes\"><span class=\"wgl-accordion_title\">Ieguvumi<\/span><i class=\"wgl-accordion_icon elementor-icon \"><\/i><\/h4><div class=\"wgl-accordion_content\"><ul><li>vakuuma blokiem var pacelt darba augstumu, kas padara tos ide\u0101li piem\u0113rotus pat 5 asu apstr\u0101des centriem ar liel\u0101m Z v\u0113rt\u012bb\u0101m;<\/li><li>koncentr\u0113ts notur\u0113\u0161anas sp\u0113ks;<\/li><li>viegli nomain\u0101mas rezerves da\u013cas.<\/li><\/ul><\/div><\/div><\/div>\t\t<\/div>\n\t\t\t\t<\/div>\n\t\t\t\t\t\t<\/div>\n\t\t\t\t\t<\/div>\n\t\t<\/div>\n\t\t\t\t\t\t\t\t<\/div>\n\t\t\t\t\t<\/div>\n\t\t<\/section>\n\t\t\t\t\t\t<\/div>\n\t\t\t\t\t\t<\/div>\n\t\t\t\t\t<\/div>\n\t\t","protected":false},"excerpt":{"rendered":"<p>Plakaniem, ligzdo\u0161anas un re\u017e\u0123a galdiem Schmalz var pied\u0101v\u0101t da\u017e\u0101dus pies\u016bk\u0161anas un satver\u0161anas blokus un tehniskus risin\u0101jumus.<\/p>\n","protected":false},"featured_media":18217,"template":"","meta":[],"product_cat":[316],"product_tag":[],"yoast_head":"<!-- This site is optimized with the Yoast SEO plugin v20.13 - https:\/\/yoast.com\/wordpress\/plugins\/seo\/ -->\n<title>Satver\u0161anas apr\u012bkojums re\u017e\u0123a\/ligzdo\u0161anas\/plakana galda sist\u0113m\u0101m - Salija<\/title>\n<meta name=\"description\" content=\"Satver\u0161anas apr\u012bkojums re\u017e\u0123a\/ligzdo\u0161anas\/plakana galda sist\u0113m\u0101m - Salija, UAB\" \/>\n<meta name=\"robots\" content=\"index, follow, max-snippet:-1, max-image-preview:large, max-video-preview:-1\" \/>\n<link rel=\"canonical\" href=\"https:\/\/salija.lt\/lv\/produkts\/satversanas-aprikojums-rezga-ligzdosanas-plakana-galda-sistemam\/\" \/>\n<meta property=\"og:locale\" content=\"lv_LV\" \/>\n<meta property=\"og:type\" content=\"article\" \/>\n<meta property=\"og:title\" content=\"Satver\u0161anas apr\u012bkojums re\u017e\u0123a\/ligzdo\u0161anas\/plakana galda sist\u0113m\u0101m - Salija\" \/>\n<meta property=\"og:description\" content=\"Satver\u0161anas apr\u012bkojums re\u017e\u0123a\/ligzdo\u0161anas\/plakana galda sist\u0113m\u0101m - Salija, UAB\" \/>\n<meta property=\"og:url\" content=\"https:\/\/salija.lt\/lv\/produkts\/satversanas-aprikojums-rezga-ligzdosanas-plakana-galda-sistemam\/\" \/>\n<meta property=\"og:site_name\" content=\"Salija\" \/>\n<meta property=\"article:modified_time\" content=\"2024-10-20T10:03:48+00:00\" \/>\n<meta property=\"og:image\" content=\"http:\/\/salija.lt\/wp-content\/uploads\/2022\/02\/Flat.jpg\" \/>\n\t<meta property=\"og:image:width\" content=\"1008\" \/>\n\t<meta property=\"og:image:height\" content=\"673\" \/>\n\t<meta property=\"og:image:type\" content=\"image\/jpeg\" \/>\n<meta name=\"twitter:card\" content=\"summary_large_image\" \/>\n<meta name=\"twitter:label1\" content=\"Est. reading time\" \/>\n\t<meta name=\"twitter:data1\" content=\"1 minute\" \/>\n<script type=\"application\/ld+json\" class=\"yoast-schema-graph\">{\"@context\":\"https:\/\/schema.org\",\"@graph\":[{\"@type\":\"WebPage\",\"@id\":\"https:\/\/salija.lt\/lv\/produkts\/satversanas-aprikojums-rezga-ligzdosanas-plakana-galda-sistemam\/\",\"url\":\"https:\/\/salija.lt\/lv\/produkts\/satversanas-aprikojums-rezga-ligzdosanas-plakana-galda-sistemam\/\",\"name\":\"Satver\u0161anas apr\u012bkojums re\u017e\u0123a\/ligzdo\u0161anas\/plakana galda sist\u0113m\u0101m - Salija\",\"isPartOf\":{\"@id\":\"https:\/\/salija.lt\/lt\/#website\"},\"datePublished\":\"2022-02-02T07:40:58+00:00\",\"dateModified\":\"2024-10-20T10:03:48+00:00\",\"description\":\"Satver\u0161anas apr\u012bkojums re\u017e\u0123a\/ligzdo\u0161anas\/plakana galda sist\u0113m\u0101m - Salija, UAB\",\"breadcrumb\":{\"@id\":\"https:\/\/salija.lt\/lv\/produkts\/satversanas-aprikojums-rezga-ligzdosanas-plakana-galda-sistemam\/#breadcrumb\"},\"inLanguage\":\"lv-LV\",\"potentialAction\":[{\"@type\":\"ReadAction\",\"target\":[\"https:\/\/salija.lt\/lv\/produkts\/satversanas-aprikojums-rezga-ligzdosanas-plakana-galda-sistemam\/\"]}]},{\"@type\":\"BreadcrumbList\",\"@id\":\"https:\/\/salija.lt\/lv\/produkts\/satversanas-aprikojums-rezga-ligzdosanas-plakana-galda-sistemam\/#breadcrumb\",\"itemListElement\":[{\"@type\":\"ListItem\",\"position\":1,\"name\":\"Home\",\"item\":\"https:\/\/salija.lt\/lv\/\"},{\"@type\":\"ListItem\",\"position\":2,\"name\":\"E-pas\u016bt\u012bjumi\",\"item\":\"https:\/\/salija.lt\/lt\/orders\/\"},{\"@type\":\"ListItem\",\"position\":3,\"name\":\"Satver\u0161anas apr\u012bkojums re\u017e\u0123a\/ligzdo\u0161anas\/plakana galda sist\u0113m\u0101m\"}]},{\"@type\":\"WebSite\",\"@id\":\"https:\/\/salija.lt\/lt\/#website\",\"url\":\"https:\/\/salija.lt\/lt\/\",\"name\":\"Salija\",\"description\":\"\",\"potentialAction\":[{\"@type\":\"SearchAction\",\"target\":{\"@type\":\"EntryPoint\",\"urlTemplate\":\"https:\/\/salija.lt\/lt\/?s={search_term_string}\"},\"query-input\":\"required name=search_term_string\"}],\"inLanguage\":\"lv-LV\"}]}<\/script>\n<!-- \/ Yoast SEO plugin. -->","yoast_head_json":{"title":"Satver\u0161anas apr\u012bkojums re\u017e\u0123a\/ligzdo\u0161anas\/plakana galda sist\u0113m\u0101m - Salija","description":"Satver\u0161anas apr\u012bkojums re\u017e\u0123a\/ligzdo\u0161anas\/plakana galda sist\u0113m\u0101m - Salija, UAB","robots":{"index":"index","follow":"follow","max-snippet":"max-snippet:-1","max-image-preview":"max-image-preview:large","max-video-preview":"max-video-preview:-1"},"canonical":"https:\/\/salija.lt\/lv\/produkts\/satversanas-aprikojums-rezga-ligzdosanas-plakana-galda-sistemam\/","og_locale":"lv_LV","og_type":"article","og_title":"Satver\u0161anas apr\u012bkojums re\u017e\u0123a\/ligzdo\u0161anas\/plakana galda sist\u0113m\u0101m - Salija","og_description":"Satver\u0161anas apr\u012bkojums re\u017e\u0123a\/ligzdo\u0161anas\/plakana galda sist\u0113m\u0101m - Salija, UAB","og_url":"https:\/\/salija.lt\/lv\/produkts\/satversanas-aprikojums-rezga-ligzdosanas-plakana-galda-sistemam\/","og_site_name":"Salija","article_modified_time":"2024-10-20T10:03:48+00:00","og_image":[{"width":1008,"height":673,"url":"http:\/\/salija.lt\/wp-content\/uploads\/2022\/02\/Flat.jpg","type":"image\/jpeg"}],"twitter_card":"summary_large_image","twitter_misc":{"Est. reading time":"1 minute"},"schema":{"@context":"https:\/\/schema.org","@graph":[{"@type":"WebPage","@id":"https:\/\/salija.lt\/lv\/produkts\/satversanas-aprikojums-rezga-ligzdosanas-plakana-galda-sistemam\/","url":"https:\/\/salija.lt\/lv\/produkts\/satversanas-aprikojums-rezga-ligzdosanas-plakana-galda-sistemam\/","name":"Satver\u0161anas apr\u012bkojums re\u017e\u0123a\/ligzdo\u0161anas\/plakana galda sist\u0113m\u0101m - Salija","isPartOf":{"@id":"https:\/\/salija.lt\/lt\/#website"},"datePublished":"2022-02-02T07:40:58+00:00","dateModified":"2024-10-20T10:03:48+00:00","description":"Satver\u0161anas apr\u012bkojums re\u017e\u0123a\/ligzdo\u0161anas\/plakana galda sist\u0113m\u0101m - Salija, UAB","breadcrumb":{"@id":"https:\/\/salija.lt\/lv\/produkts\/satversanas-aprikojums-rezga-ligzdosanas-plakana-galda-sistemam\/#breadcrumb"},"inLanguage":"lv-LV","potentialAction":[{"@type":"ReadAction","target":["https:\/\/salija.lt\/lv\/produkts\/satversanas-aprikojums-rezga-ligzdosanas-plakana-galda-sistemam\/"]}]},{"@type":"BreadcrumbList","@id":"https:\/\/salija.lt\/lv\/produkts\/satversanas-aprikojums-rezga-ligzdosanas-plakana-galda-sistemam\/#breadcrumb","itemListElement":[{"@type":"ListItem","position":1,"name":"Home","item":"https:\/\/salija.lt\/lv\/"},{"@type":"ListItem","position":2,"name":"E-pas\u016bt\u012bjumi","item":"https:\/\/salija.lt\/lt\/orders\/"},{"@type":"ListItem","position":3,"name":"Satver\u0161anas apr\u012bkojums re\u017e\u0123a\/ligzdo\u0161anas\/plakana galda sist\u0113m\u0101m"}]},{"@type":"WebSite","@id":"https:\/\/salija.lt\/lt\/#website","url":"https:\/\/salija.lt\/lt\/","name":"Salija","description":"","potentialAction":[{"@type":"SearchAction","target":{"@type":"EntryPoint","urlTemplate":"https:\/\/salija.lt\/lt\/?s={search_term_string}"},"query-input":"required name=search_term_string"}],"inLanguage":"lv-LV"}]}},"_links":{"self":[{"href":"https:\/\/salija.lt\/lv\/wp-json\/wp\/v2\/product\/25748"}],"collection":[{"href":"https:\/\/salija.lt\/lv\/wp-json\/wp\/v2\/product"}],"about":[{"href":"https:\/\/salija.lt\/lv\/wp-json\/wp\/v2\/types\/product"}],"version-history":[{"count":5,"href":"https:\/\/salija.lt\/lv\/wp-json\/wp\/v2\/product\/25748\/revisions"}],"predecessor-version":[{"id":29752,"href":"https:\/\/salija.lt\/lv\/wp-json\/wp\/v2\/product\/25748\/revisions\/29752"}],"wp:featuredmedia":[{"embeddable":true,"href":"https:\/\/salija.lt\/lv\/wp-json\/wp\/v2\/media\/18217"}],"wp:attachment":[{"href":"https:\/\/salija.lt\/lv\/wp-json\/wp\/v2\/media?parent=25748"}],"wp:term":[{"taxonomy":"product_cat","embeddable":true,"href":"https:\/\/salija.lt\/lv\/wp-json\/wp\/v2\/product_cat?post=25748"},{"taxonomy":"product_tag","embeddable":true,"href":"https:\/\/salija.lt\/lv\/wp-json\/wp\/v2\/product_tag?post=25748"}],"curies":[{"name":"wp","href":"https:\/\/api.w.org\/{rel}","templated":true}]}}