{"id":25744,"date":"2022-02-02T09:02:37","date_gmt":"2022-02-02T07:02:37","guid":{"rendered":"https:\/\/salija.lt\/produktas\/satversanas-aprikojums-biesse-sistemam\/"},"modified":"2024-10-20T13:00:31","modified_gmt":"2024-10-20T10:00:31","slug":"satversanas-aprikojums-biesse-sistemam","status":"publish","type":"product","link":"https:\/\/salija.lt\/lv\/produkts\/satversanas-aprikojums-biesse-sistemam\/","title":{"rendered":"Satver\u0161anas apr\u012bkojums Biesse sist\u0113m\u0101m"},"content":{"rendered":"\t\t<div data-elementor-type=\"product-post\" data-elementor-id=\"25744\" class=\"elementor elementor-25744 elementor-9408\" data-elementor-settings=\"[]\">\n\t\t\t\t\t\t<div class=\"elementor-inner\">\n\t\t\t\t\t\t\t<div class=\"elementor-section-wrap\">\n\t\t\t\t\t\t\t<section class=\"has_ma_el_bg_slider elementor-section elementor-top-section elementor-element elementor-element-c05e348 elementor-section-boxed elementor-section-height-default elementor-section-height-default jltma-glass-effect-no\" data-id=\"c05e348\" data-element_type=\"section\">\n\t\t\t\t\t\t<div class=\"elementor-container elementor-column-gap-default\">\n\t\t\t\t\t\t\t<div class=\"elementor-row\">\n\t\t\t\t\t<div class=\"has_ma_el_bg_slider elementor-column elementor-col-50 elementor-top-column elementor-element elementor-element-7d99f38 jltma-glass-effect-no\" data-id=\"7d99f38\" data-element_type=\"column\">\n\t\t\t<div class=\"elementor-column-wrap elementor-element-populated\">\n\t\t\t\t\t\t\t<div class=\"elementor-widget-wrap\">\n\t\t\t\t\t\t<div class=\"elementor-element elementor-element-ddea6bb jltma-glass-effect-no elementor-widget elementor-widget-heading\" data-id=\"ddea6bb\" data-element_type=\"widget\" data-widget_type=\"heading.default\">\n\t\t\t\t<div class=\"elementor-widget-container\">\n\t\t\t<h5 class=\"elementor-heading-title elementor-size-default\">Produkta apraksts<\/h5>\t\t<\/div>\n\t\t\t\t<\/div>\n\t\t\t\t<div class=\"elementor-element elementor-element-940dc53 jltma-glass-effect-no elementor-widget elementor-widget-text-editor\" data-id=\"940dc53\" data-element_type=\"widget\" data-widget_type=\"text-editor.default\">\n\t\t\t\t<div class=\"elementor-widget-container\">\n\t\t\t\t\t\t\t\t<div class=\"elementor-text-editor elementor-clearfix\">\n\t\t\t\t<div class=\"cms-container mb-3\"><div class=\"mc3s-inherited-styles rich-text-content\"><p><span class=\"typ-sub-label2\">Schmalz pies\u016bk\u0161anas un satver\u0161anas blokiem ir liel\u0101ks notur\u0113\u0161anas s\u0101nsp\u0113ks un augst\u0101ka triecieniztur\u012bba (iztur\u012bg\u0101ks korpuss). Pla\u0161\u0101ks pies\u016bk\u0161anas virsmu kl\u0101sts \u013cauj nodro\u0161in\u0101t augst\u0101ku produktu kvalit\u0101ti un ra\u017eo\u0161anas precizit\u0101ti. M\u0113s pied\u0101v\u0101jam individu\u0101lus risin\u0101jumus \u012bpa\u0161\u0101m vajadz\u012bb\u0101m.<\/span><\/p><\/div><\/div>\t\t\t\t\t<\/div>\n\t\t\t\t\t\t<\/div>\n\t\t\t\t<\/div>\n\t\t\t\t\t\t<\/div>\n\t\t\t\t\t<\/div>\n\t\t<\/div>\n\t\t\t\t<div class=\"has_ma_el_bg_slider elementor-column elementor-col-50 elementor-top-column elementor-element elementor-element-41ccbc0 jltma-glass-effect-no\" data-id=\"41ccbc0\" data-element_type=\"column\">\n\t\t\t<div class=\"elementor-column-wrap elementor-element-populated\">\n\t\t\t\t\t\t\t<div class=\"elementor-widget-wrap\">\n\t\t\t\t\t\t<div class=\"elementor-element elementor-element-3ac4dd7 elementor-pagination-position-outside jltma-glass-effect-no elementor-widget elementor-widget-image-carousel\" data-id=\"3ac4dd7\" data-element_type=\"widget\" data-settings=\"{&quot;slides_to_show&quot;:&quot;1&quot;,&quot;navigation&quot;:&quot;dots&quot;,&quot;autoplay&quot;:&quot;yes&quot;,&quot;pause_on_hover&quot;:&quot;yes&quot;,&quot;pause_on_interaction&quot;:&quot;yes&quot;,&quot;autoplay_speed&quot;:5000,&quot;infinite&quot;:&quot;yes&quot;,&quot;effect&quot;:&quot;slide&quot;,&quot;speed&quot;:500}\" data-widget_type=\"image-carousel.default\">\n\t\t\t\t<div class=\"elementor-widget-container\">\n\t\t\t\t\t<div class=\"elementor-image-carousel-wrapper swiper-container\" dir=\"ltr\">\n\t\t\t<div class=\"elementor-image-carousel swiper-wrapper\">\n\t\t\t\t\t\t\t\t<div class=\"swiper-slide\"><figure class=\"swiper-slide-inner\"><img decoding=\"async\" class=\"swiper-slide-image\" src=\"https:\/\/salija.lt\/wp-content\/uploads\/2022\/02\/Biesse.jpg\" alt=\"Biesse\" \/><\/figure><\/div><div class=\"swiper-slide\"><figure class=\"swiper-slide-inner\"><img decoding=\"async\" class=\"swiper-slide-image\" src=\"https:\/\/salija.lt\/wp-content\/uploads\/2022\/02\/Biesssse.jpg\" alt=\"Biesssse\" \/><\/figure><\/div><div class=\"swiper-slide\"><figure class=\"swiper-slide-inner\"><img decoding=\"async\" class=\"swiper-slide-image\" src=\"https:\/\/salija.lt\/wp-content\/uploads\/2022\/02\/Biessssse.jpg\" alt=\"Biessssse\" \/><\/figure><\/div>\t\t\t<\/div>\n\t\t\t\t\t\t\t\t\t\t\t\t<div class=\"swiper-pagination\"><\/div>\n\t\t\t\t\t\t\t\t\t\t\t\t\t<\/div>\n\t\t\t\t<\/div>\n\t\t\t\t<\/div>\n\t\t\t\t\t\t<\/div>\n\t\t\t\t\t<\/div>\n\t\t<\/div>\n\t\t\t\t\t\t\t\t<\/div>\n\t\t\t\t\t<\/div>\n\t\t<\/section>\n\t\t\t\t<section class=\"has_ma_el_bg_slider elementor-section elementor-top-section elementor-element elementor-element-266963f4 elementor-section-boxed elementor-section-height-default elementor-section-height-default jltma-glass-effect-no\" data-id=\"266963f4\" data-element_type=\"section\">\n\t\t\t\t\t\t<div class=\"elementor-container elementor-column-gap-default\">\n\t\t\t\t\t\t\t<div class=\"elementor-row\">\n\t\t\t\t\t<div class=\"has_ma_el_bg_slider elementor-column elementor-col-100 elementor-top-column elementor-element elementor-element-13501d11 jltma-glass-effect-no\" data-id=\"13501d11\" data-element_type=\"column\">\n\t\t\t<div class=\"elementor-column-wrap elementor-element-populated\">\n\t\t\t\t\t\t\t<div class=\"elementor-widget-wrap\">\n\t\t\t\t\t\t<div class=\"elementor-element elementor-element-19932706 elementor-view-default jltma-glass-effect-no elementor-widget elementor-widget-wgl-toggle-accordion\" data-id=\"19932706\" data-element_type=\"widget\" data-widget_type=\"wgl-toggle-accordion.default\">\n\t\t\t\t<div class=\"elementor-widget-container\">\n\t\t\t<div class=\"wgl-accordion icon-plus\" id=\"wgl-accordion-19932706\" data-type=\"accordion\"><div class=\"wgl-accordion_panel\"><h4 id=\"wgl-accordion_header-4291\" class=\"wgl-accordion_header\" data-default=\"yes\"><span class=\"wgl-accordion_title\">Ieguvumi<\/span><i class=\"wgl-accordion_icon elementor-icon \"><\/i><\/h4><div class=\"wgl-accordion_content\"><ul><li>augst\u0101ks notur\u0113\u0161anas sp\u0113ks koka izstr\u0101d\u0101jumiem, ko nodro\u0161ina uzlabota izol\u0101cija un berzes sl\u0101\u0146i;<\/li><li>viegli nomain\u0101mas rezerves da\u013cas;<\/li><li>iesp\u0113ja pagriezt blokus par 360 gr\u0101diem;<\/li><li>piel\u0101gojams satver\u0161anas augstums no 12 l\u012bdz 100 mm;<\/li><li>ieteicam\u0101 pies\u016bk\u0161anas virsma ir no 28x80 mm l\u012bdz 140x130 mm.<\/li><\/ul><\/div><\/div><\/div>\t\t<\/div>\n\t\t\t\t<\/div>\n\t\t\t\t\t\t<\/div>\n\t\t\t\t\t<\/div>\n\t\t<\/div>\n\t\t\t\t\t\t\t\t<\/div>\n\t\t\t\t\t<\/div>\n\t\t<\/section>\n\t\t\t\t\t\t<\/div>\n\t\t\t\t\t\t<\/div>\n\t\t\t\t\t<\/div>\n\t\t","protected":false},"excerpt":{"rendered":"<p>\u0160\u0101da veida datoriz\u0113t\u0101m iek\u0101rt\u0101m Schmalz pied\u0101v\u0101 vakuuma blokus ar augstumu 29 mm, 48 mm un 74 mm.<\/p>\n","protected":false},"featured_media":18209,"template":"","meta":[],"product_cat":[314],"product_tag":[],"yoast_head":"<!-- This site is optimized with the Yoast SEO plugin v20.13 - https:\/\/yoast.com\/wordpress\/plugins\/seo\/ -->\n<title>Satver\u0161anas apr\u012bkojums Biesse sist\u0113m\u0101m - Salija<\/title>\n<meta name=\"description\" content=\"Satver\u0161anas apr\u012bkojums Biesse sist\u0113m\u0101m - Salija, UAB\" \/>\n<meta name=\"robots\" content=\"index, follow, max-snippet:-1, max-image-preview:large, max-video-preview:-1\" \/>\n<link rel=\"canonical\" href=\"https:\/\/salija.lt\/lv\/produkts\/satversanas-aprikojums-biesse-sistemam\/\" \/>\n<meta property=\"og:locale\" content=\"lv_LV\" \/>\n<meta property=\"og:type\" content=\"article\" \/>\n<meta property=\"og:title\" content=\"Satver\u0161anas apr\u012bkojums Biesse sist\u0113m\u0101m - Salija\" \/>\n<meta property=\"og:description\" content=\"Satver\u0161anas apr\u012bkojums Biesse sist\u0113m\u0101m - Salija, UAB\" \/>\n<meta property=\"og:url\" content=\"https:\/\/salija.lt\/lv\/produkts\/satversanas-aprikojums-biesse-sistemam\/\" \/>\n<meta property=\"og:site_name\" content=\"Salija\" \/>\n<meta property=\"article:modified_time\" content=\"2024-10-20T10:00:31+00:00\" \/>\n<meta property=\"og:image\" content=\"http:\/\/salija.lt\/wp-content\/uploads\/2022\/02\/Biessse.jpg\" \/>\n\t<meta property=\"og:image:width\" content=\"1010\" \/>\n\t<meta property=\"og:image:height\" content=\"500\" \/>\n\t<meta property=\"og:image:type\" content=\"image\/jpeg\" \/>\n<meta name=\"twitter:card\" content=\"summary_large_image\" \/>\n<meta name=\"twitter:label1\" content=\"Est. reading time\" \/>\n\t<meta name=\"twitter:data1\" content=\"2 minutes\" \/>\n<script type=\"application\/ld+json\" class=\"yoast-schema-graph\">{\"@context\":\"https:\/\/schema.org\",\"@graph\":[{\"@type\":\"WebPage\",\"@id\":\"https:\/\/salija.lt\/lv\/produkts\/satversanas-aprikojums-biesse-sistemam\/\",\"url\":\"https:\/\/salija.lt\/lv\/produkts\/satversanas-aprikojums-biesse-sistemam\/\",\"name\":\"Satver\u0161anas apr\u012bkojums Biesse sist\u0113m\u0101m - Salija\",\"isPartOf\":{\"@id\":\"https:\/\/salija.lt\/lt\/#website\"},\"datePublished\":\"2022-02-02T07:02:37+00:00\",\"dateModified\":\"2024-10-20T10:00:31+00:00\",\"description\":\"Satver\u0161anas apr\u012bkojums Biesse sist\u0113m\u0101m - Salija, UAB\",\"breadcrumb\":{\"@id\":\"https:\/\/salija.lt\/lv\/produkts\/satversanas-aprikojums-biesse-sistemam\/#breadcrumb\"},\"inLanguage\":\"lv-LV\",\"potentialAction\":[{\"@type\":\"ReadAction\",\"target\":[\"https:\/\/salija.lt\/lv\/produkts\/satversanas-aprikojums-biesse-sistemam\/\"]}]},{\"@type\":\"BreadcrumbList\",\"@id\":\"https:\/\/salija.lt\/lv\/produkts\/satversanas-aprikojums-biesse-sistemam\/#breadcrumb\",\"itemListElement\":[{\"@type\":\"ListItem\",\"position\":1,\"name\":\"Home\",\"item\":\"https:\/\/salija.lt\/lv\/\"},{\"@type\":\"ListItem\",\"position\":2,\"name\":\"E-pas\u016bt\u012bjumi\",\"item\":\"https:\/\/salija.lt\/lt\/orders\/\"},{\"@type\":\"ListItem\",\"position\":3,\"name\":\"Satver\u0161anas apr\u012bkojums Biesse sist\u0113m\u0101m\"}]},{\"@type\":\"WebSite\",\"@id\":\"https:\/\/salija.lt\/lt\/#website\",\"url\":\"https:\/\/salija.lt\/lt\/\",\"name\":\"Salija\",\"description\":\"\",\"potentialAction\":[{\"@type\":\"SearchAction\",\"target\":{\"@type\":\"EntryPoint\",\"urlTemplate\":\"https:\/\/salija.lt\/lt\/?s={search_term_string}\"},\"query-input\":\"required name=search_term_string\"}],\"inLanguage\":\"lv-LV\"}]}<\/script>\n<!-- \/ Yoast SEO plugin. -->","yoast_head_json":{"title":"Satver\u0161anas apr\u012bkojums Biesse sist\u0113m\u0101m - Salija","description":"Satver\u0161anas apr\u012bkojums Biesse sist\u0113m\u0101m - Salija, UAB","robots":{"index":"index","follow":"follow","max-snippet":"max-snippet:-1","max-image-preview":"max-image-preview:large","max-video-preview":"max-video-preview:-1"},"canonical":"https:\/\/salija.lt\/lv\/produkts\/satversanas-aprikojums-biesse-sistemam\/","og_locale":"lv_LV","og_type":"article","og_title":"Satver\u0161anas apr\u012bkojums Biesse sist\u0113m\u0101m - Salija","og_description":"Satver\u0161anas apr\u012bkojums Biesse sist\u0113m\u0101m - Salija, UAB","og_url":"https:\/\/salija.lt\/lv\/produkts\/satversanas-aprikojums-biesse-sistemam\/","og_site_name":"Salija","article_modified_time":"2024-10-20T10:00:31+00:00","og_image":[{"width":1010,"height":500,"url":"http:\/\/salija.lt\/wp-content\/uploads\/2022\/02\/Biessse.jpg","type":"image\/jpeg"}],"twitter_card":"summary_large_image","twitter_misc":{"Est. reading time":"2 minutes"},"schema":{"@context":"https:\/\/schema.org","@graph":[{"@type":"WebPage","@id":"https:\/\/salija.lt\/lv\/produkts\/satversanas-aprikojums-biesse-sistemam\/","url":"https:\/\/salija.lt\/lv\/produkts\/satversanas-aprikojums-biesse-sistemam\/","name":"Satver\u0161anas apr\u012bkojums Biesse sist\u0113m\u0101m - Salija","isPartOf":{"@id":"https:\/\/salija.lt\/lt\/#website"},"datePublished":"2022-02-02T07:02:37+00:00","dateModified":"2024-10-20T10:00:31+00:00","description":"Satver\u0161anas apr\u012bkojums Biesse sist\u0113m\u0101m - Salija, UAB","breadcrumb":{"@id":"https:\/\/salija.lt\/lv\/produkts\/satversanas-aprikojums-biesse-sistemam\/#breadcrumb"},"inLanguage":"lv-LV","potentialAction":[{"@type":"ReadAction","target":["https:\/\/salija.lt\/lv\/produkts\/satversanas-aprikojums-biesse-sistemam\/"]}]},{"@type":"BreadcrumbList","@id":"https:\/\/salija.lt\/lv\/produkts\/satversanas-aprikojums-biesse-sistemam\/#breadcrumb","itemListElement":[{"@type":"ListItem","position":1,"name":"Home","item":"https:\/\/salija.lt\/lv\/"},{"@type":"ListItem","position":2,"name":"E-pas\u016bt\u012bjumi","item":"https:\/\/salija.lt\/lt\/orders\/"},{"@type":"ListItem","position":3,"name":"Satver\u0161anas apr\u012bkojums Biesse sist\u0113m\u0101m"}]},{"@type":"WebSite","@id":"https:\/\/salija.lt\/lt\/#website","url":"https:\/\/salija.lt\/lt\/","name":"Salija","description":"","potentialAction":[{"@type":"SearchAction","target":{"@type":"EntryPoint","urlTemplate":"https:\/\/salija.lt\/lt\/?s={search_term_string}"},"query-input":"required name=search_term_string"}],"inLanguage":"lv-LV"}]}},"_links":{"self":[{"href":"https:\/\/salija.lt\/lv\/wp-json\/wp\/v2\/product\/25744"}],"collection":[{"href":"https:\/\/salija.lt\/lv\/wp-json\/wp\/v2\/product"}],"about":[{"href":"https:\/\/salija.lt\/lv\/wp-json\/wp\/v2\/types\/product"}],"version-history":[{"count":8,"href":"https:\/\/salija.lt\/lv\/wp-json\/wp\/v2\/product\/25744\/revisions"}],"predecessor-version":[{"id":25865,"href":"https:\/\/salija.lt\/lv\/wp-json\/wp\/v2\/product\/25744\/revisions\/25865"}],"wp:featuredmedia":[{"embeddable":true,"href":"https:\/\/salija.lt\/lv\/wp-json\/wp\/v2\/media\/18209"}],"wp:attachment":[{"href":"https:\/\/salija.lt\/lv\/wp-json\/wp\/v2\/media?parent=25744"}],"wp:term":[{"taxonomy":"product_cat","embeddable":true,"href":"https:\/\/salija.lt\/lv\/wp-json\/wp\/v2\/product_cat?post=25744"},{"taxonomy":"product_tag","embeddable":true,"href":"https:\/\/salija.lt\/lv\/wp-json\/wp\/v2\/product_tag?post=25744"}],"curies":[{"name":"wp","href":"https:\/\/api.w.org\/{rel}","templated":true}]}}