{"id":25656,"date":"2022-02-02T02:34:01","date_gmt":"2022-02-02T00:34:01","guid":{"rendered":"https:\/\/salija.lt\/produktas\/savienotaji\/"},"modified":"2022-04-25T15:15:08","modified_gmt":"2022-04-25T12:15:08","slug":"savienotaji","status":"publish","type":"product","link":"https:\/\/salija.lt\/lv\/produkts\/savienotaji\/","title":{"rendered":"Savienot\u0101ji"},"content":{"rendered":"\t\t<div data-elementor-type=\"product-post\" data-elementor-id=\"25656\" class=\"elementor elementor-25656 elementor-9040\" data-elementor-settings=\"[]\">\n\t\t\t\t\t\t<div class=\"elementor-inner\">\n\t\t\t\t\t\t\t<div class=\"elementor-section-wrap\">\n\t\t\t\t\t\t\t<section class=\"has_ma_el_bg_slider elementor-section elementor-top-section elementor-element elementor-element-c05e348 elementor-section-boxed elementor-section-height-default elementor-section-height-default jltma-glass-effect-no\" data-id=\"c05e348\" data-element_type=\"section\">\n\t\t\t\t\t\t<div class=\"elementor-container elementor-column-gap-default\">\n\t\t\t\t\t\t\t<div class=\"elementor-row\">\n\t\t\t\t\t<div class=\"has_ma_el_bg_slider elementor-column elementor-col-50 elementor-top-column elementor-element elementor-element-7d99f38 jltma-glass-effect-no\" data-id=\"7d99f38\" data-element_type=\"column\">\n\t\t\t<div class=\"elementor-column-wrap elementor-element-populated\">\n\t\t\t\t\t\t\t<div class=\"elementor-widget-wrap\">\n\t\t\t\t\t\t<div class=\"elementor-element elementor-element-319fd0d jltma-glass-effect-no elementor-widget elementor-widget-heading\" data-id=\"319fd0d\" data-element_type=\"widget\" data-widget_type=\"heading.default\">\n\t\t\t\t<div class=\"elementor-widget-container\">\n\t\t\t<h5 class=\"elementor-heading-title elementor-size-default\">Produkta apraksts<\/h5>\t\t<\/div>\n\t\t\t\t<\/div>\n\t\t\t\t<div class=\"elementor-element elementor-element-6673c61 jltma-glass-effect-no elementor-widget elementor-widget-text-editor\" data-id=\"6673c61\" data-element_type=\"widget\" data-widget_type=\"text-editor.default\">\n\t\t\t\t<div class=\"elementor-widget-container\">\n\t\t\t\t\t\t\t\t<div class=\"elementor-text-editor elementor-clearfix\">\n\t\t\t\t<div class=\"cms-container mb-3\"><div class=\"mc3s-inherited-styles rich-text-content\"><p><span class=\"typ-sub-label2\">Schmalz savienot\u0101ji \u2014 iztur\u012bgi, atk\u0101rtoti lietojami piederumi, kas izgatavoti no augstas kvalit\u0101tes misi\u0146a ar ni\u0137e\u013ca virsmas p\u0101rkl\u0101jumu. Kompakta, pl\u016bsmai piel\u0101gota konstrukcija, kas \u012bpa\u0161i paredz\u0113ta vakuuma lietojum\u0101. <\/span><\/p><\/div><\/div>\t\t\t\t\t<\/div>\n\t\t\t\t\t\t<\/div>\n\t\t\t\t<\/div>\n\t\t\t\t\t\t<\/div>\n\t\t\t\t\t<\/div>\n\t\t<\/div>\n\t\t\t\t<div class=\"has_ma_el_bg_slider elementor-column elementor-col-50 elementor-top-column elementor-element elementor-element-41ccbc0 jltma-glass-effect-no\" data-id=\"41ccbc0\" data-element_type=\"column\">\n\t\t\t<div class=\"elementor-column-wrap elementor-element-populated\">\n\t\t\t\t\t\t\t<div class=\"elementor-widget-wrap\">\n\t\t\t\t\t\t<div class=\"elementor-element elementor-element-3ac4dd7 elementor-pagination-position-outside jltma-glass-effect-no elementor-widget elementor-widget-image-carousel\" data-id=\"3ac4dd7\" data-element_type=\"widget\" data-settings=\"{&quot;slides_to_show&quot;:&quot;1&quot;,&quot;navigation&quot;:&quot;dots&quot;,&quot;autoplay&quot;:&quot;yes&quot;,&quot;pause_on_hover&quot;:&quot;yes&quot;,&quot;pause_on_interaction&quot;:&quot;yes&quot;,&quot;autoplay_speed&quot;:5000,&quot;infinite&quot;:&quot;yes&quot;,&quot;effect&quot;:&quot;slide&quot;,&quot;speed&quot;:500}\" data-widget_type=\"image-carousel.default\">\n\t\t\t\t<div class=\"elementor-widget-container\">\n\t\t\t\t\t<div class=\"elementor-image-carousel-wrapper swiper-container\" dir=\"ltr\">\n\t\t\t<div class=\"elementor-image-carousel swiper-wrapper\">\n\t\t\t\t\t\t\t\t<div class=\"swiper-slide\"><figure class=\"swiper-slide-inner\"><img decoding=\"async\" class=\"swiper-slide-image\" src=\"https:\/\/salija.lt\/wp-content\/uploads\/2022\/02\/PF_PGE-00124_000.jpg\" alt=\"PF_PGE-00124_000\" \/><\/figure><\/div>\t\t\t<\/div>\n\t\t\t\t\t<\/div>\n\t\t\t\t<\/div>\n\t\t\t\t<\/div>\n\t\t\t\t\t\t<\/div>\n\t\t\t\t\t<\/div>\n\t\t<\/div>\n\t\t\t\t\t\t\t\t<\/div>\n\t\t\t\t\t<\/div>\n\t\t<\/section>\n\t\t\t\t\t\t<\/div>\n\t\t\t\t\t\t<\/div>\n\t\t\t\t\t<\/div>\n\t\t","protected":false},"excerpt":{"rendered":"<p>Lai lietotu k\u0101 savienot\u0101jelementu vakuumsist\u0113m\u0101s.<\/p>\n","protected":false},"featured_media":18511,"template":"","meta":[],"product_cat":[310],"product_tag":[],"yoast_head":"<!-- This site is optimized with the Yoast SEO plugin v20.13 - https:\/\/yoast.com\/wordpress\/plugins\/seo\/ -->\n<title>Savienot\u0101ji - Salija<\/title>\n<meta name=\"description\" content=\"Savienot\u0101ji - Salija, UAB\" \/>\n<meta name=\"robots\" content=\"index, follow, max-snippet:-1, max-image-preview:large, max-video-preview:-1\" \/>\n<link rel=\"canonical\" href=\"https:\/\/salija.lt\/lt\/produkts\/jungtys\/\" \/>\n<meta property=\"og:locale\" content=\"lv_LV\" \/>\n<meta property=\"og:type\" content=\"article\" \/>\n<meta property=\"og:title\" content=\"Savienot\u0101ji - Salija\" \/>\n<meta property=\"og:description\" content=\"Savienot\u0101ji - Salija, UAB\" \/>\n<meta property=\"og:url\" content=\"https:\/\/salija.lt\/lt\/produkts\/jungtys\/\" \/>\n<meta property=\"og:site_name\" content=\"Salija\" \/>\n<meta property=\"article:modified_time\" content=\"2022-04-25T12:15:08+00:00\" \/>\n<meta property=\"og:image\" content=\"https:\/\/salija.lt\/wp-content\/uploads\/2022\/02\/juntis1.jpg\" \/>\n\t<meta property=\"og:image:width\" content=\"1009\" \/>\n\t<meta property=\"og:image:height\" content=\"673\" \/>\n\t<meta property=\"og:image:type\" content=\"image\/jpeg\" \/>\n<meta name=\"twitter:card\" content=\"summary_large_image\" \/>\n<script type=\"application\/ld+json\" class=\"yoast-schema-graph\">{\"@context\":\"https:\/\/schema.org\",\"@graph\":[{\"@type\":\"WebPage\",\"@id\":\"https:\/\/salija.lt\/lt\/produkts\/jungtys\/\",\"url\":\"https:\/\/salija.lt\/lt\/produkts\/jungtys\/\",\"name\":\"Savienot\u0101ji - Salija\",\"isPartOf\":{\"@id\":\"https:\/\/salija.lt\/lt\/#website\"},\"datePublished\":\"2022-02-02T00:34:01+00:00\",\"dateModified\":\"2022-04-25T12:15:08+00:00\",\"description\":\"Savienot\u0101ji - Salija, UAB\",\"breadcrumb\":{\"@id\":\"https:\/\/salija.lt\/lt\/produkts\/jungtys\/#breadcrumb\"},\"inLanguage\":\"lv-LV\",\"potentialAction\":[{\"@type\":\"ReadAction\",\"target\":[\"https:\/\/salija.lt\/lt\/produkts\/jungtys\/\"]}]},{\"@type\":\"BreadcrumbList\",\"@id\":\"https:\/\/salija.lt\/lt\/produkts\/jungtys\/#breadcrumb\",\"itemListElement\":[{\"@type\":\"ListItem\",\"position\":1,\"name\":\"Home\",\"item\":\"https:\/\/salija.lt\/lv\/\"},{\"@type\":\"ListItem\",\"position\":2,\"name\":\"E-pas\u016bt\u012bjumi\",\"item\":\"https:\/\/salija.lt\/lt\/orders\/\"},{\"@type\":\"ListItem\",\"position\":3,\"name\":\"Savienot\u0101ji\"}]},{\"@type\":\"WebSite\",\"@id\":\"https:\/\/salija.lt\/lt\/#website\",\"url\":\"https:\/\/salija.lt\/lt\/\",\"name\":\"Salija\",\"description\":\"\",\"potentialAction\":[{\"@type\":\"SearchAction\",\"target\":{\"@type\":\"EntryPoint\",\"urlTemplate\":\"https:\/\/salija.lt\/lt\/?s={search_term_string}\"},\"query-input\":\"required name=search_term_string\"}],\"inLanguage\":\"lv-LV\"}]}<\/script>\n<!-- \/ Yoast SEO plugin. -->","yoast_head_json":{"title":"Savienot\u0101ji - Salija","description":"Savienot\u0101ji - Salija, UAB","robots":{"index":"index","follow":"follow","max-snippet":"max-snippet:-1","max-image-preview":"max-image-preview:large","max-video-preview":"max-video-preview:-1"},"canonical":"https:\/\/salija.lt\/lt\/produkts\/jungtys\/","og_locale":"lv_LV","og_type":"article","og_title":"Savienot\u0101ji - Salija","og_description":"Savienot\u0101ji - Salija, UAB","og_url":"https:\/\/salija.lt\/lt\/produkts\/jungtys\/","og_site_name":"Salija","article_modified_time":"2022-04-25T12:15:08+00:00","og_image":[{"width":1009,"height":673,"url":"https:\/\/salija.lt\/wp-content\/uploads\/2022\/02\/juntis1.jpg","type":"image\/jpeg"}],"twitter_card":"summary_large_image","schema":{"@context":"https:\/\/schema.org","@graph":[{"@type":"WebPage","@id":"https:\/\/salija.lt\/lt\/produkts\/jungtys\/","url":"https:\/\/salija.lt\/lt\/produkts\/jungtys\/","name":"Savienot\u0101ji - Salija","isPartOf":{"@id":"https:\/\/salija.lt\/lt\/#website"},"datePublished":"2022-02-02T00:34:01+00:00","dateModified":"2022-04-25T12:15:08+00:00","description":"Savienot\u0101ji - Salija, UAB","breadcrumb":{"@id":"https:\/\/salija.lt\/lt\/produkts\/jungtys\/#breadcrumb"},"inLanguage":"lv-LV","potentialAction":[{"@type":"ReadAction","target":["https:\/\/salija.lt\/lt\/produkts\/jungtys\/"]}]},{"@type":"BreadcrumbList","@id":"https:\/\/salija.lt\/lt\/produkts\/jungtys\/#breadcrumb","itemListElement":[{"@type":"ListItem","position":1,"name":"Home","item":"https:\/\/salija.lt\/lv\/"},{"@type":"ListItem","position":2,"name":"E-pas\u016bt\u012bjumi","item":"https:\/\/salija.lt\/lt\/orders\/"},{"@type":"ListItem","position":3,"name":"Savienot\u0101ji"}]},{"@type":"WebSite","@id":"https:\/\/salija.lt\/lt\/#website","url":"https:\/\/salija.lt\/lt\/","name":"Salija","description":"","potentialAction":[{"@type":"SearchAction","target":{"@type":"EntryPoint","urlTemplate":"https:\/\/salija.lt\/lt\/?s={search_term_string}"},"query-input":"required name=search_term_string"}],"inLanguage":"lv-LV"}]}},"_links":{"self":[{"href":"https:\/\/salija.lt\/lv\/wp-json\/wp\/v2\/product\/25656"}],"collection":[{"href":"https:\/\/salija.lt\/lv\/wp-json\/wp\/v2\/product"}],"about":[{"href":"https:\/\/salija.lt\/lv\/wp-json\/wp\/v2\/types\/product"}],"version-history":[{"count":1,"href":"https:\/\/salija.lt\/lv\/wp-json\/wp\/v2\/product\/25656\/revisions"}],"predecessor-version":[{"id":25657,"href":"https:\/\/salija.lt\/lv\/wp-json\/wp\/v2\/product\/25656\/revisions\/25657"}],"wp:featuredmedia":[{"embeddable":true,"href":"https:\/\/salija.lt\/lv\/wp-json\/wp\/v2\/media\/18511"}],"wp:attachment":[{"href":"https:\/\/salija.lt\/lv\/wp-json\/wp\/v2\/media?parent=25656"}],"wp:term":[{"taxonomy":"product_cat","embeddable":true,"href":"https:\/\/salija.lt\/lv\/wp-json\/wp\/v2\/product_cat?post=25656"},{"taxonomy":"product_tag","embeddable":true,"href":"https:\/\/salija.lt\/lv\/wp-json\/wp\/v2\/product_tag?post=25656"}],"curies":[{"name":"wp","href":"https:\/\/api.w.org\/{rel}","templated":true}]}}