{"id":25622,"date":"2022-02-02T02:16:39","date_gmt":"2022-02-02T00:16:39","guid":{"rendered":"https:\/\/salija.lt\/produktas\/piesucejplaksne-sgf\/"},"modified":"2022-04-25T14:42:22","modified_gmt":"2022-04-25T11:42:22","slug":"piesucejplaksne-sgf","status":"publish","type":"product","link":"https:\/\/salija.lt\/lv\/produkts\/piesucejplaksne-sgf\/","title":{"rendered":"Pies\u016bc\u0113jpl\u0101ksne SGF"},"content":{"rendered":"\t\t<div data-elementor-type=\"product-post\" data-elementor-id=\"25622\" class=\"elementor elementor-25622 elementor-8978\" data-elementor-settings=\"[]\">\n\t\t\t\t\t\t<div class=\"elementor-inner\">\n\t\t\t\t\t\t\t<div class=\"elementor-section-wrap\">\n\t\t\t\t\t\t\t<section class=\"has_ma_el_bg_slider elementor-section elementor-top-section elementor-element elementor-element-c05e348 elementor-section-boxed elementor-section-height-default elementor-section-height-default jltma-glass-effect-no\" data-id=\"c05e348\" data-element_type=\"section\">\n\t\t\t\t\t\t<div class=\"elementor-container elementor-column-gap-default\">\n\t\t\t\t\t\t\t<div class=\"elementor-row\">\n\t\t\t\t\t<div class=\"has_ma_el_bg_slider elementor-column elementor-col-50 elementor-top-column elementor-element elementor-element-7d99f38 jltma-glass-effect-no\" data-id=\"7d99f38\" data-element_type=\"column\">\n\t\t\t<div class=\"elementor-column-wrap elementor-element-populated\">\n\t\t\t\t\t\t\t<div class=\"elementor-widget-wrap\">\n\t\t\t\t\t\t<div class=\"elementor-element elementor-element-319fd0d jltma-glass-effect-no elementor-widget elementor-widget-heading\" data-id=\"319fd0d\" data-element_type=\"widget\" data-widget_type=\"heading.default\">\n\t\t\t\t<div class=\"elementor-widget-container\">\n\t\t\t<h5 class=\"elementor-heading-title elementor-size-default\">Produkta apraksts<\/h5>\t\t<\/div>\n\t\t\t\t<\/div>\n\t\t\t\t<div class=\"elementor-element elementor-element-6673c61 jltma-glass-effect-no elementor-widget elementor-widget-text-editor\" data-id=\"6673c61\" data-element_type=\"widget\" data-widget_type=\"text-editor.default\">\n\t\t\t\t<div class=\"elementor-widget-container\">\n\t\t\t\t\t\t\t\t<div class=\"elementor-text-editor elementor-clearfix\">\n\t\t\t\t<div class=\"cms-container mb-3\"><div class=\"mc3s-inherited-styles rich-text-content\"><p><span class=\"typ-sub-label2\">Pies\u016bc\u0113jpl\u0101ksne SGF darbam ar stikla un plastmasas loksn\u0113m, kad svar\u012bgs ir augsts s\u0101nsp\u0113ks, piem\u0113ram, liela pa\u0101trin\u0101juma vai vertik\u0101las cel\u0161anas, \u013coti pl\u0101na materi\u0101la, piem\u0113ram, plakana stikla (pludin\u0101t\u0101 stikla) vai p\u0101rkl\u0101ta stikla gad\u012bjum\u0101. Neliels kop\u0113jais svars at\u013cauj lielu pa\u0101trin\u0101jumu automatiz\u0113tos procesos.<\/span><\/p><\/div><\/div>\t\t\t\t\t<\/div>\n\t\t\t\t\t\t<\/div>\n\t\t\t\t<\/div>\n\t\t\t\t\t\t<\/div>\n\t\t\t\t\t<\/div>\n\t\t<\/div>\n\t\t\t\t<div class=\"has_ma_el_bg_slider elementor-column elementor-col-50 elementor-top-column elementor-element elementor-element-41ccbc0 jltma-glass-effect-no\" data-id=\"41ccbc0\" data-element_type=\"column\">\n\t\t\t<div class=\"elementor-column-wrap elementor-element-populated\">\n\t\t\t\t\t\t\t<div class=\"elementor-widget-wrap\">\n\t\t\t\t\t\t<div class=\"elementor-element elementor-element-3ac4dd7 elementor-pagination-position-outside jltma-glass-effect-no elementor-widget elementor-widget-image-carousel\" data-id=\"3ac4dd7\" data-element_type=\"widget\" data-settings=\"{&quot;slides_to_show&quot;:&quot;1&quot;,&quot;navigation&quot;:&quot;dots&quot;,&quot;autoplay&quot;:&quot;yes&quot;,&quot;pause_on_hover&quot;:&quot;yes&quot;,&quot;pause_on_interaction&quot;:&quot;yes&quot;,&quot;autoplay_speed&quot;:5000,&quot;infinite&quot;:&quot;yes&quot;,&quot;effect&quot;:&quot;slide&quot;,&quot;speed&quot;:500}\" data-widget_type=\"image-carousel.default\">\n\t\t\t\t<div class=\"elementor-widget-container\">\n\t\t\t\t\t<div class=\"elementor-image-carousel-wrapper swiper-container\" dir=\"ltr\">\n\t\t\t<div class=\"elementor-image-carousel swiper-wrapper\">\n\t\t\t\t\t\t\t\t<div class=\"swiper-slide\"><figure class=\"swiper-slide-inner\"><img decoding=\"async\" class=\"swiper-slide-image\" src=\"https:\/\/salija.lt\/wp-content\/uploads\/2022\/02\/A_PGE-04294_000.webp\" alt=\"A_PGE-04294_000\" \/><\/figure><\/div>\t\t\t<\/div>\n\t\t\t\t\t<\/div>\n\t\t\t\t<\/div>\n\t\t\t\t<\/div>\n\t\t\t\t\t\t<\/div>\n\t\t\t\t\t<\/div>\n\t\t<\/div>\n\t\t\t\t\t\t\t\t<\/div>\n\t\t\t\t\t<\/div>\n\t\t<\/section>\n\t\t\t\t\t\t<\/div>\n\t\t\t\t\t\t<\/div>\n\t\t\t\t\t<\/div>\n\t\t","protected":false},"excerpt":{"rendered":"<p>Pies\u016bc\u0113jpl\u0101ksne darbam ar gludu un plakanu virsmu materi\u0101liem.<\/p>\n","protected":false},"featured_media":18470,"template":"","meta":[],"product_cat":[301],"product_tag":[],"yoast_head":"<!-- This site is optimized with the Yoast SEO plugin v20.13 - https:\/\/yoast.com\/wordpress\/plugins\/seo\/ -->\n<title>Pies\u016bc\u0113jpl\u0101ksne SGF - Salija<\/title>\n<meta name=\"description\" content=\"Pies\u016bc\u0113jpl\u0101ksne SGF - Salija, UAB\" \/>\n<meta name=\"robots\" content=\"index, follow, max-snippet:-1, max-image-preview:large, max-video-preview:-1\" \/>\n<link rel=\"canonical\" href=\"https:\/\/salija.lt\/lt\/produkts\/sgf-serijos-siurbtukai\/\" \/>\n<meta property=\"og:locale\" content=\"lv_LV\" \/>\n<meta property=\"og:type\" content=\"article\" \/>\n<meta property=\"og:title\" content=\"Pies\u016bc\u0113jpl\u0101ksne SGF - Salija\" \/>\n<meta property=\"og:description\" content=\"Pies\u016bc\u0113jpl\u0101ksne SGF - Salija, UAB\" \/>\n<meta property=\"og:url\" content=\"https:\/\/salija.lt\/lt\/produkts\/sgf-serijos-siurbtukai\/\" \/>\n<meta property=\"og:site_name\" content=\"Salija\" \/>\n<meta property=\"article:modified_time\" content=\"2022-04-25T11:42:22+00:00\" \/>\n<meta property=\"og:image\" content=\"https:\/\/salija.lt\/wp-content\/uploads\/2022\/02\/PF_PGE-04294_002.jpg\" \/>\n\t<meta property=\"og:image:width\" content=\"1010\" \/>\n\t<meta property=\"og:image:height\" content=\"673\" \/>\n\t<meta property=\"og:image:type\" content=\"image\/jpeg\" \/>\n<meta name=\"twitter:card\" content=\"summary_large_image\" \/>\n<script type=\"application\/ld+json\" class=\"yoast-schema-graph\">{\"@context\":\"https:\/\/schema.org\",\"@graph\":[{\"@type\":\"WebPage\",\"@id\":\"https:\/\/salija.lt\/lt\/produkts\/sgf-serijos-siurbtukai\/\",\"url\":\"https:\/\/salija.lt\/lt\/produkts\/sgf-serijos-siurbtukai\/\",\"name\":\"Pies\u016bc\u0113jpl\u0101ksne SGF - Salija\",\"isPartOf\":{\"@id\":\"https:\/\/salija.lt\/lt\/#website\"},\"datePublished\":\"2022-02-02T00:16:39+00:00\",\"dateModified\":\"2022-04-25T11:42:22+00:00\",\"description\":\"Pies\u016bc\u0113jpl\u0101ksne SGF - Salija, UAB\",\"breadcrumb\":{\"@id\":\"https:\/\/salija.lt\/lt\/produkts\/sgf-serijos-siurbtukai\/#breadcrumb\"},\"inLanguage\":\"lv-LV\",\"potentialAction\":[{\"@type\":\"ReadAction\",\"target\":[\"https:\/\/salija.lt\/lt\/produkts\/sgf-serijos-siurbtukai\/\"]}]},{\"@type\":\"BreadcrumbList\",\"@id\":\"https:\/\/salija.lt\/lt\/produkts\/sgf-serijos-siurbtukai\/#breadcrumb\",\"itemListElement\":[{\"@type\":\"ListItem\",\"position\":1,\"name\":\"Home\",\"item\":\"https:\/\/salija.lt\/lv\/\"},{\"@type\":\"ListItem\",\"position\":2,\"name\":\"E-pas\u016bt\u012bjumi\",\"item\":\"https:\/\/salija.lt\/lt\/orders\/\"},{\"@type\":\"ListItem\",\"position\":3,\"name\":\"Pies\u016bc\u0113jpl\u0101ksne SGF\"}]},{\"@type\":\"WebSite\",\"@id\":\"https:\/\/salija.lt\/lt\/#website\",\"url\":\"https:\/\/salija.lt\/lt\/\",\"name\":\"Salija\",\"description\":\"\",\"potentialAction\":[{\"@type\":\"SearchAction\",\"target\":{\"@type\":\"EntryPoint\",\"urlTemplate\":\"https:\/\/salija.lt\/lt\/?s={search_term_string}\"},\"query-input\":\"required name=search_term_string\"}],\"inLanguage\":\"lv-LV\"}]}<\/script>\n<!-- \/ Yoast SEO plugin. -->","yoast_head_json":{"title":"Pies\u016bc\u0113jpl\u0101ksne SGF - Salija","description":"Pies\u016bc\u0113jpl\u0101ksne SGF - Salija, UAB","robots":{"index":"index","follow":"follow","max-snippet":"max-snippet:-1","max-image-preview":"max-image-preview:large","max-video-preview":"max-video-preview:-1"},"canonical":"https:\/\/salija.lt\/lt\/produkts\/sgf-serijos-siurbtukai\/","og_locale":"lv_LV","og_type":"article","og_title":"Pies\u016bc\u0113jpl\u0101ksne SGF - Salija","og_description":"Pies\u016bc\u0113jpl\u0101ksne SGF - Salija, UAB","og_url":"https:\/\/salija.lt\/lt\/produkts\/sgf-serijos-siurbtukai\/","og_site_name":"Salija","article_modified_time":"2022-04-25T11:42:22+00:00","og_image":[{"width":1010,"height":673,"url":"https:\/\/salija.lt\/wp-content\/uploads\/2022\/02\/PF_PGE-04294_002.jpg","type":"image\/jpeg"}],"twitter_card":"summary_large_image","schema":{"@context":"https:\/\/schema.org","@graph":[{"@type":"WebPage","@id":"https:\/\/salija.lt\/lt\/produkts\/sgf-serijos-siurbtukai\/","url":"https:\/\/salija.lt\/lt\/produkts\/sgf-serijos-siurbtukai\/","name":"Pies\u016bc\u0113jpl\u0101ksne SGF - Salija","isPartOf":{"@id":"https:\/\/salija.lt\/lt\/#website"},"datePublished":"2022-02-02T00:16:39+00:00","dateModified":"2022-04-25T11:42:22+00:00","description":"Pies\u016bc\u0113jpl\u0101ksne SGF - Salija, UAB","breadcrumb":{"@id":"https:\/\/salija.lt\/lt\/produkts\/sgf-serijos-siurbtukai\/#breadcrumb"},"inLanguage":"lv-LV","potentialAction":[{"@type":"ReadAction","target":["https:\/\/salija.lt\/lt\/produkts\/sgf-serijos-siurbtukai\/"]}]},{"@type":"BreadcrumbList","@id":"https:\/\/salija.lt\/lt\/produkts\/sgf-serijos-siurbtukai\/#breadcrumb","itemListElement":[{"@type":"ListItem","position":1,"name":"Home","item":"https:\/\/salija.lt\/lv\/"},{"@type":"ListItem","position":2,"name":"E-pas\u016bt\u012bjumi","item":"https:\/\/salija.lt\/lt\/orders\/"},{"@type":"ListItem","position":3,"name":"Pies\u016bc\u0113jpl\u0101ksne SGF"}]},{"@type":"WebSite","@id":"https:\/\/salija.lt\/lt\/#website","url":"https:\/\/salija.lt\/lt\/","name":"Salija","description":"","potentialAction":[{"@type":"SearchAction","target":{"@type":"EntryPoint","urlTemplate":"https:\/\/salija.lt\/lt\/?s={search_term_string}"},"query-input":"required name=search_term_string"}],"inLanguage":"lv-LV"}]}},"_links":{"self":[{"href":"https:\/\/salija.lt\/lv\/wp-json\/wp\/v2\/product\/25622"}],"collection":[{"href":"https:\/\/salija.lt\/lv\/wp-json\/wp\/v2\/product"}],"about":[{"href":"https:\/\/salija.lt\/lv\/wp-json\/wp\/v2\/types\/product"}],"version-history":[{"count":1,"href":"https:\/\/salija.lt\/lv\/wp-json\/wp\/v2\/product\/25622\/revisions"}],"predecessor-version":[{"id":25623,"href":"https:\/\/salija.lt\/lv\/wp-json\/wp\/v2\/product\/25622\/revisions\/25623"}],"wp:featuredmedia":[{"embeddable":true,"href":"https:\/\/salija.lt\/lv\/wp-json\/wp\/v2\/media\/18470"}],"wp:attachment":[{"href":"https:\/\/salija.lt\/lv\/wp-json\/wp\/v2\/media?parent=25622"}],"wp:term":[{"taxonomy":"product_cat","embeddable":true,"href":"https:\/\/salija.lt\/lv\/wp-json\/wp\/v2\/product_cat?post=25622"},{"taxonomy":"product_tag","embeddable":true,"href":"https:\/\/salija.lt\/lv\/wp-json\/wp\/v2\/product_tag?post=25622"}],"curies":[{"name":"wp","href":"https:\/\/api.w.org\/{rel}","templated":true}]}}