{"id":25600,"date":"2021-12-23T07:02:57","date_gmt":"2021-12-23T05:02:57","guid":{"rendered":"https:\/\/salija.lt\/produktas\/gofreti-piesucekni-fsgao\/"},"modified":"2022-04-25T14:28:11","modified_gmt":"2022-04-25T11:28:11","slug":"gofreti-piesucekni-fsgao","status":"publish","type":"product","link":"https:\/\/salija.lt\/lv\/produkts\/gofreti-piesucekni-fsgao\/","title":{"rendered":"Gofr\u0113ti pies\u016bcek\u0146i FSGAO"},"content":{"rendered":"\t\t<div data-elementor-type=\"product-post\" data-elementor-id=\"25600\" class=\"elementor elementor-25600 elementor-6455\" data-elementor-settings=\"[]\">\n\t\t\t\t\t\t<div class=\"elementor-inner\">\n\t\t\t\t\t\t\t<div class=\"elementor-section-wrap\">\n\t\t\t\t\t\t\t<section class=\"has_ma_el_bg_slider elementor-section elementor-top-section elementor-element elementor-element-c05e348 elementor-section-boxed elementor-section-height-default elementor-section-height-default jltma-glass-effect-no\" data-id=\"c05e348\" data-element_type=\"section\">\n\t\t\t\t\t\t<div class=\"elementor-container elementor-column-gap-default\">\n\t\t\t\t\t\t\t<div class=\"elementor-row\">\n\t\t\t\t\t<div class=\"has_ma_el_bg_slider elementor-column elementor-col-50 elementor-top-column elementor-element elementor-element-7d99f38 jltma-glass-effect-no\" data-id=\"7d99f38\" data-element_type=\"column\">\n\t\t\t<div class=\"elementor-column-wrap elementor-element-populated\">\n\t\t\t\t\t\t\t<div class=\"elementor-widget-wrap\">\n\t\t\t\t\t\t<div class=\"elementor-element elementor-element-319fd0d jltma-glass-effect-no elementor-widget elementor-widget-heading\" data-id=\"319fd0d\" data-element_type=\"widget\" data-widget_type=\"heading.default\">\n\t\t\t\t<div class=\"elementor-widget-container\">\n\t\t\t<h5 class=\"elementor-heading-title elementor-size-default\">Produkta apraksts<\/h5>\t\t<\/div>\n\t\t\t\t<\/div>\n\t\t\t\t<div class=\"elementor-element elementor-element-6673c61 jltma-glass-effect-no elementor-widget elementor-widget-text-editor\" data-id=\"6673c61\" data-element_type=\"widget\" data-widget_type=\"text-editor.default\">\n\t\t\t\t<div class=\"elementor-widget-container\">\n\t\t\t\t\t\t\t\t<div class=\"elementor-text-editor elementor-clearfix\">\n\t\t\t\t<div class=\"cms-container mb-3\"><div class=\"mc3s-inherited-styles rich-text-content\"><p><span class=\"typ-sub-label2\">Pies\u016bcek\u0146i FSGA ir izgatavoti no VU1 materi\u0101la, kas, pateicoties labai \u0137\u012bmiskai pretest\u012bbai, ir nejut\u012bgs pret e\u013c\u013c\u0101m. \u0160os pies\u016bcek\u0146us var izmantot darb\u0101 ar e\u013c\u013cain\u0101m vai izliekt\u0101m virsm\u0101m, iegaren\u0101m loksn\u0113m, koku, ar\u012b izstr\u0101d\u0101jumiem ar \u013coti abraz\u012bv\u0101m virsm\u0101m, piem\u0113ram, raupj\u0101m kartona loksn\u0113m.<\/span><\/p><\/div><\/div>\t\t\t\t\t<\/div>\n\t\t\t\t\t\t<\/div>\n\t\t\t\t<\/div>\n\t\t\t\t\t\t<\/div>\n\t\t\t\t\t<\/div>\n\t\t<\/div>\n\t\t\t\t<div class=\"has_ma_el_bg_slider elementor-column elementor-col-50 elementor-top-column elementor-element elementor-element-41ccbc0 jltma-glass-effect-no\" data-id=\"41ccbc0\" data-element_type=\"column\">\n\t\t\t<div class=\"elementor-column-wrap elementor-element-populated\">\n\t\t\t\t\t\t\t<div class=\"elementor-widget-wrap\">\n\t\t\t\t\t\t<div class=\"elementor-element elementor-element-3ac4dd7 elementor-pagination-position-outside jltma-glass-effect-no elementor-widget elementor-widget-image-carousel\" data-id=\"3ac4dd7\" data-element_type=\"widget\" data-settings=\"{&quot;slides_to_show&quot;:&quot;1&quot;,&quot;navigation&quot;:&quot;dots&quot;,&quot;autoplay&quot;:&quot;yes&quot;,&quot;pause_on_hover&quot;:&quot;yes&quot;,&quot;pause_on_interaction&quot;:&quot;yes&quot;,&quot;autoplay_speed&quot;:5000,&quot;infinite&quot;:&quot;yes&quot;,&quot;effect&quot;:&quot;slide&quot;,&quot;speed&quot;:500}\" data-widget_type=\"image-carousel.default\">\n\t\t\t\t<div class=\"elementor-widget-container\">\n\t\t\t\t\t<div class=\"elementor-image-carousel-wrapper swiper-container\" dir=\"ltr\">\n\t\t\t<div class=\"elementor-image-carousel swiper-wrapper\">\n\t\t\t\t\t\t\t\t<div class=\"swiper-slide\"><figure class=\"swiper-slide-inner\"><img decoding=\"async\" class=\"swiper-slide-image\" src=\"https:\/\/salija.lt\/wp-content\/uploads\/2021\/12\/A_PGE-00019_003.webp\" alt=\"A_PGE-00019_003\" \/><\/figure><\/div>\t\t\t<\/div>\n\t\t\t\t\t<\/div>\n\t\t\t\t<\/div>\n\t\t\t\t<\/div>\n\t\t\t\t\t\t<\/div>\n\t\t\t\t\t<\/div>\n\t\t<\/div>\n\t\t\t\t\t\t\t\t<\/div>\n\t\t\t\t\t<\/div>\n\t\t<\/section>\n\t\t\t\t\t\t<\/div>\n\t\t\t\t\t\t<\/div>\n\t\t\t\t\t<\/div>\n\t\t","protected":false},"excerpt":{"rendered":"<p>Ov\u0101ls gofr\u0113ts pies\u016bceknis ar 1,5 ieloc\u0113m izmanto\u0161anai daudzveid\u012bg\u0101s oper\u0101cij\u0101s ar \u013coti \u012bsu cikla laiku.<\/p>\n","protected":false},"featured_media":18443,"template":"","meta":[],"product_cat":[296],"product_tag":[],"yoast_head":"<!-- This site is optimized with the Yoast SEO plugin v20.13 - https:\/\/yoast.com\/wordpress\/plugins\/seo\/ -->\n<title>Gofr\u0113ti pies\u016bcek\u0146i FSGAO - Salija<\/title>\n<meta name=\"description\" content=\"Gofr\u0113ti pies\u016bcek\u0146i FSGAO - Salija, UAB\" \/>\n<meta name=\"robots\" content=\"index, follow, max-snippet:-1, max-image-preview:large, max-video-preview:-1\" \/>\n<link rel=\"canonical\" href=\"https:\/\/salija.lt\/lt\/produkts\/fsgao-serijos-siurbtukai\/\" \/>\n<meta property=\"og:locale\" content=\"lv_LV\" \/>\n<meta property=\"og:type\" content=\"article\" \/>\n<meta property=\"og:title\" content=\"Gofr\u0113ti pies\u016bcek\u0146i FSGAO - Salija\" \/>\n<meta property=\"og:description\" content=\"Gofr\u0113ti pies\u016bcek\u0146i FSGAO - Salija, UAB\" \/>\n<meta property=\"og:url\" content=\"https:\/\/salija.lt\/lt\/produkts\/fsgao-serijos-siurbtukai\/\" \/>\n<meta property=\"og:site_name\" content=\"Salija\" \/>\n<meta property=\"article:modified_time\" content=\"2022-04-25T11:28:11+00:00\" \/>\n<meta property=\"og:image\" content=\"https:\/\/salija.lt\/wp-content\/uploads\/2021\/12\/PF_PGE-00019_000.jpg\" \/>\n\t<meta property=\"og:image:width\" content=\"1010\" \/>\n\t<meta property=\"og:image:height\" content=\"673\" \/>\n\t<meta property=\"og:image:type\" content=\"image\/jpeg\" \/>\n<meta name=\"twitter:card\" content=\"summary_large_image\" \/>\n<script type=\"application\/ld+json\" class=\"yoast-schema-graph\">{\"@context\":\"https:\/\/schema.org\",\"@graph\":[{\"@type\":\"WebPage\",\"@id\":\"https:\/\/salija.lt\/lt\/produkts\/fsgao-serijos-siurbtukai\/\",\"url\":\"https:\/\/salija.lt\/lt\/produkts\/fsgao-serijos-siurbtukai\/\",\"name\":\"Gofr\u0113ti pies\u016bcek\u0146i FSGAO - Salija\",\"isPartOf\":{\"@id\":\"https:\/\/salija.lt\/lt\/#website\"},\"datePublished\":\"2021-12-23T05:02:57+00:00\",\"dateModified\":\"2022-04-25T11:28:11+00:00\",\"description\":\"Gofr\u0113ti pies\u016bcek\u0146i FSGAO - Salija, UAB\",\"breadcrumb\":{\"@id\":\"https:\/\/salija.lt\/lt\/produkts\/fsgao-serijos-siurbtukai\/#breadcrumb\"},\"inLanguage\":\"lv-LV\",\"potentialAction\":[{\"@type\":\"ReadAction\",\"target\":[\"https:\/\/salija.lt\/lt\/produkts\/fsgao-serijos-siurbtukai\/\"]}]},{\"@type\":\"BreadcrumbList\",\"@id\":\"https:\/\/salija.lt\/lt\/produkts\/fsgao-serijos-siurbtukai\/#breadcrumb\",\"itemListElement\":[{\"@type\":\"ListItem\",\"position\":1,\"name\":\"Home\",\"item\":\"https:\/\/salija.lt\/lv\/\"},{\"@type\":\"ListItem\",\"position\":2,\"name\":\"E-pas\u016bt\u012bjumi\",\"item\":\"https:\/\/salija.lt\/lt\/orders\/\"},{\"@type\":\"ListItem\",\"position\":3,\"name\":\"Gofr\u0113ti pies\u016bcek\u0146i FSGAO\"}]},{\"@type\":\"WebSite\",\"@id\":\"https:\/\/salija.lt\/lt\/#website\",\"url\":\"https:\/\/salija.lt\/lt\/\",\"name\":\"Salija\",\"description\":\"\",\"potentialAction\":[{\"@type\":\"SearchAction\",\"target\":{\"@type\":\"EntryPoint\",\"urlTemplate\":\"https:\/\/salija.lt\/lt\/?s={search_term_string}\"},\"query-input\":\"required name=search_term_string\"}],\"inLanguage\":\"lv-LV\"}]}<\/script>\n<!-- \/ Yoast SEO plugin. -->","yoast_head_json":{"title":"Gofr\u0113ti pies\u016bcek\u0146i FSGAO - Salija","description":"Gofr\u0113ti pies\u016bcek\u0146i FSGAO - Salija, UAB","robots":{"index":"index","follow":"follow","max-snippet":"max-snippet:-1","max-image-preview":"max-image-preview:large","max-video-preview":"max-video-preview:-1"},"canonical":"https:\/\/salija.lt\/lt\/produkts\/fsgao-serijos-siurbtukai\/","og_locale":"lv_LV","og_type":"article","og_title":"Gofr\u0113ti pies\u016bcek\u0146i FSGAO - Salija","og_description":"Gofr\u0113ti pies\u016bcek\u0146i FSGAO - Salija, UAB","og_url":"https:\/\/salija.lt\/lt\/produkts\/fsgao-serijos-siurbtukai\/","og_site_name":"Salija","article_modified_time":"2022-04-25T11:28:11+00:00","og_image":[{"width":1010,"height":673,"url":"https:\/\/salija.lt\/wp-content\/uploads\/2021\/12\/PF_PGE-00019_000.jpg","type":"image\/jpeg"}],"twitter_card":"summary_large_image","schema":{"@context":"https:\/\/schema.org","@graph":[{"@type":"WebPage","@id":"https:\/\/salija.lt\/lt\/produkts\/fsgao-serijos-siurbtukai\/","url":"https:\/\/salija.lt\/lt\/produkts\/fsgao-serijos-siurbtukai\/","name":"Gofr\u0113ti pies\u016bcek\u0146i FSGAO - Salija","isPartOf":{"@id":"https:\/\/salija.lt\/lt\/#website"},"datePublished":"2021-12-23T05:02:57+00:00","dateModified":"2022-04-25T11:28:11+00:00","description":"Gofr\u0113ti pies\u016bcek\u0146i FSGAO - Salija, UAB","breadcrumb":{"@id":"https:\/\/salija.lt\/lt\/produkts\/fsgao-serijos-siurbtukai\/#breadcrumb"},"inLanguage":"lv-LV","potentialAction":[{"@type":"ReadAction","target":["https:\/\/salija.lt\/lt\/produkts\/fsgao-serijos-siurbtukai\/"]}]},{"@type":"BreadcrumbList","@id":"https:\/\/salija.lt\/lt\/produkts\/fsgao-serijos-siurbtukai\/#breadcrumb","itemListElement":[{"@type":"ListItem","position":1,"name":"Home","item":"https:\/\/salija.lt\/lv\/"},{"@type":"ListItem","position":2,"name":"E-pas\u016bt\u012bjumi","item":"https:\/\/salija.lt\/lt\/orders\/"},{"@type":"ListItem","position":3,"name":"Gofr\u0113ti pies\u016bcek\u0146i FSGAO"}]},{"@type":"WebSite","@id":"https:\/\/salija.lt\/lt\/#website","url":"https:\/\/salija.lt\/lt\/","name":"Salija","description":"","potentialAction":[{"@type":"SearchAction","target":{"@type":"EntryPoint","urlTemplate":"https:\/\/salija.lt\/lt\/?s={search_term_string}"},"query-input":"required name=search_term_string"}],"inLanguage":"lv-LV"}]}},"_links":{"self":[{"href":"https:\/\/salija.lt\/lv\/wp-json\/wp\/v2\/product\/25600"}],"collection":[{"href":"https:\/\/salija.lt\/lv\/wp-json\/wp\/v2\/product"}],"about":[{"href":"https:\/\/salija.lt\/lv\/wp-json\/wp\/v2\/types\/product"}],"version-history":[{"count":1,"href":"https:\/\/salija.lt\/lv\/wp-json\/wp\/v2\/product\/25600\/revisions"}],"predecessor-version":[{"id":25601,"href":"https:\/\/salija.lt\/lv\/wp-json\/wp\/v2\/product\/25600\/revisions\/25601"}],"wp:featuredmedia":[{"embeddable":true,"href":"https:\/\/salija.lt\/lv\/wp-json\/wp\/v2\/media\/18443"}],"wp:attachment":[{"href":"https:\/\/salija.lt\/lv\/wp-json\/wp\/v2\/media?parent=25600"}],"wp:term":[{"taxonomy":"product_cat","embeddable":true,"href":"https:\/\/salija.lt\/lv\/wp-json\/wp\/v2\/product_cat?post=25600"},{"taxonomy":"product_tag","embeddable":true,"href":"https:\/\/salija.lt\/lv\/wp-json\/wp\/v2\/product_tag?post=25600"}],"curies":[{"name":"wp","href":"https:\/\/api.w.org\/{rel}","templated":true}]}}