{"id":25578,"date":"2022-01-25T01:38:03","date_gmt":"2022-01-24T23:38:03","guid":{"rendered":"https:\/\/salija.lt\/produktas\/ellojami-vakuumsukni\/"},"modified":"2022-04-26T08:52:08","modified_gmt":"2022-04-26T05:52:08","slug":"ellojami-vakuumsukni","status":"publish","type":"product","link":"https:\/\/salija.lt\/lv\/produkts\/ellojami-vakuumsukni\/","title":{"rendered":"E\u013c\u013cojami vakuums\u016bk\u0146i"},"content":{"rendered":"\t\t<div data-elementor-type=\"product-post\" data-elementor-id=\"25578\" class=\"elementor elementor-25578 elementor-8357\" data-elementor-settings=\"[]\">\n\t\t\t\t\t\t<div class=\"elementor-inner\">\n\t\t\t\t\t\t\t<div class=\"elementor-section-wrap\">\n\t\t\t\t\t\t\t<section class=\"has_ma_el_bg_slider elementor-section elementor-top-section elementor-element elementor-element-c05e348 elementor-section-boxed elementor-section-height-default elementor-section-height-default jltma-glass-effect-no\" data-id=\"c05e348\" data-element_type=\"section\">\n\t\t\t\t\t\t<div class=\"elementor-container elementor-column-gap-default\">\n\t\t\t\t\t\t\t<div class=\"elementor-row\">\n\t\t\t\t\t<div class=\"has_ma_el_bg_slider elementor-column elementor-col-50 elementor-top-column elementor-element elementor-element-7d99f38 jltma-glass-effect-no\" data-id=\"7d99f38\" data-element_type=\"column\">\n\t\t\t<div class=\"elementor-column-wrap elementor-element-populated\">\n\t\t\t\t\t\t\t<div class=\"elementor-widget-wrap\">\n\t\t\t\t\t\t<div class=\"elementor-element elementor-element-319fd0d jltma-glass-effect-no elementor-widget elementor-widget-heading\" data-id=\"319fd0d\" data-element_type=\"widget\" data-widget_type=\"heading.default\">\n\t\t\t\t<div class=\"elementor-widget-container\">\n\t\t\t<h5 class=\"elementor-heading-title elementor-size-default\">Produkta apraksts<\/h5>\t\t<\/div>\n\t\t\t\t<\/div>\n\t\t\t\t<div class=\"elementor-element elementor-element-6673c61 jltma-glass-effect-no elementor-widget elementor-widget-text-editor\" data-id=\"6673c61\" data-element_type=\"widget\" data-widget_type=\"text-editor.default\">\n\t\t\t\t<div class=\"elementor-widget-container\">\n\t\t\t\t\t\t\t\t<div class=\"elementor-text-editor elementor-clearfix\">\n\t\t\t\t<div class=\"cms-container mb-3\"><div class=\"mc3s-inherited-styles rich-text-content\"><p><span class=\"typ-sub-label2\">E\u013c\u013cojamu vakuums\u016bkni var izmantot k\u0101 centr\u0101lo vakuuma \u0123eneratoru ar augstu maksim\u0101lo vakuumu, str\u0101d\u0101jot ar gaisnecaurlaid\u012bgas un porainas virsmas materi\u0101liem. Sal\u012bdzin\u0101jum\u0101 ar citiem s\u016bk\u0146iem viena no priek\u0161roc\u012bb\u0101m ir nelielas darb\u012bbas uzs\u0101k\u0161anas izmaksas.<\/span><\/p><\/div><\/div>\t\t\t\t\t<\/div>\n\t\t\t\t\t\t<\/div>\n\t\t\t\t<\/div>\n\t\t\t\t\t\t<\/div>\n\t\t\t\t\t<\/div>\n\t\t<\/div>\n\t\t\t\t<div class=\"has_ma_el_bg_slider elementor-column elementor-col-50 elementor-top-column elementor-element elementor-element-41ccbc0 jltma-glass-effect-no\" data-id=\"41ccbc0\" data-element_type=\"column\">\n\t\t\t<div class=\"elementor-column-wrap elementor-element-populated\">\n\t\t\t\t\t\t\t<div class=\"elementor-widget-wrap\">\n\t\t\t\t\t\t<div class=\"elementor-element elementor-element-3ac4dd7 elementor-pagination-position-outside jltma-glass-effect-no elementor-widget elementor-widget-image-carousel\" data-id=\"3ac4dd7\" data-element_type=\"widget\" data-settings=\"{&quot;slides_to_show&quot;:&quot;1&quot;,&quot;navigation&quot;:&quot;dots&quot;,&quot;autoplay&quot;:&quot;yes&quot;,&quot;pause_on_hover&quot;:&quot;yes&quot;,&quot;pause_on_interaction&quot;:&quot;yes&quot;,&quot;autoplay_speed&quot;:5000,&quot;infinite&quot;:&quot;yes&quot;,&quot;effect&quot;:&quot;slide&quot;,&quot;speed&quot;:500}\" data-widget_type=\"image-carousel.default\">\n\t\t\t\t<div class=\"elementor-widget-container\">\n\t\t\t\t\t<div class=\"elementor-image-carousel-wrapper swiper-container\" dir=\"ltr\">\n\t\t\t<div class=\"elementor-image-carousel swiper-wrapper\">\n\t\t\t\t\t\t\t\t<div class=\"swiper-slide\"><figure class=\"swiper-slide-inner\"><img decoding=\"async\" class=\"swiper-slide-image\" src=\"https:\/\/salija.lt\/wp-content\/uploads\/2022\/02\/tepalinis1.jpg\" alt=\"tepalinis1\" \/><\/figure><\/div>\t\t\t<\/div>\n\t\t\t\t\t<\/div>\n\t\t\t\t<\/div>\n\t\t\t\t<\/div>\n\t\t\t\t\t\t<\/div>\n\t\t\t\t\t<\/div>\n\t\t<\/div>\n\t\t\t\t\t\t\t\t<\/div>\n\t\t\t\t\t<\/div>\n\t\t<\/section>\n\t\t\t\t<section class=\"has_ma_el_bg_slider elementor-section elementor-top-section elementor-element elementor-element-d79dfdd elementor-section-boxed elementor-section-height-default elementor-section-height-default jltma-glass-effect-no\" data-id=\"d79dfdd\" data-element_type=\"section\">\n\t\t\t\t\t\t<div class=\"elementor-container elementor-column-gap-default\">\n\t\t\t\t\t\t\t<div class=\"elementor-row\">\n\t\t\t\t\t<div class=\"has_ma_el_bg_slider elementor-column elementor-col-100 elementor-top-column elementor-element elementor-element-342a24c jltma-glass-effect-no\" data-id=\"342a24c\" data-element_type=\"column\">\n\t\t\t<div class=\"elementor-column-wrap elementor-element-populated\">\n\t\t\t\t\t\t\t<div class=\"elementor-widget-wrap\">\n\t\t\t\t\t\t<div class=\"elementor-element elementor-element-09ecb26 elementor-view-default jltma-glass-effect-no elementor-widget elementor-widget-wgl-toggle-accordion\" data-id=\"09ecb26\" data-element_type=\"widget\" data-widget_type=\"wgl-toggle-accordion.default\">\n\t\t\t\t<div class=\"elementor-widget-container\">\n\t\t\t<div class=\"wgl-accordion icon-plus\" id=\"wgl-accordion-09ecb26\" data-type=\"accordion\"><div class=\"wgl-accordion_panel\"><h4 id=\"wgl-accordion_header-1041\" class=\"wgl-accordion_header\" data-default=\"yes\"><span class=\"wgl-accordion_title\">\u012apa\u0161\u012bbas<\/span><i class=\"wgl-accordion_icon elementor-icon \"><\/i><\/h4><div class=\"wgl-accordion_content\"><ul><li>daudz\u0161\u016bnu kompresora princips garant\u0113 darb\u012bbu bez vibr\u0101cij\u0101m un ar zemiem impulsiem, k\u0101 ar\u012b ilgsto\u0161u jaudu;<\/li><li>lieliska siltuma disip\u0101cija, pateicoties gult\u0146iem, kuriem nav vajadz\u012bga regul\u0101ra e\u013c\u013co\u0161ana, un jaud\u012bgam dzes\u0113jo\u0161ajam ventilatoram;<\/li><li>individu\u0101li piel\u0101gojams pies\u016bk\u0161anas pl\u016bsmas \u0101trums uzlabotam gaisa pat\u0113ri\u0146am un \u013coti da\u017e\u0101dam lietojumam.<\/li><\/ul><\/div><\/div><\/div>\t\t<\/div>\n\t\t\t\t<\/div>\n\t\t\t\t\t\t<\/div>\n\t\t\t\t\t<\/div>\n\t\t<\/div>\n\t\t\t\t\t\t\t\t<\/div>\n\t\t\t\t\t<\/div>\n\t\t<\/section>\n\t\t\t\t\t\t<\/div>\n\t\t\t\t\t\t<\/div>\n\t\t\t\t\t<\/div>\n\t\t","protected":false},"excerpt":{"rendered":"<p>Vakuums\u016bknis univers\u0101lai lieto\u0161anai.<\/p>\n","protected":false},"featured_media":18362,"template":"","meta":[],"product_cat":[290],"product_tag":[],"yoast_head":"<!-- This site is optimized with the Yoast SEO plugin v20.13 - https:\/\/yoast.com\/wordpress\/plugins\/seo\/ -->\n<title>E\u013c\u013cojami vakuums\u016bk\u0146i - Salija<\/title>\n<meta name=\"description\" content=\"E\u013c\u013cojami vakuums\u016bk\u0146i - Salija, UAB\" \/>\n<meta name=\"robots\" content=\"index, follow, max-snippet:-1, max-image-preview:large, max-video-preview:-1\" \/>\n<link rel=\"canonical\" href=\"https:\/\/salija.lt\/lt\/produkts\/tepalinis-siurblys\/\" \/>\n<meta property=\"og:locale\" content=\"lv_LV\" \/>\n<meta property=\"og:type\" content=\"article\" \/>\n<meta property=\"og:title\" content=\"E\u013c\u013cojami vakuums\u016bk\u0146i - Salija\" \/>\n<meta property=\"og:description\" content=\"E\u013c\u013cojami vakuums\u016bk\u0146i - Salija, UAB\" \/>\n<meta property=\"og:url\" content=\"https:\/\/salija.lt\/lt\/produkts\/tepalinis-siurblys\/\" \/>\n<meta property=\"og:site_name\" content=\"Salija\" \/>\n<meta property=\"article:modified_time\" content=\"2022-04-26T05:52:08+00:00\" \/>\n<meta property=\"og:image\" content=\"https:\/\/salija.lt\/wp-content\/uploads\/2022\/02\/tepalinis1.jpg\" \/>\n\t<meta property=\"og:image:width\" content=\"1010\" \/>\n\t<meta property=\"og:image:height\" content=\"673\" \/>\n\t<meta property=\"og:image:type\" content=\"image\/jpeg\" \/>\n<meta name=\"twitter:card\" content=\"summary_large_image\" \/>\n<meta name=\"twitter:label1\" content=\"Est. reading time\" \/>\n\t<meta name=\"twitter:data1\" content=\"1 minute\" \/>\n<script type=\"application\/ld+json\" class=\"yoast-schema-graph\">{\"@context\":\"https:\/\/schema.org\",\"@graph\":[{\"@type\":\"WebPage\",\"@id\":\"https:\/\/salija.lt\/lt\/produkts\/tepalinis-siurblys\/\",\"url\":\"https:\/\/salija.lt\/lt\/produkts\/tepalinis-siurblys\/\",\"name\":\"E\u013c\u013cojami vakuums\u016bk\u0146i - Salija\",\"isPartOf\":{\"@id\":\"https:\/\/salija.lt\/lt\/#website\"},\"datePublished\":\"2022-01-24T23:38:03+00:00\",\"dateModified\":\"2022-04-26T05:52:08+00:00\",\"description\":\"E\u013c\u013cojami vakuums\u016bk\u0146i - Salija, UAB\",\"breadcrumb\":{\"@id\":\"https:\/\/salija.lt\/lt\/produkts\/tepalinis-siurblys\/#breadcrumb\"},\"inLanguage\":\"lv-LV\",\"potentialAction\":[{\"@type\":\"ReadAction\",\"target\":[\"https:\/\/salija.lt\/lt\/produkts\/tepalinis-siurblys\/\"]}]},{\"@type\":\"BreadcrumbList\",\"@id\":\"https:\/\/salija.lt\/lt\/produkts\/tepalinis-siurblys\/#breadcrumb\",\"itemListElement\":[{\"@type\":\"ListItem\",\"position\":1,\"name\":\"Home\",\"item\":\"https:\/\/salija.lt\/lv\/\"},{\"@type\":\"ListItem\",\"position\":2,\"name\":\"E-pas\u016bt\u012bjumi\",\"item\":\"https:\/\/salija.lt\/lt\/orders\/\"},{\"@type\":\"ListItem\",\"position\":3,\"name\":\"E\u013c\u013cojami vakuums\u016bk\u0146i\"}]},{\"@type\":\"WebSite\",\"@id\":\"https:\/\/salija.lt\/lt\/#website\",\"url\":\"https:\/\/salija.lt\/lt\/\",\"name\":\"Salija\",\"description\":\"\",\"potentialAction\":[{\"@type\":\"SearchAction\",\"target\":{\"@type\":\"EntryPoint\",\"urlTemplate\":\"https:\/\/salija.lt\/lt\/?s={search_term_string}\"},\"query-input\":\"required name=search_term_string\"}],\"inLanguage\":\"lv-LV\"}]}<\/script>\n<!-- \/ Yoast SEO plugin. -->","yoast_head_json":{"title":"E\u013c\u013cojami vakuums\u016bk\u0146i - Salija","description":"E\u013c\u013cojami vakuums\u016bk\u0146i - Salija, UAB","robots":{"index":"index","follow":"follow","max-snippet":"max-snippet:-1","max-image-preview":"max-image-preview:large","max-video-preview":"max-video-preview:-1"},"canonical":"https:\/\/salija.lt\/lt\/produkts\/tepalinis-siurblys\/","og_locale":"lv_LV","og_type":"article","og_title":"E\u013c\u013cojami vakuums\u016bk\u0146i - Salija","og_description":"E\u013c\u013cojami vakuums\u016bk\u0146i - Salija, UAB","og_url":"https:\/\/salija.lt\/lt\/produkts\/tepalinis-siurblys\/","og_site_name":"Salija","article_modified_time":"2022-04-26T05:52:08+00:00","og_image":[{"width":1010,"height":673,"url":"https:\/\/salija.lt\/wp-content\/uploads\/2022\/02\/tepalinis1.jpg","type":"image\/jpeg"}],"twitter_card":"summary_large_image","twitter_misc":{"Est. reading time":"1 minute"},"schema":{"@context":"https:\/\/schema.org","@graph":[{"@type":"WebPage","@id":"https:\/\/salija.lt\/lt\/produkts\/tepalinis-siurblys\/","url":"https:\/\/salija.lt\/lt\/produkts\/tepalinis-siurblys\/","name":"E\u013c\u013cojami vakuums\u016bk\u0146i - Salija","isPartOf":{"@id":"https:\/\/salija.lt\/lt\/#website"},"datePublished":"2022-01-24T23:38:03+00:00","dateModified":"2022-04-26T05:52:08+00:00","description":"E\u013c\u013cojami vakuums\u016bk\u0146i - Salija, UAB","breadcrumb":{"@id":"https:\/\/salija.lt\/lt\/produkts\/tepalinis-siurblys\/#breadcrumb"},"inLanguage":"lv-LV","potentialAction":[{"@type":"ReadAction","target":["https:\/\/salija.lt\/lt\/produkts\/tepalinis-siurblys\/"]}]},{"@type":"BreadcrumbList","@id":"https:\/\/salija.lt\/lt\/produkts\/tepalinis-siurblys\/#breadcrumb","itemListElement":[{"@type":"ListItem","position":1,"name":"Home","item":"https:\/\/salija.lt\/lv\/"},{"@type":"ListItem","position":2,"name":"E-pas\u016bt\u012bjumi","item":"https:\/\/salija.lt\/lt\/orders\/"},{"@type":"ListItem","position":3,"name":"E\u013c\u013cojami vakuums\u016bk\u0146i"}]},{"@type":"WebSite","@id":"https:\/\/salija.lt\/lt\/#website","url":"https:\/\/salija.lt\/lt\/","name":"Salija","description":"","potentialAction":[{"@type":"SearchAction","target":{"@type":"EntryPoint","urlTemplate":"https:\/\/salija.lt\/lt\/?s={search_term_string}"},"query-input":"required name=search_term_string"}],"inLanguage":"lv-LV"}]}},"_links":{"self":[{"href":"https:\/\/salija.lt\/lv\/wp-json\/wp\/v2\/product\/25578"}],"collection":[{"href":"https:\/\/salija.lt\/lv\/wp-json\/wp\/v2\/product"}],"about":[{"href":"https:\/\/salija.lt\/lv\/wp-json\/wp\/v2\/types\/product"}],"version-history":[{"count":4,"href":"https:\/\/salija.lt\/lv\/wp-json\/wp\/v2\/product\/25578\/revisions"}],"predecessor-version":[{"id":25849,"href":"https:\/\/salija.lt\/lv\/wp-json\/wp\/v2\/product\/25578\/revisions\/25849"}],"wp:featuredmedia":[{"embeddable":true,"href":"https:\/\/salija.lt\/lv\/wp-json\/wp\/v2\/media\/18362"}],"wp:attachment":[{"href":"https:\/\/salija.lt\/lv\/wp-json\/wp\/v2\/media?parent=25578"}],"wp:term":[{"taxonomy":"product_cat","embeddable":true,"href":"https:\/\/salija.lt\/lv\/wp-json\/wp\/v2\/product_cat?post=25578"},{"taxonomy":"product_tag","embeddable":true,"href":"https:\/\/salija.lt\/lv\/wp-json\/wp\/v2\/product_tag?post=25578"}],"curies":[{"name":"wp","href":"https:\/\/api.w.org\/{rel}","templated":true}]}}