{"id":25568,"date":"2022-02-02T01:21:40","date_gmt":"2022-02-01T23:21:40","guid":{"rendered":"https:\/\/salija.lt\/produktas\/kompakts-ezektors-scps-scpsi\/"},"modified":"2022-04-25T13:51:03","modified_gmt":"2022-04-25T10:51:03","slug":"kompakts-ezektors-scps-scpsi","status":"publish","type":"product","link":"https:\/\/salija.lt\/lv\/produkts\/kompakts-ezektors-scps-scpsi\/","title":{"rendered":"Kompakts e\u017eektors SCPS \/ SCPSi"},"content":{"rendered":"\t\t<div data-elementor-type=\"product-post\" data-elementor-id=\"25568\" class=\"elementor elementor-25568 elementor-8897\" data-elementor-settings=\"[]\">\n\t\t\t\t\t\t<div class=\"elementor-inner\">\n\t\t\t\t\t\t\t<div class=\"elementor-section-wrap\">\n\t\t\t\t\t\t\t<section class=\"has_ma_el_bg_slider elementor-section elementor-top-section elementor-element elementor-element-c05e348 elementor-section-boxed elementor-section-height-default elementor-section-height-default jltma-glass-effect-no\" data-id=\"c05e348\" data-element_type=\"section\">\n\t\t\t\t\t\t<div class=\"elementor-container elementor-column-gap-default\">\n\t\t\t\t\t\t\t<div class=\"elementor-row\">\n\t\t\t\t\t<div class=\"has_ma_el_bg_slider elementor-column elementor-col-50 elementor-top-column elementor-element elementor-element-7d99f38 jltma-glass-effect-no\" data-id=\"7d99f38\" data-element_type=\"column\">\n\t\t\t<div class=\"elementor-column-wrap elementor-element-populated\">\n\t\t\t\t\t\t\t<div class=\"elementor-widget-wrap\">\n\t\t\t\t\t\t<div class=\"elementor-element elementor-element-319fd0d jltma-glass-effect-no elementor-widget elementor-widget-heading\" data-id=\"319fd0d\" data-element_type=\"widget\" data-widget_type=\"heading.default\">\n\t\t\t\t<div class=\"elementor-widget-container\">\n\t\t\t<h5 class=\"elementor-heading-title elementor-size-default\">Produkta apraksts<\/h5>\t\t<\/div>\n\t\t\t\t<\/div>\n\t\t\t\t<div class=\"elementor-element elementor-element-6673c61 jltma-glass-effect-no elementor-widget elementor-widget-text-editor\" data-id=\"6673c61\" data-element_type=\"widget\" data-widget_type=\"text-editor.default\">\n\t\t\t\t<div class=\"elementor-widget-container\">\n\t\t\t\t\t\t\t\t<div class=\"elementor-text-editor elementor-clearfix\">\n\t\t\t\t<div class=\"cms-container mb-3\"><div class=\"mc3s-inherited-styles rich-text-content\"><p><span class=\"typ-sub-label2\">SPCS var izmantot pa\u0146em\u0161anas-novieto\u0161anas lietojum\u0101 ar \u0101rk\u0101rt\u012bgi \u012bsu cikla laiku. Eko sprauslas tehnolo\u0123ija nodro\u0161ina lielu pies\u016bk\u0161anas \u0101trumu ar l\u012bdz minimumam samazin\u0101tu saspiesta gaisa pat\u0113ri\u0146u. Parasti izmanto piln\u012bgi automatiz\u0113tai darb\u012bbai ar maz\u0101m deta\u013c\u0101m. <\/span><\/p><\/div><\/div>\t\t\t\t\t<\/div>\n\t\t\t\t\t\t<\/div>\n\t\t\t\t<\/div>\n\t\t\t\t\t\t<\/div>\n\t\t\t\t\t<\/div>\n\t\t<\/div>\n\t\t\t\t<div class=\"has_ma_el_bg_slider elementor-column elementor-col-50 elementor-top-column elementor-element elementor-element-41ccbc0 jltma-glass-effect-no\" data-id=\"41ccbc0\" data-element_type=\"column\">\n\t\t\t<div class=\"elementor-column-wrap elementor-element-populated\">\n\t\t\t\t\t\t\t<div class=\"elementor-widget-wrap\">\n\t\t\t\t\t\t<div class=\"elementor-element elementor-element-3ac4dd7 elementor-pagination-position-outside jltma-glass-effect-no elementor-widget elementor-widget-image-carousel\" data-id=\"3ac4dd7\" data-element_type=\"widget\" data-settings=\"{&quot;slides_to_show&quot;:&quot;1&quot;,&quot;navigation&quot;:&quot;dots&quot;,&quot;autoplay&quot;:&quot;yes&quot;,&quot;pause_on_hover&quot;:&quot;yes&quot;,&quot;pause_on_interaction&quot;:&quot;yes&quot;,&quot;autoplay_speed&quot;:5000,&quot;infinite&quot;:&quot;yes&quot;,&quot;effect&quot;:&quot;slide&quot;,&quot;speed&quot;:500}\" data-widget_type=\"image-carousel.default\">\n\t\t\t\t<div class=\"elementor-widget-container\">\n\t\t\t\t\t<div class=\"elementor-image-carousel-wrapper swiper-container\" dir=\"ltr\">\n\t\t\t<div class=\"elementor-image-carousel swiper-wrapper\">\n\t\t\t\t\t\t\t\t<div class=\"swiper-slide\"><figure class=\"swiper-slide-inner\"><img decoding=\"async\" class=\"swiper-slide-image\" src=\"https:\/\/salija.lt\/wp-content\/uploads\/2022\/02\/PF_PGE-04637_000.jpg\" alt=\"PF_PGE-04637_000\" \/><\/figure><\/div>\t\t\t<\/div>\n\t\t\t\t\t<\/div>\n\t\t\t\t<\/div>\n\t\t\t\t<\/div>\n\t\t\t\t\t\t<\/div>\n\t\t\t\t\t<\/div>\n\t\t<\/div>\n\t\t\t\t\t\t\t\t<\/div>\n\t\t\t\t\t<\/div>\n\t\t<\/section>\n\t\t\t\t<section class=\"has_ma_el_bg_slider elementor-section elementor-top-section elementor-element elementor-element-7291e09 elementor-section-boxed elementor-section-height-default elementor-section-height-default jltma-glass-effect-no\" data-id=\"7291e09\" data-element_type=\"section\">\n\t\t\t\t\t\t<div class=\"elementor-container elementor-column-gap-default\">\n\t\t\t\t\t\t\t<div class=\"elementor-row\">\n\t\t\t\t\t<div class=\"has_ma_el_bg_slider elementor-column elementor-col-100 elementor-top-column elementor-element elementor-element-96f8e7a jltma-glass-effect-no\" data-id=\"96f8e7a\" data-element_type=\"column\">\n\t\t\t<div class=\"elementor-column-wrap elementor-element-populated\">\n\t\t\t\t\t\t\t<div class=\"elementor-widget-wrap\">\n\t\t\t\t\t\t<div class=\"elementor-element elementor-element-91bb39e elementor-view-default jltma-glass-effect-no elementor-widget elementor-widget-wgl-toggle-accordion\" data-id=\"91bb39e\" data-element_type=\"widget\" data-widget_type=\"wgl-toggle-accordion.default\">\n\t\t\t\t<div class=\"elementor-widget-container\">\n\t\t\t<div class=\"wgl-accordion icon-plus\" id=\"wgl-accordion-91bb39e\" data-type=\"accordion\"><div class=\"wgl-accordion_panel\"><h4 id=\"wgl-accordion_header-1521\" class=\"wgl-accordion_header\" data-default=\"yes\"><span class=\"wgl-accordion_title\">Ieguvumi<\/span><i class=\"wgl-accordion_icon elementor-icon \"><\/i><\/h4><div class=\"wgl-accordion_content\"><ul><li>integr\u0113ta gaisa taup\u012b\u0161anas funkcija samazina saspiesta gaisa pat\u0113ri\u0146u l\u012bdz pat 80 %;<\/li><li>IO-Link funkcija vienk\u0101r\u0161o ekspluat\u0101ciju un piek\u013cuvi ier\u012bcei, k\u0101 ar\u012b datu apstr\u0101di;<\/li><li>vakuuma parametri spilgt\u0101 ekr\u0101n\u0101 vai LED joslas displej\u0101 ir viegli las\u0101mi.<\/li><\/ul><\/div><\/div><\/div>\t\t<\/div>\n\t\t\t\t<\/div>\n\t\t\t\t\t\t<\/div>\n\t\t\t\t\t<\/div>\n\t\t<\/div>\n\t\t\t\t\t\t\t\t<\/div>\n\t\t\t\t\t<\/div>\n\t\t<\/section>\n\t\t\t\t\t\t<\/div>\n\t\t\t\t\t\t<\/div>\n\t\t\t\t\t<\/div>\n\t\t","protected":false},"excerpt":{"rendered":"<p>Kompakts e\u017eektors darbam ar gaisnecaurlaid\u012bgiem un nedaudz porainiem materi\u0101liem.<\/p>\n","protected":false},"featured_media":18342,"template":"","meta":[],"product_cat":[288,312],"product_tag":[],"yoast_head":"<!-- This site is optimized with the Yoast SEO plugin v20.13 - https:\/\/yoast.com\/wordpress\/plugins\/seo\/ -->\n<title>Kompakts e\u017eektors SCPS \/ SCPSi - Salija<\/title>\n<meta name=\"description\" content=\"Kompakts e\u017eektors SCPS \/ SCPSi - Salija, UAB\" \/>\n<meta name=\"robots\" content=\"index, follow, max-snippet:-1, max-image-preview:large, max-video-preview:-1\" \/>\n<link rel=\"canonical\" href=\"https:\/\/salija.lt\/lt\/produkts\/scps-scpsi-serijos-compact-ezektoriai\/\" \/>\n<meta property=\"og:locale\" content=\"lv_LV\" \/>\n<meta property=\"og:type\" content=\"article\" \/>\n<meta property=\"og:title\" content=\"Kompakts e\u017eektors SCPS \/ SCPSi - Salija\" \/>\n<meta property=\"og:description\" content=\"Kompakts e\u017eektors SCPS \/ SCPSi - Salija, UAB\" \/>\n<meta property=\"og:url\" content=\"https:\/\/salija.lt\/lt\/produkts\/scps-scpsi-serijos-compact-ezektoriai\/\" \/>\n<meta property=\"og:site_name\" content=\"Salija\" \/>\n<meta property=\"article:modified_time\" content=\"2022-04-25T10:51:03+00:00\" \/>\n<meta property=\"og:image\" content=\"https:\/\/salija.lt\/wp-content\/uploads\/2022\/02\/PF_PGE-04637_000.jpg\" \/>\n\t<meta property=\"og:image:width\" content=\"1009\" \/>\n\t<meta property=\"og:image:height\" content=\"673\" \/>\n\t<meta property=\"og:image:type\" content=\"image\/jpeg\" \/>\n<meta name=\"twitter:card\" content=\"summary_large_image\" \/>\n<script type=\"application\/ld+json\" class=\"yoast-schema-graph\">{\"@context\":\"https:\/\/schema.org\",\"@graph\":[{\"@type\":\"WebPage\",\"@id\":\"https:\/\/salija.lt\/lt\/produkts\/scps-scpsi-serijos-compact-ezektoriai\/\",\"url\":\"https:\/\/salija.lt\/lt\/produkts\/scps-scpsi-serijos-compact-ezektoriai\/\",\"name\":\"Kompakts e\u017eektors SCPS \/ SCPSi - Salija\",\"isPartOf\":{\"@id\":\"https:\/\/salija.lt\/lt\/#website\"},\"datePublished\":\"2022-02-01T23:21:40+00:00\",\"dateModified\":\"2022-04-25T10:51:03+00:00\",\"description\":\"Kompakts e\u017eektors SCPS \/ SCPSi - Salija, UAB\",\"breadcrumb\":{\"@id\":\"https:\/\/salija.lt\/lt\/produkts\/scps-scpsi-serijos-compact-ezektoriai\/#breadcrumb\"},\"inLanguage\":\"lv-LV\",\"potentialAction\":[{\"@type\":\"ReadAction\",\"target\":[\"https:\/\/salija.lt\/lt\/produkts\/scps-scpsi-serijos-compact-ezektoriai\/\"]}]},{\"@type\":\"BreadcrumbList\",\"@id\":\"https:\/\/salija.lt\/lt\/produkts\/scps-scpsi-serijos-compact-ezektoriai\/#breadcrumb\",\"itemListElement\":[{\"@type\":\"ListItem\",\"position\":1,\"name\":\"Home\",\"item\":\"https:\/\/salija.lt\/lv\/\"},{\"@type\":\"ListItem\",\"position\":2,\"name\":\"E-pas\u016bt\u012bjumi\",\"item\":\"https:\/\/salija.lt\/lt\/orders\/\"},{\"@type\":\"ListItem\",\"position\":3,\"name\":\"Kompakts e\u017eektors SCPS \/ SCPSi\"}]},{\"@type\":\"WebSite\",\"@id\":\"https:\/\/salija.lt\/lt\/#website\",\"url\":\"https:\/\/salija.lt\/lt\/\",\"name\":\"Salija\",\"description\":\"\",\"potentialAction\":[{\"@type\":\"SearchAction\",\"target\":{\"@type\":\"EntryPoint\",\"urlTemplate\":\"https:\/\/salija.lt\/lt\/?s={search_term_string}\"},\"query-input\":\"required name=search_term_string\"}],\"inLanguage\":\"lv-LV\"}]}<\/script>\n<!-- \/ Yoast SEO plugin. -->","yoast_head_json":{"title":"Kompakts e\u017eektors SCPS \/ SCPSi - Salija","description":"Kompakts e\u017eektors SCPS \/ SCPSi - Salija, UAB","robots":{"index":"index","follow":"follow","max-snippet":"max-snippet:-1","max-image-preview":"max-image-preview:large","max-video-preview":"max-video-preview:-1"},"canonical":"https:\/\/salija.lt\/lt\/produkts\/scps-scpsi-serijos-compact-ezektoriai\/","og_locale":"lv_LV","og_type":"article","og_title":"Kompakts e\u017eektors SCPS \/ SCPSi - Salija","og_description":"Kompakts e\u017eektors SCPS \/ SCPSi - Salija, UAB","og_url":"https:\/\/salija.lt\/lt\/produkts\/scps-scpsi-serijos-compact-ezektoriai\/","og_site_name":"Salija","article_modified_time":"2022-04-25T10:51:03+00:00","og_image":[{"width":1009,"height":673,"url":"https:\/\/salija.lt\/wp-content\/uploads\/2022\/02\/PF_PGE-04637_000.jpg","type":"image\/jpeg"}],"twitter_card":"summary_large_image","schema":{"@context":"https:\/\/schema.org","@graph":[{"@type":"WebPage","@id":"https:\/\/salija.lt\/lt\/produkts\/scps-scpsi-serijos-compact-ezektoriai\/","url":"https:\/\/salija.lt\/lt\/produkts\/scps-scpsi-serijos-compact-ezektoriai\/","name":"Kompakts e\u017eektors SCPS \/ SCPSi - Salija","isPartOf":{"@id":"https:\/\/salija.lt\/lt\/#website"},"datePublished":"2022-02-01T23:21:40+00:00","dateModified":"2022-04-25T10:51:03+00:00","description":"Kompakts e\u017eektors SCPS \/ SCPSi - Salija, UAB","breadcrumb":{"@id":"https:\/\/salija.lt\/lt\/produkts\/scps-scpsi-serijos-compact-ezektoriai\/#breadcrumb"},"inLanguage":"lv-LV","potentialAction":[{"@type":"ReadAction","target":["https:\/\/salija.lt\/lt\/produkts\/scps-scpsi-serijos-compact-ezektoriai\/"]}]},{"@type":"BreadcrumbList","@id":"https:\/\/salija.lt\/lt\/produkts\/scps-scpsi-serijos-compact-ezektoriai\/#breadcrumb","itemListElement":[{"@type":"ListItem","position":1,"name":"Home","item":"https:\/\/salija.lt\/lv\/"},{"@type":"ListItem","position":2,"name":"E-pas\u016bt\u012bjumi","item":"https:\/\/salija.lt\/lt\/orders\/"},{"@type":"ListItem","position":3,"name":"Kompakts e\u017eektors SCPS \/ SCPSi"}]},{"@type":"WebSite","@id":"https:\/\/salija.lt\/lt\/#website","url":"https:\/\/salija.lt\/lt\/","name":"Salija","description":"","potentialAction":[{"@type":"SearchAction","target":{"@type":"EntryPoint","urlTemplate":"https:\/\/salija.lt\/lt\/?s={search_term_string}"},"query-input":"required name=search_term_string"}],"inLanguage":"lv-LV"}]}},"_links":{"self":[{"href":"https:\/\/salija.lt\/lv\/wp-json\/wp\/v2\/product\/25568"}],"collection":[{"href":"https:\/\/salija.lt\/lv\/wp-json\/wp\/v2\/product"}],"about":[{"href":"https:\/\/salija.lt\/lv\/wp-json\/wp\/v2\/types\/product"}],"version-history":[{"count":4,"href":"https:\/\/salija.lt\/lv\/wp-json\/wp\/v2\/product\/25568\/revisions"}],"predecessor-version":[{"id":25575,"href":"https:\/\/salija.lt\/lv\/wp-json\/wp\/v2\/product\/25568\/revisions\/25575"}],"wp:featuredmedia":[{"embeddable":true,"href":"https:\/\/salija.lt\/lv\/wp-json\/wp\/v2\/media\/18342"}],"wp:attachment":[{"href":"https:\/\/salija.lt\/lv\/wp-json\/wp\/v2\/media?parent=25568"}],"wp:term":[{"taxonomy":"product_cat","embeddable":true,"href":"https:\/\/salija.lt\/lv\/wp-json\/wp\/v2\/product_cat?post=25568"},{"taxonomy":"product_tag","embeddable":true,"href":"https:\/\/salija.lt\/lv\/wp-json\/wp\/v2\/product_tag?post=25568"}],"curies":[{"name":"wp","href":"https:\/\/api.w.org\/{rel}","templated":true}]}}