{"id":29977,"date":"2025-02-05T07:18:16","date_gmt":"2025-02-05T05:18:16","guid":{"rendered":"https:\/\/salija.lt\/?page_id=29977"},"modified":"2025-02-05T07:24:22","modified_gmt":"2025-02-05T05:24:22","slug":"laiks-palielities-jauna-jumbo-flex-atdzimsana","status":"publish","type":"page","link":"https:\/\/salija.lt\/lv\/laiks-palielities-jauna-jumbo-flex-atdzimsana\/","title":{"rendered":"Laiks paliel\u012bties, jaun\u0101 Jumbo Flex atdzim\u0161ana!"},"content":{"rendered":"\t\t<div data-elementor-type=\"wp-page\" data-elementor-id=\"29977\" class=\"elementor elementor-29977\" data-elementor-settings=\"[]\">\n\t\t\t\t\t\t<div class=\"elementor-inner\">\n\t\t\t\t\t\t\t<div class=\"elementor-section-wrap\">\n\t\t\t\t\t\t\t<section class=\"has_ma_el_bg_slider elementor-section elementor-top-section elementor-element elementor-element-bda5396 elementor-section-boxed elementor-section-height-default elementor-section-height-default jltma-glass-effect-no\" data-id=\"bda5396\" data-element_type=\"section\">\n\t\t\t\t\t\t<div class=\"elementor-container elementor-column-gap-default\">\n\t\t\t\t\t\t\t<div class=\"elementor-row\">\n\t\t\t\t\t<div class=\"has_ma_el_bg_slider elementor-column elementor-col-100 elementor-top-column elementor-element elementor-element-5b3fde7 jltma-glass-effect-no\" data-id=\"5b3fde7\" data-element_type=\"column\">\n\t\t\t<div class=\"elementor-column-wrap elementor-element-populated\">\n\t\t\t\t\t\t\t<div class=\"elementor-widget-wrap\">\n\t\t\t\t\t\t<div class=\"elementor-element elementor-element-3efea88 jltma-glass-effect-no elementor-widget elementor-widget-text-editor\" data-id=\"3efea88\" data-element_type=\"widget\" data-widget_type=\"text-editor.default\">\n\t\t\t\t<div class=\"elementor-widget-container\">\n\t\t\t\t\t\t\t\t<div class=\"elementor-text-editor elementor-clearfix\">\n\t\t\t\t<div class=\"x_elementToProof\" data-olk-copy-source=\"MessageBody\">Vakuuma sist\u0113mas pac\u0113l\u0101js Jumbo Flex jau vair\u0101k k\u0101 10 gadus ir pirm\u0101 izv\u0113le, lai ergonomiski un \u0101tri paceltu da\u017e\u0101d\u0101kos iepakojumus, preces un deta\u013cas l\u012bdz 50kg.<\/div><div>Jumbo Flex ir labs, bet tagad Schmalz padar\u012bjis \u0161o sist\u0113mu v\u0113l lab\u0101ku. Iepaz\u012bstin\u0101m ar jaun\u0101 dizaina rokturi. Tas \u013cauj str\u0101d\u0101t \u0101tr\u0101k un prec\u012bz\u0101k k\u0101 jebkad agr\u0101k.<\/div><div>Ergonomisk\u0101 dizaina rokturis, divu pogu vad\u012bbas kontrole un \u0101tr\u0101s mai\u0146as satv\u0113r\u0113ja funkcija \u2013 tas viss<span>\u00a0<\/span><i>pace\u013c JumboFlex<\/i>\u00a0piln\u012bgi jaun\u0101 l\u012bmen\u012b!<\/div><div>Par to varat p\u0101rliecin\u0101ties ar\u012b pats. Pievienojieties tie\u0161raides prezent\u0101cijai, lai iepaz\u012btos ar jauno dizainu. Jums b\u016bs iesp\u0113ja uzrun\u0101t ar\u012b Schmalz ekspertus, vi\u0146i b\u016bs pieejami, lai sniegtu atbildes uz visiem J\u016bsu jaut\u0101jumiem.<\/div><div aria-hidden=\"true\">\u00a0<\/div><div><a href=\"https:\/\/www.schmalz.com\/live-introduction-vacuum-tube-lifter-jumboflex\/\" target=\"_blank\" rel=\"noopener\"><span style=\"color: #ff0000;\"><strong>Re\u0123istr\u0113jieties tie\u0161raides prezent\u0101cijai!<\/strong><\/span><\/a><\/div><div class=\"x_elementToProof\">\u00a0<\/div>\t\t\t\t\t<\/div>\n\t\t\t\t\t\t<\/div>\n\t\t\t\t<\/div>\n\t\t\t\t\t\t<\/div>\n\t\t\t\t\t<\/div>\n\t\t<\/div>\n\t\t\t\t\t\t\t\t<\/div>\n\t\t\t\t\t<\/div>\n\t\t<\/section>\n\t\t\t\t<section class=\"has_ma_el_bg_slider elementor-section elementor-top-section elementor-element elementor-element-6ebe11d elementor-section-boxed elementor-section-height-default elementor-section-height-default jltma-glass-effect-no\" data-id=\"6ebe11d\" data-element_type=\"section\">\n\t\t\t\t\t\t<div class=\"elementor-container elementor-column-gap-default\">\n\t\t\t\t\t\t\t<div class=\"elementor-row\">\n\t\t\t\t\t<div class=\"has_ma_el_bg_slider elementor-column elementor-col-50 elementor-top-column elementor-element elementor-element-cdd83ec jltma-glass-effect-no\" data-id=\"cdd83ec\" data-element_type=\"column\">\n\t\t\t<div class=\"elementor-column-wrap elementor-element-populated\">\n\t\t\t\t\t\t\t<div class=\"elementor-widget-wrap\">\n\t\t\t\t\t\t<div class=\"elementor-element elementor-element-3be74bc jltma-glass-effect-no elementor-widget elementor-widget-image\" data-id=\"3be74bc\" data-element_type=\"widget\" data-widget_type=\"image.default\">\n\t\t\t\t<div class=\"elementor-widget-container\">\n\t\t\t\t\t\t\t\t<div class=\"elementor-image\">\n\t\t\t\t\t\t\t\t\t\t\t\t<img decoding=\"async\" loading=\"lazy\" width=\"1010\" height=\"673\" src=\"https:\/\/salija.lt\/wp-content\/uploads\/2025\/02\/Picture_HS_JumboFlex_Ergonomic_Control-Grip_2024.jpg\" class=\"attachment-large size-large\" alt=\"\" srcset=\"https:\/\/salija.lt\/wp-content\/uploads\/2025\/02\/Picture_HS_JumboFlex_Ergonomic_Control-Grip_2024.jpg 1010w, https:\/\/salija.lt\/wp-content\/uploads\/2025\/02\/Picture_HS_JumboFlex_Ergonomic_Control-Grip_2024-300x200.jpg 300w, https:\/\/salija.lt\/wp-content\/uploads\/2025\/02\/Picture_HS_JumboFlex_Ergonomic_Control-Grip_2024-768x512.jpg 768w\" sizes=\"(max-width: 1010px) 100vw, 1010px\" \/>\t\t\t\t\t\t\t\t\t\t\t\t\t\t<\/div>\n\t\t\t\t\t\t<\/div>\n\t\t\t\t<\/div>\n\t\t\t\t\t\t<\/div>\n\t\t\t\t\t<\/div>\n\t\t<\/div>\n\t\t\t\t<div class=\"has_ma_el_bg_slider elementor-column elementor-col-50 elementor-top-column elementor-element elementor-element-6748378 jltma-glass-effect-no\" data-id=\"6748378\" data-element_type=\"column\">\n\t\t\t<div class=\"elementor-column-wrap elementor-element-populated\">\n\t\t\t\t\t\t\t<div class=\"elementor-widget-wrap\">\n\t\t\t\t\t\t<div class=\"elementor-element elementor-element-c05f0b0 elementor-aspect-ratio-169 jltma-glass-effect-no elementor-widget elementor-widget-video\" data-id=\"c05f0b0\" data-element_type=\"widget\" data-settings=\"{&quot;youtube_url&quot;:&quot;https:\\\/\\\/www.youtube.com\\\/watch?v=BKxgZwYv-ns&quot;,&quot;autoplay&quot;:&quot;yes&quot;,&quot;video_type&quot;:&quot;youtube&quot;,&quot;controls&quot;:&quot;yes&quot;,&quot;aspect_ratio&quot;:&quot;169&quot;}\" data-widget_type=\"video.default\">\n\t\t\t\t<div class=\"elementor-widget-container\">\n\t\t\t\t\t<div class=\"elementor-wrapper elementor-fit-aspect-ratio elementor-open-inline\">\n\t\t\t<div class=\"elementor-video\"><\/div>\t\t<\/div>\n\t\t\t\t<\/div>\n\t\t\t\t<\/div>\n\t\t\t\t\t\t<\/div>\n\t\t\t\t\t<\/div>\n\t\t<\/div>\n\t\t\t\t\t\t\t\t<\/div>\n\t\t\t\t\t<\/div>\n\t\t<\/section>\n\t\t\t\t\t\t<\/div>\n\t\t\t\t\t\t<\/div>\n\t\t\t\t\t<\/div>\n\t\t","protected":false},"excerpt":{"rendered":"<p>Vakuuma sist\u0113mas pac\u0113l\u0101js Jumbo Flex jau vair\u0101k k\u0101 10 gadus ir pirm\u0101 izv\u0113le, lai ergonomiski un \u0101tri paceltu da\u017e\u0101d\u0101kos iepakojumus, preces un deta\u013cas l\u012bdz 50kg.Jumbo Flex ir labs, bet tagad Schmalz padar\u012bjis \u0161o sist\u0113mu v\u0113l lab\u0101ku. Iepaz\u012bstin\u0101m ar jaun\u0101 dizaina rokturi. Tas \u013cauj str\u0101d\u0101t \u0101tr\u0101k un prec\u012bz\u0101k k\u0101 jebkad agr\u0101k.Ergonomisk\u0101 dizaina rokturis, divu pogu vad\u012bbas [&hellip;]<\/p>\n","protected":false},"author":1,"featured_media":29928,"parent":0,"menu_order":0,"comment_status":"closed","ping_status":"closed","template":"","meta":{"footnotes":""},"yoast_head":"<!-- This site is optimized with the Yoast SEO plugin v20.13 - https:\/\/yoast.com\/wordpress\/plugins\/seo\/ -->\n<title>Laiks paliel\u012bties, jaun\u0101 Jumbo Flex atdzim\u0161ana! - Salija<\/title>\n<meta name=\"description\" content=\"Laiks paliel\u012bties, jaun\u0101 Jumbo Flex atdzim\u0161ana! - Salija, UAB\" \/>\n<meta name=\"robots\" content=\"index, follow, max-snippet:-1, max-image-preview:large, max-video-preview:-1\" \/>\n<link rel=\"canonical\" href=\"https:\/\/salija.lt\/lv\/laiks-palielities-jauna-jumbo-flex-atdzimsana\/\" \/>\n<meta property=\"og:locale\" content=\"lv_LV\" \/>\n<meta property=\"og:type\" content=\"article\" \/>\n<meta property=\"og:title\" content=\"Laiks paliel\u012bties, jaun\u0101 Jumbo Flex atdzim\u0161ana! - Salija\" \/>\n<meta property=\"og:description\" content=\"Laiks paliel\u012bties, jaun\u0101 Jumbo Flex atdzim\u0161ana! - Salija, UAB\" \/>\n<meta property=\"og:url\" content=\"https:\/\/salija.lt\/lv\/laiks-palielities-jauna-jumbo-flex-atdzimsana\/\" \/>\n<meta property=\"og:site_name\" content=\"Salija\" \/>\n<meta property=\"article:modified_time\" content=\"2025-02-05T05:24:22+00:00\" \/>\n<meta property=\"og:image\" content=\"http:\/\/salija.lt\/wp-content\/uploads\/2025\/02\/Picture_Application_HS_JumboFlex_Control-Unit_2024_05.jpg\" \/>\n\t<meta property=\"og:image:width\" content=\"1010\" \/>\n\t<meta property=\"og:image:height\" content=\"673\" \/>\n\t<meta property=\"og:image:type\" content=\"image\/jpeg\" \/>\n<meta name=\"twitter:card\" content=\"summary_large_image\" \/>\n<meta name=\"twitter:label1\" content=\"Est. reading time\" \/>\n\t<meta name=\"twitter:data1\" content=\"1 minute\" \/>\n<script type=\"application\/ld+json\" class=\"yoast-schema-graph\">{\"@context\":\"https:\/\/schema.org\",\"@graph\":[{\"@type\":\"WebPage\",\"@id\":\"https:\/\/salija.lt\/lv\/laiks-palielities-jauna-jumbo-flex-atdzimsana\/\",\"url\":\"https:\/\/salija.lt\/lv\/laiks-palielities-jauna-jumbo-flex-atdzimsana\/\",\"name\":\"Laiks paliel\u012bties, jaun\u0101 Jumbo Flex atdzim\u0161ana! - Salija\",\"isPartOf\":{\"@id\":\"https:\/\/salija.lt\/lt\/#website\"},\"datePublished\":\"2025-02-05T05:18:16+00:00\",\"dateModified\":\"2025-02-05T05:24:22+00:00\",\"description\":\"Laiks paliel\u012bties, jaun\u0101 Jumbo Flex atdzim\u0161ana! - Salija, UAB\",\"breadcrumb\":{\"@id\":\"https:\/\/salija.lt\/lv\/laiks-palielities-jauna-jumbo-flex-atdzimsana\/#breadcrumb\"},\"inLanguage\":\"lv-LV\",\"potentialAction\":[{\"@type\":\"ReadAction\",\"target\":[\"https:\/\/salija.lt\/lv\/laiks-palielities-jauna-jumbo-flex-atdzimsana\/\"]}]},{\"@type\":\"BreadcrumbList\",\"@id\":\"https:\/\/salija.lt\/lv\/laiks-palielities-jauna-jumbo-flex-atdzimsana\/#breadcrumb\",\"itemListElement\":[{\"@type\":\"ListItem\",\"position\":1,\"name\":\"Home\",\"item\":\"https:\/\/salija.lt\/lv\/\"},{\"@type\":\"ListItem\",\"position\":2,\"name\":\"Laiks paliel\u012bties, jaun\u0101 Jumbo Flex atdzim\u0161ana!\"}]},{\"@type\":\"WebSite\",\"@id\":\"https:\/\/salija.lt\/lt\/#website\",\"url\":\"https:\/\/salija.lt\/lt\/\",\"name\":\"Salija\",\"description\":\"\",\"potentialAction\":[{\"@type\":\"SearchAction\",\"target\":{\"@type\":\"EntryPoint\",\"urlTemplate\":\"https:\/\/salija.lt\/lt\/?s={search_term_string}\"},\"query-input\":\"required name=search_term_string\"}],\"inLanguage\":\"lv-LV\"}]}<\/script>\n<!-- \/ Yoast SEO plugin. -->","yoast_head_json":{"title":"Laiks paliel\u012bties, jaun\u0101 Jumbo Flex atdzim\u0161ana! - Salija","description":"Laiks paliel\u012bties, jaun\u0101 Jumbo Flex atdzim\u0161ana! - Salija, UAB","robots":{"index":"index","follow":"follow","max-snippet":"max-snippet:-1","max-image-preview":"max-image-preview:large","max-video-preview":"max-video-preview:-1"},"canonical":"https:\/\/salija.lt\/lv\/laiks-palielities-jauna-jumbo-flex-atdzimsana\/","og_locale":"lv_LV","og_type":"article","og_title":"Laiks paliel\u012bties, jaun\u0101 Jumbo Flex atdzim\u0161ana! - Salija","og_description":"Laiks paliel\u012bties, jaun\u0101 Jumbo Flex atdzim\u0161ana! - Salija, UAB","og_url":"https:\/\/salija.lt\/lv\/laiks-palielities-jauna-jumbo-flex-atdzimsana\/","og_site_name":"Salija","article_modified_time":"2025-02-05T05:24:22+00:00","og_image":[{"width":1010,"height":673,"url":"http:\/\/salija.lt\/wp-content\/uploads\/2025\/02\/Picture_Application_HS_JumboFlex_Control-Unit_2024_05.jpg","type":"image\/jpeg"}],"twitter_card":"summary_large_image","twitter_misc":{"Est. reading time":"1 minute"},"schema":{"@context":"https:\/\/schema.org","@graph":[{"@type":"WebPage","@id":"https:\/\/salija.lt\/lv\/laiks-palielities-jauna-jumbo-flex-atdzimsana\/","url":"https:\/\/salija.lt\/lv\/laiks-palielities-jauna-jumbo-flex-atdzimsana\/","name":"Laiks paliel\u012bties, jaun\u0101 Jumbo Flex atdzim\u0161ana! - Salija","isPartOf":{"@id":"https:\/\/salija.lt\/lt\/#website"},"datePublished":"2025-02-05T05:18:16+00:00","dateModified":"2025-02-05T05:24:22+00:00","description":"Laiks paliel\u012bties, jaun\u0101 Jumbo Flex atdzim\u0161ana! - Salija, UAB","breadcrumb":{"@id":"https:\/\/salija.lt\/lv\/laiks-palielities-jauna-jumbo-flex-atdzimsana\/#breadcrumb"},"inLanguage":"lv-LV","potentialAction":[{"@type":"ReadAction","target":["https:\/\/salija.lt\/lv\/laiks-palielities-jauna-jumbo-flex-atdzimsana\/"]}]},{"@type":"BreadcrumbList","@id":"https:\/\/salija.lt\/lv\/laiks-palielities-jauna-jumbo-flex-atdzimsana\/#breadcrumb","itemListElement":[{"@type":"ListItem","position":1,"name":"Home","item":"https:\/\/salija.lt\/lv\/"},{"@type":"ListItem","position":2,"name":"Laiks paliel\u012bties, jaun\u0101 Jumbo Flex atdzim\u0161ana!"}]},{"@type":"WebSite","@id":"https:\/\/salija.lt\/lt\/#website","url":"https:\/\/salija.lt\/lt\/","name":"Salija","description":"","potentialAction":[{"@type":"SearchAction","target":{"@type":"EntryPoint","urlTemplate":"https:\/\/salija.lt\/lt\/?s={search_term_string}"},"query-input":"required name=search_term_string"}],"inLanguage":"lv-LV"}]}},"_links":{"self":[{"href":"https:\/\/salija.lt\/lv\/wp-json\/wp\/v2\/pages\/29977"}],"collection":[{"href":"https:\/\/salija.lt\/lv\/wp-json\/wp\/v2\/pages"}],"about":[{"href":"https:\/\/salija.lt\/lv\/wp-json\/wp\/v2\/types\/page"}],"author":[{"embeddable":true,"href":"https:\/\/salija.lt\/lv\/wp-json\/wp\/v2\/users\/1"}],"replies":[{"embeddable":true,"href":"https:\/\/salija.lt\/lv\/wp-json\/wp\/v2\/comments?post=29977"}],"version-history":[{"count":5,"href":"https:\/\/salija.lt\/lv\/wp-json\/wp\/v2\/pages\/29977\/revisions"}],"predecessor-version":[{"id":29985,"href":"https:\/\/salija.lt\/lv\/wp-json\/wp\/v2\/pages\/29977\/revisions\/29985"}],"wp:featuredmedia":[{"embeddable":true,"href":"https:\/\/salija.lt\/lv\/wp-json\/wp\/v2\/media\/29928"}],"wp:attachment":[{"href":"https:\/\/salija.lt\/lv\/wp-json\/wp\/v2\/media?parent=29977"}],"curies":[{"name":"wp","href":"https:\/\/api.w.org\/{rel}","templated":true}]}}