{"id":19722,"date":"2022-01-23T20:29:58","date_gmt":"2022-01-23T18:29:58","guid":{"rendered":"https:\/\/salija.lt\/produktai\/detaliu-tvirtinimas-vakuumu\/medienos-detaliu-tvirtinimas-apdirbimui\/prisiurbimo-blokai-ploksciam-prasiurbiamam-stalui\/"},"modified":"2022-04-30T01:04:05","modified_gmt":"2022-04-29T22:04:05","slug":"satversanas-aprikojums-rezga-ligzdosanas-plakana-galda-sistemam","status":"publish","type":"page","link":"https:\/\/salija.lt\/lv\/produkti\/vakuuma-satversanas-tehnologija\/satversanas-aprikojums-kokapstrade\/satversanas-aprikojums-rezga-ligzdosanas-plakana-galda-sistemam\/","title":{"rendered":"Satver\u0161anas apr\u012bkojums re\u017e\u0123a\/ligzdo\u0161anas\/plakana galda sist\u0113m\u0101m"},"content":{"rendered":"\t\t<div data-elementor-type=\"wp-page\" data-elementor-id=\"19722\" class=\"elementor elementor-19722 elementor-7097\" data-elementor-settings=\"[]\">\n\t\t\t\t\t\t<div class=\"elementor-inner\">\n\t\t\t\t\t\t\t<div class=\"elementor-section-wrap\">\n\t\t\t\t\t\t\t<section class=\"has_ma_el_bg_slider elementor-section elementor-top-section elementor-element elementor-element-58722d6 elementor-section-boxed elementor-section-height-default elementor-section-height-default jltma-glass-effect-no\" data-id=\"58722d6\" data-element_type=\"section\">\n\t\t\t\t\t\t<div class=\"elementor-container elementor-column-gap-default\">\n\t\t\t\t\t\t\t<div class=\"elementor-row\">\n\t\t\t\t\t<div class=\"has_ma_el_bg_slider elementor-column elementor-col-100 elementor-top-column elementor-element elementor-element-aa88dbd jltma-glass-effect-no\" data-id=\"aa88dbd\" data-element_type=\"column\">\n\t\t\t<div class=\"elementor-column-wrap elementor-element-populated\">\n\t\t\t\t\t\t\t<div class=\"elementor-widget-wrap\">\n\t\t\t\t\t\t<div class=\"elementor-element elementor-element-ed1e78a eael-product-list-column-1 jltma-glass-effect-no elementor-widget elementor-widget-eicon-woocommerce\" data-id=\"ed1e78a\" data-element_type=\"widget\" data-widget_type=\"eicon-woocommerce.default\">\n\t\t\t\t<div class=\"elementor-widget-container\">\n\t\t\t\n        <div class=\"eael-product-grid  list\" id=\"eael-product-grid\" data-widget-id=\"ed1e78a\" data-page-id=\"19722\" data-nonce=\"9c92c04fa3\" >\n            <div class=\"woocommerce\">\n                <ul class=\"products\" data-layout-mode=\"list\">        <li class=\"product eael-product-list-preset-4\">\n            <div class=\"eael-product-wrap\">\n                <div class=\"product-image-wrap\">\n                    <div class=\"image-wrap\">\n                        <a href=\"https:\/\/salija.lt\/lv\/produkts\/satversanas-aprikojums-rezga-ligzdosanas-plakana-galda-sistemam\/\" class=\"woocommerce-LoopProduct-link woocommerce-loop-product__link\"><img width=\"1008\" height=\"673\" src=\"https:\/\/salija.lt\/wp-content\/uploads\/2022\/02\/Flat.jpg\" class=\"attachment-full size-full\" alt=\"\" decoding=\"async\" loading=\"eager\" fetchpriority=\"high\" srcset=\"https:\/\/salija.lt\/wp-content\/uploads\/2022\/02\/Flat.jpg 1008w, https:\/\/salija.lt\/wp-content\/uploads\/2022\/02\/Flat-300x200.jpg 300w, https:\/\/salija.lt\/wp-content\/uploads\/2022\/02\/Flat-768x513.jpg 768w\" sizes=\"(max-width: 1008px) 100vw, 1008px\" \/><\/a>                    <\/div>\n                <\/div>\n                <div class=\"product-details-wrap\">\n                    <div class=\"eael-product-title\">\n                                    <a href=\"https:\/\/salija.lt\/lv\/produkts\/satversanas-aprikojums-rezga-ligzdosanas-plakana-galda-sistemam\/\" class=\"woocommerce-LoopProduct-link woocommerce-loop-product__link\"><h2>Satver\u0161anas apr\u012bkojums re\u017e\u0123a\/ligzdo\u0161anas\/plakana galda sist\u0113m\u0101m<\/h2><\/a>\n                                    <\/div><div class=\"eael-product-excerpt\"><p>Plakaniem, ligzdo\u0161anas un re\u017e\u0123a galdiem Schmalz var pied\u0101v\u0101t da\u017e\u0101dus pies\u016bk\u0161anas un satver\u0161anas blokus un tehniskus risin\u0101jumus.<\/p><\/div>\n                    <ul class=\"icons-wrap details-block-style\">\n                                                <li class=\"add-to-cart\"><a class=\"button\" href=\"https:\/\/salija.lt\/lv\/produkts\/satversanas-aprikojums-rezga-ligzdosanas-plakana-galda-sistemam\/\">Las\u012bt vair\u0101k<\/a><\/li>\n\n\t                                                                        <li class=\"eael-product-quick-view\">\n                                <a id=\"eael_quick_view_69d2cc20a75df\" data-quickview-setting=\"{&quot;widget_id&quot;:&quot;ed1e78a&quot;,&quot;product_id&quot;:25748,&quot;page_id&quot;:19722}\"\n                                   class=\"eael-product-grid-open-popup open-popup-link\">\n                                    <i class=\"fas fa-eye\"><\/i>\n                                <\/a>\n                            <\/li>\n                                            <\/ul>\n                <\/div>\n            <\/div>\n        <\/li>\n        <\/ul><nav id='ed1e78a-eael-pagination' class='eael-woo-pagination' data-plimit='3' data-totalpage ='1' data-widgetid='ed1e78a' data-pageid='19722' data-args='post_type=product&post_status%5B0%5D=publish&post_status%5B1%5D=pending&post_status%5B2%5D=future&posts_per_page=3&order=desc&offset=0&tax_query%5B0%5D%5Btaxonomy%5D=product_cat&tax_query%5B0%5D%5Bfield%5D=slug&tax_query%5B0%5D%5Bterms%5D%5B0%5D=prisiurbimo-blokai-ploksciam-prasiurbiamam-stalui&tax_query%5B0%5D%5Boperator%5D=IN&orderby=date&meta_query%5Brelation%5D=AND&max_page=1&total_post=1'  data-template='{\"dir\":\"free\",\"file_name\":\"default\",\"name\":\"eicon-woocommerce\"}'><ul class='page-numbers'><li><a href='javascript:void(0);' id='post' class='page-numbers current' data-pnumber='1'>1<\/a><\/li><\/ul><\/nav>            <\/div>\n        <\/div>\n\n        <script type=\"text\/javascript\">\n            jQuery(document).ready(function($) {\n                var $scope = jQuery(\".elementor-element-ed1e78a\");\n                var $products = $('.products', $scope);\n                var $layout_mode = $products.data('layout-mode');\n                \n                if ( $layout_mode === 'masonry' ) {\n                    \/\/ init isotope\n                    var $isotope_products = $products.isotope({\n                        itemSelector: \"li.product\",\n                        layoutMode: $layout_mode,\n                        percentPosition: true\n                    });\n\n                    $isotope_products.imagesLoaded().progress( function() {\n                        $isotope_products.isotope('layout');\n                    })\n\n                    $(window).on('resize', function() {\n                        $isotope_products.isotope('layout');\n                    });\n                }\n            });\n        <\/script>\n        \t\t<\/div>\n\t\t\t\t<\/div>\n\t\t\t\t\t\t<\/div>\n\t\t\t\t\t<\/div>\n\t\t<\/div>\n\t\t\t\t\t\t\t\t<\/div>\n\t\t\t\t\t<\/div>\n\t\t<\/section>\n\t\t\t\t<section class=\"has_ma_el_bg_slider elementor-section elementor-top-section elementor-element elementor-element-e41ab8c elementor-section-full_width elementor-section-height-default elementor-section-height-default jltma-glass-effect-no\" data-id=\"e41ab8c\" data-element_type=\"section\">\n\t\t\t\t\t\t<div class=\"elementor-container elementor-column-gap-no\">\n\t\t\t\t\t\t\t<div class=\"elementor-row\">\n\t\t\t\t\t<div class=\"has_ma_el_bg_slider elementor-column elementor-col-100 elementor-top-column elementor-element elementor-element-3ccd1ee jltma-glass-effect-no\" data-id=\"3ccd1ee\" data-element_type=\"column\">\n\t\t\t<div class=\"elementor-column-wrap elementor-element-populated\">\n\t\t\t\t\t\t\t<div class=\"elementor-widget-wrap\">\n\t\t\t\t\t\t<div class=\"elementor-element elementor-element-023911b jltma-glass-effect-no elementor-widget elementor-widget-template\" data-id=\"023911b\" data-element_type=\"widget\" data-widget_type=\"template.default\">\n\t\t\t\t<div class=\"elementor-widget-container\">\n\t\t\t\t\t<div class=\"elementor-template\">\n\t\t\t\t\t<div data-elementor-type=\"section\" data-elementor-id=\"22708\" class=\"elementor elementor-22708 elementor-14350\" data-elementor-settings=\"[]\">\n\t\t<div class=\"elementor-section-wrap\">\n\t\t\t\t\t<section class=\"has_ma_el_bg_slider elementor-section elementor-top-section elementor-element elementor-element-4055492 elementor-section-boxed elementor-section-height-default elementor-section-height-default jltma-glass-effect-no\" data-id=\"4055492\" data-element_type=\"section\" data-settings=\"{&quot;background_background&quot;:&quot;classic&quot;}\">\n\t\t\t\t\t\t<div class=\"elementor-container elementor-column-gap-default\">\n\t\t\t\t\t\t\t<div class=\"elementor-row\">\n\t\t\t\t\t<div class=\"has_ma_el_bg_slider elementor-column elementor-col-100 elementor-top-column elementor-element elementor-element-b8eaf57 jltma-glass-effect-no\" data-id=\"b8eaf57\" data-element_type=\"column\">\n\t\t\t<div class=\"elementor-column-wrap elementor-element-populated\">\n\t\t\t\t\t\t\t<div class=\"elementor-widget-wrap\">\n\t\t\t\t\t\t<section class=\"has_ma_el_bg_slider elementor-section elementor-inner-section elementor-element elementor-element-6746cd7 elementor-section-boxed elementor-section-height-default elementor-section-height-default jltma-glass-effect-no\" data-id=\"6746cd7\" data-element_type=\"section\">\n\t\t\t\t\t\t<div class=\"elementor-container elementor-column-gap-no\">\n\t\t\t\t\t\t\t<div class=\"elementor-row\">\n\t\t\t\t\t<div class=\"has_ma_el_bg_slider elementor-column elementor-col-50 elementor-inner-column elementor-element elementor-element-fe985a2 jltma-glass-effect-no\" data-id=\"fe985a2\" data-element_type=\"column\">\n\t\t\t<div class=\"elementor-column-wrap elementor-element-populated\">\n\t\t\t\t\t\t\t<div class=\"elementor-widget-wrap\">\n\t\t\t\t\t\t<div class=\"elementor-element elementor-element-9e8cc43 elementor-widget__width-initial acenter jltma-glass-effect-no elementor-widget elementor-widget-wgl-double-headings\" data-id=\"9e8cc43\" data-element_type=\"widget\" data-widget_type=\"wgl-double-headings.default\">\n\t\t\t\t<div class=\"elementor-widget-container\">\n\t\t\t<div class=\"wgl-double_heading\"><h3 class=\"dbl__title-wrapper\"><span class=\"dbl__title dbl__title_3\">Sa\u0146emiet komerci\u0101lu pied\u0101v\u0101jumu<\/span><\/h3><\/div>\t\t<\/div>\n\t\t\t\t<\/div>\n\t\t\t\t\t\t<\/div>\n\t\t\t\t\t<\/div>\n\t\t<\/div>\n\t\t\t\t<div class=\"has_ma_el_bg_slider elementor-column elementor-col-50 elementor-inner-column elementor-element elementor-element-2a4af4f jltma-glass-effect-no\" data-id=\"2a4af4f\" data-element_type=\"column\">\n\t\t\t<div class=\"elementor-column-wrap elementor-element-populated\">\n\t\t\t\t\t\t\t<div class=\"elementor-widget-wrap\">\n\t\t\t\t\t\t<div class=\"elementor-element elementor-element-c3f1e5b elementor-align-center jltma-glass-effect-no elementor-widget elementor-widget-button\" data-id=\"c3f1e5b\" data-element_type=\"widget\" data-widget_type=\"button.default\">\n\t\t\t\t<div class=\"elementor-widget-container\">\n\t\t\t\t\t<div class=\"elementor-button-wrapper\">\n\t\t\t<a href=\"mailto:edgars@salija.eu\" target=\"_blank\" class=\"elementor-button-link elementor-button elementor-size-sm\" role=\"button\">\n\t\t\t\t\t\t<span class=\"elementor-button-content-wrapper\">\n\t\t\t\t\t\t<span class=\"elementor-button-text\">Click here<\/span>\n\t\t<\/span>\n\t\t\t\t\t<\/a>\n\t\t<\/div>\n\t\t\t\t<\/div>\n\t\t\t\t<\/div>\n\t\t\t\t\t\t<\/div>\n\t\t\t\t\t<\/div>\n\t\t<\/div>\n\t\t\t\t\t\t\t\t<\/div>\n\t\t\t\t\t<\/div>\n\t\t<\/section>\n\t\t\t\t\t\t<\/div>\n\t\t\t\t\t<\/div>\n\t\t<\/div>\n\t\t\t\t\t\t\t\t<\/div>\n\t\t\t\t\t<\/div>\n\t\t<\/section>\n\t\t\t\t<section class=\"has_ma_el_bg_slider elementor-section elementor-top-section elementor-element elementor-element-bb6292d elementor-section-boxed elementor-section-height-default elementor-section-height-default jltma-glass-effect-no\" data-id=\"bb6292d\" data-element_type=\"section\" data-settings=\"{&quot;background_background&quot;:&quot;classic&quot;}\">\n\t\t\t\t\t\t<div class=\"elementor-container elementor-column-gap-default\">\n\t\t\t\t\t\t\t<div class=\"elementor-row\">\n\t\t\t\t\t<div class=\"has_ma_el_bg_slider elementor-column elementor-col-100 elementor-top-column elementor-element elementor-element-24156a4 jltma-glass-effect-no\" data-id=\"24156a4\" data-element_type=\"column\">\n\t\t\t<div class=\"elementor-column-wrap elementor-element-populated\">\n\t\t\t\t\t\t\t<div class=\"elementor-widget-wrap\">\n\t\t\t\t\t\t<div class=\"elementor-element elementor-element-0d02372 jltma-glass-effect-no elementor-widget elementor-widget-spacer\" data-id=\"0d02372\" data-element_type=\"widget\" data-widget_type=\"spacer.default\">\n\t\t\t\t<div class=\"elementor-widget-container\">\n\t\t\t\t\t<div class=\"elementor-spacer\">\n\t\t\t<div class=\"elementor-spacer-inner\"><\/div>\n\t\t<\/div>\n\t\t\t\t<\/div>\n\t\t\t\t<\/div>\n\t\t\t\t\t\t<\/div>\n\t\t\t\t\t<\/div>\n\t\t<\/div>\n\t\t\t\t\t\t\t\t<\/div>\n\t\t\t\t\t<\/div>\n\t\t<\/section>\n\t\t\t\t<\/div>\n\t\t<\/div>\n\t\t\t\t<\/div>\n\t\t\t\t<\/div>\n\t\t\t\t<\/div>\n\t\t\t\t\t\t<\/div>\n\t\t\t\t\t<\/div>\n\t\t<\/div>\n\t\t\t\t\t\t\t\t<\/div>\n\t\t\t\t\t<\/div>\n\t\t<\/section>\n\t\t\t\t\t\t<\/div>\n\t\t\t\t\t\t<\/div>\n\t\t\t\t\t<\/div>\n\t\t","protected":false},"excerpt":{"rendered":"<p>Prisiurbimo blokai plok\u0161\u010diam\/ prasiurbiamam stalui \u012evairi\u0173 tip\u0173 stalams (prasiurbiamiems, plok\u0161tiems ir rai\u017eytiems) Schmalz si\u016blo pa\u010dius \u012fvairiausius sprendimus detali\u0173 tvirtinimui. Pla\u010diau 1<\/p>\n","protected":false},"author":1,"featured_media":0,"parent":19595,"menu_order":10039,"comment_status":"closed","ping_status":"closed","template":"","meta":{"footnotes":""},"yoast_head":"<!-- This site is optimized with the Yoast SEO plugin v20.13 - https:\/\/yoast.com\/wordpress\/plugins\/seo\/ -->\n<title>Satver\u0161anas apr\u012bkojums re\u017e\u0123a\/ligzdo\u0161anas\/plakana galda sist\u0113m\u0101m - Salija<\/title>\n<meta name=\"description\" content=\"Satver\u0161anas apr\u012bkojums re\u017e\u0123a\/ligzdo\u0161anas\/plakana galda sist\u0113m\u0101m - Salija, UAB\" \/>\n<meta name=\"robots\" content=\"index, follow, max-snippet:-1, max-image-preview:large, max-video-preview:-1\" \/>\n<link rel=\"canonical\" href=\"https:\/\/salija.lt\/lt\/produktai\/detaliu-tvirtinimas-vakuumu\/medienos-detaliu-tvirtinimas-apdirbimui\/prisiurbimo-blokai-ploksciam-prasiurbiamam-stalui\/\" \/>\n<meta property=\"og:locale\" content=\"lv_LV\" \/>\n<meta property=\"og:type\" content=\"article\" \/>\n<meta property=\"og:title\" content=\"Satver\u0161anas apr\u012bkojums re\u017e\u0123a\/ligzdo\u0161anas\/plakana galda sist\u0113m\u0101m - Salija\" \/>\n<meta property=\"og:description\" content=\"Satver\u0161anas apr\u012bkojums re\u017e\u0123a\/ligzdo\u0161anas\/plakana galda sist\u0113m\u0101m - Salija, UAB\" \/>\n<meta property=\"og:url\" content=\"https:\/\/salija.lt\/lt\/produktai\/detaliu-tvirtinimas-vakuumu\/medienos-detaliu-tvirtinimas-apdirbimui\/prisiurbimo-blokai-ploksciam-prasiurbiamam-stalui\/\" \/>\n<meta property=\"og:site_name\" content=\"Salija\" \/>\n<meta property=\"article:modified_time\" content=\"2022-04-29T22:04:05+00:00\" \/>\n<meta property=\"og:image\" content=\"http:\/\/salija.lt\/wp-content\/uploads\/2022\/02\/Flat.jpg\" \/>\n<meta name=\"twitter:card\" content=\"summary_large_image\" \/>\n<script type=\"application\/ld+json\" class=\"yoast-schema-graph\">{\"@context\":\"https:\/\/schema.org\",\"@graph\":[{\"@type\":\"WebPage\",\"@id\":\"https:\/\/salija.lt\/lt\/produktai\/detaliu-tvirtinimas-vakuumu\/medienos-detaliu-tvirtinimas-apdirbimui\/prisiurbimo-blokai-ploksciam-prasiurbiamam-stalui\/\",\"url\":\"https:\/\/salija.lt\/lt\/produktai\/detaliu-tvirtinimas-vakuumu\/medienos-detaliu-tvirtinimas-apdirbimui\/prisiurbimo-blokai-ploksciam-prasiurbiamam-stalui\/\",\"name\":\"Satver\u0161anas apr\u012bkojums re\u017e\u0123a\/ligzdo\u0161anas\/plakana galda sist\u0113m\u0101m - Salija\",\"isPartOf\":{\"@id\":\"https:\/\/salija.lt\/lt\/#website\"},\"datePublished\":\"2022-01-23T18:29:58+00:00\",\"dateModified\":\"2022-04-29T22:04:05+00:00\",\"description\":\"Satver\u0161anas apr\u012bkojums re\u017e\u0123a\/ligzdo\u0161anas\/plakana galda sist\u0113m\u0101m - Salija, UAB\",\"breadcrumb\":{\"@id\":\"https:\/\/salija.lt\/lt\/produktai\/detaliu-tvirtinimas-vakuumu\/medienos-detaliu-tvirtinimas-apdirbimui\/prisiurbimo-blokai-ploksciam-prasiurbiamam-stalui\/#breadcrumb\"},\"inLanguage\":\"lv-LV\",\"potentialAction\":[{\"@type\":\"ReadAction\",\"target\":[\"https:\/\/salija.lt\/lt\/produktai\/detaliu-tvirtinimas-vakuumu\/medienos-detaliu-tvirtinimas-apdirbimui\/prisiurbimo-blokai-ploksciam-prasiurbiamam-stalui\/\"]}]},{\"@type\":\"BreadcrumbList\",\"@id\":\"https:\/\/salija.lt\/lt\/produktai\/detaliu-tvirtinimas-vakuumu\/medienos-detaliu-tvirtinimas-apdirbimui\/prisiurbimo-blokai-ploksciam-prasiurbiamam-stalui\/#breadcrumb\",\"itemListElement\":[{\"@type\":\"ListItem\",\"position\":1,\"name\":\"Home\",\"item\":\"https:\/\/salija.lt\/lv\/\"},{\"@type\":\"ListItem\",\"position\":2,\"name\":\"Produkti\",\"item\":\"https:\/\/salija.lt\/lt\/produktai\/\"},{\"@type\":\"ListItem\",\"position\":3,\"name\":\"Vakuuma satver\u0161anas tehnolo\u0123ija\",\"item\":\"https:\/\/salija.lt\/lt\/produktai\/detaliu-tvirtinimas-vakuumu\/\"},{\"@type\":\"ListItem\",\"position\":4,\"name\":\"Satver\u0161anas apr\u012bkojums kokapstr\u0101d\u0113\",\"item\":\"https:\/\/salija.lt\/lt\/produktai\/detaliu-tvirtinimas-vakuumu\/medienos-detaliu-tvirtinimas-apdirbimui\/\"},{\"@type\":\"ListItem\",\"position\":5,\"name\":\"Satver\u0161anas apr\u012bkojums re\u017e\u0123a\/ligzdo\u0161anas\/plakana galda sist\u0113m\u0101m\"}]},{\"@type\":\"WebSite\",\"@id\":\"https:\/\/salija.lt\/lt\/#website\",\"url\":\"https:\/\/salija.lt\/lt\/\",\"name\":\"Salija\",\"description\":\"\",\"potentialAction\":[{\"@type\":\"SearchAction\",\"target\":{\"@type\":\"EntryPoint\",\"urlTemplate\":\"https:\/\/salija.lt\/lt\/?s={search_term_string}\"},\"query-input\":\"required name=search_term_string\"}],\"inLanguage\":\"lv-LV\"}]}<\/script>\n<!-- \/ Yoast SEO plugin. -->","yoast_head_json":{"title":"Satver\u0161anas apr\u012bkojums re\u017e\u0123a\/ligzdo\u0161anas\/plakana galda sist\u0113m\u0101m - Salija","description":"Satver\u0161anas apr\u012bkojums re\u017e\u0123a\/ligzdo\u0161anas\/plakana galda sist\u0113m\u0101m - Salija, UAB","robots":{"index":"index","follow":"follow","max-snippet":"max-snippet:-1","max-image-preview":"max-image-preview:large","max-video-preview":"max-video-preview:-1"},"canonical":"https:\/\/salija.lt\/lt\/produktai\/detaliu-tvirtinimas-vakuumu\/medienos-detaliu-tvirtinimas-apdirbimui\/prisiurbimo-blokai-ploksciam-prasiurbiamam-stalui\/","og_locale":"lv_LV","og_type":"article","og_title":"Satver\u0161anas apr\u012bkojums re\u017e\u0123a\/ligzdo\u0161anas\/plakana galda sist\u0113m\u0101m - Salija","og_description":"Satver\u0161anas apr\u012bkojums re\u017e\u0123a\/ligzdo\u0161anas\/plakana galda sist\u0113m\u0101m - Salija, UAB","og_url":"https:\/\/salija.lt\/lt\/produktai\/detaliu-tvirtinimas-vakuumu\/medienos-detaliu-tvirtinimas-apdirbimui\/prisiurbimo-blokai-ploksciam-prasiurbiamam-stalui\/","og_site_name":"Salija","article_modified_time":"2022-04-29T22:04:05+00:00","og_image":[{"url":"http:\/\/salija.lt\/wp-content\/uploads\/2022\/02\/Flat.jpg"}],"twitter_card":"summary_large_image","schema":{"@context":"https:\/\/schema.org","@graph":[{"@type":"WebPage","@id":"https:\/\/salija.lt\/lt\/produktai\/detaliu-tvirtinimas-vakuumu\/medienos-detaliu-tvirtinimas-apdirbimui\/prisiurbimo-blokai-ploksciam-prasiurbiamam-stalui\/","url":"https:\/\/salija.lt\/lt\/produktai\/detaliu-tvirtinimas-vakuumu\/medienos-detaliu-tvirtinimas-apdirbimui\/prisiurbimo-blokai-ploksciam-prasiurbiamam-stalui\/","name":"Satver\u0161anas apr\u012bkojums re\u017e\u0123a\/ligzdo\u0161anas\/plakana galda sist\u0113m\u0101m - Salija","isPartOf":{"@id":"https:\/\/salija.lt\/lt\/#website"},"datePublished":"2022-01-23T18:29:58+00:00","dateModified":"2022-04-29T22:04:05+00:00","description":"Satver\u0161anas apr\u012bkojums re\u017e\u0123a\/ligzdo\u0161anas\/plakana galda sist\u0113m\u0101m - Salija, UAB","breadcrumb":{"@id":"https:\/\/salija.lt\/lt\/produktai\/detaliu-tvirtinimas-vakuumu\/medienos-detaliu-tvirtinimas-apdirbimui\/prisiurbimo-blokai-ploksciam-prasiurbiamam-stalui\/#breadcrumb"},"inLanguage":"lv-LV","potentialAction":[{"@type":"ReadAction","target":["https:\/\/salija.lt\/lt\/produktai\/detaliu-tvirtinimas-vakuumu\/medienos-detaliu-tvirtinimas-apdirbimui\/prisiurbimo-blokai-ploksciam-prasiurbiamam-stalui\/"]}]},{"@type":"BreadcrumbList","@id":"https:\/\/salija.lt\/lt\/produktai\/detaliu-tvirtinimas-vakuumu\/medienos-detaliu-tvirtinimas-apdirbimui\/prisiurbimo-blokai-ploksciam-prasiurbiamam-stalui\/#breadcrumb","itemListElement":[{"@type":"ListItem","position":1,"name":"Home","item":"https:\/\/salija.lt\/lv\/"},{"@type":"ListItem","position":2,"name":"Produkti","item":"https:\/\/salija.lt\/lt\/produktai\/"},{"@type":"ListItem","position":3,"name":"Vakuuma satver\u0161anas tehnolo\u0123ija","item":"https:\/\/salija.lt\/lt\/produktai\/detaliu-tvirtinimas-vakuumu\/"},{"@type":"ListItem","position":4,"name":"Satver\u0161anas apr\u012bkojums kokapstr\u0101d\u0113","item":"https:\/\/salija.lt\/lt\/produktai\/detaliu-tvirtinimas-vakuumu\/medienos-detaliu-tvirtinimas-apdirbimui\/"},{"@type":"ListItem","position":5,"name":"Satver\u0161anas apr\u012bkojums re\u017e\u0123a\/ligzdo\u0161anas\/plakana galda sist\u0113m\u0101m"}]},{"@type":"WebSite","@id":"https:\/\/salija.lt\/lt\/#website","url":"https:\/\/salija.lt\/lt\/","name":"Salija","description":"","potentialAction":[{"@type":"SearchAction","target":{"@type":"EntryPoint","urlTemplate":"https:\/\/salija.lt\/lt\/?s={search_term_string}"},"query-input":"required name=search_term_string"}],"inLanguage":"lv-LV"}]}},"_links":{"self":[{"href":"https:\/\/salija.lt\/lv\/wp-json\/wp\/v2\/pages\/19722"}],"collection":[{"href":"https:\/\/salija.lt\/lv\/wp-json\/wp\/v2\/pages"}],"about":[{"href":"https:\/\/salija.lt\/lv\/wp-json\/wp\/v2\/types\/page"}],"author":[{"embeddable":true,"href":"https:\/\/salija.lt\/lv\/wp-json\/wp\/v2\/users\/1"}],"replies":[{"embeddable":true,"href":"https:\/\/salija.lt\/lv\/wp-json\/wp\/v2\/comments?post=19722"}],"version-history":[{"count":2,"href":"https:\/\/salija.lt\/lv\/wp-json\/wp\/v2\/pages\/19722\/revisions"}],"predecessor-version":[{"id":25931,"href":"https:\/\/salija.lt\/lv\/wp-json\/wp\/v2\/pages\/19722\/revisions\/25931"}],"up":[{"embeddable":true,"href":"https:\/\/salija.lt\/lv\/wp-json\/wp\/v2\/pages\/19595"}],"wp:attachment":[{"href":"https:\/\/salija.lt\/lv\/wp-json\/wp\/v2\/media?parent=19722"}],"curies":[{"name":"wp","href":"https:\/\/api.w.org\/{rel}","templated":true}]}}