{"id":19677,"date":"2022-01-23T20:39:45","date_gmt":"2022-01-23T18:39:45","guid":{"rendered":"https:\/\/salija.lt\/produktai\/vakuumo-komponentai\/siurbtukai\/siurbtukai-elektronikos-dalims\/"},"modified":"2023-08-08T17:11:23","modified_gmt":"2023-08-08T14:11:23","slug":"piesucekni-elektronikas-nozarei","status":"publish","type":"page","link":"https:\/\/salija.lt\/lv\/produkti\/vakuuma-sastavdalas\/piesucekni\/piesucekni-elektronikas-nozarei\/","title":{"rendered":"Pies\u016bcek\u0146i elektronikas nozarei"},"content":{"rendered":"\t\t<div data-elementor-type=\"wp-page\" data-elementor-id=\"19677\" class=\"elementor elementor-19677 elementor-7117\" data-elementor-settings=\"[]\">\n\t\t\t\t\t\t<div class=\"elementor-inner\">\n\t\t\t\t\t\t\t<div class=\"elementor-section-wrap\">\n\t\t\t\t\t\t\t<section class=\"has_ma_el_bg_slider elementor-section elementor-top-section elementor-element elementor-element-76d7222 elementor-section-boxed elementor-section-height-default elementor-section-height-default jltma-glass-effect-no\" data-id=\"76d7222\" data-element_type=\"section\">\n\t\t\t\t\t\t<div class=\"elementor-container elementor-column-gap-default\">\n\t\t\t\t\t\t\t<div class=\"elementor-row\">\n\t\t\t\t\t<div class=\"has_ma_el_bg_slider elementor-column elementor-col-100 elementor-top-column elementor-element elementor-element-a1e995a jltma-glass-effect-no\" data-id=\"a1e995a\" data-element_type=\"column\">\n\t\t\t<div class=\"elementor-column-wrap elementor-element-populated\">\n\t\t\t\t\t\t\t<div class=\"elementor-widget-wrap\">\n\t\t\t\t\t\t<div class=\"elementor-element elementor-element-bec15ed eael-product-list-column-1 jltma-glass-effect-no elementor-widget elementor-widget-eicon-woocommerce\" data-id=\"bec15ed\" data-element_type=\"widget\" data-widget_type=\"eicon-woocommerce.default\">\n\t\t\t\t<div class=\"elementor-widget-container\">\n\t\t\t\n        <div class=\"eael-product-grid  list\" id=\"eael-product-grid\" data-widget-id=\"bec15ed\" data-page-id=\"19677\" data-nonce=\"9c92c04fa3\" >\n            <div class=\"woocommerce\">\n                <ul class=\"products\" data-layout-mode=\"list\">        <li class=\"product eael-product-list-preset-4\">\n            <div class=\"eael-product-wrap\">\n                <div class=\"product-image-wrap\">\n                    <div class=\"image-wrap\">\n                        <a href=\"https:\/\/salija.lt\/lv\/produkts\/plakani-piesucekni-pfyn\/\" class=\"woocommerce-LoopProduct-link woocommerce-loop-product__link\"><img width=\"1009\" height=\"673\" src=\"https:\/\/salija.lt\/wp-content\/uploads\/2022\/02\/PF_PGE-05667_001.jpg\" class=\"attachment-full size-full\" alt=\"\" decoding=\"async\" loading=\"eager\" fetchpriority=\"high\" srcset=\"https:\/\/salija.lt\/wp-content\/uploads\/2022\/02\/PF_PGE-05667_001.jpg 1009w, https:\/\/salija.lt\/wp-content\/uploads\/2022\/02\/PF_PGE-05667_001-300x200.jpg 300w, https:\/\/salija.lt\/wp-content\/uploads\/2022\/02\/PF_PGE-05667_001-768x512.jpg 768w\" sizes=\"(max-width: 1009px) 100vw, 1009px\" \/><\/a>                    <\/div>\n                <\/div>\n                <div class=\"product-details-wrap\">\n                    <div class=\"eael-product-title\">\n                                    <a href=\"https:\/\/salija.lt\/lv\/produkts\/plakani-piesucekni-pfyn\/\" class=\"woocommerce-LoopProduct-link woocommerce-loop-product__link\"><h2>Plakani pies\u016bcek\u0146i PFYN<\/h2><\/a>\n                                    <\/div><div class=\"eael-product-excerpt\"><p>Apa\u013c\u0161, plakans pies\u016bceknis univers\u0101lai izmanto\u0161anai elektronikas jom\u0101.<\/p><\/div>\n                    <ul class=\"icons-wrap details-block-style\">\n                                                <li class=\"add-to-cart\"><a class=\"button\" href=\"https:\/\/salija.lt\/lv\/produkts\/plakani-piesucekni-pfyn\/\">Las\u012bt vair\u0101k<\/a><\/li>\n\n\t                                                                        <li class=\"eael-product-quick-view\">\n                                <a id=\"eael_quick_view_69d2ba5cef63c\" data-quickview-setting=\"{&quot;widget_id&quot;:&quot;bec15ed&quot;,&quot;product_id&quot;:25616,&quot;page_id&quot;:19677}\"\n                                   class=\"eael-product-grid-open-popup open-popup-link\">\n                                    <i class=\"fas fa-eye\"><\/i>\n                                <\/a>\n                            <\/li>\n                                            <\/ul>\n                <\/div>\n            <\/div>\n        <\/li>\n                <li class=\"product eael-product-list-preset-4\">\n            <div class=\"eael-product-wrap\">\n                <div class=\"product-image-wrap\">\n                    <div class=\"image-wrap\">\n                        <a href=\"https:\/\/salija.lt\/lv\/produkts\/plakani-piesucekni-sff-2\/\" class=\"woocommerce-LoopProduct-link woocommerce-loop-product__link\"><img width=\"1010\" height=\"673\" src=\"https:\/\/salija.lt\/wp-content\/uploads\/2022\/02\/PF_PGE-05819.jpg\" class=\"attachment-full size-full\" alt=\"\" decoding=\"async\" loading=\"eager\" srcset=\"https:\/\/salija.lt\/wp-content\/uploads\/2022\/02\/PF_PGE-05819.jpg 1010w, https:\/\/salija.lt\/wp-content\/uploads\/2022\/02\/PF_PGE-05819-300x200.jpg 300w, https:\/\/salija.lt\/wp-content\/uploads\/2022\/02\/PF_PGE-05819-768x512.jpg 768w\" sizes=\"(max-width: 1010px) 100vw, 1010px\" \/><\/a>                    <\/div>\n                <\/div>\n                <div class=\"product-details-wrap\">\n                    <div class=\"eael-product-title\">\n                                    <a href=\"https:\/\/salija.lt\/lv\/produkts\/plakani-piesucekni-sff-2\/\" class=\"woocommerce-LoopProduct-link woocommerce-loop-product__link\"><h2>Plakani pies\u016bcek\u0146i SFF<\/h2><\/a>\n                                    <\/div><div class=\"eael-product-excerpt\"><p>Apa\u013c\u0161 pies\u016bceknis maig\u0101m darb\u012bb\u0101m ar jut\u012bgiem un trausliem materi\u0101liem.<\/p><\/div>\n                    <ul class=\"icons-wrap details-block-style\">\n                                                <li class=\"add-to-cart\"><a class=\"button\" href=\"https:\/\/salija.lt\/lv\/produkts\/plakani-piesucekni-sff-2\/\">Las\u012bt vair\u0101k<\/a><\/li>\n\n\t                                                                        <li class=\"eael-product-quick-view\">\n                                <a id=\"eael_quick_view_69d2ba5cf0165\" data-quickview-setting=\"{&quot;widget_id&quot;:&quot;bec15ed&quot;,&quot;product_id&quot;:25626,&quot;page_id&quot;:19677}\"\n                                   class=\"eael-product-grid-open-popup open-popup-link\">\n                                    <i class=\"fas fa-eye\"><\/i>\n                                <\/a>\n                            <\/li>\n                                            <\/ul>\n                <\/div>\n            <\/div>\n        <\/li>\n        <\/ul><nav id='bec15ed-eael-pagination' class='eael-woo-pagination' data-plimit='3' data-totalpage ='2' data-widgetid='bec15ed' data-pageid='19677' data-args='post_type=product&post_status%5B0%5D=publish&post_status%5B1%5D=pending&post_status%5B2%5D=future&posts_per_page=3&order=desc&offset=0&tax_query%5B0%5D%5Btaxonomy%5D=product_cat&tax_query%5B0%5D%5Bfield%5D=slug&tax_query%5B0%5D%5Bterms%5D%5B0%5D=siurbtukai-elektronikos-dalims&tax_query%5B0%5D%5Boperator%5D=IN&orderby=date&meta_query%5Brelation%5D=AND&max_page=1&total_post=2'  data-template='{\"dir\":\"free\",\"file_name\":\"default\",\"name\":\"eicon-woocommerce\"}'><ul class='page-numbers'><li><a href='javascript:void(0);' id='post' class='page-numbers current' data-pnumber='1'>1<\/a><\/li><\/ul><\/nav>            <\/div>\n        <\/div>\n\n        <script type=\"text\/javascript\">\n            jQuery(document).ready(function($) {\n                var $scope = jQuery(\".elementor-element-bec15ed\");\n                var $products = $('.products', $scope);\n                var $layout_mode = $products.data('layout-mode');\n                \n                if ( $layout_mode === 'masonry' ) {\n                    \/\/ init isotope\n                    var $isotope_products = $products.isotope({\n                        itemSelector: \"li.product\",\n                        layoutMode: $layout_mode,\n                        percentPosition: true\n                    });\n\n                    $isotope_products.imagesLoaded().progress( function() {\n                        $isotope_products.isotope('layout');\n                    })\n\n                    $(window).on('resize', function() {\n                        $isotope_products.isotope('layout');\n                    });\n                }\n            });\n        <\/script>\n        \t\t<\/div>\n\t\t\t\t<\/div>\n\t\t\t\t\t\t<\/div>\n\t\t\t\t\t<\/div>\n\t\t<\/div>\n\t\t\t\t\t\t\t\t<\/div>\n\t\t\t\t\t<\/div>\n\t\t<\/section>\n\t\t\t\t<section class=\"has_ma_el_bg_slider elementor-section elementor-top-section elementor-element elementor-element-76fc500 elementor-section-full_width elementor-section-height-default elementor-section-height-default jltma-glass-effect-no\" data-id=\"76fc500\" data-element_type=\"section\">\n\t\t\t\t\t\t<div class=\"elementor-container elementor-column-gap-no\">\n\t\t\t\t\t\t\t<div class=\"elementor-row\">\n\t\t\t\t\t<div class=\"has_ma_el_bg_slider elementor-column elementor-col-100 elementor-top-column elementor-element elementor-element-0b0406d jltma-glass-effect-no\" data-id=\"0b0406d\" data-element_type=\"column\">\n\t\t\t<div class=\"elementor-column-wrap elementor-element-populated\">\n\t\t\t\t\t\t\t<div class=\"elementor-widget-wrap\">\n\t\t\t\t\t\t<div class=\"elementor-element elementor-element-11fec4d jltma-glass-effect-no elementor-widget elementor-widget-template\" data-id=\"11fec4d\" data-element_type=\"widget\" data-widget_type=\"template.default\">\n\t\t\t\t<div class=\"elementor-widget-container\">\n\t\t\t\t\t<div class=\"elementor-template\">\n\t\t\t\t\t<div data-elementor-type=\"section\" data-elementor-id=\"28584\" class=\"elementor elementor-28584\" data-elementor-settings=\"[]\">\n\t\t<div class=\"elementor-section-wrap\">\n\t\t\t\t\t<section class=\"has_ma_el_bg_slider elementor-section elementor-top-section elementor-element elementor-element-92855a2 elementor-section-boxed elementor-section-height-default elementor-section-height-default jltma-glass-effect-no\" data-id=\"92855a2\" data-element_type=\"section\" data-settings=\"{&quot;background_background&quot;:&quot;classic&quot;}\">\n\t\t\t\t\t\t<div class=\"elementor-container elementor-column-gap-default\">\n\t\t\t\t\t\t\t<div class=\"elementor-row\">\n\t\t\t\t\t<div class=\"has_ma_el_bg_slider elementor-column elementor-col-100 elementor-top-column elementor-element elementor-element-e69ee4b jltma-glass-effect-no\" data-id=\"e69ee4b\" data-element_type=\"column\">\n\t\t\t<div class=\"elementor-column-wrap elementor-element-populated\">\n\t\t\t\t\t\t\t<div class=\"elementor-widget-wrap\">\n\t\t\t\t\t\t<section class=\"has_ma_el_bg_slider elementor-section elementor-inner-section elementor-element elementor-element-3c229a9 elementor-section-boxed elementor-section-height-default elementor-section-height-default jltma-glass-effect-no\" data-id=\"3c229a9\" data-element_type=\"section\">\n\t\t\t\t\t\t<div class=\"elementor-container elementor-column-gap-no\">\n\t\t\t\t\t\t\t<div class=\"elementor-row\">\n\t\t\t\t\t<div class=\"has_ma_el_bg_slider elementor-column elementor-col-50 elementor-inner-column elementor-element elementor-element-aca1c8e jltma-glass-effect-no\" data-id=\"aca1c8e\" data-element_type=\"column\">\n\t\t\t<div class=\"elementor-column-wrap elementor-element-populated\">\n\t\t\t\t\t\t\t<div class=\"elementor-widget-wrap\">\n\t\t\t\t\t\t<div class=\"elementor-element elementor-element-1af1638 elementor-widget__width-initial acenter jltma-glass-effect-no elementor-widget elementor-widget-wgl-double-headings\" data-id=\"1af1638\" data-element_type=\"widget\" data-widget_type=\"wgl-double-headings.default\">\n\t\t\t\t<div class=\"elementor-widget-container\">\n\t\t\t<div class=\"wgl-double_heading\"><h3 class=\"dbl__title-wrapper\"><span class=\"dbl__title dbl__title_3\">Sa\u0146emiet komerci\u0101lu pied\u0101v\u0101jumu<\/span><\/h3><\/div>\t\t<\/div>\n\t\t\t\t<\/div>\n\t\t\t\t\t\t<\/div>\n\t\t\t\t\t<\/div>\n\t\t<\/div>\n\t\t\t\t<div class=\"has_ma_el_bg_slider elementor-column elementor-col-50 elementor-inner-column elementor-element elementor-element-5ae9d14 jltma-glass-effect-no\" data-id=\"5ae9d14\" data-element_type=\"column\">\n\t\t\t<div class=\"elementor-column-wrap elementor-element-populated\">\n\t\t\t\t\t\t\t<div class=\"elementor-widget-wrap\">\n\t\t\t\t\t\t<div class=\"elementor-element elementor-element-498e73e elementor-align-center jltma-glass-effect-no elementor-widget elementor-widget-button\" data-id=\"498e73e\" data-element_type=\"widget\" data-widget_type=\"button.default\">\n\t\t\t\t<div class=\"elementor-widget-container\">\n\t\t\t\t\t<div class=\"elementor-button-wrapper\">\n\t\t\t<a href=\"mailto:edgars@salija.eu\" target=\"_blank\" class=\"elementor-button-link elementor-button elementor-size-sm\" role=\"button\">\n\t\t\t\t\t\t<span class=\"elementor-button-content-wrapper\">\n\t\t\t\t\t\t<span class=\"elementor-button-text\">SAZINIETIES<\/span>\n\t\t<\/span>\n\t\t\t\t\t<\/a>\n\t\t<\/div>\n\t\t\t\t<\/div>\n\t\t\t\t<\/div>\n\t\t\t\t\t\t<\/div>\n\t\t\t\t\t<\/div>\n\t\t<\/div>\n\t\t\t\t\t\t\t\t<\/div>\n\t\t\t\t\t<\/div>\n\t\t<\/section>\n\t\t\t\t\t\t<\/div>\n\t\t\t\t\t<\/div>\n\t\t<\/div>\n\t\t\t\t\t\t\t\t<\/div>\n\t\t\t\t\t<\/div>\n\t\t<\/section>\n\t\t\t\t<section class=\"has_ma_el_bg_slider elementor-section elementor-top-section elementor-element elementor-element-0487ea7 elementor-section-boxed elementor-section-height-default elementor-section-height-default jltma-glass-effect-no\" data-id=\"0487ea7\" data-element_type=\"section\" data-settings=\"{&quot;background_background&quot;:&quot;classic&quot;}\">\n\t\t\t\t\t\t<div class=\"elementor-container elementor-column-gap-default\">\n\t\t\t\t\t\t\t<div class=\"elementor-row\">\n\t\t\t\t\t<div class=\"has_ma_el_bg_slider elementor-column elementor-col-100 elementor-top-column elementor-element elementor-element-c782b9f jltma-glass-effect-no\" data-id=\"c782b9f\" data-element_type=\"column\">\n\t\t\t<div class=\"elementor-column-wrap elementor-element-populated\">\n\t\t\t\t\t\t\t<div class=\"elementor-widget-wrap\">\n\t\t\t\t\t\t<div class=\"elementor-element elementor-element-0f533c8 jltma-glass-effect-no elementor-widget elementor-widget-spacer\" data-id=\"0f533c8\" data-element_type=\"widget\" data-widget_type=\"spacer.default\">\n\t\t\t\t<div class=\"elementor-widget-container\">\n\t\t\t\t\t<div class=\"elementor-spacer\">\n\t\t\t<div class=\"elementor-spacer-inner\"><\/div>\n\t\t<\/div>\n\t\t\t\t<\/div>\n\t\t\t\t<\/div>\n\t\t\t\t\t\t<\/div>\n\t\t\t\t\t<\/div>\n\t\t<\/div>\n\t\t\t\t\t\t\t\t<\/div>\n\t\t\t\t\t<\/div>\n\t\t<\/section>\n\t\t\t\t<\/div>\n\t\t<\/div>\n\t\t\t\t<\/div>\n\t\t\t\t<\/div>\n\t\t\t\t<\/div>\n\t\t\t\t\t\t<\/div>\n\t\t\t\t\t<\/div>\n\t\t<\/div>\n\t\t\t\t\t\t\t\t<\/div>\n\t\t\t\t\t<\/div>\n\t\t<\/section>\n\t\t\t\t\t\t<\/div>\n\t\t\t\t\t\t<\/div>\n\t\t\t\t\t<\/div>\n\t\t","protected":false},"excerpt":{"rendered":"<p>Plakani pies\u016bcek\u0146i PFYN Apa\u013c\u0161, plakans pies\u016bceknis univers\u0101lai izmanto\u0161anai elektronikas jom\u0101. Las\u012bt vair\u0101k Plakani pies\u016bcek\u0146i SFF Apa\u013c\u0161 pies\u016bceknis maig\u0101m darb\u012bb\u0101m ar jut\u012bgiem un trausliem materi\u0101liem. Las\u012bt vair\u0101k 1<\/p>\n","protected":false},"author":1,"featured_media":0,"parent":19615,"menu_order":10059,"comment_status":"closed","ping_status":"closed","template":"","meta":{"footnotes":""},"yoast_head":"<!-- This site is optimized with the Yoast SEO plugin v20.13 - https:\/\/yoast.com\/wordpress\/plugins\/seo\/ -->\n<title>Pies\u016bcek\u0146i elektronikas nozarei - Salija<\/title>\n<meta name=\"description\" content=\"Pies\u016bcek\u0146i elektronikas nozarei - Salija, UAB\" \/>\n<meta name=\"robots\" content=\"index, follow, max-snippet:-1, max-image-preview:large, max-video-preview:-1\" \/>\n<link rel=\"canonical\" href=\"https:\/\/salija.lt\/lt\/produktai\/vakuumo-komponentai\/siurbtukai\/siurbtukai-elektronikos-dalims\/\" \/>\n<meta property=\"og:locale\" content=\"lv_LV\" \/>\n<meta property=\"og:type\" content=\"article\" \/>\n<meta property=\"og:title\" content=\"Pies\u016bcek\u0146i elektronikas nozarei - Salija\" \/>\n<meta property=\"og:description\" content=\"Pies\u016bcek\u0146i elektronikas nozarei - Salija, UAB\" \/>\n<meta property=\"og:url\" content=\"https:\/\/salija.lt\/lt\/produktai\/vakuumo-komponentai\/siurbtukai\/siurbtukai-elektronikos-dalims\/\" \/>\n<meta property=\"og:site_name\" content=\"Salija\" \/>\n<meta property=\"article:modified_time\" content=\"2023-08-08T14:11:23+00:00\" \/>\n<meta property=\"og:image\" content=\"http:\/\/salija.lt\/wp-content\/uploads\/2022\/02\/PF_PGE-05667_001.jpg\" \/>\n<meta name=\"twitter:card\" content=\"summary_large_image\" \/>\n<script type=\"application\/ld+json\" class=\"yoast-schema-graph\">{\"@context\":\"https:\/\/schema.org\",\"@graph\":[{\"@type\":\"WebPage\",\"@id\":\"https:\/\/salija.lt\/lt\/produktai\/vakuumo-komponentai\/siurbtukai\/siurbtukai-elektronikos-dalims\/\",\"url\":\"https:\/\/salija.lt\/lt\/produktai\/vakuumo-komponentai\/siurbtukai\/siurbtukai-elektronikos-dalims\/\",\"name\":\"Pies\u016bcek\u0146i elektronikas nozarei - Salija\",\"isPartOf\":{\"@id\":\"https:\/\/salija.lt\/lt\/#website\"},\"datePublished\":\"2022-01-23T18:39:45+00:00\",\"dateModified\":\"2023-08-08T14:11:23+00:00\",\"description\":\"Pies\u016bcek\u0146i elektronikas nozarei - Salija, UAB\",\"breadcrumb\":{\"@id\":\"https:\/\/salija.lt\/lt\/produktai\/vakuumo-komponentai\/siurbtukai\/siurbtukai-elektronikos-dalims\/#breadcrumb\"},\"inLanguage\":\"lv-LV\",\"potentialAction\":[{\"@type\":\"ReadAction\",\"target\":[\"https:\/\/salija.lt\/lt\/produktai\/vakuumo-komponentai\/siurbtukai\/siurbtukai-elektronikos-dalims\/\"]}]},{\"@type\":\"BreadcrumbList\",\"@id\":\"https:\/\/salija.lt\/lt\/produktai\/vakuumo-komponentai\/siurbtukai\/siurbtukai-elektronikos-dalims\/#breadcrumb\",\"itemListElement\":[{\"@type\":\"ListItem\",\"position\":1,\"name\":\"Home\",\"item\":\"https:\/\/salija.lt\/lv\/\"},{\"@type\":\"ListItem\",\"position\":2,\"name\":\"Produkti\",\"item\":\"https:\/\/salija.lt\/lt\/produktai\/\"},{\"@type\":\"ListItem\",\"position\":3,\"name\":\"Vakuuma sast\u0101vda\u013cas\",\"item\":\"https:\/\/salija.lt\/lt\/produktai\/vakuumo-komponentai\/\"},{\"@type\":\"ListItem\",\"position\":4,\"name\":\"Pies\u016bcek\u0146i\",\"item\":\"https:\/\/salija.lt\/lt\/produktai\/vakuumo-komponentai\/siurbtukai\/\"},{\"@type\":\"ListItem\",\"position\":5,\"name\":\"Pies\u016bcek\u0146i elektronikas nozarei\"}]},{\"@type\":\"WebSite\",\"@id\":\"https:\/\/salija.lt\/lt\/#website\",\"url\":\"https:\/\/salija.lt\/lt\/\",\"name\":\"Salija\",\"description\":\"\",\"potentialAction\":[{\"@type\":\"SearchAction\",\"target\":{\"@type\":\"EntryPoint\",\"urlTemplate\":\"https:\/\/salija.lt\/lt\/?s={search_term_string}\"},\"query-input\":\"required name=search_term_string\"}],\"inLanguage\":\"lv-LV\"}]}<\/script>\n<!-- \/ Yoast SEO plugin. -->","yoast_head_json":{"title":"Pies\u016bcek\u0146i elektronikas nozarei - Salija","description":"Pies\u016bcek\u0146i elektronikas nozarei - Salija, UAB","robots":{"index":"index","follow":"follow","max-snippet":"max-snippet:-1","max-image-preview":"max-image-preview:large","max-video-preview":"max-video-preview:-1"},"canonical":"https:\/\/salija.lt\/lt\/produktai\/vakuumo-komponentai\/siurbtukai\/siurbtukai-elektronikos-dalims\/","og_locale":"lv_LV","og_type":"article","og_title":"Pies\u016bcek\u0146i elektronikas nozarei - Salija","og_description":"Pies\u016bcek\u0146i elektronikas nozarei - Salija, UAB","og_url":"https:\/\/salija.lt\/lt\/produktai\/vakuumo-komponentai\/siurbtukai\/siurbtukai-elektronikos-dalims\/","og_site_name":"Salija","article_modified_time":"2023-08-08T14:11:23+00:00","og_image":[{"url":"http:\/\/salija.lt\/wp-content\/uploads\/2022\/02\/PF_PGE-05667_001.jpg"}],"twitter_card":"summary_large_image","schema":{"@context":"https:\/\/schema.org","@graph":[{"@type":"WebPage","@id":"https:\/\/salija.lt\/lt\/produktai\/vakuumo-komponentai\/siurbtukai\/siurbtukai-elektronikos-dalims\/","url":"https:\/\/salija.lt\/lt\/produktai\/vakuumo-komponentai\/siurbtukai\/siurbtukai-elektronikos-dalims\/","name":"Pies\u016bcek\u0146i elektronikas nozarei - Salija","isPartOf":{"@id":"https:\/\/salija.lt\/lt\/#website"},"datePublished":"2022-01-23T18:39:45+00:00","dateModified":"2023-08-08T14:11:23+00:00","description":"Pies\u016bcek\u0146i elektronikas nozarei - Salija, UAB","breadcrumb":{"@id":"https:\/\/salija.lt\/lt\/produktai\/vakuumo-komponentai\/siurbtukai\/siurbtukai-elektronikos-dalims\/#breadcrumb"},"inLanguage":"lv-LV","potentialAction":[{"@type":"ReadAction","target":["https:\/\/salija.lt\/lt\/produktai\/vakuumo-komponentai\/siurbtukai\/siurbtukai-elektronikos-dalims\/"]}]},{"@type":"BreadcrumbList","@id":"https:\/\/salija.lt\/lt\/produktai\/vakuumo-komponentai\/siurbtukai\/siurbtukai-elektronikos-dalims\/#breadcrumb","itemListElement":[{"@type":"ListItem","position":1,"name":"Home","item":"https:\/\/salija.lt\/lv\/"},{"@type":"ListItem","position":2,"name":"Produkti","item":"https:\/\/salija.lt\/lt\/produktai\/"},{"@type":"ListItem","position":3,"name":"Vakuuma sast\u0101vda\u013cas","item":"https:\/\/salija.lt\/lt\/produktai\/vakuumo-komponentai\/"},{"@type":"ListItem","position":4,"name":"Pies\u016bcek\u0146i","item":"https:\/\/salija.lt\/lt\/produktai\/vakuumo-komponentai\/siurbtukai\/"},{"@type":"ListItem","position":5,"name":"Pies\u016bcek\u0146i elektronikas nozarei"}]},{"@type":"WebSite","@id":"https:\/\/salija.lt\/lt\/#website","url":"https:\/\/salija.lt\/lt\/","name":"Salija","description":"","potentialAction":[{"@type":"SearchAction","target":{"@type":"EntryPoint","urlTemplate":"https:\/\/salija.lt\/lt\/?s={search_term_string}"},"query-input":"required name=search_term_string"}],"inLanguage":"lv-LV"}]}},"_links":{"self":[{"href":"https:\/\/salija.lt\/lv\/wp-json\/wp\/v2\/pages\/19677"}],"collection":[{"href":"https:\/\/salija.lt\/lv\/wp-json\/wp\/v2\/pages"}],"about":[{"href":"https:\/\/salija.lt\/lv\/wp-json\/wp\/v2\/types\/page"}],"author":[{"embeddable":true,"href":"https:\/\/salija.lt\/lv\/wp-json\/wp\/v2\/users\/1"}],"replies":[{"embeddable":true,"href":"https:\/\/salija.lt\/lv\/wp-json\/wp\/v2\/comments?post=19677"}],"version-history":[{"count":5,"href":"https:\/\/salija.lt\/lv\/wp-json\/wp\/v2\/pages\/19677\/revisions"}],"predecessor-version":[{"id":28843,"href":"https:\/\/salija.lt\/lv\/wp-json\/wp\/v2\/pages\/19677\/revisions\/28843"}],"up":[{"embeddable":true,"href":"https:\/\/salija.lt\/lv\/wp-json\/wp\/v2\/pages\/19615"}],"wp:attachment":[{"href":"https:\/\/salija.lt\/lv\/wp-json\/wp\/v2\/media?parent=19677"}],"curies":[{"name":"wp","href":"https:\/\/api.w.org\/{rel}","templated":true}]}}