{"id":19549,"date":"2022-01-24T05:39:12","date_gmt":"2022-01-24T03:39:12","guid":{"rendered":"https:\/\/salija.lt\/apie-mus\/naujienos\/"},"modified":"2022-04-05T11:14:15","modified_gmt":"2022-04-05T08:14:15","slug":"zinas","status":"publish","type":"page","link":"https:\/\/salija.lt\/lv\/par-mums\/zinas\/","title":{"rendered":"Zi\u0146as"},"content":{"rendered":"\t\t<div data-elementor-type=\"wp-page\" data-elementor-id=\"19549\" class=\"elementor elementor-19549 elementor-7651\" data-elementor-settings=\"[]\">\n\t\t\t\t\t\t<div class=\"elementor-inner\">\n\t\t\t\t\t\t\t<div class=\"elementor-section-wrap\">\n\t\t\t\t\t\t\t<section class=\"has_ma_el_bg_slider elementor-section elementor-top-section elementor-element elementor-element-e512dc5 elementor-section-boxed elementor-section-height-default elementor-section-height-default jltma-glass-effect-no\" data-id=\"e512dc5\" data-element_type=\"section\">\n\t\t\t\t\t\t<div class=\"elementor-container elementor-column-gap-default\">\n\t\t\t\t\t\t\t<div class=\"elementor-row\">\n\t\t\t\t\t<div class=\"has_ma_el_bg_slider elementor-column elementor-col-100 elementor-top-column elementor-element elementor-element-e46f478 jltma-glass-effect-no\" data-id=\"e46f478\" data-element_type=\"column\">\n\t\t\t<div class=\"elementor-column-wrap elementor-element-populated\">\n\t\t\t\t\t\t\t<div class=\"elementor-widget-wrap\">\n\t\t\t\t\t\t<div class=\"elementor-element elementor-element-a5a51d4 jltma-glass-effect-no elementor-widget elementor-widget-spacer\" data-id=\"a5a51d4\" data-element_type=\"widget\" data-widget_type=\"spacer.default\">\n\t\t\t\t<div class=\"elementor-widget-container\">\n\t\t\t\t\t<div class=\"elementor-spacer\">\n\t\t\t<div class=\"elementor-spacer-inner\"><\/div>\n\t\t<\/div>\n\t\t\t\t<\/div>\n\t\t\t\t<\/div>\n\t\t\t\t\t\t<\/div>\n\t\t\t\t\t<\/div>\n\t\t<\/div>\n\t\t\t\t\t\t\t\t<\/div>\n\t\t\t\t\t<\/div>\n\t\t<\/section>\n\t\t\t\t<section class=\"has_ma_el_bg_slider elementor-section elementor-top-section elementor-element elementor-element-43e8386 elementor-section-full_width elementor-section-height-default elementor-section-height-default jltma-glass-effect-no\" data-id=\"43e8386\" data-element_type=\"section\">\n\t\t\t\t\t\t<div class=\"elementor-container elementor-column-gap-default\">\n\t\t\t\t\t\t\t<div class=\"elementor-row\">\n\t\t\t\t\t<div class=\"has_ma_el_bg_slider elementor-column elementor-col-100 elementor-top-column elementor-element elementor-element-6eab7de jltma-glass-effect-no\" data-id=\"6eab7de\" data-element_type=\"column\">\n\t\t\t<div class=\"elementor-column-wrap elementor-element-populated\">\n\t\t\t\t\t\t\t<div class=\"elementor-widget-wrap\">\n\t\t\t\t\t\t<div class=\"elementor-element elementor-element-b60fd73 nav-center jltma-glass-effect-no elementor-widget elementor-widget-wgl-blog\" data-id=\"b60fd73\" data-element_type=\"widget\" data-settings=\"{&quot;blog_columns&quot;:&quot;3&quot;}\" data-widget_type=\"wgl-blog.default\">\n\t\t\t\t<div class=\"elementor-widget-container\">\n\t\t\t<section class=\"wgl_cpt_section\"><div class=\"blog-posts\"><div class=\"container-grid row blog_columns-4 grid blog-style-standard\"><div class=\"wgl_col-3 item\"><div class=\"blog-post format-standard-image\"><div class=\"blog-post_wrapper\"><div class=\"blog-post_media\"><div class=\"blog-post_media_part\"><a href=\"https:\/\/salija.lt\/lv\/saoxb-jaunums-loksnu-metala-apstrade\/\" class=\"media-link image-overlay\"><img decoding=\"async\" src=\"https:\/\/salija.lt\/wp-content\/uploads\/2025\/06\/A_PGE-06323_005-740x740.jpg\" alt=\"\"><\/a><\/div><span class=\"post_categories\"><span><a href=\"https:\/\/salija.lt\/lv\/produktu-jaunumi\/\">Produktu jaunumi<\/a><\/span><\/span><\/div><div class=\"blog-post_content\"><div class=\"meta-data\"><span class=\"post_date\">2025-06-02<\/span><\/div><h5 class=\"blog-post_title\"><a href=\"https:\/\/salija.lt\/lv\/saoxb-jaunums-loksnu-metala-apstrade\/\">SAOXB \u2013 jaunums lok\u0161\u0146u met\u0101la apstr\u0101d\u0113<\/a><\/h5><div class=\"blog-post_text\"><p>Ar Schmalz jaun\u0101s s\u0113rijas SAOXB ov\u0101lo pies\u016bcekni \u2013 lok\u0161\u0146u met\u0101la apstr\u0101de k\u013c\u016bst vienk\u0101r\u0161\u0101ka. Tie ir...<\/p><\/div><div class=\"blog-post_meta-wrap\"><div class=\"read-more-wrap\"><a href=\"https:\/\/salija.lt\/lv\/saoxb-jaunums-loksnu-metala-apstrade\/\" class=\"button-read-more\"><span>Las\u012bt vair\u0101k<\/span><\/a><\/div><\/div><\/div><\/div><\/div><\/div><div class=\"wgl_col-3 item\"><div class=\"blog-post format-standard-image\"><div class=\"blog-post_wrapper\"><div class=\"blog-post_media\"><div class=\"blog-post_media_part\"><a href=\"https:\/\/salija.lt\/lv\/laiks-palielities-jauna-jumbo-flex-atdzimsana\/\" class=\"media-link image-overlay\"><img decoding=\"async\" src=\"https:\/\/salija.lt\/wp-content\/uploads\/2025\/02\/Picture_Application_HS_JumboFlex_Control-Unit_2024_05-740x740.jpg\" alt=\"\"><\/a><\/div><span class=\"post_categories\"><span><a href=\"https:\/\/salija.lt\/lv\/produktu-jaunumi\/\">Produktu jaunumi<\/a><\/span><\/span><\/div><div class=\"blog-post_content\"><div class=\"meta-data\"><span class=\"post_date\">2025-02-05<\/span><\/div><h5 class=\"blog-post_title\"><a href=\"https:\/\/salija.lt\/lv\/laiks-palielities-jauna-jumbo-flex-atdzimsana\/\">Laiks paliel\u012bties, jaun\u0101 Jumbo Flex atdzim\u0161ana!<\/a><\/h5><div class=\"blog-post_text\"><p>Vakuuma sist\u0113mas pac\u0113l\u0101js Jumbo Flex jau vair\u0101k k\u0101 10 gadus ir pirm\u0101 izv\u0113le, lai ergonomiski un...<\/p><\/div><div class=\"blog-post_meta-wrap\"><div class=\"read-more-wrap\"><a href=\"https:\/\/salija.lt\/lv\/laiks-palielities-jauna-jumbo-flex-atdzimsana\/\" class=\"button-read-more\"><span>Las\u012bt vair\u0101k<\/span><\/a><\/div><\/div><\/div><\/div><\/div><\/div><div class=\"wgl_col-3 item\"><div class=\"blog-post format-standard-image\"><div class=\"blog-post_wrapper\"><div class=\"blog-post_media\"><div class=\"blog-post_media_part\"><a href=\"https:\/\/salija.lt\/lv\/inovacija-partikas-industrija-mgrip-pirkstu-satverejs\/\" class=\"media-link image-overlay\"><img decoding=\"async\" src=\"https:\/\/salija.lt\/wp-content\/uploads\/2024\/12\/5761d954390b_A_PGE-06319_002-740x740.webp\" alt=\"\"><\/a><\/div><span class=\"post_categories\"><span><a href=\"https:\/\/salija.lt\/lv\/produktu-jaunumi\/\">Produktu jaunumi<\/a><\/span><\/span><\/div><div class=\"blog-post_content\"><div class=\"meta-data\"><span class=\"post_date\">2024-12-01<\/span><\/div><h5 class=\"blog-post_title\"><a href=\"https:\/\/salija.lt\/lv\/inovacija-partikas-industrija-mgrip-pirkstu-satverejs\/\">Inov\u0101cija p\u0101rtikas industrij\u0101 &#8211; mGrip pirkstu satv\u0113r\u0113js<\/a><\/h5><div class=\"blog-post_text\"><p>P\u0101rtikas nozar\u0113 vienm\u0113r ir gr\u016bti atrast vispiem\u0113rot\u0101ko risin\u0101jumu attiec\u012bb\u0101 uz p\u0101rtikas produktu...<\/p><\/div><div class=\"blog-post_meta-wrap\"><div class=\"read-more-wrap\"><a href=\"https:\/\/salija.lt\/lv\/inovacija-partikas-industrija-mgrip-pirkstu-satverejs\/\" class=\"button-read-more\"><span>Las\u012bt vair\u0101k<\/span><\/a><\/div><\/div><\/div><\/div><\/div><\/div><div class=\"wgl_col-3 item\"><div class=\"blog-post format-standard-image\"><div class=\"blog-post_wrapper\"><div class=\"blog-post_media\"><div class=\"blog-post_media_part\"><a href=\"https:\/\/salija.lt\/lv\/rezga-darbagalds-vai-cnc-apstrades-centrs-nestingam-viens-risinajums\/\" class=\"media-link image-overlay\"><img decoding=\"async\" src=\"https:\/\/salija.lt\/wp-content\/uploads\/2024\/10\/2246d36c5526_Picture_Anwendungsbilder_VA-CL_VCBL-N_VCBL-R_2024_12-740x740.webp\" alt=\"\"><\/a><\/div><span class=\"post_categories\"><span><a href=\"https:\/\/salija.lt\/lv\/produktu-jaunumi\/\">Produktu jaunumi<\/a><\/span><\/span><\/div><div class=\"blog-post_content\"><div class=\"meta-data\"><span class=\"post_date\">2024-10-24<\/span><\/div><h5 class=\"blog-post_title\"><a href=\"https:\/\/salija.lt\/lv\/rezga-darbagalds-vai-cnc-apstrades-centrs-nestingam-viens-risinajums\/\">Re\u017e\u0123a darbagalds vai CNC apstr\u0101des centrs nestingam \u2013 viens risin\u0101jums<\/a><\/h5><div class=\"blog-post_text\"><p>Schmalz pied\u0101v\u0101\u00a0divi-vien\u0101 risin\u0101jumu ab\u0101m CNC darbagaldu sist\u0113m\u0101m ar jaunajiem VCBL-R un VCBL-N...<\/p><\/div><div class=\"blog-post_meta-wrap\"><div class=\"read-more-wrap\"><a href=\"https:\/\/salija.lt\/lv\/rezga-darbagalds-vai-cnc-apstrades-centrs-nestingam-viens-risinajums\/\" class=\"button-read-more\"><span>Las\u012bt vair\u0101k<\/span><\/a><\/div><\/div><\/div><\/div><\/div><\/div><div class=\"wgl_col-3 item\"><div class=\"blog-post format-standard-image\"><div class=\"blog-post_wrapper\"><div class=\"blog-post_media\"><div class=\"blog-post_media_part\"><a href=\"https:\/\/salija.lt\/lv\/universalie-vakuuma-bloki-pedas-prieks-biesse-un-scm\/\" class=\"media-link image-overlay\"><img decoding=\"async\" src=\"https:\/\/salija.lt\/wp-content\/uploads\/2024\/10\/a49f26228a44_Picture_Anwendungsbilder_VA-CL_VCBL-S6-HD_2024_08-740x740.webp\" alt=\"\"><\/a><\/div><span class=\"post_categories\"><span><a href=\"https:\/\/salija.lt\/lv\/produktu-jaunumi\/\">Produktu jaunumi<\/a><\/span><\/span><\/div><div class=\"blog-post_content\"><div class=\"meta-data\"><span class=\"post_date\">2024-10-19<\/span><\/div><h5 class=\"blog-post_title\"><a href=\"https:\/\/salija.lt\/lv\/universalie-vakuuma-bloki-pedas-prieks-biesse-un-scm\/\">Univers\u0101lie vakuuma bloki (p\u0113das) priek\u0161 Biesse un SCM<\/a><\/h5><div class=\"blog-post_text\"><p>Schmalz ir izstr\u0101d\u0101jis jaunus vakuuma blokus priek\u0161 Biesse un SCM\/Morbidelli CNC darbagaldiem,...<\/p><\/div><div class=\"blog-post_meta-wrap\"><div class=\"read-more-wrap\"><a href=\"https:\/\/salija.lt\/lv\/universalie-vakuuma-bloki-pedas-prieks-biesse-un-scm\/\" class=\"button-read-more\"><span>Las\u012bt vair\u0101k<\/span><\/a><\/div><\/div><\/div><\/div><\/div><\/div><div class=\"wgl_col-3 item\"><div class=\"blog-post format-standard-image\"><div class=\"blog-post_wrapper\"><div class=\"blog-post_media\"><div class=\"blog-post_media_part\"><a href=\"https:\/\/salija.lt\/lv\/mini-kompaktais-terminalis-sctmi-iol\/\" class=\"media-link image-overlay\"><img decoding=\"async\" src=\"https:\/\/salija.lt\/wp-content\/uploads\/2024\/05\/03f949b974c5_A_PGE-06244_005-740x740.webp\" alt=\"\"><\/a><\/div><span class=\"post_categories\"><span><a href=\"https:\/\/salija.lt\/lv\/produktu-jaunumi\/\">Produktu jaunumi<\/a><\/span><\/span><\/div><div class=\"blog-post_content\"><div class=\"meta-data\"><span class=\"post_date\">2024-05-07<\/span><\/div><h5 class=\"blog-post_title\"><a href=\"https:\/\/salija.lt\/lv\/mini-kompaktais-terminalis-sctmi-iol\/\">Mini kompaktais termin\u0101lis SCTMi-IOL<\/a><\/h5><div class=\"blog-post_text\"><p>Automatiz\u0101cijas izaicin\u0101jumi m\u016bsdien\u0101s \u2013 sp\u0113ja piel\u0101goties, ra\u017eo\u0161anas procesu optimiz\u0101cija un...<\/p><\/div><div class=\"blog-post_meta-wrap\"><div class=\"read-more-wrap\"><a href=\"https:\/\/salija.lt\/lv\/mini-kompaktais-terminalis-sctmi-iol\/\" class=\"button-read-more\"><span>Las\u012bt vair\u0101k<\/span><\/a><\/div><\/div><\/div><\/div><\/div><\/div><div class=\"wgl_col-3 item\"><div class=\"blog-post format-standard-image\"><div class=\"blog-post_wrapper\"><div class=\"blog-post_media\"><div class=\"blog-post_media_part\"><a href=\"https:\/\/salija.lt\/lv\/schmalz-ir-apvienojis-riku-sistemu-sxt-ar-jumbo-pacelaju\/\" class=\"media-link image-overlay\"><img decoding=\"async\" src=\"https:\/\/salija.lt\/wp-content\/uploads\/2022\/06\/picture_hs_jumbo_sxt_02-740x740.jpg\" alt=\"\"><\/a><\/div><span class=\"post_categories\"><span><a href=\"https:\/\/salija.lt\/lv\/produktu-jaunumi\/\">Produktu jaunumi<\/a><\/span><\/span><\/div><div class=\"blog-post_content\"><div class=\"meta-data\"><span class=\"post_date\">2022-06-06<\/span><\/div><h5 class=\"blog-post_title\"><a href=\"https:\/\/salija.lt\/lv\/schmalz-ir-apvienojis-riku-sistemu-sxt-ar-jumbo-pacelaju\/\">Schmalz ir apvienojis r\u012bku\u00a0 sist\u0113mu SXT ar Jumbo pac\u0113l\u0101ju<\/a><\/h5><div class=\"blog-post_text\"><p>Pielietojot jauno savienojumu SXT satv\u0113r\u0113js viegli un \u0113rti ir pievienojams\u00a0 Jumbo pac\u0113l\u0101jam. L\u012bdz...<\/p><\/div><div class=\"blog-post_meta-wrap\"><div class=\"read-more-wrap\"><a href=\"https:\/\/salija.lt\/lv\/schmalz-ir-apvienojis-riku-sistemu-sxt-ar-jumbo-pacelaju\/\" class=\"button-read-more\"><span>Las\u012bt vair\u0101k<\/span><\/a><\/div><\/div><\/div><\/div><\/div><\/div><div class=\"wgl_col-3 item\"><div class=\"blog-post format-standard-image\"><div class=\"blog-post_wrapper\"><div class=\"blog-post_media\"><div class=\"blog-post_media_part\"><a href=\"https:\/\/salija.lt\/lv\/mehaniska-satversanas-sistema-visiem-cnc-apstrades-centriem\/\" class=\"media-link image-overlay\"><img decoding=\"async\" src=\"https:\/\/salija.lt\/wp-content\/uploads\/2022\/05\/A_PGE-05845_004-740x740.webp\" alt=\"\"><\/a><\/div><span class=\"post_categories\"><span><a href=\"https:\/\/salija.lt\/lv\/produktu-jaunumi\/\">Produktu jaunumi<\/a><\/span><\/span><\/div><div class=\"blog-post_content\"><div class=\"meta-data\"><span class=\"post_date\">2022-05-09<\/span><\/div><h5 class=\"blog-post_title\"><a href=\"https:\/\/salija.lt\/lv\/mehaniska-satversanas-sistema-visiem-cnc-apstrades-centriem\/\">Meh\u0101nisk\u0101 satver\u0161anas sist\u0113ma visiem CNC apstr\u0101des centriem<\/a><\/h5><div class=\"blog-post_text\"><p>Schmalz ir izstr\u0101d\u0101jis meh\u0101nisku satver\u0161anas sist\u0113mu CNC apstr\u0101des centriem. T\u0101 ir labi piem\u0113rota...<\/p><\/div><div class=\"blog-post_meta-wrap\"><div class=\"read-more-wrap\"><a href=\"https:\/\/salija.lt\/lv\/mehaniska-satversanas-sistema-visiem-cnc-apstrades-centriem\/\" class=\"button-read-more\"><span>Las\u012bt vair\u0101k<\/span><\/a><\/div><\/div><\/div><\/div><\/div><\/div><div class=\"wgl_col-3 item\"><div class=\"blog-post format-standard-image\"><div class=\"blog-post_wrapper\"><div class=\"blog-post_media\"><div class=\"blog-post_media_part\"><a href=\"https:\/\/salija.lt\/lv\/atsperes-gremdvirzuli-fst-lock-hd-ar-papildu-induktiviem-devejiem\/\" class=\"media-link image-overlay\"><img decoding=\"async\" src=\"https:\/\/salija.lt\/wp-content\/uploads\/2022\/05\/fst-740x740.jpg\" alt=\"\"><\/a><\/div><span class=\"post_categories\"><span><a href=\"https:\/\/salija.lt\/lv\/produktu-jaunumi\/\">Produktu jaunumi<\/a><\/span><\/span><\/div><div class=\"blog-post_content\"><div class=\"meta-data\"><span class=\"post_date\">2022-05-09<\/span><\/div><h5 class=\"blog-post_title\"><a href=\"https:\/\/salija.lt\/lv\/atsperes-gremdvirzuli-fst-lock-hd-ar-papildu-induktiviem-devejiem\/\">Atsperes gremdvirzu\u013ci FST-LOCK-HD ar papildu indukt\u012bviem dev\u0113jiem<\/a><\/h5><div class=\"blog-post_text\"><p>Schmalz ir izstr\u0101d\u0101jis jaunu atsperes gremdvirzu\u013cu s\u0113riju FST-LOCK-HD ar integr\u0113tiem indukt\u012bviem...<\/p><\/div><div class=\"blog-post_meta-wrap\"><div class=\"read-more-wrap\"><a href=\"https:\/\/salija.lt\/lv\/atsperes-gremdvirzuli-fst-lock-hd-ar-papildu-induktiviem-devejiem\/\" class=\"button-read-more\"><span>Las\u012bt vair\u0101k<\/span><\/a><\/div><\/div><\/div><\/div><\/div><\/div><div class=\"wgl_col-3 item\"><div class=\"blog-post format-standard-image\"><div class=\"blog-post_wrapper\"><div class=\"blog-post_media\"><div class=\"blog-post_media_part\"><a href=\"https:\/\/salija.lt\/lv\/jauns-vakuuma-bloks-vcbl-s6-kas-paredzets-scm-iekartam\/\" class=\"media-link image-overlay\"><img decoding=\"async\" src=\"https:\/\/salija.lt\/wp-content\/uploads\/2022\/03\/2021-11_schmalz_va-cl_fb-blocksauger-vcbl-s6_bild-1-740x740.jpg\" alt=\"\"><\/a><\/div><span class=\"post_categories\"><span><a href=\"https:\/\/salija.lt\/lv\/produktu-jaunumi\/\">Produktu jaunumi<\/a><\/span><\/span><\/div><div class=\"blog-post_content\"><div class=\"meta-data\"><span class=\"post_date\">2022-04-25<\/span><\/div><h5 class=\"blog-post_title\"><a href=\"https:\/\/salija.lt\/lv\/jauns-vakuuma-bloks-vcbl-s6-kas-paredzets-scm-iekartam\/\">Jauns vakuuma bloks VCBL-S6, kas paredz\u0113ts SCM iek\u0101rt\u0101m<\/a><\/h5><div class=\"blog-post_text\"><p>Schmalz ir papildin\u0101jis savu produktu kl\u0101stu ar jaunas s\u0113rijas vakuuma bloku VCBL-S6, kas paredz\u0113ts...<\/p><\/div><div class=\"blog-post_meta-wrap\"><div class=\"read-more-wrap\"><a href=\"https:\/\/salija.lt\/lv\/jauns-vakuuma-bloks-vcbl-s6-kas-paredzets-scm-iekartam\/\" class=\"button-read-more\"><span>Las\u012bt vair\u0101k<\/span><\/a><\/div><\/div><\/div><\/div><\/div><\/div><div class=\"wgl_col-3 item\"><div class=\"blog-post format-standard-image\"><div class=\"blog-post_wrapper\"><div class=\"blog-post_media\"><div class=\"blog-post_media_part\"><a href=\"https:\/\/salija.lt\/lv\/bellows-suction-cups-fsdc-40-for-handling-baked-goods\/\" class=\"media-link image-overlay\"><img decoding=\"async\" src=\"https:\/\/salija.lt\/wp-content\/uploads\/2022\/03\/1-740x740.jpg\" alt=\"\"><\/a><\/div><span class=\"post_categories\"><span><a href=\"https:\/\/salija.lt\/lv\/produktu-jaunumi\/\">Produktu jaunumi<\/a><\/span><\/span><\/div><div class=\"blog-post_content\"><div class=\"meta-data\"><span class=\"post_date\">2022-04-05<\/span><\/div><h5 class=\"blog-post_title\"><a href=\"https:\/\/salija.lt\/lv\/bellows-suction-cups-fsdc-40-for-handling-baked-goods\/\">Gofr\u0113tie pies\u016bcek\u0146i FSDC-40 darbam ar maizes izstr\u0101d\u0101jumiem<\/a><\/h5><div class=\"blog-post_text\"><p>Schmalz pied\u0101v\u0101 jaunu p\u0101rtikas produktiem piem\u0113rotu pies\u016bcekni FSDC-40 tie\u0161am darbam ar p\u0101rtikas...<\/p><\/div><div class=\"blog-post_meta-wrap\"><div class=\"read-more-wrap\"><a href=\"https:\/\/salija.lt\/lv\/bellows-suction-cups-fsdc-40-for-handling-baked-goods\/\" class=\"button-read-more\"><span>Las\u012bt vair\u0101k<\/span><\/a><\/div><\/div><\/div><\/div><\/div><\/div><\/div><\/div><\/section>\t\t<\/div>\n\t\t\t\t<\/div>\n\t\t\t\t\t\t<\/div>\n\t\t\t\t\t<\/div>\n\t\t<\/div>\n\t\t\t\t\t\t\t\t<\/div>\n\t\t\t\t\t<\/div>\n\t\t<\/section>\n\t\t\t\t\t\t<\/div>\n\t\t\t\t\t\t<\/div>\n\t\t\t\t\t<\/div>\n\t\t","protected":false},"excerpt":{"rendered":"<p>Produkt\u0173 naujienosMarch 29, 2022 FSDC-40 siurbtukai kepiniams kelti Schmalz&#8230; Las\u012bt vair\u0101kProdukt\u0173 naujienosMarch 8, 2022 Nauji prisiurbimo blokai SCM stakl\u0117ms .elementor-17729&#8230; Las\u012bt vair\u0101kProdukt\u0173 naujienosApril 15, 2020 Vakuuminiai blokai, kuriuose naudojama \u201eNFC\u201c technologija, bendrauja su i\u0161maniaisiais telefonais &nbsp;Nesvarbu, ar tai b\u016bt\u0173 pradin\u0117 \u012franga, modernizavimo sprendimai, ar atsargin\u0117s dalys, \u201eJ&#8230;. Las\u012bt vair\u0101kProdukt\u0173 naujienosApril 14, 2020 Daugiau saugumo kraunant [&hellip;]<\/p>\n","protected":false},"author":1,"featured_media":0,"parent":19342,"menu_order":0,"comment_status":"closed","ping_status":"closed","template":"","meta":{"footnotes":""},"yoast_head":"<!-- This site is optimized with the Yoast SEO plugin v20.13 - https:\/\/yoast.com\/wordpress\/plugins\/seo\/ -->\n<title>Zi\u0146as - Salija<\/title>\n<meta name=\"description\" content=\"Zi\u0146as - Salija, UAB\" \/>\n<meta name=\"robots\" content=\"index, follow, max-snippet:-1, max-image-preview:large, max-video-preview:-1\" \/>\n<link rel=\"canonical\" href=\"https:\/\/salija.lt\/lt\/apie-mus\/naujienos\/\" \/>\n<meta property=\"og:locale\" content=\"lv_LV\" \/>\n<meta property=\"og:type\" content=\"article\" \/>\n<meta property=\"og:title\" content=\"Zi\u0146as - Salija\" \/>\n<meta property=\"og:description\" content=\"Zi\u0146as - Salija, UAB\" \/>\n<meta property=\"og:url\" content=\"https:\/\/salija.lt\/lt\/apie-mus\/naujienos\/\" \/>\n<meta property=\"og:site_name\" content=\"Salija\" \/>\n<meta property=\"article:modified_time\" content=\"2022-04-05T08:14:15+00:00\" \/>\n<meta property=\"og:image\" content=\"http:\/\/salija.lt\/wp-content\/uploads\/2022\/03\/1-1-740x740.jpg\" \/>\n<meta name=\"twitter:card\" content=\"summary_large_image\" \/>\n<meta name=\"twitter:label1\" content=\"Est. reading time\" \/>\n\t<meta name=\"twitter:data1\" content=\"3 minutes\" \/>\n<script type=\"application\/ld+json\" class=\"yoast-schema-graph\">{\"@context\":\"https:\/\/schema.org\",\"@graph\":[{\"@type\":\"WebPage\",\"@id\":\"https:\/\/salija.lt\/lt\/apie-mus\/naujienos\/\",\"url\":\"https:\/\/salija.lt\/lt\/apie-mus\/naujienos\/\",\"name\":\"Zi\u0146as - Salija\",\"isPartOf\":{\"@id\":\"https:\/\/salija.lt\/lt\/#website\"},\"datePublished\":\"2022-01-24T03:39:12+00:00\",\"dateModified\":\"2022-04-05T08:14:15+00:00\",\"description\":\"Zi\u0146as - Salija, UAB\",\"breadcrumb\":{\"@id\":\"https:\/\/salija.lt\/lt\/apie-mus\/naujienos\/#breadcrumb\"},\"inLanguage\":\"lv-LV\",\"potentialAction\":[{\"@type\":\"ReadAction\",\"target\":[\"https:\/\/salija.lt\/lt\/apie-mus\/naujienos\/\"]}]},{\"@type\":\"BreadcrumbList\",\"@id\":\"https:\/\/salija.lt\/lt\/apie-mus\/naujienos\/#breadcrumb\",\"itemListElement\":[{\"@type\":\"ListItem\",\"position\":1,\"name\":\"Home\",\"item\":\"https:\/\/salija.lt\/lv\/\"},{\"@type\":\"ListItem\",\"position\":2,\"name\":\"Par mums\",\"item\":\"https:\/\/salija.lt\/lt\/apie-mus\/\"},{\"@type\":\"ListItem\",\"position\":3,\"name\":\"Zi\u0146as\"}]},{\"@type\":\"WebSite\",\"@id\":\"https:\/\/salija.lt\/lt\/#website\",\"url\":\"https:\/\/salija.lt\/lt\/\",\"name\":\"Salija\",\"description\":\"\",\"potentialAction\":[{\"@type\":\"SearchAction\",\"target\":{\"@type\":\"EntryPoint\",\"urlTemplate\":\"https:\/\/salija.lt\/lt\/?s={search_term_string}\"},\"query-input\":\"required name=search_term_string\"}],\"inLanguage\":\"lv-LV\"}]}<\/script>\n<!-- \/ Yoast SEO plugin. -->","yoast_head_json":{"title":"Zi\u0146as - Salija","description":"Zi\u0146as - Salija, UAB","robots":{"index":"index","follow":"follow","max-snippet":"max-snippet:-1","max-image-preview":"max-image-preview:large","max-video-preview":"max-video-preview:-1"},"canonical":"https:\/\/salija.lt\/lt\/apie-mus\/naujienos\/","og_locale":"lv_LV","og_type":"article","og_title":"Zi\u0146as - Salija","og_description":"Zi\u0146as - Salija, UAB","og_url":"https:\/\/salija.lt\/lt\/apie-mus\/naujienos\/","og_site_name":"Salija","article_modified_time":"2022-04-05T08:14:15+00:00","og_image":[{"url":"http:\/\/salija.lt\/wp-content\/uploads\/2022\/03\/1-1-740x740.jpg"}],"twitter_card":"summary_large_image","twitter_misc":{"Est. reading time":"3 minutes"},"schema":{"@context":"https:\/\/schema.org","@graph":[{"@type":"WebPage","@id":"https:\/\/salija.lt\/lt\/apie-mus\/naujienos\/","url":"https:\/\/salija.lt\/lt\/apie-mus\/naujienos\/","name":"Zi\u0146as - Salija","isPartOf":{"@id":"https:\/\/salija.lt\/lt\/#website"},"datePublished":"2022-01-24T03:39:12+00:00","dateModified":"2022-04-05T08:14:15+00:00","description":"Zi\u0146as - Salija, UAB","breadcrumb":{"@id":"https:\/\/salija.lt\/lt\/apie-mus\/naujienos\/#breadcrumb"},"inLanguage":"lv-LV","potentialAction":[{"@type":"ReadAction","target":["https:\/\/salija.lt\/lt\/apie-mus\/naujienos\/"]}]},{"@type":"BreadcrumbList","@id":"https:\/\/salija.lt\/lt\/apie-mus\/naujienos\/#breadcrumb","itemListElement":[{"@type":"ListItem","position":1,"name":"Home","item":"https:\/\/salija.lt\/lv\/"},{"@type":"ListItem","position":2,"name":"Par mums","item":"https:\/\/salija.lt\/lt\/apie-mus\/"},{"@type":"ListItem","position":3,"name":"Zi\u0146as"}]},{"@type":"WebSite","@id":"https:\/\/salija.lt\/lt\/#website","url":"https:\/\/salija.lt\/lt\/","name":"Salija","description":"","potentialAction":[{"@type":"SearchAction","target":{"@type":"EntryPoint","urlTemplate":"https:\/\/salija.lt\/lt\/?s={search_term_string}"},"query-input":"required name=search_term_string"}],"inLanguage":"lv-LV"}]}},"_links":{"self":[{"href":"https:\/\/salija.lt\/lv\/wp-json\/wp\/v2\/pages\/19549"}],"collection":[{"href":"https:\/\/salija.lt\/lv\/wp-json\/wp\/v2\/pages"}],"about":[{"href":"https:\/\/salija.lt\/lv\/wp-json\/wp\/v2\/types\/page"}],"author":[{"embeddable":true,"href":"https:\/\/salija.lt\/lv\/wp-json\/wp\/v2\/users\/1"}],"replies":[{"embeddable":true,"href":"https:\/\/salija.lt\/lv\/wp-json\/wp\/v2\/comments?post=19549"}],"version-history":[{"count":4,"href":"https:\/\/salija.lt\/lv\/wp-json\/wp\/v2\/pages\/19549\/revisions"}],"predecessor-version":[{"id":24152,"href":"https:\/\/salija.lt\/lv\/wp-json\/wp\/v2\/pages\/19549\/revisions\/24152"}],"up":[{"embeddable":true,"href":"https:\/\/salija.lt\/lv\/wp-json\/wp\/v2\/pages\/19342"}],"wp:attachment":[{"href":"https:\/\/salija.lt\/lv\/wp-json\/wp\/v2\/media?parent=19549"}],"curies":[{"name":"wp","href":"https:\/\/api.w.org\/{rel}","templated":true}]}}