{"id":19344,"date":"2022-02-06T19:37:35","date_gmt":"2022-02-06T17:37:35","guid":{"rendered":"https:\/\/salija.lt\/keltuvu-nuoma\/"},"modified":"2025-02-05T07:26:24","modified_gmt":"2025-02-05T05:26:24","slug":"vakuuma-pacelaju-noma","status":"publish","type":"page","link":"https:\/\/salija.lt\/lv\/vakuuma-pacelaju-noma\/","title":{"rendered":"Vakuuma pac\u0113l\u0101ju noma"},"content":{"rendered":"\t\t<div data-elementor-type=\"wp-page\" data-elementor-id=\"19344\" class=\"elementor elementor-19344 elementor-10127\" data-elementor-settings=\"[]\">\n\t\t\t\t\t\t<div class=\"elementor-inner\">\n\t\t\t\t\t\t\t<div class=\"elementor-section-wrap\">\n\t\t\t\t\t\t\t<section class=\"has_ma_el_bg_slider elementor-section elementor-top-section elementor-element elementor-element-d378342 elementor-hidden-tablet elementor-hidden-phone elementor-section-boxed elementor-section-height-default elementor-section-height-default jltma-glass-effect-no\" data-id=\"d378342\" data-element_type=\"section\">\n\t\t\t\t\t\t<div class=\"elementor-container elementor-column-gap-default\">\n\t\t\t\t\t\t\t<div class=\"elementor-row\">\n\t\t\t\t\t<div class=\"has_ma_el_bg_slider elementor-column elementor-col-100 elementor-top-column elementor-element elementor-element-83cde4c jltma-glass-effect-no\" data-id=\"83cde4c\" data-element_type=\"column\">\n\t\t\t<div class=\"elementor-column-wrap elementor-element-populated\">\n\t\t\t\t\t\t\t<div class=\"elementor-widget-wrap\">\n\t\t\t\t\t\t<div class=\"elementor-element elementor-element-4e91603 jltma-glass-effect-no elementor-widget elementor-widget-spacer\" data-id=\"4e91603\" data-element_type=\"widget\" data-widget_type=\"spacer.default\">\n\t\t\t\t<div class=\"elementor-widget-container\">\n\t\t\t\t\t<div class=\"elementor-spacer\">\n\t\t\t<div class=\"elementor-spacer-inner\"><\/div>\n\t\t<\/div>\n\t\t\t\t<\/div>\n\t\t\t\t<\/div>\n\t\t\t\t\t\t<\/div>\n\t\t\t\t\t<\/div>\n\t\t<\/div>\n\t\t\t\t\t\t\t\t<\/div>\n\t\t\t\t\t<\/div>\n\t\t<\/section>\n\t\t\t\t<section class=\"has_ma_el_bg_slider elementor-section elementor-top-section elementor-element elementor-element-9c54455 elementor-section-boxed elementor-section-height-default elementor-section-height-default jltma-glass-effect-no\" data-id=\"9c54455\" data-element_type=\"section\">\n\t\t\t\t\t\t<div class=\"elementor-container elementor-column-gap-default\">\n\t\t\t\t\t\t\t<div class=\"elementor-row\">\n\t\t\t\t\t<div class=\"has_ma_el_bg_slider elementor-column elementor-col-50 elementor-top-column elementor-element elementor-element-62df80ca jltma-glass-effect-no\" data-id=\"62df80ca\" data-element_type=\"column\">\n\t\t\t<div class=\"elementor-column-wrap elementor-element-populated\">\n\t\t\t\t\t\t\t<div class=\"elementor-widget-wrap\">\n\t\t\t\t\t\t<div class=\"elementor-element elementor-element-5b3d6240 jltma-glass-effect-no elementor-widget elementor-widget-spacer\" data-id=\"5b3d6240\" data-element_type=\"widget\" data-widget_type=\"spacer.default\">\n\t\t\t\t<div class=\"elementor-widget-container\">\n\t\t\t\t\t<div class=\"elementor-spacer\">\n\t\t\t<div class=\"elementor-spacer-inner\"><\/div>\n\t\t<\/div>\n\t\t\t\t<\/div>\n\t\t\t\t<\/div>\n\t\t\t\t<div class=\"elementor-element elementor-element-1a2c0637 aleft jltma-glass-effect-no elementor-widget elementor-widget-wgl-double-headings\" data-id=\"1a2c0637\" data-element_type=\"widget\" data-widget_type=\"wgl-double-headings.default\">\n\t\t\t\t<div class=\"elementor-widget-container\">\n\t\t\t<div class=\"wgl-double_heading\"><div class=\"dbl__subtitle\">Pac\u0113l\u0101ja noma<\/div><h3 class=\"dbl__title-wrapper\"><span class=\"dbl__title dbl__title_1\">Vakuuma c\u0113l\u0113jier\u012bces<\/span><span class=\"dbl__title dbl__title_2\"> [VacuMaster Glass 600] <\/span><span class=\"dbl__title dbl__title_3\">noma\n<\/span><\/h3><\/div>\t\t<\/div>\n\t\t\t\t<\/div>\n\t\t\t\t<div class=\"elementor-element elementor-element-6a3f685d jltma-glass-effect-no elementor-widget elementor-widget-wgl-testimonials\" data-id=\"6a3f685d\" data-element_type=\"widget\" data-widget_type=\"wgl-testimonials.default\">\n\t\t\t\t<div class=\"elementor-widget-container\">\n\t\t\t<div  class=\"wgl-testimonials type-inline_bottom aleft\"><div class=\"wgl-testimonials-item_wrap wgl_col-12\"><div class=\"wgl-testimonials_item\"><div class=\"content_wrap\"><div class=\"wgl-testimonials_quote\"><p>Vakuuma c\u0113l\u0113jier\u012bce<strong> VacuMaster Glass 600<\/strong> ir lieliski piem\u0113rota stikla p\u0101rvieto\u0161anai \u0101rpus telp\u0101m.<\/p><p><strong>Lai ieg\u016btu vair\u0101k inform\u0101cijas<\/strong>: t\u0101lr: +370 68664650; e-pasta adrese <a href=\"mailto:Osvaldas.bareikis@salija.eu\" target=\"_blank\" rel=\"noopener\">info@salija.eu<\/a>.<\/p><\/div><\/div><div class=\"meta_wrap\"><div class=\"wgl-testimonials_image\"><a href=\"https:\/\/www.schmalz.com\/en\/\" target=\"_blank\"><img decoding=\"async\" src=\"http:\/\/salija.lt\/wp-content\/uploads\/2022\/01\/Schmalz-logo-90x48.png\" alt=\"J. Schmalz GmbH produkts photo\"  style=\"width: 90px;\"><\/a><\/div><div class=\"name_wrap\"><h3 class=\"wgl-testimonials_name\"><a href=\"https:\/\/www.schmalz.com\/en\/\" target=\"_blank\">J. Schmalz GmbH produkts<\/a><\/h3><\/div><\/div><\/div><\/div><\/div>\t\t<\/div>\n\t\t\t\t<\/div>\n\t\t\t\t\t\t<\/div>\n\t\t\t\t\t<\/div>\n\t\t<\/div>\n\t\t\t\t<div class=\"has_ma_el_bg_slider elementor-column elementor-col-50 elementor-top-column elementor-element elementor-element-5b7a10b6 jltma-glass-effect-no\" data-id=\"5b7a10b6\" data-element_type=\"column\" data-settings=\"{&quot;background_background&quot;:&quot;classic&quot;}\">\n\t\t\t<div class=\"elementor-column-wrap elementor-element-populated\">\n\t\t\t\t\t\t\t<div class=\"elementor-widget-wrap\">\n\t\t\t\t\t\t<div class=\"elementor-element elementor-element-478f5be5 jltma-glass-effect-no elementor-widget elementor-widget-spacer\" data-id=\"478f5be5\" data-element_type=\"widget\" data-widget_type=\"spacer.default\">\n\t\t\t\t<div class=\"elementor-widget-container\">\n\t\t\t\t\t<div class=\"elementor-spacer\">\n\t\t\t<div class=\"elementor-spacer-inner\"><\/div>\n\t\t<\/div>\n\t\t\t\t<\/div>\n\t\t\t\t<\/div>\n\t\t\t\t<div data-jltma-wrapper-link=\"{&quot;url&quot;:&quot;https:\\\/\\\/youtu.be\\\/cfCdmJ7g6ks&quot;,&quot;is_external&quot;:&quot;on&quot;,&quot;nofollow&quot;:&quot;&quot;,&quot;custom_attributes&quot;:&quot;&quot;}\" style=\"cursor: pointer\" class=\"elementor-element elementor-element-228930a jltma-glass-effect-no elementor-widget elementor-widget-wgl-video-popup\" data-id=\"228930a\" data-element_type=\"widget\" data-widget_type=\"wgl-video-popup.default\">\n\t\t\t\t<div class=\"elementor-widget-container\">\n\t\t\t<div class=\"wgl-video_popup button_align-center animation_ring_static title_pos-  \"><div class=\"videobox_content\"><div class=\"videobox_link videobox\" data-elementor-open-lightbox=\"yes\" data-elementor-lightbox=\"{&quot;type&quot;:&quot;video&quot;,&quot;url&quot;:null,&quot;modalOptions&quot;:{&quot;id&quot;:&quot;elementor-lightbox-228930a&quot;}}\"><svg class=\"videobox_icon\" viewBox=\"0 0 10 10\"><polygon points=\"1,0 1,10 8.5,5\"\/><\/svg><div class=\"videobox_animation\"><\/div><\/div><\/div><\/div>\t\t<\/div>\n\t\t\t\t<\/div>\n\t\t\t\t<div class=\"elementor-element elementor-element-3d5ac93c jltma-glass-effect-no elementor-widget elementor-widget-spacer\" data-id=\"3d5ac93c\" data-element_type=\"widget\" data-widget_type=\"spacer.default\">\n\t\t\t\t<div class=\"elementor-widget-container\">\n\t\t\t\t\t<div class=\"elementor-spacer\">\n\t\t\t<div class=\"elementor-spacer-inner\"><\/div>\n\t\t<\/div>\n\t\t\t\t<\/div>\n\t\t\t\t<\/div>\n\t\t\t\t\t\t<\/div>\n\t\t\t\t\t<\/div>\n\t\t<\/div>\n\t\t\t\t\t\t\t\t<\/div>\n\t\t\t\t\t<\/div>\n\t\t<\/section>\n\t\t\t\t<section class=\"has_ma_el_bg_slider elementor-section elementor-top-section elementor-element elementor-element-6f99053a elementor-section-boxed elementor-section-height-default elementor-section-height-default jltma-glass-effect-no\" data-id=\"6f99053a\" data-element_type=\"section\">\n\t\t\t\t\t\t<div class=\"elementor-container elementor-column-gap-default\">\n\t\t\t\t\t\t\t<div class=\"elementor-row\">\n\t\t\t\t\t<div class=\"has_ma_el_bg_slider elementor-column elementor-col-100 elementor-top-column elementor-element elementor-element-21c677c5 jltma-glass-effect-no\" data-id=\"21c677c5\" data-element_type=\"column\">\n\t\t\t<div class=\"elementor-column-wrap elementor-element-populated\">\n\t\t\t\t\t\t\t<div class=\"elementor-widget-wrap\">\n\t\t\t\t\t\t<div class=\"elementor-element elementor-element-bc20f45 jltma-glass-effect-no elementor-widget elementor-widget-spacer\" data-id=\"bc20f45\" data-element_type=\"widget\" data-widget_type=\"spacer.default\">\n\t\t\t\t<div class=\"elementor-widget-container\">\n\t\t\t\t\t<div class=\"elementor-spacer\">\n\t\t\t<div class=\"elementor-spacer-inner\"><\/div>\n\t\t<\/div>\n\t\t\t\t<\/div>\n\t\t\t\t<\/div>\n\t\t\t\t<div class=\"elementor-element elementor-element-1ddc878c acenter jltma-glass-effect-no elementor-widget elementor-widget-wgl-double-headings\" data-id=\"1ddc878c\" data-element_type=\"widget\" data-widget_type=\"wgl-double-headings.default\">\n\t\t\t\t<div class=\"elementor-widget-container\">\n\t\t\t<div class=\"wgl-double_heading\"><div class=\"dbl__subtitle\">Vakuuma c\u0113l\u0113jier\u012bces<\/div><h3 class=\"dbl__title-wrapper\"><span class=\"dbl__title dbl__title_1\">Tehniskie<\/span><span class=\"dbl__title dbl__title_2\"> [VacuMaster Glass 600]\n<\/span><span class=\"dbl__title dbl__title_3\">parametri<\/span><\/h3><\/div>\t\t<\/div>\n\t\t\t\t<\/div>\n\t\t\t\t<div class=\"elementor-element elementor-element-6d3f2570 jltma-glass-effect-no elementor-widget elementor-widget-spacer\" data-id=\"6d3f2570\" data-element_type=\"widget\" data-widget_type=\"spacer.default\">\n\t\t\t\t<div class=\"elementor-widget-container\">\n\t\t\t\t\t<div class=\"elementor-spacer\">\n\t\t\t<div class=\"elementor-spacer-inner\"><\/div>\n\t\t<\/div>\n\t\t\t\t<\/div>\n\t\t\t\t<\/div>\n\t\t\t\t\t\t<\/div>\n\t\t\t\t\t<\/div>\n\t\t<\/div>\n\t\t\t\t\t\t\t\t<\/div>\n\t\t\t\t\t<\/div>\n\t\t<\/section>\n\t\t\t\t<section class=\"has_ma_el_bg_slider elementor-section elementor-top-section elementor-element elementor-element-7e68fae elementor-section-boxed elementor-section-height-default elementor-section-height-default jltma-glass-effect-no\" data-id=\"7e68fae\" data-element_type=\"section\">\n\t\t\t\t\t\t<div class=\"elementor-container elementor-column-gap-default\">\n\t\t\t\t\t\t\t<div class=\"elementor-row\">\n\t\t\t\t\t<div class=\"has_ma_el_bg_slider elementor-column elementor-col-100 elementor-top-column elementor-element elementor-element-ae2026c jltma-glass-effect-no\" data-id=\"ae2026c\" data-element_type=\"column\">\n\t\t\t<div class=\"elementor-column-wrap elementor-element-populated\">\n\t\t\t\t\t\t\t<div class=\"elementor-widget-wrap\">\n\t\t\t\t\t\t<div class=\"elementor-element elementor-element-bcfd413 jltma-glass-effect-no elementor-widget elementor-widget-wgl-tabs\" data-id=\"bcfd413\" data-element_type=\"widget\" data-widget_type=\"wgl-tabs.default\">\n\t\t\t\t<div class=\"elementor-widget-container\">\n\t\t\t        <div class=\"wgl-tabs icon_position-top tabs_align-left tabs_align-left tabs_align-tablet- tabs_align-mobile- icon_position-top icon_position-tablet- icon_position-mobile-\">\n\n            <div class=\"wgl-tabs_headings\">                    <h4 data-tab-id=\"wgl-tab_1981\" class=\"wgl-tabs_header\">\n                        <span class=\"wgl-tabs_title\">Celtniec\u012bba<\/span>\n\n                                                        <span class=\"wgl-tabs_icon\">\n                                                                    <\/span>\n                                \n                    <\/h4>\n\n                                    <h4 data-tab-id=\"wgl-tab_1982\" class=\"wgl-tabs_header\">\n                        <span class=\"wgl-tabs_title\">Konfigur\u0101cija<\/span>\n\n                        \n                    <\/h4>\n\n                                    <h4 data-tab-id=\"wgl-tab_1983\" class=\"wgl-tabs_header\">\n                        <span class=\"wgl-tabs_title\">Priek\u0161roc\u012bbas<\/span>\n\n                        \n                    <\/h4>\n\n                                    <h4 data-tab-id=\"wgl-tab_1984\" class=\"wgl-tabs_header\">\n                        <span class=\"wgl-tabs_title\">Tehniskie dati<\/span>\n\n                        \n                    <\/h4>\n\n                            <\/div>\n\n            <div class=\"wgl-tabs_content-wrap\">                    <div data-tab-id=\"wgl-tab_1981\" class=\"wgl-tabs_content\">\n                    <p>Pateicoties konstrukcijai, vakuuma c\u0113l\u0113jier\u012bce VacuMaster Glass \u013cauj p\u0101rvietot da\u017e\u0101du izm\u0113ru stikla loksnes svar\u0101 l\u012bdz 600\u00a0kg. Pievienota pie viet\u0113j\u0101 celt\u0146a, t\u0101 \u013cauj viegli pacelt horizont\u0101l\u0101 vai vertik\u0101l\u0101 poz\u012bcij\u0101. P\u0101rvietojamos priek\u0161metus manu\u0101li var pagriezt l\u012bdz 90\u00b0 un rot\u0113t par 360\u00b0. Pagrie\u0161anu var fiks\u0113t ik p\u0113c 18\u00b0 un rot\u0101ciju\u00a0\u2014 ik p\u0113c 45\u00b0. \u0160\u0101d\u0101 veid\u0101 stikla loksnes tiek nevainojami piel\u0101gotas un uzst\u0101d\u012btas. Pies\u016bcek\u0146u augstuma poz\u012bcija ar\u012b ir piel\u0101gojama, un to var dar\u012bt, izmantojot atbilst\u012bgus adapterus.<\/p>                    <\/div>\n\n                                    <div data-tab-id=\"wgl-tab_1982\" class=\"wgl-tabs_content\">\n                    <p>Vakuuma c\u0113l\u0113jier\u012bci VacuMaster Glass var darbin\u0101t bez elektrobaro\u0161anas padeves. LED indikators r\u0101da 12\u00a0V atk\u0101rtoti uzl\u0101d\u0113jama un nomain\u0101ma akumulatora uzl\u0101des statusu. Turkl\u0101t regul\u0113jams vakuums\u016bknis nodro\u0161ina, ka VacuMaster Glass var darboties l\u012bdz 8\u00a0stund\u0101m.<\/p>                    <\/div>\n\n                                    <div data-tab-id=\"wgl-tab_1983\" class=\"wgl-tabs_content\">\n                    <ul><li><span>Dro\u0161a un maiga stikla priek\u0161metu p\u0101rvieto\u0161ana, neradot tiem boj\u0101jumus;<\/span><\/li><li><span>Vienk\u0101r\u0161a un ergonomiska darb\u012bba;<\/span><\/li><li><span>Augsta l\u012bme\u0146a dro\u0161\u012bba saska\u0146\u0101 ar standarta DIN EN 13155 pras\u012bb\u0101m;<\/span><\/li><li><span>Iek\u013cauta elektrobaro\u0161anas padeves zuduma uzraudz\u012bba un dro\u0161\u012bbas rezerve;<\/span><\/li><li><span>Augsts elast\u012bgums, ko nodro\u0161ina modul\u0101ra konstrukcija;<\/span><\/li><li><span>Darb\u012bba, nepievienojot pie elektrobaro\u0161anas padeves;<\/span><\/li><li><span>\u013boti plakana konstrukcija, kas \u013cauj str\u0101d\u0101t aiz plauktiem<\/span><span>.<\/span><\/li><\/ul>                    <\/div>\n\n                                    <div data-tab-id=\"wgl-tab_1984\" class=\"wgl-tabs_content\">\n                    <table width=\"601\"><tbody><tr><td width=\"301\"><p>Elektrobaro\u0161ana<\/p><\/td><td width=\"301\"><p>Akumulators - 12 V, 4A<\/p><\/td><\/tr><tr><td width=\"301\"><p>Akumulatora jauda<\/p><\/td><td width=\"301\"><p>Akumulators - 7Ah<\/p><\/td><\/tr><tr><td width=\"301\"><p>Pies\u016bcek\u0146a lielums<\/p><\/td><td width=\"301\"><p>300 mm<\/p><\/td><\/tr><tr><td width=\"301\"><p>S\u016bk\u0161anas \u0101trums<\/p><\/td><td width=\"301\"><p>2,3 m\u00b3\/h<\/p><\/td><\/tr><tr><td width=\"301\"><p>Cel\u0161anas jauda<\/p><\/td><td width=\"301\"><p>600 kg<\/p><\/td><\/tr><tr><td width=\"301\"><p>Min. priek\u0161meta izm\u0113ri<\/p><\/td><td width=\"301\"><p>1150 x 1750 mm<\/p><\/td><\/tr><tr><td width=\"301\"><p>Dro\u0161\u012bbas rezerve<\/p><\/td><td width=\"301\"><p>1,5 l<\/p><\/td><\/tr><tr><td width=\"301\"><p>Darba temperat\u016bra<\/p><\/td><td width=\"301\"><p>0\u00b0C - 40\u00b0C<\/p><\/td><\/tr><tr><td width=\"301\">Maks. darb\u012bbas laiks<\/td><td width=\"301\"><p>apt. 8\u00a0st.<\/p><\/td><\/tr><tr><td width=\"301\"><p>Augstums\/biezums<\/p><\/td><td width=\"301\"><p>205 mm<\/p><\/td><\/tr><tr><td width=\"301\"><p>Augstums bez roktura<\/p><\/td><td width=\"301\"><p>140 mm<\/p><\/td><\/tr><\/tbody><\/table>                    <\/div>\n\n                            <\/div>\n\n        <\/div>\n        \t\t<\/div>\n\t\t\t\t<\/div>\n\t\t\t\t<div class=\"elementor-element elementor-element-ce435e3 jltma-glass-effect-no elementor-widget elementor-widget-spacer\" data-id=\"ce435e3\" data-element_type=\"widget\" data-widget_type=\"spacer.default\">\n\t\t\t\t<div class=\"elementor-widget-container\">\n\t\t\t\t\t<div class=\"elementor-spacer\">\n\t\t\t<div class=\"elementor-spacer-inner\"><\/div>\n\t\t<\/div>\n\t\t\t\t<\/div>\n\t\t\t\t<\/div>\n\t\t\t\t\t\t<\/div>\n\t\t\t\t\t<\/div>\n\t\t<\/div>\n\t\t\t\t\t\t\t\t<\/div>\n\t\t\t\t\t<\/div>\n\t\t<\/section>\n\t\t\t\t\t\t<\/div>\n\t\t\t\t\t\t<\/div>\n\t\t\t\t\t<\/div>\n\t\t","protected":false},"excerpt":{"rendered":"<p>Pac\u0113l\u0101ja noma Vakuuma c\u0113l\u0113jier\u012bces [VacuMaster Glass 600] noma Vakuuma c\u0113l\u0113jier\u012bce VacuMaster Glass 600 ir lieliski piem\u0113rota stikla p\u0101rvieto\u0161anai \u0101rpus telp\u0101m. Lai ieg\u016btu vair\u0101k inform\u0101cijas: t\u0101lr: +370 68664650; e-pasta adrese info@salija.eu. J. Schmalz GmbH produkts Vakuuma c\u0113l\u0113jier\u012bces Tehniskie [VacuMaster Glass 600] parametri Celtniec\u012bba Konfigur\u0101cija Priek\u0161roc\u012bbas Tehniskie dati Pateicoties konstrukcijai, vakuuma c\u0113l\u0113jier\u012bce VacuMaster Glass \u013cauj p\u0101rvietot da\u017e\u0101du [&hellip;]<\/p>\n","protected":false},"author":1,"featured_media":0,"parent":0,"menu_order":0,"comment_status":"closed","ping_status":"closed","template":"","meta":{"footnotes":""},"yoast_head":"<!-- This site is optimized with the Yoast SEO plugin v20.13 - https:\/\/yoast.com\/wordpress\/plugins\/seo\/ -->\n<title>Vakuuma pac\u0113l\u0101ju noma - Salija<\/title>\n<meta name=\"description\" content=\"Vakuuma pac\u0113l\u0101ju noma - Salija, UAB\" \/>\n<meta name=\"robots\" content=\"index, follow, max-snippet:-1, max-image-preview:large, max-video-preview:-1\" \/>\n<link rel=\"canonical\" href=\"https:\/\/salija.lt\/lv\/vakuuma-pacelaju-noma\/\" \/>\n<meta property=\"og:locale\" content=\"lv_LV\" \/>\n<meta property=\"og:type\" content=\"article\" \/>\n<meta property=\"og:title\" content=\"Vakuuma pac\u0113l\u0101ju noma - Salija\" \/>\n<meta property=\"og:description\" content=\"Vakuuma pac\u0113l\u0101ju noma - Salija, UAB\" \/>\n<meta property=\"og:url\" content=\"https:\/\/salija.lt\/lv\/vakuuma-pacelaju-noma\/\" \/>\n<meta property=\"og:site_name\" content=\"Salija\" \/>\n<meta property=\"article:modified_time\" content=\"2025-02-05T05:26:24+00:00\" \/>\n<meta property=\"og:image\" content=\"http:\/\/salija.lt\/wp-content\/uploads\/2022\/01\/Schmalz-logo-90x48.png\" \/>\n<meta name=\"twitter:card\" content=\"summary_large_image\" \/>\n<meta name=\"twitter:label1\" content=\"Est. reading time\" \/>\n\t<meta name=\"twitter:data1\" content=\"2 minutes\" \/>\n<script type=\"application\/ld+json\" class=\"yoast-schema-graph\">{\"@context\":\"https:\/\/schema.org\",\"@graph\":[{\"@type\":\"WebPage\",\"@id\":\"https:\/\/salija.lt\/lv\/vakuuma-pacelaju-noma\/\",\"url\":\"https:\/\/salija.lt\/lv\/vakuuma-pacelaju-noma\/\",\"name\":\"Vakuuma pac\u0113l\u0101ju noma - Salija\",\"isPartOf\":{\"@id\":\"https:\/\/salija.lt\/lt\/#website\"},\"datePublished\":\"2022-02-06T17:37:35+00:00\",\"dateModified\":\"2025-02-05T05:26:24+00:00\",\"description\":\"Vakuuma pac\u0113l\u0101ju noma - Salija, UAB\",\"breadcrumb\":{\"@id\":\"https:\/\/salija.lt\/lv\/vakuuma-pacelaju-noma\/#breadcrumb\"},\"inLanguage\":\"lv-LV\",\"potentialAction\":[{\"@type\":\"ReadAction\",\"target\":[\"https:\/\/salija.lt\/lv\/vakuuma-pacelaju-noma\/\"]}]},{\"@type\":\"BreadcrumbList\",\"@id\":\"https:\/\/salija.lt\/lv\/vakuuma-pacelaju-noma\/#breadcrumb\",\"itemListElement\":[{\"@type\":\"ListItem\",\"position\":1,\"name\":\"Home\",\"item\":\"https:\/\/salija.lt\/lv\/\"},{\"@type\":\"ListItem\",\"position\":2,\"name\":\"Vakuuma pac\u0113l\u0101ju noma\"}]},{\"@type\":\"WebSite\",\"@id\":\"https:\/\/salija.lt\/lt\/#website\",\"url\":\"https:\/\/salija.lt\/lt\/\",\"name\":\"Salija\",\"description\":\"\",\"potentialAction\":[{\"@type\":\"SearchAction\",\"target\":{\"@type\":\"EntryPoint\",\"urlTemplate\":\"https:\/\/salija.lt\/lt\/?s={search_term_string}\"},\"query-input\":\"required name=search_term_string\"}],\"inLanguage\":\"lv-LV\"}]}<\/script>\n<!-- \/ Yoast SEO plugin. -->","yoast_head_json":{"title":"Vakuuma pac\u0113l\u0101ju noma - Salija","description":"Vakuuma pac\u0113l\u0101ju noma - Salija, UAB","robots":{"index":"index","follow":"follow","max-snippet":"max-snippet:-1","max-image-preview":"max-image-preview:large","max-video-preview":"max-video-preview:-1"},"canonical":"https:\/\/salija.lt\/lv\/vakuuma-pacelaju-noma\/","og_locale":"lv_LV","og_type":"article","og_title":"Vakuuma pac\u0113l\u0101ju noma - Salija","og_description":"Vakuuma pac\u0113l\u0101ju noma - Salija, UAB","og_url":"https:\/\/salija.lt\/lv\/vakuuma-pacelaju-noma\/","og_site_name":"Salija","article_modified_time":"2025-02-05T05:26:24+00:00","og_image":[{"url":"http:\/\/salija.lt\/wp-content\/uploads\/2022\/01\/Schmalz-logo-90x48.png"}],"twitter_card":"summary_large_image","twitter_misc":{"Est. reading time":"2 minutes"},"schema":{"@context":"https:\/\/schema.org","@graph":[{"@type":"WebPage","@id":"https:\/\/salija.lt\/lv\/vakuuma-pacelaju-noma\/","url":"https:\/\/salija.lt\/lv\/vakuuma-pacelaju-noma\/","name":"Vakuuma pac\u0113l\u0101ju noma - Salija","isPartOf":{"@id":"https:\/\/salija.lt\/lt\/#website"},"datePublished":"2022-02-06T17:37:35+00:00","dateModified":"2025-02-05T05:26:24+00:00","description":"Vakuuma pac\u0113l\u0101ju noma - Salija, UAB","breadcrumb":{"@id":"https:\/\/salija.lt\/lv\/vakuuma-pacelaju-noma\/#breadcrumb"},"inLanguage":"lv-LV","potentialAction":[{"@type":"ReadAction","target":["https:\/\/salija.lt\/lv\/vakuuma-pacelaju-noma\/"]}]},{"@type":"BreadcrumbList","@id":"https:\/\/salija.lt\/lv\/vakuuma-pacelaju-noma\/#breadcrumb","itemListElement":[{"@type":"ListItem","position":1,"name":"Home","item":"https:\/\/salija.lt\/lv\/"},{"@type":"ListItem","position":2,"name":"Vakuuma pac\u0113l\u0101ju noma"}]},{"@type":"WebSite","@id":"https:\/\/salija.lt\/lt\/#website","url":"https:\/\/salija.lt\/lt\/","name":"Salija","description":"","potentialAction":[{"@type":"SearchAction","target":{"@type":"EntryPoint","urlTemplate":"https:\/\/salija.lt\/lt\/?s={search_term_string}"},"query-input":"required name=search_term_string"}],"inLanguage":"lv-LV"}]}},"_links":{"self":[{"href":"https:\/\/salija.lt\/lv\/wp-json\/wp\/v2\/pages\/19344"}],"collection":[{"href":"https:\/\/salija.lt\/lv\/wp-json\/wp\/v2\/pages"}],"about":[{"href":"https:\/\/salija.lt\/lv\/wp-json\/wp\/v2\/types\/page"}],"author":[{"embeddable":true,"href":"https:\/\/salija.lt\/lv\/wp-json\/wp\/v2\/users\/1"}],"replies":[{"embeddable":true,"href":"https:\/\/salija.lt\/lv\/wp-json\/wp\/v2\/comments?post=19344"}],"version-history":[{"count":22,"href":"https:\/\/salija.lt\/lv\/wp-json\/wp\/v2\/pages\/19344\/revisions"}],"predecessor-version":[{"id":29988,"href":"https:\/\/salija.lt\/lv\/wp-json\/wp\/v2\/pages\/19344\/revisions\/29988"}],"wp:attachment":[{"href":"https:\/\/salija.lt\/lv\/wp-json\/wp\/v2\/media?parent=19344"}],"curies":[{"name":"wp","href":"https:\/\/api.w.org\/{rel}","templated":true}]}}