{"id":9456,"date":"2022-02-02T09:40:58","date_gmt":"2022-02-02T07:40:58","guid":{"rendered":"https:\/\/salija.lt\/?post_type=product&#038;p=9456"},"modified":"2024-10-20T12:54:34","modified_gmt":"2024-10-20T09:54:34","slug":"prisiurbimo-blokai-ploksciam-prasiurbiamam-stalui","status":"publish","type":"product","link":"https:\/\/salija.lt\/lt\/produktas\/prisiurbimo-blokai-ploksciam-prasiurbiamam-stalui\/","title":{"rendered":"Prisiurbimo blokai plok\u0161\u010diam\/ prasiurbiamam stalui"},"content":{"rendered":"\t\t<div data-elementor-type=\"product-post\" data-elementor-id=\"9456\" class=\"elementor elementor-9456\" data-elementor-settings=\"[]\">\n\t\t\t\t\t\t<div class=\"elementor-inner\">\n\t\t\t\t\t\t\t<div class=\"elementor-section-wrap\">\n\t\t\t\t\t\t\t<section class=\"has_ma_el_bg_slider elementor-section elementor-top-section elementor-element elementor-element-c05e348 elementor-section-boxed elementor-section-height-default elementor-section-height-default jltma-glass-effect-no\" data-id=\"c05e348\" data-element_type=\"section\">\n\t\t\t\t\t\t<div class=\"elementor-container elementor-column-gap-default\">\n\t\t\t\t\t\t\t<div class=\"elementor-row\">\n\t\t\t\t\t<div class=\"has_ma_el_bg_slider elementor-column elementor-col-50 elementor-top-column elementor-element elementor-element-7d99f38 jltma-glass-effect-no\" data-id=\"7d99f38\" data-element_type=\"column\">\n\t\t\t<div class=\"elementor-column-wrap elementor-element-populated\">\n\t\t\t\t\t\t\t<div class=\"elementor-widget-wrap\">\n\t\t\t\t\t\t<div class=\"elementor-element elementor-element-ddea6bb jltma-glass-effect-no elementor-widget elementor-widget-heading\" data-id=\"ddea6bb\" data-element_type=\"widget\" data-widget_type=\"heading.default\">\n\t\t\t\t<div class=\"elementor-widget-container\">\n\t\t\t<h5 class=\"elementor-heading-title elementor-size-default\">Produkto apra\u0161ymas<\/h5>\t\t<\/div>\n\t\t\t\t<\/div>\n\t\t\t\t<div class=\"elementor-element elementor-element-940dc53 jltma-glass-effect-no elementor-widget elementor-widget-text-editor\" data-id=\"940dc53\" data-element_type=\"widget\" data-widget_type=\"text-editor.default\">\n\t\t\t\t<div class=\"elementor-widget-container\">\n\t\t\t\t\t\t\t\t<div class=\"elementor-text-editor elementor-clearfix\">\n\t\t\t\t<div class=\"cms-container mb-3\"><div class=\"mc3s-inherited-styles rich-text-content\"><p><span class=\"typ-sub-label2\">Plok\u0161tiems, prasiurbiamiems ir rai\u017eytiems stalams Schmalz gali pasi\u016blyti \u012fvairius prisiurbimo ir prispaudimo blokus bei techninius sprendimus. \u012evairesnis prisiurbiamo pavir\u0161iaus ploto ir auk\u0161\u010dio asortimentas leid\u017eia pasiekti auk\u0161tesn\u0119 gaminio kokyb\u0119 ir gamybos tikslum\u0105. Esant i\u0161skirtiniams poreikiams si\u016blome individualius sprendimus.<\/span><\/p><\/div><\/div>\t\t\t\t\t<\/div>\n\t\t\t\t\t\t<\/div>\n\t\t\t\t<\/div>\n\t\t\t\t\t\t<\/div>\n\t\t\t\t\t<\/div>\n\t\t<\/div>\n\t\t\t\t<div class=\"has_ma_el_bg_slider elementor-column elementor-col-50 elementor-top-column elementor-element elementor-element-41ccbc0 jltma-glass-effect-no\" data-id=\"41ccbc0\" data-element_type=\"column\">\n\t\t\t<div class=\"elementor-column-wrap elementor-element-populated\">\n\t\t\t\t\t\t\t<div class=\"elementor-widget-wrap\">\n\t\t\t\t\t\t<div class=\"elementor-element elementor-element-3ac4dd7 elementor-pagination-position-outside jltma-glass-effect-no elementor-widget elementor-widget-image-carousel\" data-id=\"3ac4dd7\" data-element_type=\"widget\" data-settings=\"{&quot;slides_to_show&quot;:&quot;1&quot;,&quot;navigation&quot;:&quot;dots&quot;,&quot;autoplay&quot;:&quot;yes&quot;,&quot;pause_on_hover&quot;:&quot;yes&quot;,&quot;pause_on_interaction&quot;:&quot;yes&quot;,&quot;autoplay_speed&quot;:5000,&quot;infinite&quot;:&quot;yes&quot;,&quot;effect&quot;:&quot;slide&quot;,&quot;speed&quot;:500}\" data-widget_type=\"image-carousel.default\">\n\t\t\t\t<div class=\"elementor-widget-container\">\n\t\t\t\t\t<div class=\"elementor-image-carousel-wrapper swiper-container\" dir=\"ltr\">\n\t\t\t<div class=\"elementor-image-carousel swiper-wrapper\">\n\t\t\t\t\t\t\t\t<div class=\"swiper-slide\"><figure class=\"swiper-slide-inner\"><img decoding=\"async\" class=\"swiper-slide-image\" src=\"https:\/\/salija.lt\/wp-content\/uploads\/2024\/10\/51cc4914cd8c_A_PGE-06307_001.webp\" alt=\"51cc4914cd8c_A_PGE-06307_001\" \/><\/figure><\/div><div class=\"swiper-slide\"><figure class=\"swiper-slide-inner\"><img decoding=\"async\" class=\"swiper-slide-image\" src=\"https:\/\/salija.lt\/wp-content\/uploads\/2024\/10\/3a9ff5966bd3_A_PGE-06309_001.webp\" alt=\"3a9ff5966bd3_A_PGE-06309_001\" \/><\/figure><\/div>\t\t\t<\/div>\n\t\t\t\t\t\t\t\t\t\t\t\t<div class=\"swiper-pagination\"><\/div>\n\t\t\t\t\t\t\t\t\t\t\t\t\t<\/div>\n\t\t\t\t<\/div>\n\t\t\t\t<\/div>\n\t\t\t\t\t\t<\/div>\n\t\t\t\t\t<\/div>\n\t\t<\/div>\n\t\t\t\t\t\t\t\t<\/div>\n\t\t\t\t\t<\/div>\n\t\t<\/section>\n\t\t\t\t<section class=\"has_ma_el_bg_slider elementor-section elementor-top-section elementor-element elementor-element-266963f4 elementor-section-boxed elementor-section-height-default elementor-section-height-default jltma-glass-effect-no\" data-id=\"266963f4\" data-element_type=\"section\">\n\t\t\t\t\t\t<div class=\"elementor-container elementor-column-gap-default\">\n\t\t\t\t\t\t\t<div class=\"elementor-row\">\n\t\t\t\t\t<div class=\"has_ma_el_bg_slider elementor-column elementor-col-100 elementor-top-column elementor-element elementor-element-13501d11 jltma-glass-effect-no\" data-id=\"13501d11\" data-element_type=\"column\">\n\t\t\t<div class=\"elementor-column-wrap elementor-element-populated\">\n\t\t\t\t\t\t\t<div class=\"elementor-widget-wrap\">\n\t\t\t\t\t\t<div class=\"elementor-element elementor-element-19932706 elementor-view-default jltma-glass-effect-no elementor-widget elementor-widget-wgl-toggle-accordion\" data-id=\"19932706\" data-element_type=\"widget\" data-widget_type=\"wgl-toggle-accordion.default\">\n\t\t\t\t<div class=\"elementor-widget-container\">\n\t\t\t<div class=\"wgl-accordion icon-plus\" id=\"wgl-accordion-19932706\" data-type=\"accordion\"><div class=\"wgl-accordion_panel\"><h4 id=\"wgl-accordion_header-4291\" class=\"wgl-accordion_header\" data-default=\"yes\"><span class=\"wgl-accordion_title\">Privalumai<\/span><i class=\"wgl-accordion_icon elementor-icon \"><\/i><\/h4><div class=\"wgl-accordion_content\"><ul><li>detali\u0173 pak\u0117limas nuo stalo siekiant apdirbti detales i\u0161 kra\u0161t\u0173;<\/li><li>koncentruota laikymo j\u0117ga;<\/li><li>lengvai kei\u010diamos atsargin\u0117s bloko dalys.<\/li><\/ul><\/div><\/div><\/div>\t\t<\/div>\n\t\t\t\t<\/div>\n\t\t\t\t\t\t<\/div>\n\t\t\t\t\t<\/div>\n\t\t<\/div>\n\t\t\t\t\t\t\t\t<\/div>\n\t\t\t\t\t<\/div>\n\t\t<\/section>\n\t\t\t\t\t\t<\/div>\n\t\t\t\t\t\t<\/div>\n\t\t\t\t\t<\/div>\n\t\t","protected":false},"excerpt":{"rendered":"<p>\u012evairi\u0173 tip\u0173 stalams (prasiurbiamiems, plok\u0161tiems ir rai\u017eytiems) Schmalz si\u016blo pa\u010dius \u012fvairiausius sprendimus detali\u0173 tvirtinimui.<\/p>\n","protected":false},"featured_media":9457,"template":"","meta":[],"product_cat":[156],"product_tag":[],"yoast_head":"<!-- This site is optimized with the Yoast SEO plugin v20.13 - https:\/\/yoast.com\/wordpress\/plugins\/seo\/ -->\n<title>Prisiurbimo blokai plok\u0161\u010diam\/ prasiurbiamam stalui - Salija<\/title>\n<meta name=\"description\" content=\"Prisiurbimo blokai plok\u0161\u010diam\/ prasiurbiamam stalui - Salija, UAB\" \/>\n<meta name=\"robots\" content=\"index, follow, max-snippet:-1, max-image-preview:large, max-video-preview:-1\" \/>\n<link rel=\"canonical\" href=\"https:\/\/salija.lt\/lt\/produktas\/prisiurbimo-blokai-ploksciam-prasiurbiamam-stalui\/\" \/>\n<meta property=\"og:locale\" content=\"lt_LT\" \/>\n<meta property=\"og:type\" content=\"article\" \/>\n<meta property=\"og:title\" content=\"Prisiurbimo blokai plok\u0161\u010diam\/ prasiurbiamam stalui - Salija\" \/>\n<meta property=\"og:description\" content=\"Prisiurbimo blokai plok\u0161\u010diam\/ prasiurbiamam stalui - Salija, UAB\" \/>\n<meta property=\"og:url\" content=\"https:\/\/salija.lt\/lt\/produktas\/prisiurbimo-blokai-ploksciam-prasiurbiamam-stalui\/\" \/>\n<meta property=\"og:site_name\" content=\"Salija\" \/>\n<meta property=\"article:modified_time\" content=\"2024-10-20T09:54:34+00:00\" \/>\n<meta property=\"og:image\" content=\"http:\/\/salija.lt\/wp-content\/uploads\/2022\/02\/Flat.jpg\" \/>\n\t<meta property=\"og:image:width\" content=\"1008\" \/>\n\t<meta property=\"og:image:height\" content=\"673\" \/>\n\t<meta property=\"og:image:type\" content=\"image\/jpeg\" \/>\n<meta name=\"twitter:card\" content=\"summary_large_image\" \/>\n<meta name=\"twitter:label1\" content=\"Est. reading time\" \/>\n\t<meta name=\"twitter:data1\" content=\"1 minut\u0117\" \/>\n<script type=\"application\/ld+json\" class=\"yoast-schema-graph\">{\"@context\":\"https:\/\/schema.org\",\"@graph\":[{\"@type\":\"WebPage\",\"@id\":\"https:\/\/salija.lt\/lt\/produktas\/prisiurbimo-blokai-ploksciam-prasiurbiamam-stalui\/\",\"url\":\"https:\/\/salija.lt\/lt\/produktas\/prisiurbimo-blokai-ploksciam-prasiurbiamam-stalui\/\",\"name\":\"Prisiurbimo blokai plok\u0161\u010diam\/ prasiurbiamam stalui - Salija\",\"isPartOf\":{\"@id\":\"https:\/\/salija.lt\/lt\/#website\"},\"datePublished\":\"2022-02-02T07:40:58+00:00\",\"dateModified\":\"2024-10-20T09:54:34+00:00\",\"description\":\"Prisiurbimo blokai plok\u0161\u010diam\/ prasiurbiamam stalui - Salija, UAB\",\"breadcrumb\":{\"@id\":\"https:\/\/salija.lt\/lt\/produktas\/prisiurbimo-blokai-ploksciam-prasiurbiamam-stalui\/#breadcrumb\"},\"inLanguage\":\"lt-LT\",\"potentialAction\":[{\"@type\":\"ReadAction\",\"target\":[\"https:\/\/salija.lt\/lt\/produktas\/prisiurbimo-blokai-ploksciam-prasiurbiamam-stalui\/\"]}]},{\"@type\":\"BreadcrumbList\",\"@id\":\"https:\/\/salija.lt\/lt\/produktas\/prisiurbimo-blokai-ploksciam-prasiurbiamam-stalui\/#breadcrumb\",\"itemListElement\":[{\"@type\":\"ListItem\",\"position\":1,\"name\":\"Home\",\"item\":\"https:\/\/salija.lt\/lt\/\"},{\"@type\":\"ListItem\",\"position\":2,\"name\":\"E-u\u017esakymai\",\"item\":\"https:\/\/salija.lt\/lt\/orders\/\"},{\"@type\":\"ListItem\",\"position\":3,\"name\":\"Prisiurbimo blokai plok\u0161\u010diam\/ prasiurbiamam stalui\"}]},{\"@type\":\"WebSite\",\"@id\":\"https:\/\/salija.lt\/lt\/#website\",\"url\":\"https:\/\/salija.lt\/lt\/\",\"name\":\"Salija\",\"description\":\"\",\"potentialAction\":[{\"@type\":\"SearchAction\",\"target\":{\"@type\":\"EntryPoint\",\"urlTemplate\":\"https:\/\/salija.lt\/lt\/?s={search_term_string}\"},\"query-input\":\"required name=search_term_string\"}],\"inLanguage\":\"lt-LT\"}]}<\/script>\n<!-- \/ Yoast SEO plugin. -->","yoast_head_json":{"title":"Prisiurbimo blokai plok\u0161\u010diam\/ prasiurbiamam stalui - Salija","description":"Prisiurbimo blokai plok\u0161\u010diam\/ prasiurbiamam stalui - Salija, UAB","robots":{"index":"index","follow":"follow","max-snippet":"max-snippet:-1","max-image-preview":"max-image-preview:large","max-video-preview":"max-video-preview:-1"},"canonical":"https:\/\/salija.lt\/lt\/produktas\/prisiurbimo-blokai-ploksciam-prasiurbiamam-stalui\/","og_locale":"lt_LT","og_type":"article","og_title":"Prisiurbimo blokai plok\u0161\u010diam\/ prasiurbiamam stalui - Salija","og_description":"Prisiurbimo blokai plok\u0161\u010diam\/ prasiurbiamam stalui - Salija, UAB","og_url":"https:\/\/salija.lt\/lt\/produktas\/prisiurbimo-blokai-ploksciam-prasiurbiamam-stalui\/","og_site_name":"Salija","article_modified_time":"2024-10-20T09:54:34+00:00","og_image":[{"width":1008,"height":673,"url":"http:\/\/salija.lt\/wp-content\/uploads\/2022\/02\/Flat.jpg","type":"image\/jpeg"}],"twitter_card":"summary_large_image","twitter_misc":{"Est. reading time":"1 minut\u0117"},"schema":{"@context":"https:\/\/schema.org","@graph":[{"@type":"WebPage","@id":"https:\/\/salija.lt\/lt\/produktas\/prisiurbimo-blokai-ploksciam-prasiurbiamam-stalui\/","url":"https:\/\/salija.lt\/lt\/produktas\/prisiurbimo-blokai-ploksciam-prasiurbiamam-stalui\/","name":"Prisiurbimo blokai plok\u0161\u010diam\/ prasiurbiamam stalui - Salija","isPartOf":{"@id":"https:\/\/salija.lt\/lt\/#website"},"datePublished":"2022-02-02T07:40:58+00:00","dateModified":"2024-10-20T09:54:34+00:00","description":"Prisiurbimo blokai plok\u0161\u010diam\/ prasiurbiamam stalui - Salija, UAB","breadcrumb":{"@id":"https:\/\/salija.lt\/lt\/produktas\/prisiurbimo-blokai-ploksciam-prasiurbiamam-stalui\/#breadcrumb"},"inLanguage":"lt-LT","potentialAction":[{"@type":"ReadAction","target":["https:\/\/salija.lt\/lt\/produktas\/prisiurbimo-blokai-ploksciam-prasiurbiamam-stalui\/"]}]},{"@type":"BreadcrumbList","@id":"https:\/\/salija.lt\/lt\/produktas\/prisiurbimo-blokai-ploksciam-prasiurbiamam-stalui\/#breadcrumb","itemListElement":[{"@type":"ListItem","position":1,"name":"Home","item":"https:\/\/salija.lt\/lt\/"},{"@type":"ListItem","position":2,"name":"E-u\u017esakymai","item":"https:\/\/salija.lt\/lt\/orders\/"},{"@type":"ListItem","position":3,"name":"Prisiurbimo blokai plok\u0161\u010diam\/ prasiurbiamam stalui"}]},{"@type":"WebSite","@id":"https:\/\/salija.lt\/lt\/#website","url":"https:\/\/salija.lt\/lt\/","name":"Salija","description":"","potentialAction":[{"@type":"SearchAction","target":{"@type":"EntryPoint","urlTemplate":"https:\/\/salija.lt\/lt\/?s={search_term_string}"},"query-input":"required name=search_term_string"}],"inLanguage":"lt-LT"}]}},"_links":{"self":[{"href":"https:\/\/salija.lt\/lt\/wp-json\/wp\/v2\/product\/9456"}],"collection":[{"href":"https:\/\/salija.lt\/lt\/wp-json\/wp\/v2\/product"}],"about":[{"href":"https:\/\/salija.lt\/lt\/wp-json\/wp\/v2\/types\/product"}],"version-history":[{"count":26,"href":"https:\/\/salija.lt\/lt\/wp-json\/wp\/v2\/product\/9456\/revisions"}],"predecessor-version":[{"id":29741,"href":"https:\/\/salija.lt\/lt\/wp-json\/wp\/v2\/product\/9456\/revisions\/29741"}],"wp:featuredmedia":[{"embeddable":true,"href":"https:\/\/salija.lt\/lt\/wp-json\/wp\/v2\/media\/9457"}],"wp:attachment":[{"href":"https:\/\/salija.lt\/lt\/wp-json\/wp\/v2\/media?parent=9456"}],"wp:term":[{"taxonomy":"product_cat","embeddable":true,"href":"https:\/\/salija.lt\/lt\/wp-json\/wp\/v2\/product_cat?post=9456"},{"taxonomy":"product_tag","embeddable":true,"href":"https:\/\/salija.lt\/lt\/wp-json\/wp\/v2\/product_tag?post=9456"}],"curies":[{"name":"wp","href":"https:\/\/api.w.org\/{rel}","templated":true}]}}