{"id":9046,"date":"2022-02-02T02:36:54","date_gmt":"2022-02-02T00:36:54","guid":{"rendered":"https:\/\/salija.lt\/?post_type=product&#038;p=9046"},"modified":"2022-03-13T23:14:10","modified_gmt":"2022-03-13T21:14:10","slug":"sbpl-ezektoriu-serija","status":"publish","type":"product","link":"https:\/\/salija.lt\/lt\/produktas\/sbpl-ezektoriu-serija\/","title":{"rendered":"SBPL e\u017eektori\u0173 serija"},"content":{"rendered":"\t\t<div data-elementor-type=\"product-post\" data-elementor-id=\"9046\" class=\"elementor elementor-9046\" data-elementor-settings=\"[]\">\n\t\t\t\t\t\t<div class=\"elementor-inner\">\n\t\t\t\t\t\t\t<div class=\"elementor-section-wrap\">\n\t\t\t\t\t\t\t<section class=\"has_ma_el_bg_slider elementor-section elementor-top-section elementor-element elementor-element-c05e348 elementor-section-boxed elementor-section-height-default elementor-section-height-default jltma-glass-effect-no\" data-id=\"c05e348\" data-element_type=\"section\">\n\t\t\t\t\t\t<div class=\"elementor-container elementor-column-gap-default\">\n\t\t\t\t\t\t\t<div class=\"elementor-row\">\n\t\t\t\t\t<div class=\"has_ma_el_bg_slider elementor-column elementor-col-50 elementor-top-column elementor-element elementor-element-7d99f38 jltma-glass-effect-no\" data-id=\"7d99f38\" data-element_type=\"column\">\n\t\t\t<div class=\"elementor-column-wrap elementor-element-populated\">\n\t\t\t\t\t\t\t<div class=\"elementor-widget-wrap\">\n\t\t\t\t\t\t<div class=\"elementor-element elementor-element-319fd0d jltma-glass-effect-no elementor-widget elementor-widget-heading\" data-id=\"319fd0d\" data-element_type=\"widget\" data-widget_type=\"heading.default\">\n\t\t\t\t<div class=\"elementor-widget-container\">\n\t\t\t<h5 class=\"elementor-heading-title elementor-size-default\">Produkto apra\u0161ymas<\/h5>\t\t<\/div>\n\t\t\t\t<\/div>\n\t\t\t\t<div class=\"elementor-element elementor-element-6673c61 jltma-glass-effect-no elementor-widget elementor-widget-text-editor\" data-id=\"6673c61\" data-element_type=\"widget\" data-widget_type=\"text-editor.default\">\n\t\t\t\t<div class=\"elementor-widget-container\">\n\t\t\t\t\t\t\t\t<div class=\"elementor-text-editor elementor-clearfix\">\n\t\t\t\t<div class=\"cms-container mb-3\"><div class=\"mc3s-inherited-styles rich-text-content\"><p><span class=\"typ-sub-label2\">SBPL e\u017eektoriai pasi\u017eymi dideliu vakuumo srautu, kuris pasiekiamas labai greitai. Jie puikiai tinka kelti kartonines d\u0117\u017ees, pakavimo, izoliacijos ir kitas poringas med\u017eiagas. Juose integruota ekologi\u0161k\u0173 purk\u0161tuk\u0173 technologija u\u017etikrina did\u017eiausi\u0105 energijos vartojimo efektyvum\u0105. Modulin\u0117s konstrukcijos d\u0117ka, juos lengva pri\u017ei\u016br\u0117ti.<\/span><\/p><\/div><\/div>\t\t\t\t\t<\/div>\n\t\t\t\t\t\t<\/div>\n\t\t\t\t<\/div>\n\t\t\t\t\t\t<\/div>\n\t\t\t\t\t<\/div>\n\t\t<\/div>\n\t\t\t\t<div class=\"has_ma_el_bg_slider elementor-column elementor-col-50 elementor-top-column elementor-element elementor-element-41ccbc0 jltma-glass-effect-no\" data-id=\"41ccbc0\" data-element_type=\"column\">\n\t\t\t<div class=\"elementor-column-wrap elementor-element-populated\">\n\t\t\t\t\t\t\t<div class=\"elementor-widget-wrap\">\n\t\t\t\t\t\t<div class=\"elementor-element elementor-element-3ac4dd7 elementor-pagination-position-outside jltma-glass-effect-no elementor-widget elementor-widget-image-carousel\" data-id=\"3ac4dd7\" data-element_type=\"widget\" data-settings=\"{&quot;slides_to_show&quot;:&quot;1&quot;,&quot;navigation&quot;:&quot;dots&quot;,&quot;autoplay&quot;:&quot;yes&quot;,&quot;pause_on_hover&quot;:&quot;yes&quot;,&quot;pause_on_interaction&quot;:&quot;yes&quot;,&quot;autoplay_speed&quot;:5000,&quot;infinite&quot;:&quot;yes&quot;,&quot;effect&quot;:&quot;slide&quot;,&quot;speed&quot;:500}\" data-widget_type=\"image-carousel.default\">\n\t\t\t\t<div class=\"elementor-widget-container\">\n\t\t\t\t\t<div class=\"elementor-image-carousel-wrapper swiper-container\" dir=\"ltr\">\n\t\t\t<div class=\"elementor-image-carousel swiper-wrapper\">\n\t\t\t\t\t\t\t\t<div class=\"swiper-slide\"><figure class=\"swiper-slide-inner\"><img decoding=\"async\" class=\"swiper-slide-image\" src=\"https:\/\/salija.lt\/wp-content\/uploads\/2022\/02\/PF_PGE-05050_000.jpg\" alt=\"PF_PGE-05050_000\" \/><\/figure><\/div>\t\t\t<\/div>\n\t\t\t\t\t<\/div>\n\t\t\t\t<\/div>\n\t\t\t\t<\/div>\n\t\t\t\t\t\t<\/div>\n\t\t\t\t\t<\/div>\n\t\t<\/div>\n\t\t\t\t\t\t\t\t<\/div>\n\t\t\t\t\t<\/div>\n\t\t<\/section>\n\t\t\t\t<section class=\"has_ma_el_bg_slider elementor-section elementor-top-section elementor-element elementor-element-7fe3fbf elementor-section-boxed elementor-section-height-default elementor-section-height-default jltma-glass-effect-no\" data-id=\"7fe3fbf\" data-element_type=\"section\">\n\t\t\t\t\t\t<div class=\"elementor-container elementor-column-gap-default\">\n\t\t\t\t\t\t\t<div class=\"elementor-row\">\n\t\t\t\t\t<div class=\"has_ma_el_bg_slider elementor-column elementor-col-100 elementor-top-column elementor-element elementor-element-536cd18 jltma-glass-effect-no\" data-id=\"536cd18\" data-element_type=\"column\">\n\t\t\t<div class=\"elementor-column-wrap elementor-element-populated\">\n\t\t\t\t\t\t\t<div class=\"elementor-widget-wrap\">\n\t\t\t\t\t\t<div class=\"elementor-element elementor-element-678dae9 elementor-aspect-ratio-169 jltma-glass-effect-no elementor-widget elementor-widget-video\" data-id=\"678dae9\" data-element_type=\"widget\" data-settings=\"{&quot;youtube_url&quot;:&quot;https:\\\/\\\/youtu.be\\\/M4Qp21SeeJI&quot;,&quot;video_type&quot;:&quot;youtube&quot;,&quot;controls&quot;:&quot;yes&quot;,&quot;aspect_ratio&quot;:&quot;169&quot;}\" data-widget_type=\"video.default\">\n\t\t\t\t<div class=\"elementor-widget-container\">\n\t\t\t\t\t<div class=\"elementor-wrapper elementor-fit-aspect-ratio elementor-open-inline\">\n\t\t\t<div class=\"elementor-video\"><\/div>\t\t<\/div>\n\t\t\t\t<\/div>\n\t\t\t\t<\/div>\n\t\t\t\t\t\t<\/div>\n\t\t\t\t\t<\/div>\n\t\t<\/div>\n\t\t\t\t\t\t\t\t<\/div>\n\t\t\t\t\t<\/div>\n\t\t<\/section>\n\t\t\t\t\t\t<\/div>\n\t\t\t\t\t\t<\/div>\n\t\t\t\t\t<\/div>\n\t\t","protected":false},"excerpt":{"rendered":"<p>Pagrindinis e\u017eektorius plastikiniu korpusu su didesniu vakuumo srautu.<\/p>\n","protected":false},"featured_media":11433,"template":"","meta":[],"product_cat":[125,151],"product_tag":[],"yoast_head":"<!-- This site is optimized with the Yoast SEO plugin v20.13 - https:\/\/yoast.com\/wordpress\/plugins\/seo\/ -->\n<title>SBPL e\u017eektori\u0173 serija - Salija<\/title>\n<meta name=\"description\" content=\"SBPL e\u017eektori\u0173 serija - Salija, UAB\" \/>\n<meta name=\"robots\" content=\"index, follow, max-snippet:-1, max-image-preview:large, max-video-preview:-1\" \/>\n<link rel=\"canonical\" href=\"https:\/\/salija.lt\/lt\/produktas\/sbpl-ezektoriu-serija\/\" \/>\n<meta property=\"og:locale\" content=\"lt_LT\" \/>\n<meta property=\"og:type\" content=\"article\" \/>\n<meta property=\"og:title\" content=\"SBPL e\u017eektori\u0173 serija - Salija\" \/>\n<meta property=\"og:description\" content=\"SBPL e\u017eektori\u0173 serija - Salija, UAB\" \/>\n<meta property=\"og:url\" content=\"https:\/\/salija.lt\/lt\/produktas\/sbpl-ezektoriu-serija\/\" \/>\n<meta property=\"og:site_name\" content=\"Salija\" \/>\n<meta property=\"article:modified_time\" content=\"2022-03-13T21:14:10+00:00\" \/>\n<meta property=\"og:image\" content=\"https:\/\/salija.lt\/wp-content\/uploads\/2022\/02\/PF_PGE-05050_000.jpg\" \/>\n\t<meta property=\"og:image:width\" content=\"1009\" \/>\n\t<meta property=\"og:image:height\" content=\"673\" \/>\n\t<meta property=\"og:image:type\" content=\"image\/jpeg\" \/>\n<meta name=\"twitter:card\" content=\"summary_large_image\" \/>\n<script type=\"application\/ld+json\" class=\"yoast-schema-graph\">{\"@context\":\"https:\/\/schema.org\",\"@graph\":[{\"@type\":\"WebPage\",\"@id\":\"https:\/\/salija.lt\/lt\/produktas\/sbpl-ezektoriu-serija\/\",\"url\":\"https:\/\/salija.lt\/lt\/produktas\/sbpl-ezektoriu-serija\/\",\"name\":\"SBPL e\u017eektori\u0173 serija - Salija\",\"isPartOf\":{\"@id\":\"https:\/\/salija.lt\/lt\/#website\"},\"datePublished\":\"2022-02-02T00:36:54+00:00\",\"dateModified\":\"2022-03-13T21:14:10+00:00\",\"description\":\"SBPL e\u017eektori\u0173 serija - Salija, UAB\",\"breadcrumb\":{\"@id\":\"https:\/\/salija.lt\/lt\/produktas\/sbpl-ezektoriu-serija\/#breadcrumb\"},\"inLanguage\":\"lt-LT\",\"potentialAction\":[{\"@type\":\"ReadAction\",\"target\":[\"https:\/\/salija.lt\/lt\/produktas\/sbpl-ezektoriu-serija\/\"]}]},{\"@type\":\"BreadcrumbList\",\"@id\":\"https:\/\/salija.lt\/lt\/produktas\/sbpl-ezektoriu-serija\/#breadcrumb\",\"itemListElement\":[{\"@type\":\"ListItem\",\"position\":1,\"name\":\"Home\",\"item\":\"https:\/\/salija.lt\/lt\/\"},{\"@type\":\"ListItem\",\"position\":2,\"name\":\"E-u\u017esakymai\",\"item\":\"https:\/\/salija.lt\/lt\/orders\/\"},{\"@type\":\"ListItem\",\"position\":3,\"name\":\"SBPL e\u017eektori\u0173 serija\"}]},{\"@type\":\"WebSite\",\"@id\":\"https:\/\/salija.lt\/lt\/#website\",\"url\":\"https:\/\/salija.lt\/lt\/\",\"name\":\"Salija\",\"description\":\"\",\"potentialAction\":[{\"@type\":\"SearchAction\",\"target\":{\"@type\":\"EntryPoint\",\"urlTemplate\":\"https:\/\/salija.lt\/lt\/?s={search_term_string}\"},\"query-input\":\"required name=search_term_string\"}],\"inLanguage\":\"lt-LT\"}]}<\/script>\n<!-- \/ Yoast SEO plugin. -->","yoast_head_json":{"title":"SBPL e\u017eektori\u0173 serija - Salija","description":"SBPL e\u017eektori\u0173 serija - Salija, UAB","robots":{"index":"index","follow":"follow","max-snippet":"max-snippet:-1","max-image-preview":"max-image-preview:large","max-video-preview":"max-video-preview:-1"},"canonical":"https:\/\/salija.lt\/lt\/produktas\/sbpl-ezektoriu-serija\/","og_locale":"lt_LT","og_type":"article","og_title":"SBPL e\u017eektori\u0173 serija - Salija","og_description":"SBPL e\u017eektori\u0173 serija - Salija, UAB","og_url":"https:\/\/salija.lt\/lt\/produktas\/sbpl-ezektoriu-serija\/","og_site_name":"Salija","article_modified_time":"2022-03-13T21:14:10+00:00","og_image":[{"width":1009,"height":673,"url":"https:\/\/salija.lt\/wp-content\/uploads\/2022\/02\/PF_PGE-05050_000.jpg","type":"image\/jpeg"}],"twitter_card":"summary_large_image","schema":{"@context":"https:\/\/schema.org","@graph":[{"@type":"WebPage","@id":"https:\/\/salija.lt\/lt\/produktas\/sbpl-ezektoriu-serija\/","url":"https:\/\/salija.lt\/lt\/produktas\/sbpl-ezektoriu-serija\/","name":"SBPL e\u017eektori\u0173 serija - Salija","isPartOf":{"@id":"https:\/\/salija.lt\/lt\/#website"},"datePublished":"2022-02-02T00:36:54+00:00","dateModified":"2022-03-13T21:14:10+00:00","description":"SBPL e\u017eektori\u0173 serija - Salija, UAB","breadcrumb":{"@id":"https:\/\/salija.lt\/lt\/produktas\/sbpl-ezektoriu-serija\/#breadcrumb"},"inLanguage":"lt-LT","potentialAction":[{"@type":"ReadAction","target":["https:\/\/salija.lt\/lt\/produktas\/sbpl-ezektoriu-serija\/"]}]},{"@type":"BreadcrumbList","@id":"https:\/\/salija.lt\/lt\/produktas\/sbpl-ezektoriu-serija\/#breadcrumb","itemListElement":[{"@type":"ListItem","position":1,"name":"Home","item":"https:\/\/salija.lt\/lt\/"},{"@type":"ListItem","position":2,"name":"E-u\u017esakymai","item":"https:\/\/salija.lt\/lt\/orders\/"},{"@type":"ListItem","position":3,"name":"SBPL e\u017eektori\u0173 serija"}]},{"@type":"WebSite","@id":"https:\/\/salija.lt\/lt\/#website","url":"https:\/\/salija.lt\/lt\/","name":"Salija","description":"","potentialAction":[{"@type":"SearchAction","target":{"@type":"EntryPoint","urlTemplate":"https:\/\/salija.lt\/lt\/?s={search_term_string}"},"query-input":"required name=search_term_string"}],"inLanguage":"lt-LT"}]}},"_links":{"self":[{"href":"https:\/\/salija.lt\/lt\/wp-json\/wp\/v2\/product\/9046"}],"collection":[{"href":"https:\/\/salija.lt\/lt\/wp-json\/wp\/v2\/product"}],"about":[{"href":"https:\/\/salija.lt\/lt\/wp-json\/wp\/v2\/types\/product"}],"version-history":[{"count":18,"href":"https:\/\/salija.lt\/lt\/wp-json\/wp\/v2\/product\/9046\/revisions"}],"predecessor-version":[{"id":11680,"href":"https:\/\/salija.lt\/lt\/wp-json\/wp\/v2\/product\/9046\/revisions\/11680"}],"wp:featuredmedia":[{"embeddable":true,"href":"https:\/\/salija.lt\/lt\/wp-json\/wp\/v2\/media\/11433"}],"wp:attachment":[{"href":"https:\/\/salija.lt\/lt\/wp-json\/wp\/v2\/media?parent=9046"}],"wp:term":[{"taxonomy":"product_cat","embeddable":true,"href":"https:\/\/salija.lt\/lt\/wp-json\/wp\/v2\/product_cat?post=9046"},{"taxonomy":"product_tag","embeddable":true,"href":"https:\/\/salija.lt\/lt\/wp-json\/wp\/v2\/product_tag?post=9046"}],"curies":[{"name":"wp","href":"https:\/\/api.w.org\/{rel}","templated":true}]}}