{"id":9001,"date":"2022-02-02T02:21:53","date_gmt":"2022-02-02T00:21:53","guid":{"rendered":"https:\/\/salija.lt\/?post_type=product&#038;p=9001"},"modified":"2022-03-14T00:20:02","modified_gmt":"2022-03-13T22:20:02","slug":"solenoidiniai-voztuvai","status":"publish","type":"product","link":"https:\/\/salija.lt\/lt\/produktas\/solenoidiniai-voztuvai\/","title":{"rendered":"Solenoidiniai vo\u017etuvai"},"content":{"rendered":"\t\t<div data-elementor-type=\"product-post\" data-elementor-id=\"9001\" class=\"elementor elementor-9001\" data-elementor-settings=\"[]\">\n\t\t\t\t\t\t<div class=\"elementor-inner\">\n\t\t\t\t\t\t\t<div class=\"elementor-section-wrap\">\n\t\t\t\t\t\t\t<section class=\"has_ma_el_bg_slider elementor-section elementor-top-section elementor-element elementor-element-c05e348 elementor-section-boxed elementor-section-height-default elementor-section-height-default jltma-glass-effect-no\" data-id=\"c05e348\" data-element_type=\"section\">\n\t\t\t\t\t\t<div class=\"elementor-container elementor-column-gap-default\">\n\t\t\t\t\t\t\t<div class=\"elementor-row\">\n\t\t\t\t\t<div class=\"has_ma_el_bg_slider elementor-column elementor-col-50 elementor-top-column elementor-element elementor-element-7d99f38 jltma-glass-effect-no\" data-id=\"7d99f38\" data-element_type=\"column\">\n\t\t\t<div class=\"elementor-column-wrap elementor-element-populated\">\n\t\t\t\t\t\t\t<div class=\"elementor-widget-wrap\">\n\t\t\t\t\t\t<div class=\"elementor-element elementor-element-319fd0d jltma-glass-effect-no elementor-widget elementor-widget-heading\" data-id=\"319fd0d\" data-element_type=\"widget\" data-widget_type=\"heading.default\">\n\t\t\t\t<div class=\"elementor-widget-container\">\n\t\t\t<h5 class=\"elementor-heading-title elementor-size-default\">Produkto apra\u0161ymas<\/h5>\t\t<\/div>\n\t\t\t\t<\/div>\n\t\t\t\t<div class=\"elementor-element elementor-element-6673c61 jltma-glass-effect-no elementor-widget elementor-widget-text-editor\" data-id=\"6673c61\" data-element_type=\"widget\" data-widget_type=\"text-editor.default\">\n\t\t\t\t<div class=\"elementor-widget-container\">\n\t\t\t\t\t\t\t\t<div class=\"elementor-text-editor elementor-clearfix\">\n\t\t\t\t<div class=\"cms-container mb-3\"><div class=\"mc3s-inherited-styles rich-text-content\"><p><span class=\"typ-sub-label2\">Solenoidinius vo\u017etuvus galima valdyti tiesiogiai arba pneumati\u0161kai. EMVP serijos vo\u017etuvas naudojamas esant dideliam vakuumo srautui. Jam taip pat reikalingas suspaustas oras, prie\u0161ingai nei EMV, EMVO vo\u017etuvams, kuriems jo nereikia. NO funkcija u\u017etikrina, kad ruo\u0161inis bus laikomas, net ir nutr\u016bkus elektros tiekimui.<\/span><\/p><\/div><\/div>\t\t\t\t\t<\/div>\n\t\t\t\t\t\t<\/div>\n\t\t\t\t<\/div>\n\t\t\t\t\t\t<\/div>\n\t\t\t\t\t<\/div>\n\t\t<\/div>\n\t\t\t\t<div class=\"has_ma_el_bg_slider elementor-column elementor-col-50 elementor-top-column elementor-element elementor-element-41ccbc0 jltma-glass-effect-no\" data-id=\"41ccbc0\" data-element_type=\"column\">\n\t\t\t<div class=\"elementor-column-wrap elementor-element-populated\">\n\t\t\t\t\t\t\t<div class=\"elementor-widget-wrap\">\n\t\t\t\t\t\t<div class=\"elementor-element elementor-element-3ac4dd7 elementor-pagination-position-outside jltma-glass-effect-no elementor-widget elementor-widget-image-carousel\" data-id=\"3ac4dd7\" data-element_type=\"widget\" data-settings=\"{&quot;slides_to_show&quot;:&quot;1&quot;,&quot;navigation&quot;:&quot;dots&quot;,&quot;autoplay&quot;:&quot;yes&quot;,&quot;pause_on_hover&quot;:&quot;yes&quot;,&quot;pause_on_interaction&quot;:&quot;yes&quot;,&quot;autoplay_speed&quot;:5000,&quot;infinite&quot;:&quot;yes&quot;,&quot;effect&quot;:&quot;slide&quot;,&quot;speed&quot;:500}\" data-widget_type=\"image-carousel.default\">\n\t\t\t\t<div class=\"elementor-widget-container\">\n\t\t\t\t\t<div class=\"elementor-image-carousel-wrapper swiper-container\" dir=\"ltr\">\n\t\t\t<div class=\"elementor-image-carousel swiper-wrapper\">\n\t\t\t\t\t\t\t\t<div class=\"swiper-slide\"><figure class=\"swiper-slide-inner\"><img decoding=\"async\" class=\"swiper-slide-image\" src=\"https:\/\/salija.lt\/wp-content\/uploads\/2022\/02\/voztuvas1.jpg\" alt=\"voztuvas1\" \/><\/figure><\/div>\t\t\t<\/div>\n\t\t\t\t\t<\/div>\n\t\t\t\t<\/div>\n\t\t\t\t<\/div>\n\t\t\t\t\t\t<\/div>\n\t\t\t\t\t<\/div>\n\t\t<\/div>\n\t\t\t\t\t\t\t\t<\/div>\n\t\t\t\t\t<\/div>\n\t\t<\/section>\n\t\t\t\t\t\t<\/div>\n\t\t\t\t\t\t<\/div>\n\t\t\t\t\t<\/div>\n\t\t","protected":false},"excerpt":{"rendered":"<p>Solenoidiniai vo\u017etuvai skirti kontroliuoti vakuumo arba suspausto oro sistem\u0105.<\/p>\n","protected":false},"featured_media":12723,"template":"","meta":[],"product_cat":[102],"product_tag":[],"yoast_head":"<!-- This site is optimized with the Yoast SEO plugin v20.13 - https:\/\/yoast.com\/wordpress\/plugins\/seo\/ -->\n<title>Solenoidiniai vo\u017etuvai - Salija<\/title>\n<meta name=\"description\" content=\"Solenoidiniai vo\u017etuvai - Salija, UAB\" \/>\n<meta name=\"robots\" content=\"index, follow, max-snippet:-1, max-image-preview:large, max-video-preview:-1\" \/>\n<link rel=\"canonical\" href=\"https:\/\/salija.lt\/lt\/produktas\/solenoidiniai-voztuvai\/\" \/>\n<meta property=\"og:locale\" content=\"lt_LT\" \/>\n<meta property=\"og:type\" content=\"article\" \/>\n<meta property=\"og:title\" content=\"Solenoidiniai vo\u017etuvai - Salija\" \/>\n<meta property=\"og:description\" content=\"Solenoidiniai vo\u017etuvai - Salija, UAB\" \/>\n<meta property=\"og:url\" content=\"https:\/\/salija.lt\/lt\/produktas\/solenoidiniai-voztuvai\/\" \/>\n<meta property=\"og:site_name\" content=\"Salija\" \/>\n<meta property=\"article:modified_time\" content=\"2022-03-13T22:20:02+00:00\" \/>\n<meta property=\"og:image\" content=\"https:\/\/salija.lt\/wp-content\/uploads\/2022\/02\/voztuvas1.jpg\" \/>\n\t<meta property=\"og:image:width\" content=\"1010\" \/>\n\t<meta property=\"og:image:height\" content=\"673\" \/>\n\t<meta property=\"og:image:type\" content=\"image\/jpeg\" \/>\n<meta name=\"twitter:card\" content=\"summary_large_image\" \/>\n<script type=\"application\/ld+json\" class=\"yoast-schema-graph\">{\"@context\":\"https:\/\/schema.org\",\"@graph\":[{\"@type\":\"WebPage\",\"@id\":\"https:\/\/salija.lt\/lt\/produktas\/solenoidiniai-voztuvai\/\",\"url\":\"https:\/\/salija.lt\/lt\/produktas\/solenoidiniai-voztuvai\/\",\"name\":\"Solenoidiniai vo\u017etuvai - Salija\",\"isPartOf\":{\"@id\":\"https:\/\/salija.lt\/lt\/#website\"},\"datePublished\":\"2022-02-02T00:21:53+00:00\",\"dateModified\":\"2022-03-13T22:20:02+00:00\",\"description\":\"Solenoidiniai vo\u017etuvai - Salija, UAB\",\"breadcrumb\":{\"@id\":\"https:\/\/salija.lt\/lt\/produktas\/solenoidiniai-voztuvai\/#breadcrumb\"},\"inLanguage\":\"lt-LT\",\"potentialAction\":[{\"@type\":\"ReadAction\",\"target\":[\"https:\/\/salija.lt\/lt\/produktas\/solenoidiniai-voztuvai\/\"]}]},{\"@type\":\"BreadcrumbList\",\"@id\":\"https:\/\/salija.lt\/lt\/produktas\/solenoidiniai-voztuvai\/#breadcrumb\",\"itemListElement\":[{\"@type\":\"ListItem\",\"position\":1,\"name\":\"Home\",\"item\":\"https:\/\/salija.lt\/lt\/\"},{\"@type\":\"ListItem\",\"position\":2,\"name\":\"E-u\u017esakymai\",\"item\":\"https:\/\/salija.lt\/lt\/orders\/\"},{\"@type\":\"ListItem\",\"position\":3,\"name\":\"Solenoidiniai vo\u017etuvai\"}]},{\"@type\":\"WebSite\",\"@id\":\"https:\/\/salija.lt\/lt\/#website\",\"url\":\"https:\/\/salija.lt\/lt\/\",\"name\":\"Salija\",\"description\":\"\",\"potentialAction\":[{\"@type\":\"SearchAction\",\"target\":{\"@type\":\"EntryPoint\",\"urlTemplate\":\"https:\/\/salija.lt\/lt\/?s={search_term_string}\"},\"query-input\":\"required name=search_term_string\"}],\"inLanguage\":\"lt-LT\"}]}<\/script>\n<!-- \/ Yoast SEO plugin. -->","yoast_head_json":{"title":"Solenoidiniai vo\u017etuvai - Salija","description":"Solenoidiniai vo\u017etuvai - Salija, UAB","robots":{"index":"index","follow":"follow","max-snippet":"max-snippet:-1","max-image-preview":"max-image-preview:large","max-video-preview":"max-video-preview:-1"},"canonical":"https:\/\/salija.lt\/lt\/produktas\/solenoidiniai-voztuvai\/","og_locale":"lt_LT","og_type":"article","og_title":"Solenoidiniai vo\u017etuvai - Salija","og_description":"Solenoidiniai vo\u017etuvai - Salija, UAB","og_url":"https:\/\/salija.lt\/lt\/produktas\/solenoidiniai-voztuvai\/","og_site_name":"Salija","article_modified_time":"2022-03-13T22:20:02+00:00","og_image":[{"width":1010,"height":673,"url":"https:\/\/salija.lt\/wp-content\/uploads\/2022\/02\/voztuvas1.jpg","type":"image\/jpeg"}],"twitter_card":"summary_large_image","schema":{"@context":"https:\/\/schema.org","@graph":[{"@type":"WebPage","@id":"https:\/\/salija.lt\/lt\/produktas\/solenoidiniai-voztuvai\/","url":"https:\/\/salija.lt\/lt\/produktas\/solenoidiniai-voztuvai\/","name":"Solenoidiniai vo\u017etuvai - Salija","isPartOf":{"@id":"https:\/\/salija.lt\/lt\/#website"},"datePublished":"2022-02-02T00:21:53+00:00","dateModified":"2022-03-13T22:20:02+00:00","description":"Solenoidiniai vo\u017etuvai - Salija, UAB","breadcrumb":{"@id":"https:\/\/salija.lt\/lt\/produktas\/solenoidiniai-voztuvai\/#breadcrumb"},"inLanguage":"lt-LT","potentialAction":[{"@type":"ReadAction","target":["https:\/\/salija.lt\/lt\/produktas\/solenoidiniai-voztuvai\/"]}]},{"@type":"BreadcrumbList","@id":"https:\/\/salija.lt\/lt\/produktas\/solenoidiniai-voztuvai\/#breadcrumb","itemListElement":[{"@type":"ListItem","position":1,"name":"Home","item":"https:\/\/salija.lt\/lt\/"},{"@type":"ListItem","position":2,"name":"E-u\u017esakymai","item":"https:\/\/salija.lt\/lt\/orders\/"},{"@type":"ListItem","position":3,"name":"Solenoidiniai vo\u017etuvai"}]},{"@type":"WebSite","@id":"https:\/\/salija.lt\/lt\/#website","url":"https:\/\/salija.lt\/lt\/","name":"Salija","description":"","potentialAction":[{"@type":"SearchAction","target":{"@type":"EntryPoint","urlTemplate":"https:\/\/salija.lt\/lt\/?s={search_term_string}"},"query-input":"required name=search_term_string"}],"inLanguage":"lt-LT"}]}},"_links":{"self":[{"href":"https:\/\/salija.lt\/lt\/wp-json\/wp\/v2\/product\/9001"}],"collection":[{"href":"https:\/\/salija.lt\/lt\/wp-json\/wp\/v2\/product"}],"about":[{"href":"https:\/\/salija.lt\/lt\/wp-json\/wp\/v2\/types\/product"}],"version-history":[{"count":12,"href":"https:\/\/salija.lt\/lt\/wp-json\/wp\/v2\/product\/9001\/revisions"}],"predecessor-version":[{"id":19129,"href":"https:\/\/salija.lt\/lt\/wp-json\/wp\/v2\/product\/9001\/revisions\/19129"}],"wp:featuredmedia":[{"embeddable":true,"href":"https:\/\/salija.lt\/lt\/wp-json\/wp\/v2\/media\/12723"}],"wp:attachment":[{"href":"https:\/\/salija.lt\/lt\/wp-json\/wp\/v2\/media?parent=9001"}],"wp:term":[{"taxonomy":"product_cat","embeddable":true,"href":"https:\/\/salija.lt\/lt\/wp-json\/wp\/v2\/product_cat?post=9001"},{"taxonomy":"product_tag","embeddable":true,"href":"https:\/\/salija.lt\/lt\/wp-json\/wp\/v2\/product_tag?post=9001"}],"curies":[{"name":"wp","href":"https:\/\/api.w.org\/{rel}","templated":true}]}}