{"id":8983,"date":"2022-02-02T02:17:15","date_gmt":"2022-02-02T00:17:15","guid":{"rendered":"https:\/\/salija.lt\/?post_type=product&#038;p=8983"},"modified":"2022-03-13T23:42:20","modified_gmt":"2022-03-13T21:42:20","slug":"sff-serijos-siurbtukai-2","status":"publish","type":"product","link":"https:\/\/salija.lt\/lt\/produktas\/sff-serijos-siurbtukai-2\/","title":{"rendered":"SFF serijos siurbtukai"},"content":{"rendered":"\t\t<div data-elementor-type=\"product-post\" data-elementor-id=\"8983\" class=\"elementor elementor-8983\" data-elementor-settings=\"[]\">\n\t\t\t\t\t\t<div class=\"elementor-inner\">\n\t\t\t\t\t\t\t<div class=\"elementor-section-wrap\">\n\t\t\t\t\t\t\t<section class=\"has_ma_el_bg_slider elementor-section elementor-top-section elementor-element elementor-element-c05e348 elementor-section-boxed elementor-section-height-default elementor-section-height-default jltma-glass-effect-no\" data-id=\"c05e348\" data-element_type=\"section\">\n\t\t\t\t\t\t<div class=\"elementor-container elementor-column-gap-default\">\n\t\t\t\t\t\t\t<div class=\"elementor-row\">\n\t\t\t\t\t<div class=\"has_ma_el_bg_slider elementor-column elementor-col-50 elementor-top-column elementor-element elementor-element-7d99f38 jltma-glass-effect-no\" data-id=\"7d99f38\" data-element_type=\"column\">\n\t\t\t<div class=\"elementor-column-wrap elementor-element-populated\">\n\t\t\t\t\t\t\t<div class=\"elementor-widget-wrap\">\n\t\t\t\t\t\t<div class=\"elementor-element elementor-element-319fd0d jltma-glass-effect-no elementor-widget elementor-widget-heading\" data-id=\"319fd0d\" data-element_type=\"widget\" data-widget_type=\"heading.default\">\n\t\t\t\t<div class=\"elementor-widget-container\">\n\t\t\t<h5 class=\"elementor-heading-title elementor-size-default\">Produkto apra\u0161ymas<\/h5>\t\t<\/div>\n\t\t\t\t<\/div>\n\t\t\t\t<div class=\"elementor-element elementor-element-6673c61 jltma-glass-effect-no elementor-widget elementor-widget-text-editor\" data-id=\"6673c61\" data-element_type=\"widget\" data-widget_type=\"text-editor.default\">\n\t\t\t\t<div class=\"elementor-widget-container\">\n\t\t\t\t\t\t\t\t<div class=\"elementor-text-editor elementor-clearfix\">\n\t\t\t\t<div class=\"cms-container mb-3\"><div class=\"mc3s-inherited-styles rich-text-content\"><p><span class=\"typ-sub-label2\">SFF serijos siurbtukai skirti kelti plok\u0161\u010dius ruo\u0161inius, tokius kaip popierin\u0117 pakuot\u0117 arba trap\u016bs objektai, tokie kaip plok\u0161tel\u0117s ar vitrin\u0173 stiklas. Priklausomai nuo pasirinktos med\u017eiagos, siurbtukas yra saugus maistui, atsparus chemikalams arba tinkamas auk\u0161tai temperat\u016brai.<\/span><\/p><\/div><\/div>\t\t\t\t\t<\/div>\n\t\t\t\t\t\t<\/div>\n\t\t\t\t<\/div>\n\t\t\t\t\t\t<\/div>\n\t\t\t\t\t<\/div>\n\t\t<\/div>\n\t\t\t\t<div class=\"has_ma_el_bg_slider elementor-column elementor-col-50 elementor-top-column elementor-element elementor-element-41ccbc0 jltma-glass-effect-no\" data-id=\"41ccbc0\" data-element_type=\"column\">\n\t\t\t<div class=\"elementor-column-wrap elementor-element-populated\">\n\t\t\t\t\t\t\t<div class=\"elementor-widget-wrap\">\n\t\t\t\t\t\t<div class=\"elementor-element elementor-element-3ac4dd7 elementor-pagination-position-outside jltma-glass-effect-no elementor-widget elementor-widget-image-carousel\" data-id=\"3ac4dd7\" data-element_type=\"widget\" data-settings=\"{&quot;slides_to_show&quot;:&quot;1&quot;,&quot;navigation&quot;:&quot;dots&quot;,&quot;autoplay&quot;:&quot;yes&quot;,&quot;pause_on_hover&quot;:&quot;yes&quot;,&quot;pause_on_interaction&quot;:&quot;yes&quot;,&quot;autoplay_speed&quot;:5000,&quot;infinite&quot;:&quot;yes&quot;,&quot;effect&quot;:&quot;slide&quot;,&quot;speed&quot;:500}\" data-widget_type=\"image-carousel.default\">\n\t\t\t\t<div class=\"elementor-widget-container\">\n\t\t\t\t\t<div class=\"elementor-image-carousel-wrapper swiper-container\" dir=\"ltr\">\n\t\t\t<div class=\"elementor-image-carousel swiper-wrapper\">\n\t\t\t\t\t\t\t\t<div class=\"swiper-slide\"><figure class=\"swiper-slide-inner\"><img decoding=\"async\" class=\"swiper-slide-image\" src=\"https:\/\/salija.lt\/wp-content\/uploads\/2022\/02\/A_PGE-05690_004.webp\" alt=\"A_PGE-05690_004\" \/><\/figure><\/div>\t\t\t<\/div>\n\t\t\t\t\t<\/div>\n\t\t\t\t<\/div>\n\t\t\t\t<\/div>\n\t\t\t\t\t\t<\/div>\n\t\t\t\t\t<\/div>\n\t\t<\/div>\n\t\t\t\t\t\t\t\t<\/div>\n\t\t\t\t\t<\/div>\n\t\t<\/section>\n\t\t\t\t\t\t<\/div>\n\t\t\t\t\t\t<\/div>\n\t\t\t\t\t<\/div>\n\t\t","protected":false},"excerpt":{"rendered":"<p>SFF serijos siurbtukai skirti kelti \u0161velnius ruo\u0161inius.<\/p>\n","protected":false},"featured_media":12642,"template":"","meta":[],"product_cat":[142],"product_tag":[],"yoast_head":"<!-- This site is optimized with the Yoast SEO plugin v20.13 - https:\/\/yoast.com\/wordpress\/plugins\/seo\/ -->\n<title>SFF serijos siurbtukai - Salija<\/title>\n<meta name=\"description\" content=\"SFF serijos siurbtukai - Salija, UAB\" \/>\n<meta name=\"robots\" content=\"index, follow, max-snippet:-1, max-image-preview:large, max-video-preview:-1\" \/>\n<link rel=\"canonical\" href=\"https:\/\/salija.lt\/lt\/produktas\/sff-serijos-siurbtukai-2\/\" \/>\n<meta property=\"og:locale\" content=\"lt_LT\" \/>\n<meta property=\"og:type\" content=\"article\" \/>\n<meta property=\"og:title\" content=\"SFF serijos siurbtukai - Salija\" \/>\n<meta property=\"og:description\" content=\"SFF serijos siurbtukai - Salija, UAB\" \/>\n<meta property=\"og:url\" content=\"https:\/\/salija.lt\/lt\/produktas\/sff-serijos-siurbtukai-2\/\" \/>\n<meta property=\"og:site_name\" content=\"Salija\" \/>\n<meta property=\"article:modified_time\" content=\"2022-03-13T21:42:20+00:00\" \/>\n<meta property=\"og:image\" content=\"https:\/\/salija.lt\/wp-content\/uploads\/2022\/02\/PF_PGE-05690_001.jpg\" \/>\n\t<meta property=\"og:image:width\" content=\"1009\" \/>\n\t<meta property=\"og:image:height\" content=\"673\" \/>\n\t<meta property=\"og:image:type\" content=\"image\/jpeg\" \/>\n<meta name=\"twitter:card\" content=\"summary_large_image\" \/>\n<script type=\"application\/ld+json\" class=\"yoast-schema-graph\">{\"@context\":\"https:\/\/schema.org\",\"@graph\":[{\"@type\":\"WebPage\",\"@id\":\"https:\/\/salija.lt\/lt\/produktas\/sff-serijos-siurbtukai-2\/\",\"url\":\"https:\/\/salija.lt\/lt\/produktas\/sff-serijos-siurbtukai-2\/\",\"name\":\"SFF serijos siurbtukai - Salija\",\"isPartOf\":{\"@id\":\"https:\/\/salija.lt\/lt\/#website\"},\"datePublished\":\"2022-02-02T00:17:15+00:00\",\"dateModified\":\"2022-03-13T21:42:20+00:00\",\"description\":\"SFF serijos siurbtukai - Salija, UAB\",\"breadcrumb\":{\"@id\":\"https:\/\/salija.lt\/lt\/produktas\/sff-serijos-siurbtukai-2\/#breadcrumb\"},\"inLanguage\":\"lt-LT\",\"potentialAction\":[{\"@type\":\"ReadAction\",\"target\":[\"https:\/\/salija.lt\/lt\/produktas\/sff-serijos-siurbtukai-2\/\"]}]},{\"@type\":\"BreadcrumbList\",\"@id\":\"https:\/\/salija.lt\/lt\/produktas\/sff-serijos-siurbtukai-2\/#breadcrumb\",\"itemListElement\":[{\"@type\":\"ListItem\",\"position\":1,\"name\":\"Home\",\"item\":\"https:\/\/salija.lt\/lt\/\"},{\"@type\":\"ListItem\",\"position\":2,\"name\":\"E-u\u017esakymai\",\"item\":\"https:\/\/salija.lt\/lt\/orders\/\"},{\"@type\":\"ListItem\",\"position\":3,\"name\":\"SFF serijos siurbtukai\"}]},{\"@type\":\"WebSite\",\"@id\":\"https:\/\/salija.lt\/lt\/#website\",\"url\":\"https:\/\/salija.lt\/lt\/\",\"name\":\"Salija\",\"description\":\"\",\"potentialAction\":[{\"@type\":\"SearchAction\",\"target\":{\"@type\":\"EntryPoint\",\"urlTemplate\":\"https:\/\/salija.lt\/lt\/?s={search_term_string}\"},\"query-input\":\"required name=search_term_string\"}],\"inLanguage\":\"lt-LT\"}]}<\/script>\n<!-- \/ Yoast SEO plugin. -->","yoast_head_json":{"title":"SFF serijos siurbtukai - Salija","description":"SFF serijos siurbtukai - Salija, UAB","robots":{"index":"index","follow":"follow","max-snippet":"max-snippet:-1","max-image-preview":"max-image-preview:large","max-video-preview":"max-video-preview:-1"},"canonical":"https:\/\/salija.lt\/lt\/produktas\/sff-serijos-siurbtukai-2\/","og_locale":"lt_LT","og_type":"article","og_title":"SFF serijos siurbtukai - Salija","og_description":"SFF serijos siurbtukai - Salija, UAB","og_url":"https:\/\/salija.lt\/lt\/produktas\/sff-serijos-siurbtukai-2\/","og_site_name":"Salija","article_modified_time":"2022-03-13T21:42:20+00:00","og_image":[{"width":1009,"height":673,"url":"https:\/\/salija.lt\/wp-content\/uploads\/2022\/02\/PF_PGE-05690_001.jpg","type":"image\/jpeg"}],"twitter_card":"summary_large_image","schema":{"@context":"https:\/\/schema.org","@graph":[{"@type":"WebPage","@id":"https:\/\/salija.lt\/lt\/produktas\/sff-serijos-siurbtukai-2\/","url":"https:\/\/salija.lt\/lt\/produktas\/sff-serijos-siurbtukai-2\/","name":"SFF serijos siurbtukai - Salija","isPartOf":{"@id":"https:\/\/salija.lt\/lt\/#website"},"datePublished":"2022-02-02T00:17:15+00:00","dateModified":"2022-03-13T21:42:20+00:00","description":"SFF serijos siurbtukai - Salija, UAB","breadcrumb":{"@id":"https:\/\/salija.lt\/lt\/produktas\/sff-serijos-siurbtukai-2\/#breadcrumb"},"inLanguage":"lt-LT","potentialAction":[{"@type":"ReadAction","target":["https:\/\/salija.lt\/lt\/produktas\/sff-serijos-siurbtukai-2\/"]}]},{"@type":"BreadcrumbList","@id":"https:\/\/salija.lt\/lt\/produktas\/sff-serijos-siurbtukai-2\/#breadcrumb","itemListElement":[{"@type":"ListItem","position":1,"name":"Home","item":"https:\/\/salija.lt\/lt\/"},{"@type":"ListItem","position":2,"name":"E-u\u017esakymai","item":"https:\/\/salija.lt\/lt\/orders\/"},{"@type":"ListItem","position":3,"name":"SFF serijos siurbtukai"}]},{"@type":"WebSite","@id":"https:\/\/salija.lt\/lt\/#website","url":"https:\/\/salija.lt\/lt\/","name":"Salija","description":"","potentialAction":[{"@type":"SearchAction","target":{"@type":"EntryPoint","urlTemplate":"https:\/\/salija.lt\/lt\/?s={search_term_string}"},"query-input":"required name=search_term_string"}],"inLanguage":"lt-LT"}]}},"_links":{"self":[{"href":"https:\/\/salija.lt\/lt\/wp-json\/wp\/v2\/product\/8983"}],"collection":[{"href":"https:\/\/salija.lt\/lt\/wp-json\/wp\/v2\/product"}],"about":[{"href":"https:\/\/salija.lt\/lt\/wp-json\/wp\/v2\/types\/product"}],"version-history":[{"count":12,"href":"https:\/\/salija.lt\/lt\/wp-json\/wp\/v2\/product\/8983\/revisions"}],"predecessor-version":[{"id":19125,"href":"https:\/\/salija.lt\/lt\/wp-json\/wp\/v2\/product\/8983\/revisions\/19125"}],"wp:featuredmedia":[{"embeddable":true,"href":"https:\/\/salija.lt\/lt\/wp-json\/wp\/v2\/media\/12642"}],"wp:attachment":[{"href":"https:\/\/salija.lt\/lt\/wp-json\/wp\/v2\/media?parent=8983"}],"wp:term":[{"taxonomy":"product_cat","embeddable":true,"href":"https:\/\/salija.lt\/lt\/wp-json\/wp\/v2\/product_cat?post=8983"},{"taxonomy":"product_tag","embeddable":true,"href":"https:\/\/salija.lt\/lt\/wp-json\/wp\/v2\/product_tag?post=8983"}],"curies":[{"name":"wp","href":"https:\/\/api.w.org\/{rel}","templated":true}]}}