{"id":7094,"date":"2022-01-23T20:29:58","date_gmt":"2022-01-23T18:29:58","guid":{"rendered":"https:\/\/salija.lt\/titulinis\/el-parduotuve\/detaliu-tvirtinimas-vakuumu\/detaliu-tvirtinimas-medienai\/prisiurbimo-blokai-homag-weeke-masterwood-format-staklems\/"},"modified":"2022-02-18T03:14:24","modified_gmt":"2022-02-18T01:14:24","slug":"prisiurbimo-blokai-homag-weeke-masterwood-format-staklems","status":"publish","type":"page","link":"https:\/\/salija.lt\/lt\/produktai\/detaliu-tvirtinimas-vakuumu\/medienos-detaliu-tvirtinimas-apdirbimui\/prisiurbimo-blokai-homag-weeke-masterwood-format-staklems\/","title":{"rendered":"Prisiurbimo blokai Homag\/Weeke\/Masterwood\/Format stakl\u0117ms"},"content":{"rendered":"\t\t<div data-elementor-type=\"wp-page\" data-elementor-id=\"7094\" class=\"elementor elementor-7094\" data-elementor-settings=\"[]\">\n\t\t\t\t\t\t<div class=\"elementor-inner\">\n\t\t\t\t\t\t\t<div class=\"elementor-section-wrap\">\n\t\t\t\t\t\t\t<section class=\"has_ma_el_bg_slider elementor-section elementor-top-section elementor-element elementor-element-eef4553 elementor-section-boxed elementor-section-height-default elementor-section-height-default jltma-glass-effect-no\" data-id=\"eef4553\" data-element_type=\"section\">\n\t\t\t\t\t\t<div class=\"elementor-container elementor-column-gap-default\">\n\t\t\t\t\t\t\t<div class=\"elementor-row\">\n\t\t\t\t\t<div class=\"has_ma_el_bg_slider elementor-column elementor-col-100 elementor-top-column elementor-element elementor-element-685e36b jltma-glass-effect-no\" data-id=\"685e36b\" data-element_type=\"column\">\n\t\t\t<div class=\"elementor-column-wrap elementor-element-populated\">\n\t\t\t\t\t\t\t<div class=\"elementor-widget-wrap\">\n\t\t\t\t\t\t<div class=\"elementor-element elementor-element-67813ea eael-product-list-column-1 jltma-glass-effect-no elementor-widget elementor-widget-eicon-woocommerce\" data-id=\"67813ea\" data-element_type=\"widget\" data-widget_type=\"eicon-woocommerce.default\">\n\t\t\t\t<div class=\"elementor-widget-container\">\n\t\t\t\n        <div class=\"eael-product-grid  list\" id=\"eael-product-grid\" data-widget-id=\"67813ea\" data-page-id=\"7094\" data-nonce=\"9c92c04fa3\" >\n            <div class=\"woocommerce\">\n                <ul class=\"products\" data-layout-mode=\"list\">        <li class=\"product eael-product-list-preset-4\">\n            <div class=\"eael-product-wrap\">\n                <div class=\"product-image-wrap\">\n                    <div class=\"image-wrap\">\n                        <a href=\"https:\/\/salija.lt\/lt\/produktas\/prisiurbimo-blokai-homag-weeke-masterwood-format-staklems\/\" class=\"woocommerce-LoopProduct-link woocommerce-loop-product__link\"><img width=\"473\" height=\"264\" src=\"https:\/\/salija.lt\/wp-content\/uploads\/2022\/02\/smuctitulas-greita.jpg\" class=\"attachment-full size-full\" alt=\"\" decoding=\"async\" loading=\"eager\" fetchpriority=\"high\" srcset=\"https:\/\/salija.lt\/wp-content\/uploads\/2022\/02\/smuctitulas-greita.jpg 473w, https:\/\/salija.lt\/wp-content\/uploads\/2022\/02\/smuctitulas-greita-300x167.jpg 300w\" sizes=\"(max-width: 473px) 100vw, 473px\" \/><\/a>                    <\/div>\n                <\/div>\n                <div class=\"product-details-wrap\">\n                    <div class=\"eael-product-title\">\n                                    <a href=\"https:\/\/salija.lt\/lt\/produktas\/prisiurbimo-blokai-homag-weeke-masterwood-format-staklems\/\" class=\"woocommerce-LoopProduct-link woocommerce-loop-product__link\"><h2>Prisiurbimo blokai Homag\/Weeke\/Masterwood\/Format stakl\u0117ms<\/h2><\/a>\n                                    <\/div><div class=\"eael-product-excerpt\"><p>\u0160ioms stakl\u0117ms Schmalz si\u016blo nuo 50 iki 125 mm auk\u0161\u010dio prisiurbimo blokus.<\/p><\/div>\n                    <ul class=\"icons-wrap details-block-style\">\n                                                <li class=\"add-to-cart\"><a class=\"button\" href=\"https:\/\/salija.lt\/lt\/produktas\/prisiurbimo-blokai-homag-weeke-masterwood-format-staklems\/\">Pla\u010diau<\/a><\/li>\n\n\t                                                                        <li class=\"eael-product-quick-view\">\n                                <a id=\"eael_quick_view_69d2b6b836f30\" data-quickview-setting=\"{&quot;widget_id&quot;:&quot;67813ea&quot;,&quot;product_id&quot;:8642,&quot;page_id&quot;:7094}\"\n                                   class=\"eael-product-grid-open-popup open-popup-link\">\n                                    <i class=\"fas fa-eye\"><\/i>\n                                <\/a>\n                            <\/li>\n                                            <\/ul>\n                <\/div>\n            <\/div>\n        <\/li>\n        <\/ul><nav id='67813ea-eael-pagination' class='eael-woo-pagination' data-plimit='10' data-totalpage ='1' data-widgetid='67813ea' data-pageid='7094' data-args='post_type=product&post_status%5B0%5D=publish&post_status%5B1%5D=pending&post_status%5B2%5D=future&posts_per_page=10&order=desc&offset=0&tax_query%5B0%5D%5Btaxonomy%5D=product_cat&tax_query%5B0%5D%5Bfield%5D=slug&tax_query%5B0%5D%5Bterms%5D%5B0%5D=prisiurbimo-blokai-homag-weeke-masterwood-format-staklems&tax_query%5B0%5D%5Boperator%5D=IN&orderby=date&meta_query%5Brelation%5D=AND&max_page=1&total_post=1'  data-template='{\"dir\":\"free\",\"file_name\":\"default\",\"name\":\"eicon-woocommerce\"}'><ul class='page-numbers'><li><a href='javascript:void(0);' id='post' class='page-numbers current' data-pnumber='1'>1<\/a><\/li><\/ul><\/nav>            <\/div>\n        <\/div>\n\n        <script type=\"text\/javascript\">\n            jQuery(document).ready(function($) {\n                var $scope = jQuery(\".elementor-element-67813ea\");\n                var $products = $('.products', $scope);\n                var $layout_mode = $products.data('layout-mode');\n                \n                if ( $layout_mode === 'masonry' ) {\n                    \/\/ init isotope\n                    var $isotope_products = $products.isotope({\n                        itemSelector: \"li.product\",\n                        layoutMode: $layout_mode,\n                        percentPosition: true\n                    });\n\n                    $isotope_products.imagesLoaded().progress( function() {\n                        $isotope_products.isotope('layout');\n                    })\n\n                    $(window).on('resize', function() {\n                        $isotope_products.isotope('layout');\n                    });\n                }\n            });\n        <\/script>\n        \t\t<\/div>\n\t\t\t\t<\/div>\n\t\t\t\t\t\t<\/div>\n\t\t\t\t\t<\/div>\n\t\t<\/div>\n\t\t\t\t\t\t\t\t<\/div>\n\t\t\t\t\t<\/div>\n\t\t<\/section>\n\t\t\t\t<section class=\"has_ma_el_bg_slider elementor-section elementor-top-section elementor-element elementor-element-bb58f8a elementor-section-full_width elementor-section-height-default elementor-section-height-default jltma-glass-effect-no\" data-id=\"bb58f8a\" data-element_type=\"section\">\n\t\t\t\t\t\t<div class=\"elementor-container elementor-column-gap-no\">\n\t\t\t\t\t\t\t<div class=\"elementor-row\">\n\t\t\t\t\t<div class=\"has_ma_el_bg_slider elementor-column elementor-col-100 elementor-top-column elementor-element elementor-element-c87df1c jltma-glass-effect-no\" data-id=\"c87df1c\" data-element_type=\"column\">\n\t\t\t<div class=\"elementor-column-wrap elementor-element-populated\">\n\t\t\t\t\t\t\t<div class=\"elementor-widget-wrap\">\n\t\t\t\t\t\t<div class=\"elementor-element elementor-element-7c5b2c1 jltma-glass-effect-no elementor-widget elementor-widget-template\" data-id=\"7c5b2c1\" data-element_type=\"widget\" data-widget_type=\"template.default\">\n\t\t\t\t<div class=\"elementor-widget-container\">\n\t\t\t\t\t<div class=\"elementor-template\">\n\t\t\t\t\t<div data-elementor-type=\"section\" data-elementor-id=\"14350\" class=\"elementor elementor-14350\" data-elementor-settings=\"[]\">\n\t\t<div class=\"elementor-section-wrap\">\n\t\t\t\t\t<section class=\"has_ma_el_bg_slider elementor-section elementor-top-section elementor-element elementor-element-4055492 elementor-section-boxed elementor-section-height-default elementor-section-height-default jltma-glass-effect-no\" data-id=\"4055492\" data-element_type=\"section\" data-settings=\"{&quot;background_background&quot;:&quot;classic&quot;}\">\n\t\t\t\t\t\t<div class=\"elementor-container elementor-column-gap-default\">\n\t\t\t\t\t\t\t<div class=\"elementor-row\">\n\t\t\t\t\t<div class=\"has_ma_el_bg_slider elementor-column elementor-col-100 elementor-top-column elementor-element elementor-element-b8eaf57 jltma-glass-effect-no\" data-id=\"b8eaf57\" data-element_type=\"column\">\n\t\t\t<div class=\"elementor-column-wrap elementor-element-populated\">\n\t\t\t\t\t\t\t<div class=\"elementor-widget-wrap\">\n\t\t\t\t\t\t<section class=\"has_ma_el_bg_slider elementor-section elementor-inner-section elementor-element elementor-element-6746cd7 elementor-section-boxed elementor-section-height-default elementor-section-height-default jltma-glass-effect-no\" data-id=\"6746cd7\" data-element_type=\"section\">\n\t\t\t\t\t\t<div class=\"elementor-container elementor-column-gap-no\">\n\t\t\t\t\t\t\t<div class=\"elementor-row\">\n\t\t\t\t\t<div class=\"has_ma_el_bg_slider elementor-column elementor-col-50 elementor-inner-column elementor-element elementor-element-fe985a2 jltma-glass-effect-no\" data-id=\"fe985a2\" data-element_type=\"column\">\n\t\t\t<div class=\"elementor-column-wrap elementor-element-populated\">\n\t\t\t\t\t\t\t<div class=\"elementor-widget-wrap\">\n\t\t\t\t\t\t<div class=\"elementor-element elementor-element-9e8cc43 elementor-widget__width-initial acenter jltma-glass-effect-no elementor-widget elementor-widget-wgl-double-headings\" data-id=\"9e8cc43\" data-element_type=\"widget\" data-widget_type=\"wgl-double-headings.default\">\n\t\t\t\t<div class=\"elementor-widget-container\">\n\t\t\t<div class=\"wgl-double_heading\"><h3 class=\"dbl__title-wrapper\"><span class=\"dbl__title dbl__title_3\">GAUTI KOMERCIN\u012e PASI\u016aLYM\u0104<\/span><\/h3><\/div>\t\t<\/div>\n\t\t\t\t<\/div>\n\t\t\t\t\t\t<\/div>\n\t\t\t\t\t<\/div>\n\t\t<\/div>\n\t\t\t\t<div class=\"has_ma_el_bg_slider elementor-column elementor-col-50 elementor-inner-column elementor-element elementor-element-2a4af4f jltma-glass-effect-no\" data-id=\"2a4af4f\" data-element_type=\"column\">\n\t\t\t<div class=\"elementor-column-wrap elementor-element-populated\">\n\t\t\t\t\t\t\t<div class=\"elementor-widget-wrap\">\n\t\t\t\t\t\t<div class=\"elementor-element elementor-element-89a0cef elementor-align-center jltma-glass-effect-no elementor-widget elementor-widget-button\" data-id=\"89a0cef\" data-element_type=\"widget\" data-widget_type=\"button.default\">\n\t\t\t\t<div class=\"elementor-widget-container\">\n\t\t\t\t\t<div class=\"elementor-button-wrapper\">\n\t\t\t<a href=\"mailto:info@salija.eu\" target=\"_blank\" class=\"elementor-button-link elementor-button elementor-size-sm\" role=\"button\">\n\t\t\t\t\t\t<span class=\"elementor-button-content-wrapper\">\n\t\t\t\t\t\t<span class=\"elementor-button-text\">SUSISIEKTI<\/span>\n\t\t<\/span>\n\t\t\t\t\t<\/a>\n\t\t<\/div>\n\t\t\t\t<\/div>\n\t\t\t\t<\/div>\n\t\t\t\t\t\t<\/div>\n\t\t\t\t\t<\/div>\n\t\t<\/div>\n\t\t\t\t\t\t\t\t<\/div>\n\t\t\t\t\t<\/div>\n\t\t<\/section>\n\t\t\t\t\t\t<\/div>\n\t\t\t\t\t<\/div>\n\t\t<\/div>\n\t\t\t\t\t\t\t\t<\/div>\n\t\t\t\t\t<\/div>\n\t\t<\/section>\n\t\t\t\t<section class=\"has_ma_el_bg_slider elementor-section elementor-top-section elementor-element elementor-element-bb6292d elementor-section-boxed elementor-section-height-default elementor-section-height-default jltma-glass-effect-no\" data-id=\"bb6292d\" data-element_type=\"section\" data-settings=\"{&quot;background_background&quot;:&quot;classic&quot;}\">\n\t\t\t\t\t\t<div class=\"elementor-container elementor-column-gap-default\">\n\t\t\t\t\t\t\t<div class=\"elementor-row\">\n\t\t\t\t\t<div class=\"has_ma_el_bg_slider elementor-column elementor-col-100 elementor-top-column elementor-element elementor-element-24156a4 jltma-glass-effect-no\" data-id=\"24156a4\" data-element_type=\"column\">\n\t\t\t<div class=\"elementor-column-wrap elementor-element-populated\">\n\t\t\t\t\t\t\t<div class=\"elementor-widget-wrap\">\n\t\t\t\t\t\t<div class=\"elementor-element elementor-element-0d02372 jltma-glass-effect-no elementor-widget elementor-widget-spacer\" data-id=\"0d02372\" data-element_type=\"widget\" data-widget_type=\"spacer.default\">\n\t\t\t\t<div class=\"elementor-widget-container\">\n\t\t\t\t\t<div class=\"elementor-spacer\">\n\t\t\t<div class=\"elementor-spacer-inner\"><\/div>\n\t\t<\/div>\n\t\t\t\t<\/div>\n\t\t\t\t<\/div>\n\t\t\t\t\t\t<\/div>\n\t\t\t\t\t<\/div>\n\t\t<\/div>\n\t\t\t\t\t\t\t\t<\/div>\n\t\t\t\t\t<\/div>\n\t\t<\/section>\n\t\t\t\t<\/div>\n\t\t<\/div>\n\t\t\t\t<\/div>\n\t\t\t\t<\/div>\n\t\t\t\t<\/div>\n\t\t\t\t\t\t<\/div>\n\t\t\t\t\t<\/div>\n\t\t<\/div>\n\t\t\t\t\t\t\t\t<\/div>\n\t\t\t\t\t<\/div>\n\t\t<\/section>\n\t\t\t\t\t\t<\/div>\n\t\t\t\t\t\t<\/div>\n\t\t\t\t\t<\/div>\n\t\t","protected":false},"excerpt":{"rendered":"<p>Prisiurbimo blokai Homag\/Weeke\/Masterwood\/Format stakl\u0117ms \u0160ioms stakl\u0117ms Schmalz si\u016blo nuo 50 iki 125 mm auk\u0161\u010dio prisiurbimo blokus. Pla\u010diau 1<\/p>\n","protected":false},"author":1,"featured_media":0,"parent":7062,"menu_order":10036,"comment_status":"closed","ping_status":"closed","template":"","meta":{"footnotes":""},"yoast_head":"<!-- This site is optimized with the Yoast SEO plugin v20.13 - https:\/\/yoast.com\/wordpress\/plugins\/seo\/ -->\n<title>Prisiurbimo blokai Homag\/Weeke\/Masterwood\/Format stakl\u0117ms - Salija<\/title>\n<meta name=\"description\" content=\"Prisiurbimo blokai Homag\/Weeke\/Masterwood\/Format stakl\u0117ms - Salija, UAB\" \/>\n<meta name=\"robots\" content=\"index, follow, max-snippet:-1, max-image-preview:large, max-video-preview:-1\" \/>\n<link rel=\"canonical\" href=\"https:\/\/salija.lt\/lt\/produktai\/detaliu-tvirtinimas-vakuumu\/medienos-detaliu-tvirtinimas-apdirbimui\/prisiurbimo-blokai-homag-weeke-masterwood-format-staklems\/\" \/>\n<meta property=\"og:locale\" content=\"lt_LT\" \/>\n<meta property=\"og:type\" content=\"article\" \/>\n<meta property=\"og:title\" content=\"Prisiurbimo blokai Homag\/Weeke\/Masterwood\/Format stakl\u0117ms - Salija\" \/>\n<meta property=\"og:description\" content=\"Prisiurbimo blokai Homag\/Weeke\/Masterwood\/Format stakl\u0117ms - Salija, UAB\" \/>\n<meta property=\"og:url\" content=\"https:\/\/salija.lt\/lt\/produktai\/detaliu-tvirtinimas-vakuumu\/medienos-detaliu-tvirtinimas-apdirbimui\/prisiurbimo-blokai-homag-weeke-masterwood-format-staklems\/\" \/>\n<meta property=\"og:site_name\" content=\"Salija\" \/>\n<meta property=\"article:modified_time\" content=\"2022-02-18T01:14:24+00:00\" \/>\n<meta property=\"og:image\" content=\"http:\/\/salija.lt\/wp-content\/uploads\/2022\/02\/smuctitulas-greita.jpg\" \/>\n<meta name=\"twitter:card\" content=\"summary_large_image\" \/>\n<script type=\"application\/ld+json\" class=\"yoast-schema-graph\">{\"@context\":\"https:\/\/schema.org\",\"@graph\":[{\"@type\":\"WebPage\",\"@id\":\"https:\/\/salija.lt\/lt\/produktai\/detaliu-tvirtinimas-vakuumu\/medienos-detaliu-tvirtinimas-apdirbimui\/prisiurbimo-blokai-homag-weeke-masterwood-format-staklems\/\",\"url\":\"https:\/\/salija.lt\/lt\/produktai\/detaliu-tvirtinimas-vakuumu\/medienos-detaliu-tvirtinimas-apdirbimui\/prisiurbimo-blokai-homag-weeke-masterwood-format-staklems\/\",\"name\":\"Prisiurbimo blokai Homag\/Weeke\/Masterwood\/Format stakl\u0117ms - Salija\",\"isPartOf\":{\"@id\":\"https:\/\/salija.lt\/lt\/#website\"},\"datePublished\":\"2022-01-23T18:29:58+00:00\",\"dateModified\":\"2022-02-18T01:14:24+00:00\",\"description\":\"Prisiurbimo blokai Homag\/Weeke\/Masterwood\/Format stakl\u0117ms - Salija, UAB\",\"breadcrumb\":{\"@id\":\"https:\/\/salija.lt\/lt\/produktai\/detaliu-tvirtinimas-vakuumu\/medienos-detaliu-tvirtinimas-apdirbimui\/prisiurbimo-blokai-homag-weeke-masterwood-format-staklems\/#breadcrumb\"},\"inLanguage\":\"lt-LT\",\"potentialAction\":[{\"@type\":\"ReadAction\",\"target\":[\"https:\/\/salija.lt\/lt\/produktai\/detaliu-tvirtinimas-vakuumu\/medienos-detaliu-tvirtinimas-apdirbimui\/prisiurbimo-blokai-homag-weeke-masterwood-format-staklems\/\"]}]},{\"@type\":\"BreadcrumbList\",\"@id\":\"https:\/\/salija.lt\/lt\/produktai\/detaliu-tvirtinimas-vakuumu\/medienos-detaliu-tvirtinimas-apdirbimui\/prisiurbimo-blokai-homag-weeke-masterwood-format-staklems\/#breadcrumb\",\"itemListElement\":[{\"@type\":\"ListItem\",\"position\":1,\"name\":\"Home\",\"item\":\"https:\/\/salija.lt\/lt\/\"},{\"@type\":\"ListItem\",\"position\":2,\"name\":\"Produktai\",\"item\":\"https:\/\/salija.lt\/lt\/produktai\/\"},{\"@type\":\"ListItem\",\"position\":3,\"name\":\"Detali\u0173 tvirtinimas vakuumu\",\"item\":\"https:\/\/salija.lt\/lt\/produktai\/detaliu-tvirtinimas-vakuumu\/\"},{\"@type\":\"ListItem\",\"position\":4,\"name\":\"Medienos detali\u0173 tvirtinimas apdirbimui\",\"item\":\"https:\/\/salija.lt\/lt\/produktai\/detaliu-tvirtinimas-vakuumu\/medienos-detaliu-tvirtinimas-apdirbimui\/\"},{\"@type\":\"ListItem\",\"position\":5,\"name\":\"Prisiurbimo blokai Homag\/Weeke\/Masterwood\/Format stakl\u0117ms\"}]},{\"@type\":\"WebSite\",\"@id\":\"https:\/\/salija.lt\/lt\/#website\",\"url\":\"https:\/\/salija.lt\/lt\/\",\"name\":\"Salija\",\"description\":\"\",\"potentialAction\":[{\"@type\":\"SearchAction\",\"target\":{\"@type\":\"EntryPoint\",\"urlTemplate\":\"https:\/\/salija.lt\/lt\/?s={search_term_string}\"},\"query-input\":\"required name=search_term_string\"}],\"inLanguage\":\"lt-LT\"}]}<\/script>\n<!-- \/ Yoast SEO plugin. -->","yoast_head_json":{"title":"Prisiurbimo blokai Homag\/Weeke\/Masterwood\/Format stakl\u0117ms - Salija","description":"Prisiurbimo blokai Homag\/Weeke\/Masterwood\/Format stakl\u0117ms - Salija, UAB","robots":{"index":"index","follow":"follow","max-snippet":"max-snippet:-1","max-image-preview":"max-image-preview:large","max-video-preview":"max-video-preview:-1"},"canonical":"https:\/\/salija.lt\/lt\/produktai\/detaliu-tvirtinimas-vakuumu\/medienos-detaliu-tvirtinimas-apdirbimui\/prisiurbimo-blokai-homag-weeke-masterwood-format-staklems\/","og_locale":"lt_LT","og_type":"article","og_title":"Prisiurbimo blokai Homag\/Weeke\/Masterwood\/Format stakl\u0117ms - Salija","og_description":"Prisiurbimo blokai Homag\/Weeke\/Masterwood\/Format stakl\u0117ms - Salija, UAB","og_url":"https:\/\/salija.lt\/lt\/produktai\/detaliu-tvirtinimas-vakuumu\/medienos-detaliu-tvirtinimas-apdirbimui\/prisiurbimo-blokai-homag-weeke-masterwood-format-staklems\/","og_site_name":"Salija","article_modified_time":"2022-02-18T01:14:24+00:00","og_image":[{"url":"http:\/\/salija.lt\/wp-content\/uploads\/2022\/02\/smuctitulas-greita.jpg"}],"twitter_card":"summary_large_image","schema":{"@context":"https:\/\/schema.org","@graph":[{"@type":"WebPage","@id":"https:\/\/salija.lt\/lt\/produktai\/detaliu-tvirtinimas-vakuumu\/medienos-detaliu-tvirtinimas-apdirbimui\/prisiurbimo-blokai-homag-weeke-masterwood-format-staklems\/","url":"https:\/\/salija.lt\/lt\/produktai\/detaliu-tvirtinimas-vakuumu\/medienos-detaliu-tvirtinimas-apdirbimui\/prisiurbimo-blokai-homag-weeke-masterwood-format-staklems\/","name":"Prisiurbimo blokai Homag\/Weeke\/Masterwood\/Format stakl\u0117ms - Salija","isPartOf":{"@id":"https:\/\/salija.lt\/lt\/#website"},"datePublished":"2022-01-23T18:29:58+00:00","dateModified":"2022-02-18T01:14:24+00:00","description":"Prisiurbimo blokai Homag\/Weeke\/Masterwood\/Format stakl\u0117ms - Salija, UAB","breadcrumb":{"@id":"https:\/\/salija.lt\/lt\/produktai\/detaliu-tvirtinimas-vakuumu\/medienos-detaliu-tvirtinimas-apdirbimui\/prisiurbimo-blokai-homag-weeke-masterwood-format-staklems\/#breadcrumb"},"inLanguage":"lt-LT","potentialAction":[{"@type":"ReadAction","target":["https:\/\/salija.lt\/lt\/produktai\/detaliu-tvirtinimas-vakuumu\/medienos-detaliu-tvirtinimas-apdirbimui\/prisiurbimo-blokai-homag-weeke-masterwood-format-staklems\/"]}]},{"@type":"BreadcrumbList","@id":"https:\/\/salija.lt\/lt\/produktai\/detaliu-tvirtinimas-vakuumu\/medienos-detaliu-tvirtinimas-apdirbimui\/prisiurbimo-blokai-homag-weeke-masterwood-format-staklems\/#breadcrumb","itemListElement":[{"@type":"ListItem","position":1,"name":"Home","item":"https:\/\/salija.lt\/lt\/"},{"@type":"ListItem","position":2,"name":"Produktai","item":"https:\/\/salija.lt\/lt\/produktai\/"},{"@type":"ListItem","position":3,"name":"Detali\u0173 tvirtinimas vakuumu","item":"https:\/\/salija.lt\/lt\/produktai\/detaliu-tvirtinimas-vakuumu\/"},{"@type":"ListItem","position":4,"name":"Medienos detali\u0173 tvirtinimas apdirbimui","item":"https:\/\/salija.lt\/lt\/produktai\/detaliu-tvirtinimas-vakuumu\/medienos-detaliu-tvirtinimas-apdirbimui\/"},{"@type":"ListItem","position":5,"name":"Prisiurbimo blokai Homag\/Weeke\/Masterwood\/Format stakl\u0117ms"}]},{"@type":"WebSite","@id":"https:\/\/salija.lt\/lt\/#website","url":"https:\/\/salija.lt\/lt\/","name":"Salija","description":"","potentialAction":[{"@type":"SearchAction","target":{"@type":"EntryPoint","urlTemplate":"https:\/\/salija.lt\/lt\/?s={search_term_string}"},"query-input":"required name=search_term_string"}],"inLanguage":"lt-LT"}]}},"_links":{"self":[{"href":"https:\/\/salija.lt\/lt\/wp-json\/wp\/v2\/pages\/7094"}],"collection":[{"href":"https:\/\/salija.lt\/lt\/wp-json\/wp\/v2\/pages"}],"about":[{"href":"https:\/\/salija.lt\/lt\/wp-json\/wp\/v2\/types\/page"}],"author":[{"embeddable":true,"href":"https:\/\/salija.lt\/lt\/wp-json\/wp\/v2\/users\/1"}],"replies":[{"embeddable":true,"href":"https:\/\/salija.lt\/lt\/wp-json\/wp\/v2\/comments?post=7094"}],"version-history":[{"count":13,"href":"https:\/\/salija.lt\/lt\/wp-json\/wp\/v2\/pages\/7094\/revisions"}],"predecessor-version":[{"id":14390,"href":"https:\/\/salija.lt\/lt\/wp-json\/wp\/v2\/pages\/7094\/revisions\/14390"}],"up":[{"embeddable":true,"href":"https:\/\/salija.lt\/lt\/wp-json\/wp\/v2\/pages\/7062"}],"wp:attachment":[{"href":"https:\/\/salija.lt\/lt\/wp-json\/wp\/v2\/media?parent=7094"}],"curies":[{"name":"wp","href":"https:\/\/api.w.org\/{rel}","templated":true}]}}