{"id":7081,"date":"2022-01-23T19:25:01","date_gmt":"2022-01-23T17:25:01","guid":{"rendered":"https:\/\/salija.lt\/titulinis\/el-parduotuve\/vakuumo-komponentai\/cobot-robotai\/"},"modified":"2023-08-08T15:22:52","modified_gmt":"2023-08-08T12:22:52","slug":"cobot-robotai","status":"publish","type":"page","link":"https:\/\/salija.lt\/lt\/produktai\/vakuumo-komponentai\/cobot-robotai\/","title":{"rendered":"Cobot robotai"},"content":{"rendered":"\t\t<div data-elementor-type=\"wp-page\" data-elementor-id=\"7081\" class=\"elementor elementor-7081\" data-elementor-settings=\"[]\">\n\t\t\t\t\t\t<div class=\"elementor-inner\">\n\t\t\t\t\t\t\t<div class=\"elementor-section-wrap\">\n\t\t\t\t\t\t\t<section class=\"has_ma_el_bg_slider elementor-section elementor-top-section elementor-element elementor-element-9b29078 elementor-section-boxed elementor-section-height-default elementor-section-height-default jltma-glass-effect-no\" data-id=\"9b29078\" data-element_type=\"section\">\n\t\t\t\t\t\t<div class=\"elementor-container elementor-column-gap-default\">\n\t\t\t\t\t\t\t<div class=\"elementor-row\">\n\t\t\t\t\t<div class=\"has_ma_el_bg_slider elementor-column elementor-col-100 elementor-top-column elementor-element elementor-element-744ac1d jltma-glass-effect-no\" data-id=\"744ac1d\" data-element_type=\"column\" data-settings=\"{&quot;background_background&quot;:&quot;classic&quot;}\">\n\t\t\t<div class=\"elementor-column-wrap elementor-element-populated\">\n\t\t\t\t\t\t\t<div class=\"elementor-widget-wrap\">\n\t\t\t\t\t\t<section class=\"has_ma_el_bg_slider elementor-section elementor-inner-section elementor-element elementor-element-35dff1b elementor-section-boxed elementor-section-height-default elementor-section-height-default jltma-glass-effect-no\" data-id=\"35dff1b\" data-element_type=\"section\">\n\t\t\t\t\t\t<div class=\"elementor-container elementor-column-gap-no\">\n\t\t\t\t\t\t\t<div class=\"elementor-row\">\n\t\t\t\t\t<div class=\"has_ma_el_bg_slider elementor-column elementor-col-100 elementor-inner-column elementor-element elementor-element-e3d9e54 jltma-glass-effect-no\" data-id=\"e3d9e54\" data-element_type=\"column\">\n\t\t\t<div class=\"elementor-column-wrap elementor-element-populated\">\n\t\t\t\t\t\t\t<div class=\"elementor-widget-wrap\">\n\t\t\t\t\t\t<div class=\"elementor-element elementor-element-f175844 jltma-glass-effect-no elementor-widget elementor-widget-heading\" data-id=\"f175844\" data-element_type=\"widget\" data-widget_type=\"heading.default\">\n\t\t\t\t<div class=\"elementor-widget-container\">\n\t\t\t<h5 class=\"elementor-heading-title elementor-size-default\">Produkto apra\u0161ymas<\/h5>\t\t<\/div>\n\t\t\t\t<\/div>\n\t\t\t\t\t\t<\/div>\n\t\t\t\t\t<\/div>\n\t\t<\/div>\n\t\t\t\t\t\t\t\t<\/div>\n\t\t\t\t\t<\/div>\n\t\t<\/section>\n\t\t\t\t<section class=\"has_ma_el_bg_slider elementor-section elementor-inner-section elementor-element elementor-element-56db4e8 elementor-section-boxed elementor-section-height-default elementor-section-height-default jltma-glass-effect-no\" data-id=\"56db4e8\" data-element_type=\"section\">\n\t\t\t\t\t\t<div class=\"elementor-container elementor-column-gap-no\">\n\t\t\t\t\t\t\t<div class=\"elementor-row\">\n\t\t\t\t\t<div class=\"has_ma_el_bg_slider elementor-column elementor-col-50 elementor-inner-column elementor-element elementor-element-e53fec8 jltma-glass-effect-no\" data-id=\"e53fec8\" data-element_type=\"column\">\n\t\t\t<div class=\"elementor-column-wrap elementor-element-populated\">\n\t\t\t\t\t\t\t<div class=\"elementor-widget-wrap\">\n\t\t\t\t\t\t<div class=\"elementor-element elementor-element-f38a648 jltma-glass-effect-no elementor-widget elementor-widget-text-editor\" data-id=\"f38a648\" data-element_type=\"widget\" data-widget_type=\"text-editor.default\">\n\t\t\t\t<div class=\"elementor-widget-container\">\n\t\t\t\t\t\t\t\t<div class=\"elementor-text-editor elementor-clearfix\">\n\t\t\t\t<div class=\"cms-container mb-3\"><div class=\"mc3s-inherited-styles rich-text-content\"><p><span class=\"typ-sub-label2\">Cobot robotams Schmalz gali pasi\u016blyti griebtus, elektrinius vakuumo generatorius bei steb\u0117jimo sistem\u0105.<\/span><\/p><p>Schmalz sukurti special\u016bs vakuuminiai griebtai Cobot robotams pasi\u017eymi unikaliu dizainu. \u0160ie griebtai gali b\u016bti su vidiniu (e\u017eektoriumi) arba i\u0161oriniu (vakuumo siurbliu) vakuumo generavimu. Jie atitinka ISO TS15066 standart\u0105.<\/p><p>Cobot robotams skirtas vakuumo generatorius veikia nuo elektros, jis turi NFC technologij\u0105, IO-Link funkcij\u0105. Jame taip pat integruota oro taupymo funkcija.<\/p><p>Papildomai yra galimyb\u0117 integruoti steb\u0117jimo sistem\u0105, kur\u012f \u012fgalina Cobot robot\u0105 dirbti &#8220;bin-picking: arba &#8220;pick &amp; place&#8221; aplikacijoje.<\/p><\/div><\/div>\t\t\t\t\t<\/div>\n\t\t\t\t\t\t<\/div>\n\t\t\t\t<\/div>\n\t\t\t\t\t\t<\/div>\n\t\t\t\t\t<\/div>\n\t\t<\/div>\n\t\t\t\t<div class=\"has_ma_el_bg_slider elementor-column elementor-col-50 elementor-inner-column elementor-element elementor-element-d0966da jltma-glass-effect-no\" data-id=\"d0966da\" data-element_type=\"column\">\n\t\t\t<div class=\"elementor-column-wrap elementor-element-populated\">\n\t\t\t\t\t\t\t<div class=\"elementor-widget-wrap\">\n\t\t\t\t\t\t<div class=\"elementor-element elementor-element-a83de51 col-1 col-tablet-1 col-mobile-1 jltma-glass-effect-no elementor-widget elementor-widget-wgl-gallery\" data-id=\"a83de51\" data-element_type=\"widget\" data-widget_type=\"wgl-gallery.default\">\n\t\t\t\t<div class=\"elementor-widget-container\">\n\t\t\t<div class=\"wgl-gallery\"><div class=\"wgl-gallery_items gallery-carousel\"><div class=\"wgl-carousel_wrapper\"><div class=\"wgl-carousel pagination_line_circle pag_align_center\"><div class=\"wgl-carousel_slick\" data-slick='{\"slidesToShow\":1,\"slidesToScroll\":1,\"infinite\":true,\"variableWidth\":false,\"autoplay\":true,\"autoplaySpeed\":\"3000\",\"speed\":300,\"arrows\":false,\"dots\":true,\"adaptiveHeight\":false,\"responsive\":[{\"breakpoint\":0,\"settings\":{\"slidesToShow\":1,\"slidesToScroll\":1}},{\"breakpoint\":1024,\"settings\":{\"slidesToShow\":1,\"slidesToScroll\":1}},{\"breakpoint\":767,\"settings\":{\"slidesToShow\":1,\"slidesToScroll\":1}}]}'><div class=\"wgl-gallery_item-wrapper\"><a class=\"wgl-gallery_item\" data-elementor-open-lightbox=\"yes\" data-elementor-lightbox-slideshow=\"all-a83de51\" data-elementor-lightbox-title=\"kobotai4\" e-action-hash=\"#elementor-action%3Aaction%3Dlightbox%26settings%3DeyJpZCI6MTMwODksInVybCI6Imh0dHBzOlwvXC9zYWxpamEubHRcL3dwLWNvbnRlbnRcL3VwbG9hZHNcLzIwMjJcLzAyXC9rb2JvdGFpNC5qcGciLCJzbGlkZXNob3ciOiJhbGwtYTgzZGU1MSJ9\" href=\"https:\/\/salija.lt\/wp-content\/uploads\/2022\/02\/kobotai4.jpg\"><img decoding=\"async\" class=\"wgl-gallery_image\" src=\"https:\/\/salija.lt\/wp-content\/uploads\/2022\/02\/kobotai4-640x427.jpg\" alt=\"\" \/><\/a><\/div><div class=\"wgl-gallery_item-wrapper\"><a class=\"wgl-gallery_item\" data-elementor-open-lightbox=\"yes\" data-elementor-lightbox-slideshow=\"all-a83de51\" data-elementor-lightbox-title=\"A_PGE_05560_001\" e-action-hash=\"#elementor-action%3Aaction%3Dlightbox%26settings%3DeyJpZCI6MTMwOTAsInVybCI6Imh0dHBzOlwvXC9zYWxpamEubHRcL3dwLWNvbnRlbnRcL3VwbG9hZHNcLzIwMjJcLzAyXC9BX1BHRV8wNTU2MF8wMDEud2VicCIsInNsaWRlc2hvdyI6ImFsbC1hODNkZTUxIn0%3D\" href=\"https:\/\/salija.lt\/wp-content\/uploads\/2022\/02\/A_PGE_05560_001.webp\"><img decoding=\"async\" class=\"wgl-gallery_image\" src=\"https:\/\/salija.lt\/wp-content\/uploads\/2022\/02\/A_PGE_05560_001-640x427.webp\" alt=\"\" \/><\/a><\/div><div class=\"wgl-gallery_item-wrapper\"><a class=\"wgl-gallery_item\" data-elementor-open-lightbox=\"yes\" data-elementor-lightbox-slideshow=\"all-a83de51\" data-elementor-lightbox-title=\"A_PGE-05628_003\" e-action-hash=\"#elementor-action%3Aaction%3Dlightbox%26settings%3DeyJpZCI6MTMwOTEsInVybCI6Imh0dHBzOlwvXC9zYWxpamEubHRcL3dwLWNvbnRlbnRcL3VwbG9hZHNcLzIwMjJcLzAyXC9BX1BHRS0wNTYyOF8wMDMud2VicCIsInNsaWRlc2hvdyI6ImFsbC1hODNkZTUxIn0%3D\" href=\"https:\/\/salija.lt\/wp-content\/uploads\/2022\/02\/A_PGE-05628_003.webp\"><img decoding=\"async\" class=\"wgl-gallery_image\" src=\"https:\/\/salija.lt\/wp-content\/uploads\/2022\/02\/A_PGE-05628_003-640x427.webp\" alt=\"\" \/><\/a><\/div><div class=\"wgl-gallery_item-wrapper\"><a class=\"wgl-gallery_item\" data-elementor-open-lightbox=\"yes\" data-elementor-lightbox-slideshow=\"all-a83de51\" data-elementor-lightbox-title=\"A_PGE-05628_005\" e-action-hash=\"#elementor-action%3Aaction%3Dlightbox%26settings%3DeyJpZCI6MTMwOTIsInVybCI6Imh0dHBzOlwvXC9zYWxpamEubHRcL3dwLWNvbnRlbnRcL3VwbG9hZHNcLzIwMjJcLzAyXC9BX1BHRS0wNTYyOF8wMDUud2VicCIsInNsaWRlc2hvdyI6ImFsbC1hODNkZTUxIn0%3D\" href=\"https:\/\/salija.lt\/wp-content\/uploads\/2022\/02\/A_PGE-05628_005.webp\"><img decoding=\"async\" class=\"wgl-gallery_image\" src=\"https:\/\/salija.lt\/wp-content\/uploads\/2022\/02\/A_PGE-05628_005-640x427.webp\" alt=\"\" \/><\/a><\/div><div class=\"wgl-gallery_item-wrapper\"><a class=\"wgl-gallery_item\" data-elementor-open-lightbox=\"yes\" data-elementor-lightbox-slideshow=\"all-a83de51\" data-elementor-lightbox-title=\"A_PGE-05628_006\" e-action-hash=\"#elementor-action%3Aaction%3Dlightbox%26settings%3DeyJpZCI6MTMwOTMsInVybCI6Imh0dHBzOlwvXC9zYWxpamEubHRcL3dwLWNvbnRlbnRcL3VwbG9hZHNcLzIwMjJcLzAyXC9BX1BHRS0wNTYyOF8wMDYud2VicCIsInNsaWRlc2hvdyI6ImFsbC1hODNkZTUxIn0%3D\" href=\"https:\/\/salija.lt\/wp-content\/uploads\/2022\/02\/A_PGE-05628_006.webp\"><img decoding=\"async\" class=\"wgl-gallery_image\" src=\"https:\/\/salija.lt\/wp-content\/uploads\/2022\/02\/A_PGE-05628_006-640x427.webp\" alt=\"\" \/><\/a><\/div><\/div><\/div><\/div><\/div><\/div>\t\t<\/div>\n\t\t\t\t<\/div>\n\t\t\t\t\t\t<\/div>\n\t\t\t\t\t<\/div>\n\t\t<\/div>\n\t\t\t\t\t\t\t\t<\/div>\n\t\t\t\t\t<\/div>\n\t\t<\/section>\n\t\t\t\t\t\t<\/div>\n\t\t\t\t\t<\/div>\n\t\t<\/div>\n\t\t\t\t\t\t\t\t<\/div>\n\t\t\t\t\t<\/div>\n\t\t<\/section>\n\t\t\t\t<section class=\"has_ma_el_bg_slider elementor-section elementor-top-section elementor-element elementor-element-23370fd elementor-section-full_width elementor-section-height-default elementor-section-height-default jltma-glass-effect-no\" data-id=\"23370fd\" data-element_type=\"section\">\n\t\t\t\t\t\t<div class=\"elementor-container elementor-column-gap-no\">\n\t\t\t\t\t\t\t<div class=\"elementor-row\">\n\t\t\t\t\t<div class=\"has_ma_el_bg_slider elementor-column elementor-col-100 elementor-top-column elementor-element elementor-element-1b82613 jltma-glass-effect-no\" data-id=\"1b82613\" data-element_type=\"column\">\n\t\t\t<div class=\"elementor-column-wrap elementor-element-populated\">\n\t\t\t\t\t\t\t<div class=\"elementor-widget-wrap\">\n\t\t\t\t\t\t<div class=\"elementor-element elementor-element-94de155 jltma-glass-effect-no elementor-widget elementor-widget-template\" data-id=\"94de155\" data-element_type=\"widget\" data-widget_type=\"template.default\">\n\t\t\t\t<div class=\"elementor-widget-container\">\n\t\t\t\t\t<div class=\"elementor-template\">\n\t\t\t\t\t<div data-elementor-type=\"section\" data-elementor-id=\"28607\" class=\"elementor elementor-28607\" data-elementor-settings=\"[]\">\n\t\t<div class=\"elementor-section-wrap\">\n\t\t\t\t\t<section class=\"has_ma_el_bg_slider elementor-section elementor-top-section elementor-element elementor-element-92855a2 elementor-section-boxed elementor-section-height-default elementor-section-height-default jltma-glass-effect-no\" data-id=\"92855a2\" data-element_type=\"section\" data-settings=\"{&quot;background_background&quot;:&quot;classic&quot;}\">\n\t\t\t\t\t\t<div class=\"elementor-container elementor-column-gap-default\">\n\t\t\t\t\t\t\t<div class=\"elementor-row\">\n\t\t\t\t\t<div class=\"has_ma_el_bg_slider elementor-column elementor-col-100 elementor-top-column elementor-element elementor-element-e69ee4b jltma-glass-effect-no\" data-id=\"e69ee4b\" data-element_type=\"column\">\n\t\t\t<div class=\"elementor-column-wrap elementor-element-populated\">\n\t\t\t\t\t\t\t<div class=\"elementor-widget-wrap\">\n\t\t\t\t\t\t<section class=\"has_ma_el_bg_slider elementor-section elementor-inner-section elementor-element elementor-element-3c229a9 elementor-section-boxed elementor-section-height-default elementor-section-height-default jltma-glass-effect-no\" data-id=\"3c229a9\" data-element_type=\"section\">\n\t\t\t\t\t\t<div class=\"elementor-container elementor-column-gap-no\">\n\t\t\t\t\t\t\t<div class=\"elementor-row\">\n\t\t\t\t\t<div class=\"has_ma_el_bg_slider elementor-column elementor-col-50 elementor-inner-column elementor-element elementor-element-aca1c8e jltma-glass-effect-no\" data-id=\"aca1c8e\" data-element_type=\"column\">\n\t\t\t<div class=\"elementor-column-wrap elementor-element-populated\">\n\t\t\t\t\t\t\t<div class=\"elementor-widget-wrap\">\n\t\t\t\t\t\t<div class=\"elementor-element elementor-element-1af1638 elementor-widget__width-initial acenter jltma-glass-effect-no elementor-widget elementor-widget-wgl-double-headings\" data-id=\"1af1638\" data-element_type=\"widget\" data-widget_type=\"wgl-double-headings.default\">\n\t\t\t\t<div class=\"elementor-widget-container\">\n\t\t\t<div class=\"wgl-double_heading\"><h3 class=\"dbl__title-wrapper\"><span class=\"dbl__title dbl__title_3\">GAUTI KOMERCIN\u012e PASI\u016aLYM\u0104<\/span><\/h3><\/div>\t\t<\/div>\n\t\t\t\t<\/div>\n\t\t\t\t\t\t<\/div>\n\t\t\t\t\t<\/div>\n\t\t<\/div>\n\t\t\t\t<div class=\"has_ma_el_bg_slider elementor-column elementor-col-50 elementor-inner-column elementor-element elementor-element-5ae9d14 jltma-glass-effect-no\" data-id=\"5ae9d14\" data-element_type=\"column\">\n\t\t\t<div class=\"elementor-column-wrap elementor-element-populated\">\n\t\t\t\t\t\t\t<div class=\"elementor-widget-wrap\">\n\t\t\t\t\t\t<div class=\"elementor-element elementor-element-c144837 elementor-align-center jltma-glass-effect-no elementor-widget elementor-widget-button\" data-id=\"c144837\" data-element_type=\"widget\" data-widget_type=\"button.default\">\n\t\t\t\t<div class=\"elementor-widget-container\">\n\t\t\t\t\t<div class=\"elementor-button-wrapper\">\n\t\t\t<a href=\"mailto:info@salija.eu\" class=\"elementor-button-link elementor-button elementor-size-sm\" role=\"button\">\n\t\t\t\t\t\t<span class=\"elementor-button-content-wrapper\">\n\t\t\t\t\t\t<span class=\"elementor-button-text\">SUSISIEKTI<\/span>\n\t\t<\/span>\n\t\t\t\t\t<\/a>\n\t\t<\/div>\n\t\t\t\t<\/div>\n\t\t\t\t<\/div>\n\t\t\t\t\t\t<\/div>\n\t\t\t\t\t<\/div>\n\t\t<\/div>\n\t\t\t\t\t\t\t\t<\/div>\n\t\t\t\t\t<\/div>\n\t\t<\/section>\n\t\t\t\t\t\t<\/div>\n\t\t\t\t\t<\/div>\n\t\t<\/div>\n\t\t\t\t\t\t\t\t<\/div>\n\t\t\t\t\t<\/div>\n\t\t<\/section>\n\t\t\t\t<section class=\"has_ma_el_bg_slider elementor-section elementor-top-section elementor-element elementor-element-0487ea7 elementor-section-boxed elementor-section-height-default elementor-section-height-default jltma-glass-effect-no\" data-id=\"0487ea7\" data-element_type=\"section\" data-settings=\"{&quot;background_background&quot;:&quot;classic&quot;}\">\n\t\t\t\t\t\t<div class=\"elementor-container elementor-column-gap-default\">\n\t\t\t\t\t\t\t<div class=\"elementor-row\">\n\t\t\t\t\t<div class=\"has_ma_el_bg_slider elementor-column elementor-col-100 elementor-top-column elementor-element elementor-element-c782b9f jltma-glass-effect-no\" data-id=\"c782b9f\" data-element_type=\"column\">\n\t\t\t<div class=\"elementor-column-wrap elementor-element-populated\">\n\t\t\t\t\t\t\t<div class=\"elementor-widget-wrap\">\n\t\t\t\t\t\t<div class=\"elementor-element elementor-element-0f533c8 jltma-glass-effect-no elementor-widget elementor-widget-spacer\" data-id=\"0f533c8\" data-element_type=\"widget\" data-widget_type=\"spacer.default\">\n\t\t\t\t<div class=\"elementor-widget-container\">\n\t\t\t\t\t<div class=\"elementor-spacer\">\n\t\t\t<div class=\"elementor-spacer-inner\"><\/div>\n\t\t<\/div>\n\t\t\t\t<\/div>\n\t\t\t\t<\/div>\n\t\t\t\t\t\t<\/div>\n\t\t\t\t\t<\/div>\n\t\t<\/div>\n\t\t\t\t\t\t\t\t<\/div>\n\t\t\t\t\t<\/div>\n\t\t<\/section>\n\t\t\t\t<\/div>\n\t\t<\/div>\n\t\t\t\t<\/div>\n\t\t\t\t<\/div>\n\t\t\t\t<\/div>\n\t\t\t\t\t\t<\/div>\n\t\t\t\t\t<\/div>\n\t\t<\/div>\n\t\t\t\t\t\t\t\t<\/div>\n\t\t\t\t\t<\/div>\n\t\t<\/section>\n\t\t\t\t\t\t<\/div>\n\t\t\t\t\t\t<\/div>\n\t\t\t\t\t<\/div>\n\t\t","protected":false},"excerpt":{"rendered":"<p>Produkto apra\u0161ymas Cobot robotams Schmalz gali pasi\u016blyti griebtus, elektrinius vakuumo generatorius bei steb\u0117jimo sistem\u0105. Schmalz sukurti special\u016bs vakuuminiai griebtai Cobot robotams pasi\u017eymi unikaliu dizainu. \u0160ie griebtai gali b\u016bti su vidiniu (e\u017eektoriumi) arba i\u0161oriniu (vakuumo siurbliu) vakuumo generavimu. Jie atitinka ISO TS15066 standart\u0105. Cobot robotams skirtas vakuumo generatorius veikia nuo elektros, jis turi NFC technologij\u0105, IO-Link [&hellip;]<\/p>\n","protected":false},"author":1,"featured_media":0,"parent":6869,"menu_order":10035,"comment_status":"closed","ping_status":"closed","template":"","meta":{"footnotes":""},"yoast_head":"<!-- This site is optimized with the Yoast SEO plugin v20.13 - https:\/\/yoast.com\/wordpress\/plugins\/seo\/ -->\n<title>Cobot robotai - Salija<\/title>\n<meta name=\"description\" content=\"Cobot robotai - Salija, UAB\" \/>\n<meta name=\"robots\" content=\"index, follow, max-snippet:-1, max-image-preview:large, max-video-preview:-1\" \/>\n<link rel=\"canonical\" href=\"https:\/\/salija.lt\/lt\/produktai\/vakuumo-komponentai\/cobot-robotai\/\" \/>\n<meta property=\"og:locale\" content=\"lt_LT\" \/>\n<meta property=\"og:type\" content=\"article\" \/>\n<meta property=\"og:title\" content=\"Cobot robotai - Salija\" \/>\n<meta property=\"og:description\" content=\"Cobot robotai - Salija, UAB\" \/>\n<meta property=\"og:url\" content=\"https:\/\/salija.lt\/lt\/produktai\/vakuumo-komponentai\/cobot-robotai\/\" \/>\n<meta property=\"og:site_name\" content=\"Salija\" \/>\n<meta property=\"article:modified_time\" content=\"2023-08-08T12:22:52+00:00\" \/>\n<meta property=\"og:image\" content=\"http:\/\/salija.lt\/wp-content\/uploads\/2022\/02\/kobotai4-640x427.jpg\" \/>\n<meta name=\"twitter:card\" content=\"summary_large_image\" \/>\n<script type=\"application\/ld+json\" class=\"yoast-schema-graph\">{\"@context\":\"https:\/\/schema.org\",\"@graph\":[{\"@type\":\"WebPage\",\"@id\":\"https:\/\/salija.lt\/lt\/produktai\/vakuumo-komponentai\/cobot-robotai\/\",\"url\":\"https:\/\/salija.lt\/lt\/produktai\/vakuumo-komponentai\/cobot-robotai\/\",\"name\":\"Cobot robotai - Salija\",\"isPartOf\":{\"@id\":\"https:\/\/salija.lt\/lt\/#website\"},\"datePublished\":\"2022-01-23T17:25:01+00:00\",\"dateModified\":\"2023-08-08T12:22:52+00:00\",\"description\":\"Cobot robotai - Salija, UAB\",\"breadcrumb\":{\"@id\":\"https:\/\/salija.lt\/lt\/produktai\/vakuumo-komponentai\/cobot-robotai\/#breadcrumb\"},\"inLanguage\":\"lt-LT\",\"potentialAction\":[{\"@type\":\"ReadAction\",\"target\":[\"https:\/\/salija.lt\/lt\/produktai\/vakuumo-komponentai\/cobot-robotai\/\"]}]},{\"@type\":\"BreadcrumbList\",\"@id\":\"https:\/\/salija.lt\/lt\/produktai\/vakuumo-komponentai\/cobot-robotai\/#breadcrumb\",\"itemListElement\":[{\"@type\":\"ListItem\",\"position\":1,\"name\":\"Home\",\"item\":\"https:\/\/salija.lt\/lt\/\"},{\"@type\":\"ListItem\",\"position\":2,\"name\":\"Produktai\",\"item\":\"https:\/\/salija.lt\/lt\/produktai\/\"},{\"@type\":\"ListItem\",\"position\":3,\"name\":\"Vakuumo komponentai\",\"item\":\"https:\/\/salija.lt\/lt\/produktai\/vakuumo-komponentai\/\"},{\"@type\":\"ListItem\",\"position\":4,\"name\":\"Cobot robotai\"}]},{\"@type\":\"WebSite\",\"@id\":\"https:\/\/salija.lt\/lt\/#website\",\"url\":\"https:\/\/salija.lt\/lt\/\",\"name\":\"Salija\",\"description\":\"\",\"potentialAction\":[{\"@type\":\"SearchAction\",\"target\":{\"@type\":\"EntryPoint\",\"urlTemplate\":\"https:\/\/salija.lt\/lt\/?s={search_term_string}\"},\"query-input\":\"required name=search_term_string\"}],\"inLanguage\":\"lt-LT\"}]}<\/script>\n<!-- \/ Yoast SEO plugin. -->","yoast_head_json":{"title":"Cobot robotai - Salija","description":"Cobot robotai - Salija, UAB","robots":{"index":"index","follow":"follow","max-snippet":"max-snippet:-1","max-image-preview":"max-image-preview:large","max-video-preview":"max-video-preview:-1"},"canonical":"https:\/\/salija.lt\/lt\/produktai\/vakuumo-komponentai\/cobot-robotai\/","og_locale":"lt_LT","og_type":"article","og_title":"Cobot robotai - Salija","og_description":"Cobot robotai - Salija, UAB","og_url":"https:\/\/salija.lt\/lt\/produktai\/vakuumo-komponentai\/cobot-robotai\/","og_site_name":"Salija","article_modified_time":"2023-08-08T12:22:52+00:00","og_image":[{"url":"http:\/\/salija.lt\/wp-content\/uploads\/2022\/02\/kobotai4-640x427.jpg"}],"twitter_card":"summary_large_image","schema":{"@context":"https:\/\/schema.org","@graph":[{"@type":"WebPage","@id":"https:\/\/salija.lt\/lt\/produktai\/vakuumo-komponentai\/cobot-robotai\/","url":"https:\/\/salija.lt\/lt\/produktai\/vakuumo-komponentai\/cobot-robotai\/","name":"Cobot robotai - Salija","isPartOf":{"@id":"https:\/\/salija.lt\/lt\/#website"},"datePublished":"2022-01-23T17:25:01+00:00","dateModified":"2023-08-08T12:22:52+00:00","description":"Cobot robotai - Salija, UAB","breadcrumb":{"@id":"https:\/\/salija.lt\/lt\/produktai\/vakuumo-komponentai\/cobot-robotai\/#breadcrumb"},"inLanguage":"lt-LT","potentialAction":[{"@type":"ReadAction","target":["https:\/\/salija.lt\/lt\/produktai\/vakuumo-komponentai\/cobot-robotai\/"]}]},{"@type":"BreadcrumbList","@id":"https:\/\/salija.lt\/lt\/produktai\/vakuumo-komponentai\/cobot-robotai\/#breadcrumb","itemListElement":[{"@type":"ListItem","position":1,"name":"Home","item":"https:\/\/salija.lt\/lt\/"},{"@type":"ListItem","position":2,"name":"Produktai","item":"https:\/\/salija.lt\/lt\/produktai\/"},{"@type":"ListItem","position":3,"name":"Vakuumo komponentai","item":"https:\/\/salija.lt\/lt\/produktai\/vakuumo-komponentai\/"},{"@type":"ListItem","position":4,"name":"Cobot robotai"}]},{"@type":"WebSite","@id":"https:\/\/salija.lt\/lt\/#website","url":"https:\/\/salija.lt\/lt\/","name":"Salija","description":"","potentialAction":[{"@type":"SearchAction","target":{"@type":"EntryPoint","urlTemplate":"https:\/\/salija.lt\/lt\/?s={search_term_string}"},"query-input":"required name=search_term_string"}],"inLanguage":"lt-LT"}]}},"_links":{"self":[{"href":"https:\/\/salija.lt\/lt\/wp-json\/wp\/v2\/pages\/7081"}],"collection":[{"href":"https:\/\/salija.lt\/lt\/wp-json\/wp\/v2\/pages"}],"about":[{"href":"https:\/\/salija.lt\/lt\/wp-json\/wp\/v2\/types\/page"}],"author":[{"embeddable":true,"href":"https:\/\/salija.lt\/lt\/wp-json\/wp\/v2\/users\/1"}],"replies":[{"embeddable":true,"href":"https:\/\/salija.lt\/lt\/wp-json\/wp\/v2\/comments?post=7081"}],"version-history":[{"count":30,"href":"https:\/\/salija.lt\/lt\/wp-json\/wp\/v2\/pages\/7081\/revisions"}],"predecessor-version":[{"id":28667,"href":"https:\/\/salija.lt\/lt\/wp-json\/wp\/v2\/pages\/7081\/revisions\/28667"}],"up":[{"embeddable":true,"href":"https:\/\/salija.lt\/lt\/wp-json\/wp\/v2\/pages\/6869"}],"wp:attachment":[{"href":"https:\/\/salija.lt\/lt\/wp-json\/wp\/v2\/media?parent=7081"}],"curies":[{"name":"wp","href":"https:\/\/api.w.org\/{rel}","templated":true}]}}