{"id":7061,"date":"2022-01-23T19:20:46","date_gmt":"2022-01-23T17:20:46","guid":{"rendered":"https:\/\/salija.lt\/titulinis\/el-parduotuve\/vakuuminiu-sistemu-projektavimas-ir-gamyba\/vakuumo-stalai\/"},"modified":"2022-02-18T03:25:48","modified_gmt":"2022-02-18T01:25:48","slug":"vakuumo-stalai","status":"publish","type":"page","link":"https:\/\/salija.lt\/lt\/produktai\/vakuuminiu-sistemu-projektavimas-ir-gamyba\/vakuumo-stalai\/","title":{"rendered":"Vakuumo stalai"},"content":{"rendered":"\t\t<div data-elementor-type=\"wp-page\" data-elementor-id=\"7061\" class=\"elementor elementor-7061\" data-elementor-settings=\"[]\">\n\t\t\t\t\t\t<div class=\"elementor-inner\">\n\t\t\t\t\t\t\t<div class=\"elementor-section-wrap\">\n\t\t\t\t\t\t\t<section class=\"has_ma_el_bg_slider elementor-section elementor-top-section elementor-element elementor-element-c466443 elementor-section-boxed elementor-section-height-default elementor-section-height-default jltma-glass-effect-no\" data-id=\"c466443\" data-element_type=\"section\">\n\t\t\t\t\t\t<div class=\"elementor-container elementor-column-gap-default\">\n\t\t\t\t\t\t\t<div class=\"elementor-row\">\n\t\t\t\t\t<div class=\"has_ma_el_bg_slider elementor-column elementor-col-100 elementor-top-column elementor-element elementor-element-2ab9431 jltma-glass-effect-no\" data-id=\"2ab9431\" data-element_type=\"column\" data-settings=\"{&quot;background_background&quot;:&quot;classic&quot;}\">\n\t\t\t<div class=\"elementor-column-wrap elementor-element-populated\">\n\t\t\t\t\t\t\t<div class=\"elementor-widget-wrap\">\n\t\t\t\t\t\t<section class=\"has_ma_el_bg_slider elementor-section elementor-inner-section elementor-element elementor-element-fe92882 elementor-section-boxed elementor-section-height-default elementor-section-height-default jltma-glass-effect-no\" data-id=\"fe92882\" data-element_type=\"section\">\n\t\t\t\t\t\t<div class=\"elementor-container elementor-column-gap-no\">\n\t\t\t\t\t\t\t<div class=\"elementor-row\">\n\t\t\t\t\t<div class=\"has_ma_el_bg_slider elementor-column elementor-col-100 elementor-inner-column elementor-element elementor-element-c6847e2 jltma-glass-effect-no\" data-id=\"c6847e2\" data-element_type=\"column\">\n\t\t\t<div class=\"elementor-column-wrap elementor-element-populated\">\n\t\t\t\t\t\t\t<div class=\"elementor-widget-wrap\">\n\t\t\t\t\t\t<div class=\"elementor-element elementor-element-8ddf0d6 jltma-glass-effect-no elementor-widget elementor-widget-heading\" data-id=\"8ddf0d6\" data-element_type=\"widget\" data-widget_type=\"heading.default\">\n\t\t\t\t<div class=\"elementor-widget-container\">\n\t\t\t<h5 class=\"elementor-heading-title elementor-size-default\">Produkto apra\u0161ymas<\/h5>\t\t<\/div>\n\t\t\t\t<\/div>\n\t\t\t\t\t\t<\/div>\n\t\t\t\t\t<\/div>\n\t\t<\/div>\n\t\t\t\t\t\t\t\t<\/div>\n\t\t\t\t\t<\/div>\n\t\t<\/section>\n\t\t\t\t<section class=\"has_ma_el_bg_slider elementor-section elementor-inner-section elementor-element elementor-element-cc01ff0 elementor-section-boxed elementor-section-height-default elementor-section-height-default jltma-glass-effect-no\" data-id=\"cc01ff0\" data-element_type=\"section\">\n\t\t\t\t\t\t<div class=\"elementor-container elementor-column-gap-no\">\n\t\t\t\t\t\t\t<div class=\"elementor-row\">\n\t\t\t\t\t<div class=\"has_ma_el_bg_slider elementor-column elementor-col-50 elementor-inner-column elementor-element elementor-element-89768d9 jltma-glass-effect-no\" data-id=\"89768d9\" data-element_type=\"column\">\n\t\t\t<div class=\"elementor-column-wrap elementor-element-populated\">\n\t\t\t\t\t\t\t<div class=\"elementor-widget-wrap\">\n\t\t\t\t\t\t<div class=\"elementor-element elementor-element-ec03ed9 jltma-glass-effect-no elementor-widget elementor-widget-text-editor\" data-id=\"ec03ed9\" data-element_type=\"widget\" data-widget_type=\"text-editor.default\">\n\t\t\t\t<div class=\"elementor-widget-container\">\n\t\t\t\t\t\t\t\t<div class=\"elementor-text-editor elementor-clearfix\">\n\t\t\t\t<div class=\"cms-container mb-3\"><div class=\"mc3s-inherited-styles rich-text-content\"><p><span>Plok\u0161tiems, prasiurbiamiems ir rai\u017eytiems stalams Schmalz gali pasi\u016blyti \u012fvairius prisiurbimo ir prispaudimo blokus bei techninius sprendimus. \u012evairesnis prisiurbiamo pavir\u0161iaus ploto ir auk\u0161\u010dio asortimentas leid\u017eia pasiekti auk\u0161tesn\u0119 gaminio kokyb\u0119 ir gamybos tikslum\u0105. Esant i\u0161skirtiniams poreikiams si\u016blome individualius sprendimus.<\/span><\/p><\/div><\/div>\t\t\t\t\t<\/div>\n\t\t\t\t\t\t<\/div>\n\t\t\t\t<\/div>\n\t\t\t\t\t\t<\/div>\n\t\t\t\t\t<\/div>\n\t\t<\/div>\n\t\t\t\t<div class=\"has_ma_el_bg_slider elementor-column elementor-col-50 elementor-inner-column elementor-element elementor-element-c816c21 jltma-glass-effect-no\" data-id=\"c816c21\" data-element_type=\"column\">\n\t\t\t<div class=\"elementor-column-wrap elementor-element-populated\">\n\t\t\t\t\t\t\t<div class=\"elementor-widget-wrap\">\n\t\t\t\t\t\t<div class=\"elementor-element elementor-element-bc4cfab col-1 col-tablet-1 col-mobile-1 jltma-glass-effect-no elementor-widget elementor-widget-wgl-gallery\" data-id=\"bc4cfab\" data-element_type=\"widget\" data-widget_type=\"wgl-gallery.default\">\n\t\t\t\t<div class=\"elementor-widget-container\">\n\t\t\t<div class=\"wgl-gallery\"><div class=\"wgl-gallery_items gallery-carousel\"><div class=\"wgl-carousel_wrapper\"><div class=\"wgl-carousel pagination_line_circle pag_align_center\"><div class=\"wgl-carousel_slick\" data-slick='{\"slidesToShow\":1,\"slidesToScroll\":1,\"infinite\":true,\"variableWidth\":false,\"autoplay\":true,\"autoplaySpeed\":\"3000\",\"speed\":300,\"arrows\":false,\"dots\":true,\"adaptiveHeight\":false,\"responsive\":[{\"breakpoint\":0,\"settings\":{\"slidesToShow\":1,\"slidesToScroll\":1}},{\"breakpoint\":1024,\"settings\":{\"slidesToShow\":1,\"slidesToScroll\":1}},{\"breakpoint\":767,\"settings\":{\"slidesToShow\":1,\"slidesToScroll\":1}}]}'><div class=\"wgl-gallery_item-wrapper\"><a class=\"wgl-gallery_item\" data-elementor-open-lightbox=\"yes\" data-elementor-lightbox-slideshow=\"all-bc4cfab\" data-elementor-lightbox-title=\"Flat\" e-action-hash=\"#elementor-action%3Aaction%3Dlightbox%26settings%3DeyJpZCI6OTQ1NywidXJsIjoiaHR0cHM6XC9cL3NhbGlqYS5sdFwvd3AtY29udGVudFwvdXBsb2Fkc1wvMjAyMlwvMDJcL0ZsYXQuanBnIiwic2xpZGVzaG93IjoiYWxsLWJjNGNmYWIifQ%3D%3D\" href=\"https:\/\/salija.lt\/wp-content\/uploads\/2022\/02\/Flat.jpg\"><img decoding=\"async\" class=\"wgl-gallery_image\" src=\"https:\/\/salija.lt\/wp-content\/uploads\/2022\/02\/Flat-640x427.jpg\" alt=\"\" \/><\/a><\/div><\/div><\/div><\/div><\/div><\/div>\t\t<\/div>\n\t\t\t\t<\/div>\n\t\t\t\t\t\t<\/div>\n\t\t\t\t\t<\/div>\n\t\t<\/div>\n\t\t\t\t\t\t\t\t<\/div>\n\t\t\t\t\t<\/div>\n\t\t<\/section>\n\t\t\t\t\t\t<\/div>\n\t\t\t\t\t<\/div>\n\t\t<\/div>\n\t\t\t\t\t\t\t\t<\/div>\n\t\t\t\t\t<\/div>\n\t\t<\/section>\n\t\t\t\t<section class=\"has_ma_el_bg_slider elementor-section elementor-top-section elementor-element elementor-element-f751a80 elementor-section-full_width elementor-section-height-default elementor-section-height-default jltma-glass-effect-no\" data-id=\"f751a80\" data-element_type=\"section\">\n\t\t\t\t\t\t<div class=\"elementor-container elementor-column-gap-no\">\n\t\t\t\t\t\t\t<div class=\"elementor-row\">\n\t\t\t\t\t<div class=\"has_ma_el_bg_slider elementor-column elementor-col-100 elementor-top-column elementor-element elementor-element-51c40dd jltma-glass-effect-no\" data-id=\"51c40dd\" data-element_type=\"column\">\n\t\t\t<div class=\"elementor-column-wrap elementor-element-populated\">\n\t\t\t\t\t\t\t<div class=\"elementor-widget-wrap\">\n\t\t\t\t\t\t<div class=\"elementor-element elementor-element-5596c5e jltma-glass-effect-no elementor-widget elementor-widget-template\" data-id=\"5596c5e\" data-element_type=\"widget\" data-widget_type=\"template.default\">\n\t\t\t\t<div class=\"elementor-widget-container\">\n\t\t\t\t\t<div class=\"elementor-template\">\n\t\t\t\t\t<div data-elementor-type=\"section\" data-elementor-id=\"14350\" class=\"elementor elementor-14350\" data-elementor-settings=\"[]\">\n\t\t<div class=\"elementor-section-wrap\">\n\t\t\t\t\t<section class=\"has_ma_el_bg_slider elementor-section elementor-top-section elementor-element elementor-element-4055492 elementor-section-boxed elementor-section-height-default elementor-section-height-default jltma-glass-effect-no\" data-id=\"4055492\" data-element_type=\"section\" data-settings=\"{&quot;background_background&quot;:&quot;classic&quot;}\">\n\t\t\t\t\t\t<div class=\"elementor-container elementor-column-gap-default\">\n\t\t\t\t\t\t\t<div class=\"elementor-row\">\n\t\t\t\t\t<div class=\"has_ma_el_bg_slider elementor-column elementor-col-100 elementor-top-column elementor-element elementor-element-b8eaf57 jltma-glass-effect-no\" data-id=\"b8eaf57\" data-element_type=\"column\">\n\t\t\t<div class=\"elementor-column-wrap elementor-element-populated\">\n\t\t\t\t\t\t\t<div class=\"elementor-widget-wrap\">\n\t\t\t\t\t\t<section class=\"has_ma_el_bg_slider elementor-section elementor-inner-section elementor-element elementor-element-6746cd7 elementor-section-boxed elementor-section-height-default elementor-section-height-default jltma-glass-effect-no\" data-id=\"6746cd7\" data-element_type=\"section\">\n\t\t\t\t\t\t<div class=\"elementor-container elementor-column-gap-no\">\n\t\t\t\t\t\t\t<div class=\"elementor-row\">\n\t\t\t\t\t<div class=\"has_ma_el_bg_slider elementor-column elementor-col-50 elementor-inner-column elementor-element elementor-element-fe985a2 jltma-glass-effect-no\" data-id=\"fe985a2\" data-element_type=\"column\">\n\t\t\t<div class=\"elementor-column-wrap elementor-element-populated\">\n\t\t\t\t\t\t\t<div class=\"elementor-widget-wrap\">\n\t\t\t\t\t\t<div class=\"elementor-element elementor-element-9e8cc43 elementor-widget__width-initial acenter jltma-glass-effect-no elementor-widget elementor-widget-wgl-double-headings\" data-id=\"9e8cc43\" data-element_type=\"widget\" data-widget_type=\"wgl-double-headings.default\">\n\t\t\t\t<div class=\"elementor-widget-container\">\n\t\t\t<div class=\"wgl-double_heading\"><h3 class=\"dbl__title-wrapper\"><span class=\"dbl__title dbl__title_3\">GAUTI KOMERCIN\u012e PASI\u016aLYM\u0104<\/span><\/h3><\/div>\t\t<\/div>\n\t\t\t\t<\/div>\n\t\t\t\t\t\t<\/div>\n\t\t\t\t\t<\/div>\n\t\t<\/div>\n\t\t\t\t<div class=\"has_ma_el_bg_slider elementor-column elementor-col-50 elementor-inner-column elementor-element elementor-element-2a4af4f jltma-glass-effect-no\" data-id=\"2a4af4f\" data-element_type=\"column\">\n\t\t\t<div class=\"elementor-column-wrap elementor-element-populated\">\n\t\t\t\t\t\t\t<div class=\"elementor-widget-wrap\">\n\t\t\t\t\t\t<div class=\"elementor-element elementor-element-89a0cef elementor-align-center jltma-glass-effect-no elementor-widget elementor-widget-button\" data-id=\"89a0cef\" data-element_type=\"widget\" data-widget_type=\"button.default\">\n\t\t\t\t<div class=\"elementor-widget-container\">\n\t\t\t\t\t<div class=\"elementor-button-wrapper\">\n\t\t\t<a href=\"mailto:info@salija.eu\" target=\"_blank\" class=\"elementor-button-link elementor-button elementor-size-sm\" role=\"button\">\n\t\t\t\t\t\t<span class=\"elementor-button-content-wrapper\">\n\t\t\t\t\t\t<span class=\"elementor-button-text\">SUSISIEKTI<\/span>\n\t\t<\/span>\n\t\t\t\t\t<\/a>\n\t\t<\/div>\n\t\t\t\t<\/div>\n\t\t\t\t<\/div>\n\t\t\t\t\t\t<\/div>\n\t\t\t\t\t<\/div>\n\t\t<\/div>\n\t\t\t\t\t\t\t\t<\/div>\n\t\t\t\t\t<\/div>\n\t\t<\/section>\n\t\t\t\t\t\t<\/div>\n\t\t\t\t\t<\/div>\n\t\t<\/div>\n\t\t\t\t\t\t\t\t<\/div>\n\t\t\t\t\t<\/div>\n\t\t<\/section>\n\t\t\t\t<section class=\"has_ma_el_bg_slider elementor-section elementor-top-section elementor-element elementor-element-bb6292d elementor-section-boxed elementor-section-height-default elementor-section-height-default jltma-glass-effect-no\" data-id=\"bb6292d\" data-element_type=\"section\" data-settings=\"{&quot;background_background&quot;:&quot;classic&quot;}\">\n\t\t\t\t\t\t<div class=\"elementor-container elementor-column-gap-default\">\n\t\t\t\t\t\t\t<div class=\"elementor-row\">\n\t\t\t\t\t<div class=\"has_ma_el_bg_slider elementor-column elementor-col-100 elementor-top-column elementor-element elementor-element-24156a4 jltma-glass-effect-no\" data-id=\"24156a4\" data-element_type=\"column\">\n\t\t\t<div class=\"elementor-column-wrap elementor-element-populated\">\n\t\t\t\t\t\t\t<div class=\"elementor-widget-wrap\">\n\t\t\t\t\t\t<div class=\"elementor-element elementor-element-0d02372 jltma-glass-effect-no elementor-widget elementor-widget-spacer\" data-id=\"0d02372\" data-element_type=\"widget\" data-widget_type=\"spacer.default\">\n\t\t\t\t<div class=\"elementor-widget-container\">\n\t\t\t\t\t<div class=\"elementor-spacer\">\n\t\t\t<div class=\"elementor-spacer-inner\"><\/div>\n\t\t<\/div>\n\t\t\t\t<\/div>\n\t\t\t\t<\/div>\n\t\t\t\t\t\t<\/div>\n\t\t\t\t\t<\/div>\n\t\t<\/div>\n\t\t\t\t\t\t\t\t<\/div>\n\t\t\t\t\t<\/div>\n\t\t<\/section>\n\t\t\t\t<\/div>\n\t\t<\/div>\n\t\t\t\t<\/div>\n\t\t\t\t<\/div>\n\t\t\t\t<\/div>\n\t\t\t\t\t\t<\/div>\n\t\t\t\t\t<\/div>\n\t\t<\/div>\n\t\t\t\t\t\t\t\t<\/div>\n\t\t\t\t\t<\/div>\n\t\t<\/section>\n\t\t\t\t\t\t<\/div>\n\t\t\t\t\t\t<\/div>\n\t\t\t\t\t<\/div>\n\t\t","protected":false},"excerpt":{"rendered":"<p>Produkto apra\u0161ymas Plok\u0161tiems, prasiurbiamiems ir rai\u017eytiems stalams Schmalz gali pasi\u016blyti \u012fvairius prisiurbimo ir prispaudimo blokus bei techninius sprendimus. \u012evairesnis prisiurbiamo pavir\u0161iaus ploto ir auk\u0161\u010dio asortimentas leid\u017eia pasiekti auk\u0161tesn\u0119 gaminio kokyb\u0119 ir gamybos tikslum\u0105. Esant i\u0161skirtiniams poreikiams si\u016blome individualius sprendimus.<\/p>\n","protected":false},"author":1,"featured_media":0,"parent":6879,"menu_order":10015,"comment_status":"closed","ping_status":"closed","template":"","meta":{"footnotes":""},"yoast_head":"<!-- This site is optimized with the Yoast SEO plugin v20.13 - https:\/\/yoast.com\/wordpress\/plugins\/seo\/ -->\n<title>Vakuumo stalai - Salija<\/title>\n<meta name=\"description\" content=\"Vakuumo stalai - Salija, UAB\" \/>\n<meta name=\"robots\" content=\"index, follow, max-snippet:-1, max-image-preview:large, max-video-preview:-1\" \/>\n<link rel=\"canonical\" href=\"https:\/\/salija.lt\/lt\/produktai\/vakuuminiu-sistemu-projektavimas-ir-gamyba\/vakuumo-stalai\/\" \/>\n<meta property=\"og:locale\" content=\"lt_LT\" \/>\n<meta property=\"og:type\" content=\"article\" \/>\n<meta property=\"og:title\" content=\"Vakuumo stalai - Salija\" \/>\n<meta property=\"og:description\" content=\"Vakuumo stalai - Salija, UAB\" \/>\n<meta property=\"og:url\" content=\"https:\/\/salija.lt\/lt\/produktai\/vakuuminiu-sistemu-projektavimas-ir-gamyba\/vakuumo-stalai\/\" \/>\n<meta property=\"og:site_name\" content=\"Salija\" \/>\n<meta property=\"article:modified_time\" content=\"2022-02-18T01:25:48+00:00\" \/>\n<meta property=\"og:image\" content=\"http:\/\/salija.lt\/wp-content\/uploads\/2022\/02\/Flat-640x427.jpg\" \/>\n<meta name=\"twitter:card\" content=\"summary_large_image\" \/>\n<script type=\"application\/ld+json\" class=\"yoast-schema-graph\">{\"@context\":\"https:\/\/schema.org\",\"@graph\":[{\"@type\":\"WebPage\",\"@id\":\"https:\/\/salija.lt\/lt\/produktai\/vakuuminiu-sistemu-projektavimas-ir-gamyba\/vakuumo-stalai\/\",\"url\":\"https:\/\/salija.lt\/lt\/produktai\/vakuuminiu-sistemu-projektavimas-ir-gamyba\/vakuumo-stalai\/\",\"name\":\"Vakuumo stalai - Salija\",\"isPartOf\":{\"@id\":\"https:\/\/salija.lt\/lt\/#website\"},\"datePublished\":\"2022-01-23T17:20:46+00:00\",\"dateModified\":\"2022-02-18T01:25:48+00:00\",\"description\":\"Vakuumo stalai - Salija, UAB\",\"breadcrumb\":{\"@id\":\"https:\/\/salija.lt\/lt\/produktai\/vakuuminiu-sistemu-projektavimas-ir-gamyba\/vakuumo-stalai\/#breadcrumb\"},\"inLanguage\":\"lt-LT\",\"potentialAction\":[{\"@type\":\"ReadAction\",\"target\":[\"https:\/\/salija.lt\/lt\/produktai\/vakuuminiu-sistemu-projektavimas-ir-gamyba\/vakuumo-stalai\/\"]}]},{\"@type\":\"BreadcrumbList\",\"@id\":\"https:\/\/salija.lt\/lt\/produktai\/vakuuminiu-sistemu-projektavimas-ir-gamyba\/vakuumo-stalai\/#breadcrumb\",\"itemListElement\":[{\"@type\":\"ListItem\",\"position\":1,\"name\":\"Home\",\"item\":\"https:\/\/salija.lt\/lt\/\"},{\"@type\":\"ListItem\",\"position\":2,\"name\":\"Produktai\",\"item\":\"https:\/\/salija.lt\/lt\/produktai\/\"},{\"@type\":\"ListItem\",\"position\":3,\"name\":\"Vakuumini\u0173 sistem\u0173 projektavimas ir gamyba\",\"item\":\"https:\/\/salija.lt\/lt\/produktai\/vakuuminiu-sistemu-projektavimas-ir-gamyba\/\"},{\"@type\":\"ListItem\",\"position\":4,\"name\":\"Vakuumo stalai\"}]},{\"@type\":\"WebSite\",\"@id\":\"https:\/\/salija.lt\/lt\/#website\",\"url\":\"https:\/\/salija.lt\/lt\/\",\"name\":\"Salija\",\"description\":\"\",\"potentialAction\":[{\"@type\":\"SearchAction\",\"target\":{\"@type\":\"EntryPoint\",\"urlTemplate\":\"https:\/\/salija.lt\/lt\/?s={search_term_string}\"},\"query-input\":\"required name=search_term_string\"}],\"inLanguage\":\"lt-LT\"}]}<\/script>\n<!-- \/ Yoast SEO plugin. -->","yoast_head_json":{"title":"Vakuumo stalai - Salija","description":"Vakuumo stalai - Salija, UAB","robots":{"index":"index","follow":"follow","max-snippet":"max-snippet:-1","max-image-preview":"max-image-preview:large","max-video-preview":"max-video-preview:-1"},"canonical":"https:\/\/salija.lt\/lt\/produktai\/vakuuminiu-sistemu-projektavimas-ir-gamyba\/vakuumo-stalai\/","og_locale":"lt_LT","og_type":"article","og_title":"Vakuumo stalai - Salija","og_description":"Vakuumo stalai - Salija, UAB","og_url":"https:\/\/salija.lt\/lt\/produktai\/vakuuminiu-sistemu-projektavimas-ir-gamyba\/vakuumo-stalai\/","og_site_name":"Salija","article_modified_time":"2022-02-18T01:25:48+00:00","og_image":[{"url":"http:\/\/salija.lt\/wp-content\/uploads\/2022\/02\/Flat-640x427.jpg"}],"twitter_card":"summary_large_image","schema":{"@context":"https:\/\/schema.org","@graph":[{"@type":"WebPage","@id":"https:\/\/salija.lt\/lt\/produktai\/vakuuminiu-sistemu-projektavimas-ir-gamyba\/vakuumo-stalai\/","url":"https:\/\/salija.lt\/lt\/produktai\/vakuuminiu-sistemu-projektavimas-ir-gamyba\/vakuumo-stalai\/","name":"Vakuumo stalai - Salija","isPartOf":{"@id":"https:\/\/salija.lt\/lt\/#website"},"datePublished":"2022-01-23T17:20:46+00:00","dateModified":"2022-02-18T01:25:48+00:00","description":"Vakuumo stalai - Salija, UAB","breadcrumb":{"@id":"https:\/\/salija.lt\/lt\/produktai\/vakuuminiu-sistemu-projektavimas-ir-gamyba\/vakuumo-stalai\/#breadcrumb"},"inLanguage":"lt-LT","potentialAction":[{"@type":"ReadAction","target":["https:\/\/salija.lt\/lt\/produktai\/vakuuminiu-sistemu-projektavimas-ir-gamyba\/vakuumo-stalai\/"]}]},{"@type":"BreadcrumbList","@id":"https:\/\/salija.lt\/lt\/produktai\/vakuuminiu-sistemu-projektavimas-ir-gamyba\/vakuumo-stalai\/#breadcrumb","itemListElement":[{"@type":"ListItem","position":1,"name":"Home","item":"https:\/\/salija.lt\/lt\/"},{"@type":"ListItem","position":2,"name":"Produktai","item":"https:\/\/salija.lt\/lt\/produktai\/"},{"@type":"ListItem","position":3,"name":"Vakuumini\u0173 sistem\u0173 projektavimas ir gamyba","item":"https:\/\/salija.lt\/lt\/produktai\/vakuuminiu-sistemu-projektavimas-ir-gamyba\/"},{"@type":"ListItem","position":4,"name":"Vakuumo stalai"}]},{"@type":"WebSite","@id":"https:\/\/salija.lt\/lt\/#website","url":"https:\/\/salija.lt\/lt\/","name":"Salija","description":"","potentialAction":[{"@type":"SearchAction","target":{"@type":"EntryPoint","urlTemplate":"https:\/\/salija.lt\/lt\/?s={search_term_string}"},"query-input":"required name=search_term_string"}],"inLanguage":"lt-LT"}]}},"_links":{"self":[{"href":"https:\/\/salija.lt\/lt\/wp-json\/wp\/v2\/pages\/7061"}],"collection":[{"href":"https:\/\/salija.lt\/lt\/wp-json\/wp\/v2\/pages"}],"about":[{"href":"https:\/\/salija.lt\/lt\/wp-json\/wp\/v2\/types\/page"}],"author":[{"embeddable":true,"href":"https:\/\/salija.lt\/lt\/wp-json\/wp\/v2\/users\/1"}],"replies":[{"embeddable":true,"href":"https:\/\/salija.lt\/lt\/wp-json\/wp\/v2\/comments?post=7061"}],"version-history":[{"count":27,"href":"https:\/\/salija.lt\/lt\/wp-json\/wp\/v2\/pages\/7061\/revisions"}],"predecessor-version":[{"id":14414,"href":"https:\/\/salija.lt\/lt\/wp-json\/wp\/v2\/pages\/7061\/revisions\/14414"}],"up":[{"embeddable":true,"href":"https:\/\/salija.lt\/lt\/wp-json\/wp\/v2\/pages\/6879"}],"wp:attachment":[{"href":"https:\/\/salija.lt\/lt\/wp-json\/wp\/v2\/media?parent=7061"}],"curies":[{"name":"wp","href":"https:\/\/api.w.org\/{rel}","templated":true}]}}