{"id":6890,"date":"2022-01-18T19:33:04","date_gmt":"2022-01-18T17:33:04","guid":{"rendered":"https:\/\/salija.lt\/?page_id=6890"},"modified":"2022-02-18T02:56:44","modified_gmt":"2022-02-18T00:56:44","slug":"poliravimo-ratai","status":"publish","type":"page","link":"https:\/\/salija.lt\/lt\/produktai\/medienos-apdirbimo-irankiai\/poliravimo-ratai\/","title":{"rendered":"Poliravimo ratai"},"content":{"rendered":"\t\t<div data-elementor-type=\"wp-page\" data-elementor-id=\"6890\" class=\"elementor elementor-6890\" data-elementor-settings=\"[]\">\n\t\t\t\t\t\t<div class=\"elementor-inner\">\n\t\t\t\t\t\t\t<div class=\"elementor-section-wrap\">\n\t\t\t\t\t\t\t<section class=\"has_ma_el_bg_slider elementor-section elementor-top-section elementor-element elementor-element-c46f9d3 elementor-section-boxed elementor-section-height-default elementor-section-height-default jltma-glass-effect-no\" data-id=\"c46f9d3\" data-element_type=\"section\">\n\t\t\t\t\t\t<div class=\"elementor-container elementor-column-gap-default\">\n\t\t\t\t\t\t\t<div class=\"elementor-row\">\n\t\t\t\t\t<div class=\"has_ma_el_bg_slider elementor-column elementor-col-100 elementor-top-column elementor-element elementor-element-f87d680 jltma-glass-effect-no\" data-id=\"f87d680\" data-element_type=\"column\">\n\t\t\t<div class=\"elementor-column-wrap elementor-element-populated\">\n\t\t\t\t\t\t\t<div class=\"elementor-widget-wrap\">\n\t\t\t\t\t\t<div class=\"elementor-element elementor-element-2f09842 eael-product-list-column-1 jltma-glass-effect-no elementor-widget elementor-widget-eicon-woocommerce\" data-id=\"2f09842\" data-element_type=\"widget\" data-widget_type=\"eicon-woocommerce.default\">\n\t\t\t\t<div class=\"elementor-widget-container\">\n\t\t\t\n        <div class=\"eael-product-grid  list\" id=\"eael-product-grid\" data-widget-id=\"2f09842\" data-page-id=\"6890\" data-nonce=\"9c92c04fa3\" >\n            <div class=\"woocommerce\">\n                <ul class=\"products\" data-layout-mode=\"list\">        <li class=\"product eael-product-list-preset-4\">\n            <div class=\"eael-product-wrap\">\n                <div class=\"product-image-wrap\">\n                    <div class=\"image-wrap\">\n                        <a href=\"https:\/\/salija.lt\/lt\/produktas\/poliravimo-ratai\/\" class=\"woocommerce-LoopProduct-link woocommerce-loop-product__link\"><img width=\"685\" height=\"664\" src=\"https:\/\/salija.lt\/wp-content\/uploads\/2022\/02\/KREEB_SPF_1.jpg\" class=\"attachment-full size-full\" alt=\"\" decoding=\"async\" loading=\"eager\" fetchpriority=\"high\" srcset=\"https:\/\/salija.lt\/wp-content\/uploads\/2022\/02\/KREEB_SPF_1.jpg 685w, https:\/\/salija.lt\/wp-content\/uploads\/2022\/02\/KREEB_SPF_1-300x291.jpg 300w\" sizes=\"(max-width: 685px) 100vw, 685px\" \/><\/a>                    <\/div>\n                <\/div>\n                <div class=\"product-details-wrap\">\n                    <div class=\"eael-product-title\">\n                                    <a href=\"https:\/\/salija.lt\/lt\/produktas\/poliravimo-ratai\/\" class=\"woocommerce-LoopProduct-link woocommerce-loop-product__link\"><h2>Poliravimo ratai<\/h2><\/a>\n                                    <\/div><div class=\"eael-product-excerpt\"><p>Vokie\u010di\u0173 gamintojo si\u016blomi poliravimo\/\u0161lifavimo ratai naudojami visose pramon\u0117s \u0161akose.<\/p><\/div>\n                    <ul class=\"icons-wrap details-block-style\">\n                                                <li class=\"add-to-cart\"><a class=\"button\" href=\"https:\/\/salija.lt\/lt\/produktas\/poliravimo-ratai\/\">Pla\u010diau<\/a><\/li>\n\n\t                                                                        <li class=\"eael-product-quick-view\">\n                                <a id=\"eael_quick_view_69d28e6a72892\" data-quickview-setting=\"{&quot;widget_id&quot;:&quot;2f09842&quot;,&quot;product_id&quot;:9104,&quot;page_id&quot;:6890}\"\n                                   class=\"eael-product-grid-open-popup open-popup-link\">\n                                    <i class=\"fas fa-eye\"><\/i>\n                                <\/a>\n                            <\/li>\n                                            <\/ul>\n                <\/div>\n            <\/div>\n        <\/li>\n        <\/ul><nav id='2f09842-eael-pagination' class='eael-woo-pagination' data-plimit='3' data-totalpage ='1' data-widgetid='2f09842' data-pageid='6890' data-args='post_type=product&post_status%5B0%5D=publish&post_status%5B1%5D=pending&post_status%5B2%5D=future&posts_per_page=3&order=desc&offset=0&tax_query%5B0%5D%5Btaxonomy%5D=product_cat&tax_query%5B0%5D%5Bfield%5D=slug&tax_query%5B0%5D%5Bterms%5D%5B0%5D=poliravimo-ratai&tax_query%5B0%5D%5Boperator%5D=IN&orderby=date&meta_query%5Brelation%5D=AND&max_page=1&total_post=1'  data-template='{\"dir\":\"free\",\"file_name\":\"default\",\"name\":\"eicon-woocommerce\"}'><ul class='page-numbers'><li><a href='javascript:void(0);' id='post' class='page-numbers current' data-pnumber='1'>1<\/a><\/li><\/ul><\/nav>            <\/div>\n        <\/div>\n\n        <script type=\"text\/javascript\">\n            jQuery(document).ready(function($) {\n                var $scope = jQuery(\".elementor-element-2f09842\");\n                var $products = $('.products', $scope);\n                var $layout_mode = $products.data('layout-mode');\n                \n                if ( $layout_mode === 'masonry' ) {\n                    \/\/ init isotope\n                    var $isotope_products = $products.isotope({\n                        itemSelector: \"li.product\",\n                        layoutMode: $layout_mode,\n                        percentPosition: true\n                    });\n\n                    $isotope_products.imagesLoaded().progress( function() {\n                        $isotope_products.isotope('layout');\n                    })\n\n                    $(window).on('resize', function() {\n                        $isotope_products.isotope('layout');\n                    });\n                }\n            });\n        <\/script>\n        \t\t<\/div>\n\t\t\t\t<\/div>\n\t\t\t\t\t\t<\/div>\n\t\t\t\t\t<\/div>\n\t\t<\/div>\n\t\t\t\t\t\t\t\t<\/div>\n\t\t\t\t\t<\/div>\n\t\t<\/section>\n\t\t\t\t<section class=\"has_ma_el_bg_slider elementor-section elementor-top-section elementor-element elementor-element-50bb532 elementor-section-full_width elementor-section-height-default elementor-section-height-default jltma-glass-effect-no\" data-id=\"50bb532\" data-element_type=\"section\">\n\t\t\t\t\t\t<div class=\"elementor-container elementor-column-gap-no\">\n\t\t\t\t\t\t\t<div class=\"elementor-row\">\n\t\t\t\t\t<div class=\"has_ma_el_bg_slider elementor-column elementor-col-100 elementor-top-column elementor-element elementor-element-f643da2 jltma-glass-effect-no\" data-id=\"f643da2\" data-element_type=\"column\">\n\t\t\t<div class=\"elementor-column-wrap elementor-element-populated\">\n\t\t\t\t\t\t\t<div class=\"elementor-widget-wrap\">\n\t\t\t\t\t\t<div class=\"elementor-element elementor-element-be78763 jltma-glass-effect-no elementor-widget elementor-widget-template\" data-id=\"be78763\" data-element_type=\"widget\" data-widget_type=\"template.default\">\n\t\t\t\t<div class=\"elementor-widget-container\">\n\t\t\t\t\t<div class=\"elementor-template\">\n\t\t\t\t\t<div data-elementor-type=\"section\" data-elementor-id=\"14350\" class=\"elementor elementor-14350\" data-elementor-settings=\"[]\">\n\t\t<div class=\"elementor-section-wrap\">\n\t\t\t\t\t<section class=\"has_ma_el_bg_slider elementor-section elementor-top-section elementor-element elementor-element-4055492 elementor-section-boxed elementor-section-height-default elementor-section-height-default jltma-glass-effect-no\" data-id=\"4055492\" data-element_type=\"section\" data-settings=\"{&quot;background_background&quot;:&quot;classic&quot;}\">\n\t\t\t\t\t\t<div class=\"elementor-container elementor-column-gap-default\">\n\t\t\t\t\t\t\t<div class=\"elementor-row\">\n\t\t\t\t\t<div class=\"has_ma_el_bg_slider elementor-column elementor-col-100 elementor-top-column elementor-element elementor-element-b8eaf57 jltma-glass-effect-no\" data-id=\"b8eaf57\" data-element_type=\"column\">\n\t\t\t<div class=\"elementor-column-wrap elementor-element-populated\">\n\t\t\t\t\t\t\t<div class=\"elementor-widget-wrap\">\n\t\t\t\t\t\t<section class=\"has_ma_el_bg_slider elementor-section elementor-inner-section elementor-element elementor-element-6746cd7 elementor-section-boxed elementor-section-height-default elementor-section-height-default jltma-glass-effect-no\" data-id=\"6746cd7\" data-element_type=\"section\">\n\t\t\t\t\t\t<div class=\"elementor-container elementor-column-gap-no\">\n\t\t\t\t\t\t\t<div class=\"elementor-row\">\n\t\t\t\t\t<div class=\"has_ma_el_bg_slider elementor-column elementor-col-50 elementor-inner-column elementor-element elementor-element-fe985a2 jltma-glass-effect-no\" data-id=\"fe985a2\" data-element_type=\"column\">\n\t\t\t<div class=\"elementor-column-wrap elementor-element-populated\">\n\t\t\t\t\t\t\t<div class=\"elementor-widget-wrap\">\n\t\t\t\t\t\t<div class=\"elementor-element elementor-element-9e8cc43 elementor-widget__width-initial acenter jltma-glass-effect-no elementor-widget elementor-widget-wgl-double-headings\" data-id=\"9e8cc43\" data-element_type=\"widget\" data-widget_type=\"wgl-double-headings.default\">\n\t\t\t\t<div class=\"elementor-widget-container\">\n\t\t\t<div class=\"wgl-double_heading\"><h3 class=\"dbl__title-wrapper\"><span class=\"dbl__title dbl__title_3\">GAUTI KOMERCIN\u012e PASI\u016aLYM\u0104<\/span><\/h3><\/div>\t\t<\/div>\n\t\t\t\t<\/div>\n\t\t\t\t\t\t<\/div>\n\t\t\t\t\t<\/div>\n\t\t<\/div>\n\t\t\t\t<div class=\"has_ma_el_bg_slider elementor-column elementor-col-50 elementor-inner-column elementor-element elementor-element-2a4af4f jltma-glass-effect-no\" data-id=\"2a4af4f\" data-element_type=\"column\">\n\t\t\t<div class=\"elementor-column-wrap elementor-element-populated\">\n\t\t\t\t\t\t\t<div class=\"elementor-widget-wrap\">\n\t\t\t\t\t\t<div class=\"elementor-element elementor-element-89a0cef elementor-align-center jltma-glass-effect-no elementor-widget elementor-widget-button\" data-id=\"89a0cef\" data-element_type=\"widget\" data-widget_type=\"button.default\">\n\t\t\t\t<div class=\"elementor-widget-container\">\n\t\t\t\t\t<div class=\"elementor-button-wrapper\">\n\t\t\t<a href=\"mailto:info@salija.eu\" target=\"_blank\" class=\"elementor-button-link elementor-button elementor-size-sm\" role=\"button\">\n\t\t\t\t\t\t<span class=\"elementor-button-content-wrapper\">\n\t\t\t\t\t\t<span class=\"elementor-button-text\">SUSISIEKTI<\/span>\n\t\t<\/span>\n\t\t\t\t\t<\/a>\n\t\t<\/div>\n\t\t\t\t<\/div>\n\t\t\t\t<\/div>\n\t\t\t\t\t\t<\/div>\n\t\t\t\t\t<\/div>\n\t\t<\/div>\n\t\t\t\t\t\t\t\t<\/div>\n\t\t\t\t\t<\/div>\n\t\t<\/section>\n\t\t\t\t\t\t<\/div>\n\t\t\t\t\t<\/div>\n\t\t<\/div>\n\t\t\t\t\t\t\t\t<\/div>\n\t\t\t\t\t<\/div>\n\t\t<\/section>\n\t\t\t\t<section class=\"has_ma_el_bg_slider elementor-section elementor-top-section elementor-element elementor-element-bb6292d elementor-section-boxed elementor-section-height-default elementor-section-height-default jltma-glass-effect-no\" data-id=\"bb6292d\" data-element_type=\"section\" data-settings=\"{&quot;background_background&quot;:&quot;classic&quot;}\">\n\t\t\t\t\t\t<div class=\"elementor-container elementor-column-gap-default\">\n\t\t\t\t\t\t\t<div class=\"elementor-row\">\n\t\t\t\t\t<div class=\"has_ma_el_bg_slider elementor-column elementor-col-100 elementor-top-column elementor-element elementor-element-24156a4 jltma-glass-effect-no\" data-id=\"24156a4\" data-element_type=\"column\">\n\t\t\t<div class=\"elementor-column-wrap elementor-element-populated\">\n\t\t\t\t\t\t\t<div class=\"elementor-widget-wrap\">\n\t\t\t\t\t\t<div class=\"elementor-element elementor-element-0d02372 jltma-glass-effect-no elementor-widget elementor-widget-spacer\" data-id=\"0d02372\" data-element_type=\"widget\" data-widget_type=\"spacer.default\">\n\t\t\t\t<div class=\"elementor-widget-container\">\n\t\t\t\t\t<div class=\"elementor-spacer\">\n\t\t\t<div class=\"elementor-spacer-inner\"><\/div>\n\t\t<\/div>\n\t\t\t\t<\/div>\n\t\t\t\t<\/div>\n\t\t\t\t\t\t<\/div>\n\t\t\t\t\t<\/div>\n\t\t<\/div>\n\t\t\t\t\t\t\t\t<\/div>\n\t\t\t\t\t<\/div>\n\t\t<\/section>\n\t\t\t\t<\/div>\n\t\t<\/div>\n\t\t\t\t<\/div>\n\t\t\t\t<\/div>\n\t\t\t\t<\/div>\n\t\t\t\t\t\t<\/div>\n\t\t\t\t\t<\/div>\n\t\t<\/div>\n\t\t\t\t\t\t\t\t<\/div>\n\t\t\t\t\t<\/div>\n\t\t<\/section>\n\t\t\t\t\t\t<\/div>\n\t\t\t\t\t\t<\/div>\n\t\t\t\t\t<\/div>\n\t\t","protected":false},"excerpt":{"rendered":"<p>Poliravimo ratai Vokie\u010di\u0173 gamintojo si\u016blomi poliravimo\/\u0161lifavimo ratai naudojami visose pramon\u0117s \u0161akose. Pla\u010diau 1<\/p>\n","protected":false},"author":1,"featured_media":0,"parent":6881,"menu_order":5,"comment_status":"closed","ping_status":"closed","template":"","meta":{"footnotes":""},"yoast_head":"<!-- This site is optimized with the Yoast SEO plugin v20.13 - https:\/\/yoast.com\/wordpress\/plugins\/seo\/ -->\n<title>Poliravimo ratai - Salija<\/title>\n<meta name=\"description\" content=\"Poliravimo ratai - Salija, UAB\" \/>\n<meta name=\"robots\" content=\"index, follow, max-snippet:-1, max-image-preview:large, max-video-preview:-1\" \/>\n<link rel=\"canonical\" href=\"https:\/\/salija.lt\/lt\/produktai\/medienos-apdirbimo-irankiai\/poliravimo-ratai\/\" \/>\n<meta property=\"og:locale\" content=\"lt_LT\" \/>\n<meta property=\"og:type\" content=\"article\" \/>\n<meta property=\"og:title\" content=\"Poliravimo ratai - Salija\" \/>\n<meta property=\"og:description\" content=\"Poliravimo ratai - Salija, UAB\" \/>\n<meta property=\"og:url\" content=\"https:\/\/salija.lt\/lt\/produktai\/medienos-apdirbimo-irankiai\/poliravimo-ratai\/\" \/>\n<meta property=\"og:site_name\" content=\"Salija\" \/>\n<meta property=\"article:modified_time\" content=\"2022-02-18T00:56:44+00:00\" \/>\n<meta property=\"og:image\" content=\"http:\/\/salija.lt\/wp-content\/uploads\/2022\/02\/KREEB_SPF_1.jpg\" \/>\n<meta name=\"twitter:card\" content=\"summary_large_image\" \/>\n<script type=\"application\/ld+json\" class=\"yoast-schema-graph\">{\"@context\":\"https:\/\/schema.org\",\"@graph\":[{\"@type\":\"WebPage\",\"@id\":\"https:\/\/salija.lt\/lt\/produktai\/medienos-apdirbimo-irankiai\/poliravimo-ratai\/\",\"url\":\"https:\/\/salija.lt\/lt\/produktai\/medienos-apdirbimo-irankiai\/poliravimo-ratai\/\",\"name\":\"Poliravimo ratai - Salija\",\"isPartOf\":{\"@id\":\"https:\/\/salija.lt\/lt\/#website\"},\"datePublished\":\"2022-01-18T17:33:04+00:00\",\"dateModified\":\"2022-02-18T00:56:44+00:00\",\"description\":\"Poliravimo ratai - Salija, UAB\",\"breadcrumb\":{\"@id\":\"https:\/\/salija.lt\/lt\/produktai\/medienos-apdirbimo-irankiai\/poliravimo-ratai\/#breadcrumb\"},\"inLanguage\":\"lt-LT\",\"potentialAction\":[{\"@type\":\"ReadAction\",\"target\":[\"https:\/\/salija.lt\/lt\/produktai\/medienos-apdirbimo-irankiai\/poliravimo-ratai\/\"]}]},{\"@type\":\"BreadcrumbList\",\"@id\":\"https:\/\/salija.lt\/lt\/produktai\/medienos-apdirbimo-irankiai\/poliravimo-ratai\/#breadcrumb\",\"itemListElement\":[{\"@type\":\"ListItem\",\"position\":1,\"name\":\"Home\",\"item\":\"https:\/\/salija.lt\/lt\/\"},{\"@type\":\"ListItem\",\"position\":2,\"name\":\"Produktai\",\"item\":\"https:\/\/salija.lt\/lt\/produktai\/\"},{\"@type\":\"ListItem\",\"position\":3,\"name\":\"Medienos apdirbimo \u012frankiai\",\"item\":\"https:\/\/salija.lt\/lt\/produktai\/medienos-apdirbimo-irankiai\/\"},{\"@type\":\"ListItem\",\"position\":4,\"name\":\"Poliravimo ratai\"}]},{\"@type\":\"WebSite\",\"@id\":\"https:\/\/salija.lt\/lt\/#website\",\"url\":\"https:\/\/salija.lt\/lt\/\",\"name\":\"Salija\",\"description\":\"\",\"potentialAction\":[{\"@type\":\"SearchAction\",\"target\":{\"@type\":\"EntryPoint\",\"urlTemplate\":\"https:\/\/salija.lt\/lt\/?s={search_term_string}\"},\"query-input\":\"required name=search_term_string\"}],\"inLanguage\":\"lt-LT\"}]}<\/script>\n<!-- \/ Yoast SEO plugin. -->","yoast_head_json":{"title":"Poliravimo ratai - Salija","description":"Poliravimo ratai - Salija, UAB","robots":{"index":"index","follow":"follow","max-snippet":"max-snippet:-1","max-image-preview":"max-image-preview:large","max-video-preview":"max-video-preview:-1"},"canonical":"https:\/\/salija.lt\/lt\/produktai\/medienos-apdirbimo-irankiai\/poliravimo-ratai\/","og_locale":"lt_LT","og_type":"article","og_title":"Poliravimo ratai - Salija","og_description":"Poliravimo ratai - Salija, UAB","og_url":"https:\/\/salija.lt\/lt\/produktai\/medienos-apdirbimo-irankiai\/poliravimo-ratai\/","og_site_name":"Salija","article_modified_time":"2022-02-18T00:56:44+00:00","og_image":[{"url":"http:\/\/salija.lt\/wp-content\/uploads\/2022\/02\/KREEB_SPF_1.jpg"}],"twitter_card":"summary_large_image","schema":{"@context":"https:\/\/schema.org","@graph":[{"@type":"WebPage","@id":"https:\/\/salija.lt\/lt\/produktai\/medienos-apdirbimo-irankiai\/poliravimo-ratai\/","url":"https:\/\/salija.lt\/lt\/produktai\/medienos-apdirbimo-irankiai\/poliravimo-ratai\/","name":"Poliravimo ratai - Salija","isPartOf":{"@id":"https:\/\/salija.lt\/lt\/#website"},"datePublished":"2022-01-18T17:33:04+00:00","dateModified":"2022-02-18T00:56:44+00:00","description":"Poliravimo ratai - Salija, UAB","breadcrumb":{"@id":"https:\/\/salija.lt\/lt\/produktai\/medienos-apdirbimo-irankiai\/poliravimo-ratai\/#breadcrumb"},"inLanguage":"lt-LT","potentialAction":[{"@type":"ReadAction","target":["https:\/\/salija.lt\/lt\/produktai\/medienos-apdirbimo-irankiai\/poliravimo-ratai\/"]}]},{"@type":"BreadcrumbList","@id":"https:\/\/salija.lt\/lt\/produktai\/medienos-apdirbimo-irankiai\/poliravimo-ratai\/#breadcrumb","itemListElement":[{"@type":"ListItem","position":1,"name":"Home","item":"https:\/\/salija.lt\/lt\/"},{"@type":"ListItem","position":2,"name":"Produktai","item":"https:\/\/salija.lt\/lt\/produktai\/"},{"@type":"ListItem","position":3,"name":"Medienos apdirbimo \u012frankiai","item":"https:\/\/salija.lt\/lt\/produktai\/medienos-apdirbimo-irankiai\/"},{"@type":"ListItem","position":4,"name":"Poliravimo ratai"}]},{"@type":"WebSite","@id":"https:\/\/salija.lt\/lt\/#website","url":"https:\/\/salija.lt\/lt\/","name":"Salija","description":"","potentialAction":[{"@type":"SearchAction","target":{"@type":"EntryPoint","urlTemplate":"https:\/\/salija.lt\/lt\/?s={search_term_string}"},"query-input":"required name=search_term_string"}],"inLanguage":"lt-LT"}]}},"_links":{"self":[{"href":"https:\/\/salija.lt\/lt\/wp-json\/wp\/v2\/pages\/6890"}],"collection":[{"href":"https:\/\/salija.lt\/lt\/wp-json\/wp\/v2\/pages"}],"about":[{"href":"https:\/\/salija.lt\/lt\/wp-json\/wp\/v2\/types\/page"}],"author":[{"embeddable":true,"href":"https:\/\/salija.lt\/lt\/wp-json\/wp\/v2\/users\/1"}],"replies":[{"embeddable":true,"href":"https:\/\/salija.lt\/lt\/wp-json\/wp\/v2\/comments?post=6890"}],"version-history":[{"count":19,"href":"https:\/\/salija.lt\/lt\/wp-json\/wp\/v2\/pages\/6890\/revisions"}],"predecessor-version":[{"id":14356,"href":"https:\/\/salija.lt\/lt\/wp-json\/wp\/v2\/pages\/6890\/revisions\/14356"}],"up":[{"embeddable":true,"href":"https:\/\/salija.lt\/lt\/wp-json\/wp\/v2\/pages\/6881"}],"wp:attachment":[{"href":"https:\/\/salija.lt\/lt\/wp-json\/wp\/v2\/media?parent=6890"}],"curies":[{"name":"wp","href":"https:\/\/api.w.org\/{rel}","templated":true}]}}