{"id":3,"date":"2021-11-10T22:48:43","date_gmt":"2021-11-10T20:48:43","guid":{"rendered":"https:\/\/salija.lt\/?page_id=3"},"modified":"2022-03-28T16:20:30","modified_gmt":"2022-03-28T13:20:30","slug":"privatumo-politika","status":"publish","type":"page","link":"https:\/\/salija.lt\/lt\/privatumo-politika\/","title":{"rendered":"Privatumo politika"},"content":{"rendered":"\t\t<div data-elementor-type=\"wp-page\" data-elementor-id=\"3\" class=\"elementor elementor-3\" data-elementor-settings=\"[]\">\n\t\t\t\t\t\t<div class=\"elementor-inner\">\n\t\t\t\t\t\t\t<div class=\"elementor-section-wrap\">\n\t\t\t\t\t\t\t<section class=\"has_ma_el_bg_slider elementor-section elementor-top-section elementor-element elementor-element-3ca646ab elementor-section-boxed elementor-section-height-default elementor-section-height-default jltma-glass-effect-no\" data-id=\"3ca646ab\" data-element_type=\"section\">\n\t\t\t\t\t\t<div class=\"elementor-container elementor-column-gap-default\">\n\t\t\t\t\t\t\t<div class=\"elementor-row\">\n\t\t\t\t\t<div class=\"has_ma_el_bg_slider elementor-column elementor-col-100 elementor-top-column elementor-element elementor-element-13c2c3ff jltma-glass-effect-no\" data-id=\"13c2c3ff\" data-element_type=\"column\">\n\t\t\t<div class=\"elementor-column-wrap elementor-element-populated\">\n\t\t\t\t\t\t\t<div class=\"elementor-widget-wrap\">\n\t\t\t\t\t\t<div class=\"elementor-element elementor-element-2de15944 jltma-glass-effect-no elementor-widget elementor-widget-text-editor\" data-id=\"2de15944\" data-element_type=\"widget\" data-widget_type=\"text-editor.default\">\n\t\t\t\t<div class=\"elementor-widget-container\">\n\t\t\t\t\t\t\t\t<div class=\"elementor-text-editor elementor-clearfix\">\n\t\t\t\t<h4>Bendra informacija<\/h4>\n<p>UAB \u201eSalija\u201c yra u\u017edara akcin\u0117 bendrov\u0117 (toliau \u2013 Bendrov\u0117), vykdanti prekyb\u0105 vakuumin\u0117mis sistemomis, medienos ir plastmas\u0117s \u012frankiais, teikianti konsultacijas, projektavimo paslaugas.<\/p>\n<p><span>Bendrov\u0117 atstovauja pasaulyje pla\u010diai \u017einom\u0105 Vokietijos vakuumini\u0173 sistem\u0173 gamintoj\u0105 &#8211; SCHMALZ, kuri yra lyderis savo veiklos srityje, kokybi\u0161kais \u012frankiais gars\u0117jan\u010di\u0105 kompanij\u0105 BuKaRa, taip pat bendradarbiauja su kitais Vokietijos, Lenkijos, Danijos, Italijos ir Ukrainos gamintojais.<\/span><\/p>\n<h4>Privatumo politikos taikymas<\/h4>\n<p>\u0160i privatumo politika taikoma \u0161iai internetinei svetainei. Jei \u012feisite ir naudosite \u0161i\u0105 internetin\u0119 svetain\u0119, tai reik\u0161, kad sutinkate su \u0161iuo privatumo patvirtinimu. Naudodami \u0161i\u0105 internetin\u0119 svetain\u0119, ai\u0161kiai sutinkate ir vienareik\u0161mi\u0161kai patvirtinate, kad registruojantis \u0161ioje svetain\u0117je, j\u0105 naudojant pateikta arba su privatumo politika susijusi asmenin\u0117 informacija gali b\u016bti perduodama \u012f internetin\u0119 svetain\u0119 palaikan\u010dius serverius.<\/p>\n<p>Bet kokios HTML \u017eym\u0117s (angl.\u00a0<em>iframes<\/em>) ar nukreipimai (angl.\u00a0<em>redirects<\/em>) naudoja ir joms yra taikoma \u0161i privatumo politika, nebent yra nurodyta kitaip.<\/p>\n<p>Tre\u010di\u0173j\u0173 \u0161ali\u0173 paslaugoms ir socialini\u0173 tinkl\u0173 kanalams, kuriuose mes turime paskyras (pavyzd\u017eiui, <em>Facebook bei Linkedin<\/em>), yra taikomos j\u0173 atitinkamos privatumo politikos.<\/p>\n<h4>Informacijos taikymas<\/h4>\n<p><span>UAB \u201eSalija\u201c ne\u012fsipareigoja saugoti Svetain\u0117s (-i\u0173) lankytoj\u0173 privatumo. Atkreipkite d\u0117mes\u012f, kad Bendrov\u0117 gali teikti apibendrintus statistinius duomenis apie klientus, duomen\u0173 srautus ir susijusi\u0173 Svetaini\u0173 informacij\u0105 patikimoms tre\u010diosioms \u0161alims, ta\u010diau \u0161iuose statistiniuose duomenyse nebus asmen\u012f identifikuoti leid\u017eian\u010dios informacijos.<\/span><\/p>\n<h4>Asmenin\u0117 informacija<\/h4>\n<p>Bendrov\u0117 renka asmenin\u0119 informacij\u0105, kad gal\u0117t\u0173 teikti Svetain\u0119 ir kitas Bendrov\u0117s svetaines, paslaugas ir (arba) produktus, tyrimus, demografinius, statistinius duomenis ir pagalb\u0105 klientams, juos kurti ir personalizuoti.<\/p>\n<p>Da\u017eniausiai Bendrov\u0117 renka asmenin\u0119 informacij\u0105, kad gal\u0117t\u0173 asmeni\u0161kai su jumis susisiekti, inicijuoti produkt\u0173 u\u017esakym\u0105, atsakyti \u012f klausimus bei \u012fvykdyti u\u017eklausas. Tokia informacija gali b\u016bti (neapsiribojant) J\u016bs\u0173 vardas, adresas, el. pa\u0161to adresas ir telefono numeris. Gavus J\u016bs\u0173 sutikim\u0105 \u0161ie duomenys bus naudojami su jumis susisiekti tiesiogin\u0117s rinkodaros tikslais pa\u0161tu, el. pa\u0161tu arba telefonu atliekant rinkos tyrimus, taip pat Jus informuoti ir gauti J\u016bs\u0173 atsiliepimus apie b\u016bsimus produktus, paslaugas ir (arba) reklam\u0105. Jei atsi\u0173site mums paslaug\u0173 u\u017esakym\u0173, pra\u0161ym\u0173 teikti paslaugas arba bet kokios med\u017eiagos \u012f Svetain\u0119, galb\u016bt tur\u0117sime su Jumis susisiekti, kad gautume papildomos informacijos, reikalingos u\u017eklausoms ir pra\u0161ymams vykdyti.<\/p>\n<p>J\u016bs\u0173 asmenin\u0117 informacija be i\u0161ankstinio J\u016bs\u0173 sutikimo nebus atskleid\u017eiama jokioms tre\u010diosioms \u0161alims, i\u0161skyrus atvejus, kai to reikalauja teis\u0117s aktai, arba b\u016bt\u0173 galima \u012fvykdyti J\u016bs\u0173 u\u017eklaus\u0105 ir tobulinti Bendrov\u0117s paslaugas. Tuo pa\u010diu suteikiate Bendrovei teis\u0119 teikti informacij\u0105, kuri\u0105 pateik\u0117te Bendrov\u0117s min\u0117tiems tikslams, su Bendrove bendradarbiaujantiems partneriams.<\/p>\n<h4>Asmenin\u0117s informacijos sauga<\/h4>\n<p><span>Atkreipkite d\u0117mes\u012f, kad su asmenin\u0117s informacijos teikimu asmeni\u0161kai, telefonu, internetu ar naudojant kitokias laikmenas ar terminalus visada yra susijusi rizika. Jokia technologij\u0173 sistema n\u0117ra visi\u0161kai saugi, apsaugota nuo klasto\u010di\u0173 ar programi\u0161i\u0173. Bendrov\u0117 \u0117m\u0117si atitinkam\u0173 priemoni\u0173, kad panaikint\u0173 arba suma\u017eint\u0173 neteis\u0117tos prieigos, netinkamo naudojimo ir asmenin\u0117s informacijos netikslumo rizik\u0105. Pvz., rinkdami arba perduodami slaptus duomenis, pvz., mok\u0117jimo kortel\u0117s informacij\u0105, naudojame \u0161ifravimo technologij\u0105.<\/span><\/p>\n<h4>Surinkt\u0173 asmen\u0173 tikslumas<\/h4>\n<p><span>Bendrov\u0117 savo iniciatyva arba Jums pareikalavus papildys tr\u016bkstam\u0105, patikslins arba panaikins netiksli\u0105 arba pasenusi\u0105 asmenin\u0119 informacij\u0105, kuri\u0105 gavo Bendrov\u0117 d\u0117l Svetain\u0117s veiklos.<\/span><\/p>\n<h4>Lankytoj\u0173 identifikavimas<\/h4>\n<p>Apskritai galite naudoti \u0161i\u0105 Svetain\u0119 informaciniais tikslais neteikdami asmenin\u0117s informacijos ir nenurodydami Bendrovei kas esate. Ta\u010diau kartais Bendrov\u0117 arba jos tre\u010di\u0173j\u0173 \u0161ali\u0173 \u012fgaliotieji asmenys gali \u012fkelti informacijos \u012f J\u016bs\u0173 kompiuter\u012f, kad Bendrov\u0117 gal\u0117t\u0173 gauti tam tikrus duomenis. \u0160i informacija vadinama slapukais. Slapukai da\u017enai naudojami daugelyje svetaini\u0173. Slapukai laikomi j\u016bs\u0173 kompiuterio stand\u017eiajame diske, o ne Svetain\u0117je. Bendrov\u0117 arba jos tre\u010di\u0173j\u0173 \u0161ali\u0173 \u012fgaliotieji asmenys naudos tik informacij\u0105, kuri\u0105 patys \u012fd\u0117jo \u012f Svetain\u0117s arba kit\u0173 Bendrov\u0117s svetaini\u0173 slapukus.<\/p>\n<p>Slapukai leid\u017eia mums teikti geresnes bei efektyvesnes paslaugas ir personalizuoti svetain\u0119. Naudodama slapukus, Bendrov\u0117 gali toliau kurti ir tobulinti Svetain\u0119.<\/p>\n<p>Naudojant \u0161i\u0173 tip\u0173 slapukus, nerenkama jokia asmenin\u0117 informacija. T. y. slapukai identifikuoja j\u016bs\u0173 kompiuter\u012f, bet ne jus. Jei nenorite gauti slapuk\u0173 arba norite b\u016bti \u012fsp\u0117ti, kai nustatomi slapukai, galite konfig\u016bruoti nar\u0161ykl\u0119, jei ji turi tokius parametrus.<\/p>\n<p>Jei pasirinksite atmesti slapukus, negal\u0117site naudotis visomis interaktyviosiomis Svetain\u0117s funkcijomis, atsisi\u0173sti tam tikro turinio ir (arba) atlikti tam tikr\u0173 operacij\u0173.<\/p>\n<p>Be to, Svetain\u0117je gali b\u016bti naudojamos kitokios technologijos, leid\u017eian\u010dios Bendrovei rinkti tam tikr\u0105 technin\u0119 informacij\u0105, pvz.: j\u016bs\u0173 IP adres\u0105, kompiuterio operacin\u0117s sistemos tip\u0105, interneto nar\u0161ykl\u0117s tip\u0105 ir prijungt\u0173 svetaini\u0173 adresus, kad gal\u0117t\u0173 gerinti teikiamas paslaugas.<\/p>\n<h4>Nepilname\u010diai<\/h4>\n<p><span>Asmenys, kurie pagal galiojan\u010dius vietinius \u012fstatymus, yra nepilname\u010diai negali teikti Bendrovei jokios informacijos per Svetain\u0119. Jei j\u016bs\u0173 \u0161alyje esate nepilnametis arba jaunesnis negu \u012fstatymo numatyto am\u017eiaus, prie\u0161 pateikdami informacij\u0105 Bendrovei per Svetain\u0119 turite gauti t\u0117v\u0173 arba kit\u0173 teis\u0117t\u0173 glob\u0117j\u0173 sutikim\u0105, i\u0161skyrus atvejus, kai toki\u0105 veikl\u0105 leid\u017eia galiojantys j\u016bs\u0173 \u0161alies \u012fstatymai.<\/span><\/p>\n<h4>Atnaujinimas<\/h4>\n<p><span>Pasiliekame teis\u0119 bet kada i\u0161 anksto neprane\u0161us keisti ar modifikuoti \u0161i\u0105 privatumo politik\u0105 arba keisti, modifikuoti ar u\u017edrausti prieig\u0105 prie Svetain\u0117s ar jos turinio. M\u016bs\u0173 tinklalapio lankytojams taisykl\u0117s yra visada prieinamos tinklalapyje.<\/span><\/p>\n<p><!-- wp:paragraph --><\/p>\n<p><!-- \/wp:paragraph --><\/p>\t\t\t\t\t<\/div>\n\t\t\t\t\t\t<\/div>\n\t\t\t\t<\/div>\n\t\t\t\t\t\t<\/div>\n\t\t\t\t\t<\/div>\n\t\t<\/div>\n\t\t\t\t\t\t\t\t<\/div>\n\t\t\t\t\t<\/div>\n\t\t<\/section>\n\t\t\t\t<section class=\"has_ma_el_bg_slider elementor-section elementor-top-section elementor-element elementor-element-5d4006e elementor-section-boxed elementor-section-height-default elementor-section-height-default jltma-glass-effect-no\" data-id=\"5d4006e\" data-element_type=\"section\">\n\t\t\t\t\t\t<div class=\"elementor-container elementor-column-gap-default\">\n\t\t\t\t\t\t\t<div class=\"elementor-row\">\n\t\t\t\t\t<div class=\"has_ma_el_bg_slider elementor-column elementor-col-100 elementor-top-column elementor-element elementor-element-33ce8f1 jltma-glass-effect-no\" data-id=\"33ce8f1\" data-element_type=\"column\">\n\t\t\t<div class=\"elementor-column-wrap elementor-element-populated\">\n\t\t\t\t\t\t\t<div class=\"elementor-widget-wrap\">\n\t\t\t\t\t\t<div class=\"elementor-element elementor-element-eaad9bb jltma-glass-effect-no elementor-widget elementor-widget-spacer\" data-id=\"eaad9bb\" data-element_type=\"widget\" data-widget_type=\"spacer.default\">\n\t\t\t\t<div class=\"elementor-widget-container\">\n\t\t\t\t\t<div class=\"elementor-spacer\">\n\t\t\t<div class=\"elementor-spacer-inner\"><\/div>\n\t\t<\/div>\n\t\t\t\t<\/div>\n\t\t\t\t<\/div>\n\t\t\t\t\t\t<\/div>\n\t\t\t\t\t<\/div>\n\t\t<\/div>\n\t\t\t\t\t\t\t\t<\/div>\n\t\t\t\t\t<\/div>\n\t\t<\/section>\n\t\t\t\t\t\t<\/div>\n\t\t\t\t\t\t<\/div>\n\t\t\t\t\t<\/div>\n\t\t","protected":false},"excerpt":{"rendered":"<p>Bendra informacija UAB \u201eSalija\u201c yra u\u017edara akcin\u0117 bendrov\u0117 (toliau \u2013 Bendrov\u0117), vykdanti prekyb\u0105 vakuumin\u0117mis sistemomis, medienos ir plastmas\u0117s \u012frankiais, teikianti konsultacijas, projektavimo paslaugas. Bendrov\u0117 atstovauja pasaulyje pla\u010diai \u017einom\u0105 Vokietijos vakuumini\u0173 sistem\u0173 gamintoj\u0105 &#8211; SCHMALZ, kuri yra lyderis savo veiklos srityje, kokybi\u0161kais \u012frankiais gars\u0117jan\u010di\u0105 kompanij\u0105 BuKaRa, taip pat bendradarbiauja su kitais Vokietijos, Lenkijos, Danijos, Italijos ir [&hellip;]<\/p>\n","protected":false},"author":1,"featured_media":0,"parent":0,"menu_order":7,"comment_status":"closed","ping_status":"closed","template":"","meta":{"footnotes":""},"yoast_head":"<!-- This site is optimized with the Yoast SEO plugin v20.13 - https:\/\/yoast.com\/wordpress\/plugins\/seo\/ -->\n<title>Privatumo politika - Salija<\/title>\n<meta name=\"description\" content=\"Privatumo politika - Salija, UAB\" \/>\n<meta name=\"robots\" content=\"index, follow, max-snippet:-1, max-image-preview:large, max-video-preview:-1\" \/>\n<link rel=\"canonical\" href=\"https:\/\/salija.lt\/lt\/privatumo-politika\/\" \/>\n<meta property=\"og:locale\" content=\"lt_LT\" \/>\n<meta property=\"og:type\" content=\"article\" \/>\n<meta property=\"og:title\" content=\"Privatumo politika - Salija\" \/>\n<meta property=\"og:description\" content=\"Privatumo politika - Salija, UAB\" \/>\n<meta property=\"og:url\" content=\"https:\/\/salija.lt\/lt\/privatumo-politika\/\" \/>\n<meta property=\"og:site_name\" content=\"Salija\" \/>\n<meta property=\"article:modified_time\" content=\"2022-03-28T13:20:30+00:00\" \/>\n<meta name=\"twitter:card\" content=\"summary_large_image\" \/>\n<meta name=\"twitter:label1\" content=\"Est. reading time\" \/>\n\t<meta name=\"twitter:data1\" content=\"4 minut\u0117s\" \/>\n<script type=\"application\/ld+json\" class=\"yoast-schema-graph\">{\"@context\":\"https:\/\/schema.org\",\"@graph\":[{\"@type\":\"WebPage\",\"@id\":\"https:\/\/salija.lt\/lt\/privatumo-politika\/\",\"url\":\"https:\/\/salija.lt\/lt\/privatumo-politika\/\",\"name\":\"Privatumo politika - Salija\",\"isPartOf\":{\"@id\":\"https:\/\/salija.lt\/lt\/#website\"},\"datePublished\":\"2021-11-10T20:48:43+00:00\",\"dateModified\":\"2022-03-28T13:20:30+00:00\",\"description\":\"Privatumo politika - Salija, UAB\",\"breadcrumb\":{\"@id\":\"https:\/\/salija.lt\/lt\/privatumo-politika\/#breadcrumb\"},\"inLanguage\":\"lt-LT\",\"potentialAction\":[{\"@type\":\"ReadAction\",\"target\":[\"https:\/\/salija.lt\/lt\/privatumo-politika\/\"]}]},{\"@type\":\"BreadcrumbList\",\"@id\":\"https:\/\/salija.lt\/lt\/privatumo-politika\/#breadcrumb\",\"itemListElement\":[{\"@type\":\"ListItem\",\"position\":1,\"name\":\"Home\",\"item\":\"https:\/\/salija.lt\/lt\/\"},{\"@type\":\"ListItem\",\"position\":2,\"name\":\"Privatumo politika\"}]},{\"@type\":\"WebSite\",\"@id\":\"https:\/\/salija.lt\/lt\/#website\",\"url\":\"https:\/\/salija.lt\/lt\/\",\"name\":\"Salija\",\"description\":\"\",\"potentialAction\":[{\"@type\":\"SearchAction\",\"target\":{\"@type\":\"EntryPoint\",\"urlTemplate\":\"https:\/\/salija.lt\/lt\/?s={search_term_string}\"},\"query-input\":\"required name=search_term_string\"}],\"inLanguage\":\"lt-LT\"}]}<\/script>\n<!-- \/ Yoast SEO plugin. -->","yoast_head_json":{"title":"Privatumo politika - Salija","description":"Privatumo politika - Salija, UAB","robots":{"index":"index","follow":"follow","max-snippet":"max-snippet:-1","max-image-preview":"max-image-preview:large","max-video-preview":"max-video-preview:-1"},"canonical":"https:\/\/salija.lt\/lt\/privatumo-politika\/","og_locale":"lt_LT","og_type":"article","og_title":"Privatumo politika - Salija","og_description":"Privatumo politika - Salija, UAB","og_url":"https:\/\/salija.lt\/lt\/privatumo-politika\/","og_site_name":"Salija","article_modified_time":"2022-03-28T13:20:30+00:00","twitter_card":"summary_large_image","twitter_misc":{"Est. reading time":"4 minut\u0117s"},"schema":{"@context":"https:\/\/schema.org","@graph":[{"@type":"WebPage","@id":"https:\/\/salija.lt\/lt\/privatumo-politika\/","url":"https:\/\/salija.lt\/lt\/privatumo-politika\/","name":"Privatumo politika - Salija","isPartOf":{"@id":"https:\/\/salija.lt\/lt\/#website"},"datePublished":"2021-11-10T20:48:43+00:00","dateModified":"2022-03-28T13:20:30+00:00","description":"Privatumo politika - Salija, UAB","breadcrumb":{"@id":"https:\/\/salija.lt\/lt\/privatumo-politika\/#breadcrumb"},"inLanguage":"lt-LT","potentialAction":[{"@type":"ReadAction","target":["https:\/\/salija.lt\/lt\/privatumo-politika\/"]}]},{"@type":"BreadcrumbList","@id":"https:\/\/salija.lt\/lt\/privatumo-politika\/#breadcrumb","itemListElement":[{"@type":"ListItem","position":1,"name":"Home","item":"https:\/\/salija.lt\/lt\/"},{"@type":"ListItem","position":2,"name":"Privatumo politika"}]},{"@type":"WebSite","@id":"https:\/\/salija.lt\/lt\/#website","url":"https:\/\/salija.lt\/lt\/","name":"Salija","description":"","potentialAction":[{"@type":"SearchAction","target":{"@type":"EntryPoint","urlTemplate":"https:\/\/salija.lt\/lt\/?s={search_term_string}"},"query-input":"required name=search_term_string"}],"inLanguage":"lt-LT"}]}},"_links":{"self":[{"href":"https:\/\/salija.lt\/lt\/wp-json\/wp\/v2\/pages\/3"}],"collection":[{"href":"https:\/\/salija.lt\/lt\/wp-json\/wp\/v2\/pages"}],"about":[{"href":"https:\/\/salija.lt\/lt\/wp-json\/wp\/v2\/types\/page"}],"author":[{"embeddable":true,"href":"https:\/\/salija.lt\/lt\/wp-json\/wp\/v2\/users\/1"}],"replies":[{"embeddable":true,"href":"https:\/\/salija.lt\/lt\/wp-json\/wp\/v2\/comments?post=3"}],"version-history":[{"count":18,"href":"https:\/\/salija.lt\/lt\/wp-json\/wp\/v2\/pages\/3\/revisions"}],"predecessor-version":[{"id":13579,"href":"https:\/\/salija.lt\/lt\/wp-json\/wp\/v2\/pages\/3\/revisions\/13579"}],"wp:attachment":[{"href":"https:\/\/salija.lt\/lt\/wp-json\/wp\/v2\/media?parent=3"}],"curies":[{"name":"wp","href":"https:\/\/api.w.org\/{rel}","templated":true}]}}