{"id":10127,"date":"2022-02-06T19:37:35","date_gmt":"2022-02-06T17:37:35","guid":{"rendered":"https:\/\/salija.lt\/?page_id=10127"},"modified":"2025-02-05T06:50:36","modified_gmt":"2025-02-05T04:50:36","slug":"keltuvu-nuoma","status":"publish","type":"page","link":"https:\/\/salija.lt\/lt\/keltuvu-nuoma\/","title":{"rendered":"Keltuv\u0173 nuoma"},"content":{"rendered":"\t\t<div data-elementor-type=\"wp-page\" data-elementor-id=\"10127\" class=\"elementor elementor-10127\" data-elementor-settings=\"[]\">\n\t\t\t\t\t\t<div class=\"elementor-inner\">\n\t\t\t\t\t\t\t<div class=\"elementor-section-wrap\">\n\t\t\t\t\t\t\t<section class=\"has_ma_el_bg_slider elementor-section elementor-top-section elementor-element elementor-element-d378342 elementor-hidden-tablet elementor-hidden-phone elementor-section-boxed elementor-section-height-default elementor-section-height-default jltma-glass-effect-no\" data-id=\"d378342\" data-element_type=\"section\">\n\t\t\t\t\t\t<div class=\"elementor-container elementor-column-gap-default\">\n\t\t\t\t\t\t\t<div class=\"elementor-row\">\n\t\t\t\t\t<div class=\"has_ma_el_bg_slider elementor-column elementor-col-100 elementor-top-column elementor-element elementor-element-83cde4c jltma-glass-effect-no\" data-id=\"83cde4c\" data-element_type=\"column\">\n\t\t\t<div class=\"elementor-column-wrap elementor-element-populated\">\n\t\t\t\t\t\t\t<div class=\"elementor-widget-wrap\">\n\t\t\t\t\t\t<div class=\"elementor-element elementor-element-4e91603 jltma-glass-effect-no elementor-widget elementor-widget-spacer\" data-id=\"4e91603\" data-element_type=\"widget\" data-widget_type=\"spacer.default\">\n\t\t\t\t<div class=\"elementor-widget-container\">\n\t\t\t\t\t<div class=\"elementor-spacer\">\n\t\t\t<div class=\"elementor-spacer-inner\"><\/div>\n\t\t<\/div>\n\t\t\t\t<\/div>\n\t\t\t\t<\/div>\n\t\t\t\t\t\t<\/div>\n\t\t\t\t\t<\/div>\n\t\t<\/div>\n\t\t\t\t\t\t\t\t<\/div>\n\t\t\t\t\t<\/div>\n\t\t<\/section>\n\t\t\t\t<section class=\"has_ma_el_bg_slider elementor-section elementor-top-section elementor-element elementor-element-9c54455 elementor-section-boxed elementor-section-height-default elementor-section-height-default jltma-glass-effect-no\" data-id=\"9c54455\" data-element_type=\"section\">\n\t\t\t\t\t\t<div class=\"elementor-container elementor-column-gap-default\">\n\t\t\t\t\t\t\t<div class=\"elementor-row\">\n\t\t\t\t\t<div class=\"has_ma_el_bg_slider elementor-column elementor-col-50 elementor-top-column elementor-element elementor-element-62df80ca jltma-glass-effect-no\" data-id=\"62df80ca\" data-element_type=\"column\">\n\t\t\t<div class=\"elementor-column-wrap elementor-element-populated\">\n\t\t\t\t\t\t\t<div class=\"elementor-widget-wrap\">\n\t\t\t\t\t\t<div class=\"elementor-element elementor-element-5b3d6240 jltma-glass-effect-no elementor-widget elementor-widget-spacer\" data-id=\"5b3d6240\" data-element_type=\"widget\" data-widget_type=\"spacer.default\">\n\t\t\t\t<div class=\"elementor-widget-container\">\n\t\t\t\t\t<div class=\"elementor-spacer\">\n\t\t\t<div class=\"elementor-spacer-inner\"><\/div>\n\t\t<\/div>\n\t\t\t\t<\/div>\n\t\t\t\t<\/div>\n\t\t\t\t<div class=\"elementor-element elementor-element-1a2c0637 aleft jltma-glass-effect-no elementor-widget elementor-widget-wgl-double-headings\" data-id=\"1a2c0637\" data-element_type=\"widget\" data-widget_type=\"wgl-double-headings.default\">\n\t\t\t\t<div class=\"elementor-widget-container\">\n\t\t\t<div class=\"wgl-double_heading\"><div class=\"dbl__subtitle\">Keltuv\u0173 nuoma<\/div><h3 class=\"dbl__title-wrapper\"><span class=\"dbl__title dbl__title_1\">Vakuuminio keltuvo<\/span><span class=\"dbl__title dbl__title_2\"> [VacuMaster Glass 600] <\/span><span class=\"dbl__title dbl__title_3\">nuoma\n<\/span><\/h3><\/div>\t\t<\/div>\n\t\t\t\t<\/div>\n\t\t\t\t<div class=\"elementor-element elementor-element-6a3f685d jltma-glass-effect-no elementor-widget elementor-widget-wgl-testimonials\" data-id=\"6a3f685d\" data-element_type=\"widget\" data-widget_type=\"wgl-testimonials.default\">\n\t\t\t\t<div class=\"elementor-widget-container\">\n\t\t\t<div  class=\"wgl-testimonials type-inline_bottom aleft\"><div class=\"wgl-testimonials-item_wrap wgl_col-12\"><div class=\"wgl-testimonials_item\"><div class=\"content_wrap\"><div class=\"wgl-testimonials_quote\"><p>Vakuuminis keltuvas <strong>VacuMaster Glass 600<\/strong> yra idealus variantas stiklo ruo\u0161ini\u0173 k\u0117limui lauke.<\/p><p><strong>Daugiau informacijos suteiks<\/strong>:\u00a0 tel.: +370 68664650; el. p. <a href=\"mailto:Osvaldas.Bareikis@salija.eu\" target=\"_blank\" rel=\"noopener\">info@salija.eu<\/a>.<\/p><\/div><\/div><div class=\"meta_wrap\"><div class=\"wgl-testimonials_image\"><a href=\"https:\/\/www.schmalz.com\/en\/\" target=\"_blank\"><img decoding=\"async\" src=\"http:\/\/salija.lt\/wp-content\/uploads\/2022\/01\/Schmalz-logo-90x48.png\" alt=\"J. Schmalz GmbH produktas photo\"  style=\"width: 90px;\"><\/a><\/div><div class=\"name_wrap\"><h3 class=\"wgl-testimonials_name\"><a href=\"https:\/\/www.schmalz.com\/en\/\" target=\"_blank\">J. Schmalz GmbH produktas<\/a><\/h3><\/div><\/div><\/div><\/div><\/div>\t\t<\/div>\n\t\t\t\t<\/div>\n\t\t\t\t\t\t<\/div>\n\t\t\t\t\t<\/div>\n\t\t<\/div>\n\t\t\t\t<div class=\"has_ma_el_bg_slider elementor-column elementor-col-50 elementor-top-column elementor-element elementor-element-5b7a10b6 jltma-glass-effect-no\" data-id=\"5b7a10b6\" data-element_type=\"column\" data-settings=\"{&quot;background_background&quot;:&quot;classic&quot;}\">\n\t\t\t<div class=\"elementor-column-wrap elementor-element-populated\">\n\t\t\t\t\t\t\t<div class=\"elementor-widget-wrap\">\n\t\t\t\t\t\t<div class=\"elementor-element elementor-element-478f5be5 jltma-glass-effect-no elementor-widget elementor-widget-spacer\" data-id=\"478f5be5\" data-element_type=\"widget\" data-widget_type=\"spacer.default\">\n\t\t\t\t<div class=\"elementor-widget-container\">\n\t\t\t\t\t<div class=\"elementor-spacer\">\n\t\t\t<div class=\"elementor-spacer-inner\"><\/div>\n\t\t<\/div>\n\t\t\t\t<\/div>\n\t\t\t\t<\/div>\n\t\t\t\t<div data-jltma-wrapper-link=\"{&quot;url&quot;:&quot;https:\\\/\\\/youtu.be\\\/cfCdmJ7g6ks&quot;,&quot;is_external&quot;:&quot;on&quot;,&quot;nofollow&quot;:&quot;&quot;,&quot;custom_attributes&quot;:&quot;&quot;}\" style=\"cursor: pointer\" class=\"elementor-element elementor-element-228930a jltma-glass-effect-no elementor-widget elementor-widget-wgl-video-popup\" data-id=\"228930a\" data-element_type=\"widget\" data-widget_type=\"wgl-video-popup.default\">\n\t\t\t\t<div class=\"elementor-widget-container\">\n\t\t\t<div class=\"wgl-video_popup button_align-center animation_ring_static title_pos-  \"><div class=\"videobox_content\"><div class=\"videobox_link videobox\" data-elementor-open-lightbox=\"yes\" data-elementor-lightbox=\"{&quot;type&quot;:&quot;video&quot;,&quot;url&quot;:null,&quot;modalOptions&quot;:{&quot;id&quot;:&quot;elementor-lightbox-228930a&quot;}}\"><svg class=\"videobox_icon\" viewBox=\"0 0 10 10\"><polygon points=\"1,0 1,10 8.5,5\"\/><\/svg><div class=\"videobox_animation\"><\/div><\/div><\/div><\/div>\t\t<\/div>\n\t\t\t\t<\/div>\n\t\t\t\t<div class=\"elementor-element elementor-element-3d5ac93c jltma-glass-effect-no elementor-widget elementor-widget-spacer\" data-id=\"3d5ac93c\" data-element_type=\"widget\" data-widget_type=\"spacer.default\">\n\t\t\t\t<div class=\"elementor-widget-container\">\n\t\t\t\t\t<div class=\"elementor-spacer\">\n\t\t\t<div class=\"elementor-spacer-inner\"><\/div>\n\t\t<\/div>\n\t\t\t\t<\/div>\n\t\t\t\t<\/div>\n\t\t\t\t\t\t<\/div>\n\t\t\t\t\t<\/div>\n\t\t<\/div>\n\t\t\t\t\t\t\t\t<\/div>\n\t\t\t\t\t<\/div>\n\t\t<\/section>\n\t\t\t\t<section class=\"has_ma_el_bg_slider elementor-section elementor-top-section elementor-element elementor-element-6f99053a elementor-section-boxed elementor-section-height-default elementor-section-height-default jltma-glass-effect-no\" data-id=\"6f99053a\" data-element_type=\"section\">\n\t\t\t\t\t\t<div class=\"elementor-container elementor-column-gap-default\">\n\t\t\t\t\t\t\t<div class=\"elementor-row\">\n\t\t\t\t\t<div class=\"has_ma_el_bg_slider elementor-column elementor-col-100 elementor-top-column elementor-element elementor-element-21c677c5 jltma-glass-effect-no\" data-id=\"21c677c5\" data-element_type=\"column\">\n\t\t\t<div class=\"elementor-column-wrap elementor-element-populated\">\n\t\t\t\t\t\t\t<div class=\"elementor-widget-wrap\">\n\t\t\t\t\t\t<div class=\"elementor-element elementor-element-bc20f45 jltma-glass-effect-no elementor-widget elementor-widget-spacer\" data-id=\"bc20f45\" data-element_type=\"widget\" data-widget_type=\"spacer.default\">\n\t\t\t\t<div class=\"elementor-widget-container\">\n\t\t\t\t\t<div class=\"elementor-spacer\">\n\t\t\t<div class=\"elementor-spacer-inner\"><\/div>\n\t\t<\/div>\n\t\t\t\t<\/div>\n\t\t\t\t<\/div>\n\t\t\t\t<div class=\"elementor-element elementor-element-1ddc878c acenter jltma-glass-effect-no elementor-widget elementor-widget-wgl-double-headings\" data-id=\"1ddc878c\" data-element_type=\"widget\" data-widget_type=\"wgl-double-headings.default\">\n\t\t\t\t<div class=\"elementor-widget-container\">\n\t\t\t<div class=\"wgl-double_heading\"><div class=\"dbl__subtitle\">Vakuuminis keltuvas<\/div><h3 class=\"dbl__title-wrapper\"><span class=\"dbl__title dbl__title_1\">Technin\u0117s<\/span><span class=\"dbl__title dbl__title_2\"> [VacuMaster Glass 600]\n<\/span><span class=\"dbl__title dbl__title_3\">savyb\u0117s\n\n<\/span><\/h3><\/div>\t\t<\/div>\n\t\t\t\t<\/div>\n\t\t\t\t<div class=\"elementor-element elementor-element-6d3f2570 jltma-glass-effect-no elementor-widget elementor-widget-spacer\" data-id=\"6d3f2570\" data-element_type=\"widget\" data-widget_type=\"spacer.default\">\n\t\t\t\t<div class=\"elementor-widget-container\">\n\t\t\t\t\t<div class=\"elementor-spacer\">\n\t\t\t<div class=\"elementor-spacer-inner\"><\/div>\n\t\t<\/div>\n\t\t\t\t<\/div>\n\t\t\t\t<\/div>\n\t\t\t\t\t\t<\/div>\n\t\t\t\t\t<\/div>\n\t\t<\/div>\n\t\t\t\t\t\t\t\t<\/div>\n\t\t\t\t\t<\/div>\n\t\t<\/section>\n\t\t\t\t<section class=\"has_ma_el_bg_slider elementor-section elementor-top-section elementor-element elementor-element-7e68fae elementor-section-boxed elementor-section-height-default elementor-section-height-default jltma-glass-effect-no\" data-id=\"7e68fae\" data-element_type=\"section\">\n\t\t\t\t\t\t<div class=\"elementor-container elementor-column-gap-default\">\n\t\t\t\t\t\t\t<div class=\"elementor-row\">\n\t\t\t\t\t<div class=\"has_ma_el_bg_slider elementor-column elementor-col-100 elementor-top-column elementor-element elementor-element-ae2026c jltma-glass-effect-no\" data-id=\"ae2026c\" data-element_type=\"column\">\n\t\t\t<div class=\"elementor-column-wrap elementor-element-populated\">\n\t\t\t\t\t\t\t<div class=\"elementor-widget-wrap\">\n\t\t\t\t\t\t<div class=\"elementor-element elementor-element-bcfd413 jltma-glass-effect-no elementor-widget elementor-widget-wgl-tabs\" data-id=\"bcfd413\" data-element_type=\"widget\" data-widget_type=\"wgl-tabs.default\">\n\t\t\t\t<div class=\"elementor-widget-container\">\n\t\t\t        <div class=\"wgl-tabs icon_position-top tabs_align-left tabs_align-left tabs_align-tablet- tabs_align-mobile- icon_position-top icon_position-tablet- icon_position-mobile-\">\n\n            <div class=\"wgl-tabs_headings\">                    <h4 data-tab-id=\"wgl-tab_1981\" class=\"wgl-tabs_header\">\n                        <span class=\"wgl-tabs_title\">Sistemos konstrukcija<\/span>\n\n                                                        <span class=\"wgl-tabs_icon\">\n                                                                    <\/span>\n                                \n                    <\/h4>\n\n                                    <h4 data-tab-id=\"wgl-tab_1982\" class=\"wgl-tabs_header\">\n                        <span class=\"wgl-tabs_title\">Konfig\u016bracija<\/span>\n\n                        \n                    <\/h4>\n\n                                    <h4 data-tab-id=\"wgl-tab_1983\" class=\"wgl-tabs_header\">\n                        <span class=\"wgl-tabs_title\">Privalumai<\/span>\n\n                        \n                    <\/h4>\n\n                                    <h4 data-tab-id=\"wgl-tab_1984\" class=\"wgl-tabs_header\">\n                        <span class=\"wgl-tabs_title\">Techniniai duomenys<\/span>\n\n                        \n                    <\/h4>\n\n                            <\/div>\n\n            <div class=\"wgl-tabs_content-wrap\">                    <div data-tab-id=\"wgl-tab_1981\" class=\"wgl-tabs_content\">\n                    <p><span>D\u0117l savo konstrukcijos VacuMaster Glass gali kelti \u012fvairi\u0173 matmen\u0173 stiklo ruo\u0161inius. VacuMaster Glass yra kabinamas ant krano, juo galima kelti svorius iki 600 kg vertikalioje arba horizontalioje pad\u0117tyje. Stiklo ruo\u0161inius mechani\u0161kai galima paversti 90\u00b0 ir pasukti 360\u00b0. Pavertimas gali b\u016bti fiksuojamas kas 18\u00b0, o pasukimas - kas 45\u00b0. Tokiu b\u016bdu stiklo ruo\u0161iniai yra idealiai suderinami ir sumontuojami. Taip pat reguliuojama ir siurbtuk\u0173 auk\u0161\u010dio pad\u0117tis, tai gali b\u016bti atliekama su atitinkamais adapteriais.<\/span><\/p>                    <\/div>\n\n                                    <div data-tab-id=\"wgl-tab_1982\" class=\"wgl-tabs_content\">\n                    <p><span>Schmalz vakuuminio keltuvo lankstumas leid\u017eia kelti \u012fvairi\u0173 form\u0173 detales. VacuMaster Glass gali b\u016bti <span lang=\"LT\">naudojamas\u00a0<\/span><span lang=\"LT\">be tiesioginio elektros maitinimo. Keltuvas veikia nuo 12 V pakraunamo akumuliatoriaus, darbo trukm\u0117 siekia iki 8 valand\u0173.<\/span><span lang=\"LT\"> <\/span>LED indikatorius rodo, kiek baterijos yra lik\u0119. Be to, kontroliuojamas vakuuminis siurblys u\u017etikrina, kad keltuvas lieka paruo\u0161tas darbui iki 8 valand\u0173.<\/span><\/p>                    <\/div>\n\n                                    <div data-tab-id=\"wgl-tab_1983\" class=\"wgl-tabs_content\">\n                    <p>Privalumai naudojant VacuMaster Glass 600 keltuv\u0105:<span d01d30=\"\" br=\"\"><\/span><\/p><ul><li><span>Atsargus stiklo ruo\u0161ini\u0173 k\u0117limas j\u0173 nepa\u017eeid\u017eiant ir ir nepaliekant \u017eymi\u0173 ant siurbiamo pavir\u0161iaus;<\/span><\/li><li><span>Paprastas ir ergonomi\u0161kas valdymas;<\/span><\/li><li><span>Auk\u0161to lygio saugumas pagal sertifikat\u0105 DIN EN 13155;<\/span><\/li><li><span>Integruotas elektros trikd\u017eio kontrol\u0117s prietaisas;<\/span><\/li><li><span>Didelis lankstumas lengvai ir greitai prisitaikant prie \u012fvairi\u0173 stiklo dyd\u017ei\u0173 ir svori\u0173;<\/span><\/li><li><span>Keltuvo valdymas neprisijungiant prie elektros tiekimo lizdo;<\/span><\/li><li><span>Itin plok\u0161\u010dias dizainas \u012fgalina dirbti u\u017e stela\u017e\u0173;<\/span><\/li><li><span>Keltuvas veikia dviem atskirais vakuumo ratais, taip u\u017etikrinant \u012frenginio saug\u0105.<\/span><\/li><\/ul>                    <\/div>\n\n                                    <div data-tab-id=\"wgl-tab_1984\" class=\"wgl-tabs_content\">\n                    <table width=\"601\"><tbody><tr><td width=\"301\"><p>Elektros energija<\/p><\/td><td width=\"301\"><p>Akumuliatorius - 12 V, 4A<\/p><\/td><\/tr><tr><td width=\"301\"><p>Paj\u0117gumas<\/p><\/td><td width=\"301\"><p>Akumuliatorius\u00a0-\u00a07Ah<\/p><\/td><\/tr><tr><td width=\"301\"><p>Padeli\u0173 skersmuo<\/p><\/td><td width=\"301\"><p>300 mm<\/p><\/td><\/tr><tr><td width=\"301\"><p>Prisiurbimo paj\u0117gumas<\/p><\/td><td width=\"301\"><p>2,3 m\u00b3\/h<\/p><\/td><\/tr><tr><td width=\"301\"><p>M<span>aksimali keliamoji galia<\/span><\/p><\/td><td width=\"301\"><p>600 kg<\/p><\/td><\/tr><tr><td width=\"301\"><p>Minimalus ruo\u0161inio dydis<\/p><\/td><td width=\"301\"><p>1150 x 1750 mm<\/p><\/td><\/tr><tr><td width=\"301\"><p>Saugos rezervuaro t\u016bris<\/p><\/td><td width=\"301\"><p>1,5 l<\/p><\/td><\/tr><tr><td width=\"301\"><p>Naudojimo temperat\u016bra<\/p><\/td><td width=\"301\"><p>0\u00b0C - 40\u00b0C<\/p><\/td><\/tr><tr><td width=\"301\"><span>Maksimalus naudojimo laikas su pilnai pakrautu akumuliatoriumi<\/span><\/td><td width=\"301\"><p>iki 8 h<\/p><\/td><\/tr><tr><td width=\"301\"><p><span>Auk\u0161tis \/ Storis<\/span><\/p><\/td><td width=\"301\"><p>205 mm<\/p><\/td><\/tr><tr><td width=\"301\"><p>Auk\u0161tis be k\u0117limo rankenos<\/p><\/td><td width=\"301\"><p>140 mm<\/p><\/td><\/tr><\/tbody><\/table><p>\u00a0<\/p>                    <\/div>\n\n                            <\/div>\n\n        <\/div>\n        \t\t<\/div>\n\t\t\t\t<\/div>\n\t\t\t\t<div class=\"elementor-element elementor-element-ce435e3 jltma-glass-effect-no elementor-widget elementor-widget-spacer\" data-id=\"ce435e3\" data-element_type=\"widget\" data-widget_type=\"spacer.default\">\n\t\t\t\t<div class=\"elementor-widget-container\">\n\t\t\t\t\t<div class=\"elementor-spacer\">\n\t\t\t<div class=\"elementor-spacer-inner\"><\/div>\n\t\t<\/div>\n\t\t\t\t<\/div>\n\t\t\t\t<\/div>\n\t\t\t\t\t\t<\/div>\n\t\t\t\t\t<\/div>\n\t\t<\/div>\n\t\t\t\t\t\t\t\t<\/div>\n\t\t\t\t\t<\/div>\n\t\t<\/section>\n\t\t\t\t\t\t<\/div>\n\t\t\t\t\t\t<\/div>\n\t\t\t\t\t<\/div>\n\t\t","protected":false},"excerpt":{"rendered":"<p>Keltuv\u0173 nuoma Vakuuminio keltuvo [VacuMaster Glass 600] nuoma Vakuuminis keltuvas VacuMaster Glass 600 yra idealus variantas stiklo ruo\u0161ini\u0173 k\u0117limui lauke. Daugiau informacijos suteiks:\u00a0 tel.: +370 68664650; el. p. info@salija.eu. J. Schmalz GmbH produktas Vakuuminis keltuvas Technin\u0117s [VacuMaster Glass 600] savyb\u0117s Sistemos konstrukcija Konfig\u016bracija Privalumai Techniniai duomenys D\u0117l savo konstrukcijos VacuMaster Glass gali kelti \u012fvairi\u0173 matmen\u0173 [&hellip;]<\/p>\n","protected":false},"author":1,"featured_media":0,"parent":0,"menu_order":0,"comment_status":"closed","ping_status":"closed","template":"","meta":{"footnotes":""},"yoast_head":"<!-- This site is optimized with the Yoast SEO plugin v20.13 - https:\/\/yoast.com\/wordpress\/plugins\/seo\/ -->\n<title>Keltuv\u0173 nuoma - Salija<\/title>\n<meta name=\"description\" content=\"Keltuv\u0173 nuoma - Salija, UAB\" \/>\n<meta name=\"robots\" content=\"index, follow, max-snippet:-1, max-image-preview:large, max-video-preview:-1\" \/>\n<link rel=\"canonical\" href=\"https:\/\/salija.lt\/lt\/keltuvu-nuoma\/\" \/>\n<meta property=\"og:locale\" content=\"lt_LT\" \/>\n<meta property=\"og:type\" content=\"article\" \/>\n<meta property=\"og:title\" content=\"Keltuv\u0173 nuoma - Salija\" \/>\n<meta property=\"og:description\" content=\"Keltuv\u0173 nuoma - Salija, UAB\" \/>\n<meta property=\"og:url\" content=\"https:\/\/salija.lt\/lt\/keltuvu-nuoma\/\" \/>\n<meta property=\"og:site_name\" content=\"Salija\" \/>\n<meta property=\"article:modified_time\" content=\"2025-02-05T04:50:36+00:00\" \/>\n<meta property=\"og:image\" content=\"http:\/\/salija.lt\/wp-content\/uploads\/2022\/01\/Schmalz-logo-90x48.png\" \/>\n<meta name=\"twitter:card\" content=\"summary_large_image\" \/>\n<meta name=\"twitter:label1\" content=\"Est. reading time\" \/>\n\t<meta name=\"twitter:data1\" content=\"2 minut\u0117s\" \/>\n<script type=\"application\/ld+json\" class=\"yoast-schema-graph\">{\"@context\":\"https:\/\/schema.org\",\"@graph\":[{\"@type\":\"WebPage\",\"@id\":\"https:\/\/salija.lt\/lt\/keltuvu-nuoma\/\",\"url\":\"https:\/\/salija.lt\/lt\/keltuvu-nuoma\/\",\"name\":\"Keltuv\u0173 nuoma - Salija\",\"isPartOf\":{\"@id\":\"https:\/\/salija.lt\/lt\/#website\"},\"datePublished\":\"2022-02-06T17:37:35+00:00\",\"dateModified\":\"2025-02-05T04:50:36+00:00\",\"description\":\"Keltuv\u0173 nuoma - Salija, UAB\",\"breadcrumb\":{\"@id\":\"https:\/\/salija.lt\/lt\/keltuvu-nuoma\/#breadcrumb\"},\"inLanguage\":\"lt-LT\",\"potentialAction\":[{\"@type\":\"ReadAction\",\"target\":[\"https:\/\/salija.lt\/lt\/keltuvu-nuoma\/\"]}]},{\"@type\":\"BreadcrumbList\",\"@id\":\"https:\/\/salija.lt\/lt\/keltuvu-nuoma\/#breadcrumb\",\"itemListElement\":[{\"@type\":\"ListItem\",\"position\":1,\"name\":\"Home\",\"item\":\"https:\/\/salija.lt\/lt\/\"},{\"@type\":\"ListItem\",\"position\":2,\"name\":\"Keltuv\u0173 nuoma\"}]},{\"@type\":\"WebSite\",\"@id\":\"https:\/\/salija.lt\/lt\/#website\",\"url\":\"https:\/\/salija.lt\/lt\/\",\"name\":\"Salija\",\"description\":\"\",\"potentialAction\":[{\"@type\":\"SearchAction\",\"target\":{\"@type\":\"EntryPoint\",\"urlTemplate\":\"https:\/\/salija.lt\/lt\/?s={search_term_string}\"},\"query-input\":\"required name=search_term_string\"}],\"inLanguage\":\"lt-LT\"}]}<\/script>\n<!-- \/ Yoast SEO plugin. -->","yoast_head_json":{"title":"Keltuv\u0173 nuoma - Salija","description":"Keltuv\u0173 nuoma - Salija, UAB","robots":{"index":"index","follow":"follow","max-snippet":"max-snippet:-1","max-image-preview":"max-image-preview:large","max-video-preview":"max-video-preview:-1"},"canonical":"https:\/\/salija.lt\/lt\/keltuvu-nuoma\/","og_locale":"lt_LT","og_type":"article","og_title":"Keltuv\u0173 nuoma - Salija","og_description":"Keltuv\u0173 nuoma - Salija, UAB","og_url":"https:\/\/salija.lt\/lt\/keltuvu-nuoma\/","og_site_name":"Salija","article_modified_time":"2025-02-05T04:50:36+00:00","og_image":[{"url":"http:\/\/salija.lt\/wp-content\/uploads\/2022\/01\/Schmalz-logo-90x48.png"}],"twitter_card":"summary_large_image","twitter_misc":{"Est. reading time":"2 minut\u0117s"},"schema":{"@context":"https:\/\/schema.org","@graph":[{"@type":"WebPage","@id":"https:\/\/salija.lt\/lt\/keltuvu-nuoma\/","url":"https:\/\/salija.lt\/lt\/keltuvu-nuoma\/","name":"Keltuv\u0173 nuoma - Salija","isPartOf":{"@id":"https:\/\/salija.lt\/lt\/#website"},"datePublished":"2022-02-06T17:37:35+00:00","dateModified":"2025-02-05T04:50:36+00:00","description":"Keltuv\u0173 nuoma - Salija, UAB","breadcrumb":{"@id":"https:\/\/salija.lt\/lt\/keltuvu-nuoma\/#breadcrumb"},"inLanguage":"lt-LT","potentialAction":[{"@type":"ReadAction","target":["https:\/\/salija.lt\/lt\/keltuvu-nuoma\/"]}]},{"@type":"BreadcrumbList","@id":"https:\/\/salija.lt\/lt\/keltuvu-nuoma\/#breadcrumb","itemListElement":[{"@type":"ListItem","position":1,"name":"Home","item":"https:\/\/salija.lt\/lt\/"},{"@type":"ListItem","position":2,"name":"Keltuv\u0173 nuoma"}]},{"@type":"WebSite","@id":"https:\/\/salija.lt\/lt\/#website","url":"https:\/\/salija.lt\/lt\/","name":"Salija","description":"","potentialAction":[{"@type":"SearchAction","target":{"@type":"EntryPoint","urlTemplate":"https:\/\/salija.lt\/lt\/?s={search_term_string}"},"query-input":"required name=search_term_string"}],"inLanguage":"lt-LT"}]}},"_links":{"self":[{"href":"https:\/\/salija.lt\/lt\/wp-json\/wp\/v2\/pages\/10127"}],"collection":[{"href":"https:\/\/salija.lt\/lt\/wp-json\/wp\/v2\/pages"}],"about":[{"href":"https:\/\/salija.lt\/lt\/wp-json\/wp\/v2\/types\/page"}],"author":[{"embeddable":true,"href":"https:\/\/salija.lt\/lt\/wp-json\/wp\/v2\/users\/1"}],"replies":[{"embeddable":true,"href":"https:\/\/salija.lt\/lt\/wp-json\/wp\/v2\/comments?post=10127"}],"version-history":[{"count":129,"href":"https:\/\/salija.lt\/lt\/wp-json\/wp\/v2\/pages\/10127\/revisions"}],"predecessor-version":[{"id":29958,"href":"https:\/\/salija.lt\/lt\/wp-json\/wp\/v2\/pages\/10127\/revisions\/29958"}],"wp:attachment":[{"href":"https:\/\/salija.lt\/lt\/wp-json\/wp\/v2\/media?parent=10127"}],"curies":[{"name":"wp","href":"https:\/\/api.w.org\/{rel}","templated":true}]}}